{"id":40628,"date":"2024-11-13T07:35:38","date_gmt":"2024-11-13T07:35:38","guid":{"rendered":"https:\/\/eventgruen.online\/?page_id=40628"},"modified":"2026-02-11T08:47:33","modified_gmt":"2026-02-11T08:47:33","slug":"downloads-dachgeraete-bautechnik","status":"publish","type":"page","link":"http:\/\/www.gruen-gmbh.de\/en\/downloads-dachgeraete-bautechnik\/","title":{"rendered":"Downloads &#8211; Dachger\u00e4te\/ Bautechnik"},"content":{"rendered":"<div data-elementor-type=\"wp-page\" data-elementor-id=\"40628\" class=\"elementor elementor-40628\" data-elementor-post-type=\"page\">\n\t\t\t\t<div class=\"elementor-element elementor-element-927c472 e-flex e-con-boxed e-con e-parent\" data-id=\"927c472\" data-element_type=\"container\">\n\t\t\t\t\t<div class=\"e-con-inner\">\n\t\t\t\t<div class=\"elementor-element elementor-element-1baa9e6 elementor-widget elementor-widget-heading\" data-id=\"1baa9e6\" data-element_type=\"widget\" data-widget_type=\"heading.default\">\n\t\t\t\t<div class=\"elementor-widget-container\">\n\t\t\t\t\t<h2 class=\"elementor-heading-title elementor-size-default\">Downloads<\/h2>\t\t\t\t<\/div>\n\t\t\t\t<\/div>\n\t\t\t\t\t<\/div>\n\t\t\t\t<\/div>\n\t\t<div class=\"elementor-element elementor-element-13366083 e-flex e-con-boxed e-con e-parent\" data-id=\"13366083\" data-element_type=\"container\" data-settings=\"{&quot;background_background&quot;:&quot;classic&quot;}\">\n\t\t\t\t\t<div class=\"e-con-inner\">\n\t\t\t\t<div class=\"elementor-element elementor-element-4f53cf76 elementor-widget__width-inherit elementor-widget elementor-widget-toggle\" data-id=\"4f53cf76\" data-element_type=\"widget\" data-widget_type=\"toggle.default\">\n\t\t\t\t<div class=\"elementor-widget-container\">\n\t\t\t\t\t\t\t<div class=\"elementor-toggle\">\n\t\t\t\t\t\t\t<div class=\"elementor-toggle-item\">\n\t\t\t\t\t<div id=\"elementor-tab-title-1331\" class=\"elementor-tab-title\" data-tab=\"1\" role=\"button\" aria-controls=\"elementor-tab-content-1331\" aria-expanded=\"false\">\n\t\t\t\t\t\t\t\t\t\t\t\t<span class=\"elementor-toggle-icon elementor-toggle-icon-right\" aria-hidden=\"true\">\n\t\t\t\t\t\t\t\t\t\t\t\t\t\t\t<span class=\"elementor-toggle-icon-closed\"><svg xmlns=\"http:\/\/www.w3.org\/2000\/svg\" id=\"a\" width=\"37.8801\" height=\"37\" viewbox=\"0 0 37.8801 37\"><polygon points=\"37.3801 14 23.72 14 23.72 .5 23.72 0 23.22 0 14.66 0 14.16 0 14.16 .5 14.16 14 .5 14 0 14 0 14.5 0 22.5 0 23 .5 23 14.16 23 14.16 36.5 14.16 37 14.66 37 23.22 37 23.72 37 23.72 36.5 23.72 23 37.3801 23 37.8801 23 37.8801 22.5 37.8801 14.5 37.8801 14 37.3801 14\"><\/polygon><\/svg><\/span>\n\t\t\t\t\t\t\t\t<span class=\"elementor-toggle-icon-opened\"><svg class=\"elementor-toggle-icon-opened e-font-icon-svg e-fas-minus\" viewbox=\"0 0 448 512\" xmlns=\"http:\/\/www.w3.org\/2000\/svg\"><path d=\"M416 208H32c-17.67 0-32 14.33-32 32v32c0 17.67 14.33 32 32 32h384c17.67 0 32-14.33 32-32v-32c0-17.67-14.33-32-32-32z\"><\/path><\/svg><\/span>\n\t\t\t\t\t\t\t\t\t\t\t\t\t<\/span>\n\t\t\t\t\t\t\t\t\t\t\t\t<a class=\"elementor-toggle-title\" tabindex=\"0\">Price list 2026<\/a>\n\t\t\t\t\t<\/div>\n\n\t\t\t\t\t<div id=\"elementor-tab-content-1331\" class=\"elementor-tab-content elementor-clearfix\" data-tab=\"1\" role=\"region\" aria-labelledby=\"elementor-tab-title-1331\"><p><span style=\"color: #000000;\">For download:<b><u><\/u><\/b><\/span><\/p><p><span style=\"color: #000000;\"><a style=\"color: #000000; text-decoration: underline;\" href=\"https:\/\/www.gruen-gmbh.de\/wp-content\/uploads\/2026\/01\/Preisliste_2026_EN.pdf\" target=\"_blank\" rel=\"noopener\">PDF: Roofing Products price list 2026<\/a><\/span><\/p><p><span style=\"color: #000000;\"><a style=\"color: #000000; text-decoration: underline;\" href=\"https:\/\/www.gruen-gmbh.de\/wp-content\/uploads\/2026\/01\/Dachgeraete_Preisliste_2026_DE.xlsx\" target=\"_blank\" rel=\"noopener\">Excel: Dachger\u00e4te Preisliste 2026<\/a><\/span><\/p><p><span style=\"color: #000000;\"><a style=\"color: #000000; text-decoration: underline;\" href=\"https:\/\/www.gruen-gmbh.de\/wp-content\/uploads\/2026\/02\/Dachgeraete_Preisliste_Ersatzteile_2026_DE.pdf\" target=\"_blank\" rel=\"noopener\">PDF: Ersatzteil-Preisliste 2026<\/a><\/span><\/p><p><span style=\"color: #000000;\"><a style=\"color: #000000; text-decoration: underline;\" href=\"https:\/\/www.gruen-gmbh.de\/wp-content\/uploads\/2026\/02\/Dachgeraete_Preisliste_Ersatzteile_2026_DE.xlsx\" target=\"_blank\" rel=\"noopener\">Excel: Ersatzteil-Preisliste 2026 <\/a><\/span><\/p><\/div>\n\t\t\t\t<\/div>\n\t\t\t\t\t\t\t<div class=\"elementor-toggle-item\">\n\t\t\t\t\t<div id=\"elementor-tab-title-1332\" class=\"elementor-tab-title\" data-tab=\"2\" role=\"button\" aria-controls=\"elementor-tab-content-1332\" aria-expanded=\"false\">\n\t\t\t\t\t\t\t\t\t\t\t\t<span class=\"elementor-toggle-icon elementor-toggle-icon-right\" aria-hidden=\"true\">\n\t\t\t\t\t\t\t\t\t\t\t\t\t\t\t<span class=\"elementor-toggle-icon-closed\"><svg xmlns=\"http:\/\/www.w3.org\/2000\/svg\" id=\"a\" width=\"37.8801\" height=\"37\" viewbox=\"0 0 37.8801 37\"><polygon points=\"37.3801 14 23.72 14 23.72 .5 23.72 0 23.22 0 14.66 0 14.16 0 14.16 .5 14.16 14 .5 14 0 14 0 14.5 0 22.5 0 23 .5 23 14.16 23 14.16 36.5 14.16 37 14.66 37 23.22 37 23.72 37 23.72 36.5 23.72 23 37.3801 23 37.8801 23 37.8801 22.5 37.8801 14.5 37.8801 14 37.3801 14\"><\/polygon><\/svg><\/span>\n\t\t\t\t\t\t\t\t<span class=\"elementor-toggle-icon-opened\"><svg class=\"elementor-toggle-icon-opened e-font-icon-svg e-fas-minus\" viewbox=\"0 0 448 512\" xmlns=\"http:\/\/www.w3.org\/2000\/svg\"><path d=\"M416 208H32c-17.67 0-32 14.33-32 32v32c0 17.67 14.33 32 32 32h384c17.67 0 32-14.33 32-32v-32c0-17.67-14.33-32-32-32z\"><\/path><\/svg><\/span>\n\t\t\t\t\t\t\t\t\t\t\t\t\t<\/span>\n\t\t\t\t\t\t\t\t\t\t\t\t<a class=\"elementor-toggle-title\" tabindex=\"0\">Catalog and brochures<\/a>\n\t\t\t\t\t<\/div>\n\n\t\t\t\t\t<div id=\"elementor-tab-content-1332\" class=\"elementor-tab-content elementor-clearfix\" data-tab=\"2\" role=\"region\" aria-labelledby=\"elementor-tab-title-1332\"><p><span style=\"color: #000000;\">For download:<\/span><span style=\"color: #000000;\">:<\/span><\/p><p><span style=\"text-decoration: underline;\"><span style=\"color: #000000;\"><a style=\"color: #000000; text-decoration: underline;\" href=\"https:\/\/www.gruen-gmbh.de\/wp-content\/uploads\/2026\/01\/Katalog_Dachgeraete_DE.pdf\">Catalog Roofing equipment \/ Building technique<\/a><\/span><\/span><\/p><p><span style=\"text-decoration: underline;\"><span style=\"color: #000000;\"><a style=\"color: #000000; text-decoration: underline;\" href=\"https:\/\/www.gruen-gmbh.de\/wp-content\/uploads\/2026\/01\/Katalog_Dachgeraete_EN.pdf\" target=\"_blank\" rel=\"noopener\">Catalog Roofing equipment \/ Building technique<\/a><\/span><\/span><\/p><\/div>\n\t\t\t\t<\/div>\n\t\t\t\t\t\t\t<div class=\"elementor-toggle-item\">\n\t\t\t\t\t<div id=\"elementor-tab-title-1333\" class=\"elementor-tab-title\" data-tab=\"3\" role=\"button\" aria-controls=\"elementor-tab-content-1333\" aria-expanded=\"false\">\n\t\t\t\t\t\t\t\t\t\t\t\t<span class=\"elementor-toggle-icon elementor-toggle-icon-right\" aria-hidden=\"true\">\n\t\t\t\t\t\t\t\t\t\t\t\t\t\t\t<span class=\"elementor-toggle-icon-closed\"><svg xmlns=\"http:\/\/www.w3.org\/2000\/svg\" id=\"a\" width=\"37.8801\" height=\"37\" viewbox=\"0 0 37.8801 37\"><polygon points=\"37.3801 14 23.72 14 23.72 .5 23.72 0 23.22 0 14.66 0 14.16 0 14.16 .5 14.16 14 .5 14 0 14 0 14.5 0 22.5 0 23 .5 23 14.16 23 14.16 36.5 14.16 37 14.66 37 23.22 37 23.72 37 23.72 36.5 23.72 23 37.3801 23 37.8801 23 37.8801 22.5 37.8801 14.5 37.8801 14 37.3801 14\"><\/polygon><\/svg><\/span>\n\t\t\t\t\t\t\t\t<span class=\"elementor-toggle-icon-opened\"><svg class=\"elementor-toggle-icon-opened e-font-icon-svg e-fas-minus\" viewbox=\"0 0 448 512\" xmlns=\"http:\/\/www.w3.org\/2000\/svg\"><path d=\"M416 208H32c-17.67 0-32 14.33-32 32v32c0 17.67 14.33 32 32 32h384c17.67 0 32-14.33 32-32v-32c0-17.67-14.33-32-32-32z\"><\/path><\/svg><\/span>\n\t\t\t\t\t\t\t\t\t\t\t\t\t<\/span>\n\t\t\t\t\t\t\t\t\t\t\t\t<a class=\"elementor-toggle-title\" tabindex=\"0\">Return form<\/a>\n\t\t\t\t\t<\/div>\n\n\t\t\t\t\t<div id=\"elementor-tab-content-1333\" class=\"elementor-tab-content elementor-clearfix\" data-tab=\"3\" role=\"region\" aria-labelledby=\"elementor-tab-title-1333\"><p>For download:<\/p><p><span style=\"text-decoration: underline;\"><span style=\"color: #000000;\"><a style=\"color: #000000; text-decoration: underline;\" href=\"http:\/\/gruen-gmbh.de\/wp-content\/uploads\/2024\/11\/Ruecksendeformular_0321.pdf\">Return form<\/a><\/span><\/span><\/p><\/div>\n\t\t\t\t<\/div>\n\t\t\t\t\t\t\t<div class=\"elementor-toggle-item\">\n\t\t\t\t\t<div id=\"elementor-tab-title-1334\" class=\"elementor-tab-title\" data-tab=\"4\" role=\"button\" aria-controls=\"elementor-tab-content-1334\" aria-expanded=\"false\">\n\t\t\t\t\t\t\t\t\t\t\t\t<span class=\"elementor-toggle-icon elementor-toggle-icon-right\" aria-hidden=\"true\">\n\t\t\t\t\t\t\t\t\t\t\t\t\t\t\t<span class=\"elementor-toggle-icon-closed\"><svg xmlns=\"http:\/\/www.w3.org\/2000\/svg\" id=\"a\" width=\"37.8801\" height=\"37\" viewbox=\"0 0 37.8801 37\"><polygon points=\"37.3801 14 23.72 14 23.72 .5 23.72 0 23.22 0 14.66 0 14.16 0 14.16 .5 14.16 14 .5 14 0 14 0 14.5 0 22.5 0 23 .5 23 14.16 23 14.16 36.5 14.16 37 14.66 37 23.22 37 23.72 37 23.72 36.5 23.72 23 37.3801 23 37.8801 23 37.8801 22.5 37.8801 14.5 37.8801 14 37.3801 14\"><\/polygon><\/svg><\/span>\n\t\t\t\t\t\t\t\t<span class=\"elementor-toggle-icon-opened\"><svg class=\"elementor-toggle-icon-opened e-font-icon-svg e-fas-minus\" viewbox=\"0 0 448 512\" xmlns=\"http:\/\/www.w3.org\/2000\/svg\"><path d=\"M416 208H32c-17.67 0-32 14.33-32 32v32c0 17.67 14.33 32 32 32h384c17.67 0 32-14.33 32-32v-32c0-17.67-14.33-32-32-32z\"><\/path><\/svg><\/span>\n\t\t\t\t\t\t\t\t\t\t\t\t\t<\/span>\n\t\t\t\t\t\t\t\t\t\t\t\t<a class=\"elementor-toggle-title\" tabindex=\"0\">Operating instructions<\/a>\n\t\t\t\t\t<\/div>\n\n\t\t\t\t\t<div id=\"elementor-tab-content-1334\" class=\"elementor-tab-content elementor-clearfix\" data-tab=\"4\" role=\"region\" aria-labelledby=\"elementor-tab-title-1334\"><p><span style=\"color: #000000;\">For download:<\/span><\/p><h5>\u00a0<\/h5><h5><span style=\"color: #000000;\"><strong>Propan Hand- und Mehrflammenbrenner<\/strong><\/span><\/h5><p><span style=\"text-decoration: underline; color: #000000;\"><a style=\"color: #000000; text-decoration: underline;\" href=\"http:\/\/gruen-gmbh.de\/wp-content\/uploads\/2024\/11\/20200422_Standardbrenner-A25-St65.pdf\">Standardbrenner A25-St65<\/a><\/span><\/p><p><span style=\"text-decoration: underline; color: #000000;\"><a style=\"color: #000000; text-decoration: underline;\" href=\"http:\/\/gruen-gmbh.de\/wp-content\/uploads\/2024\/11\/20211028_Mehrflammenbrenner_M2_M4_45.pdf\">Mehrflammenbrenner M2\/45 und M4\/45<\/a><\/span><\/p><p><span style=\"text-decoration: underline; color: #000000;\"><a style=\"color: #000000; text-decoration: underline;\" href=\"http:\/\/gruen-gmbh.de\/wp-content\/uploads\/2024\/11\/20230106_RollenbrennerV4_45_bis_VE_55_45.pdf\">Rollenbrenner V4-45 bis V7-45<\/a><\/span><\/p><p><span style=\"text-decoration: underline; color: #000000;\"><a style=\"color: #000000; text-decoration: underline;\" href=\"http:\/\/gruen-gmbh.de\/wp-content\/uploads\/2024\/11\/20220706_SuperTurbo_0121.pdf\">SuperTurbo<\/a><\/span><\/p><p><span style=\"text-decoration: underline; color: #000000;\"><a style=\"color: #000000; text-decoration: underline;\" href=\"http:\/\/gruen-gmbh.de\/wp-content\/uploads\/2024\/11\/20230511_Bullybrenner_0122.pdf\">Bullybrenner<\/a><\/span><\/p><p><span style=\"text-decoration: underline; color: #000000;\"><a style=\"color: #000000; text-decoration: underline;\" href=\"http:\/\/gruen-gmbh.de\/wp-content\/uploads\/2024\/11\/20200422_Titanbrenner.pdf\">Titanbrenner<\/a><\/span><\/p><p><span style=\"text-decoration: underline; color: #000000;\"><a style=\"color: #000000; text-decoration: underline;\" href=\"http:\/\/gruen-gmbh.de\/wp-content\/uploads\/2024\/11\/20210511_Leisebrenner.pdf\">Leisebrenner<\/a><\/span><\/p><p><span style=\"text-decoration: underline; color: #000000;\"><a style=\"color: #000000; text-decoration: underline;\" href=\"http:\/\/gruen-gmbh.de\/wp-content\/uploads\/2024\/11\/20160823_Heissluftlanzenbrenner_08000801.pdf\">Hei\u00dfluftlanzenbrenner<\/a><\/span><\/p><p><span style=\"text-decoration: underline; color: #000000;\"><a style=\"color: #000000; text-decoration: underline;\" href=\"http:\/\/gruen-gmbh.de\/wp-content\/uploads\/2024\/11\/20210323_Brennerbox_EXCLUSIV.pdf\">Brennerbox EXCLUSIV<\/a><\/span><\/p><p><span style=\"text-decoration: underline; color: #000000;\"><a style=\"color: #000000; text-decoration: underline;\" href=\"http:\/\/gruen-gmbh.de\/wp-content\/uploads\/2024\/11\/20210323_Brennerbox_Standard.pdf\">Brennerbox Standard<\/a><\/span><\/p><p><span style=\"text-decoration: underline; color: #000000;\"><a style=\"color: #000000; text-decoration: underline;\" href=\"http:\/\/gruen-gmbh.de\/wp-content\/uploads\/2024\/11\/20230511_Nahtbrenner_0814.pdf\">Nahtbrenner N 45<\/a><\/span><\/p><p><span style=\"text-decoration: underline; color: #000000;\"><a style=\"color: #000000; text-decoration: underline;\" href=\"http:\/\/gruen-gmbh.de\/wp-content\/uploads\/2024\/11\/20220706_Nahtbrenner-08100811.pdf\">Nahtbrenner 0810 + 0811<\/a><\/span><\/p><p><span style=\"text-decoration: underline; color: #000000;\"><a style=\"color: #000000; text-decoration: underline;\" href=\"http:\/\/gruen-gmbh.de\/wp-content\/uploads\/2024\/11\/Bedienungsanleitung_Schnellkupplung_d_0523.pdf\">Dreh-Schnellkupplung<\/a><\/span><\/p><h5><span style=\"color: #000000;\"><strong>Bitumen boiler<\/strong><\/span><\/h5><p><span style=\"text-decoration: underline;\"><span style=\"color: #000000; text-decoration: underline;\"><a style=\"color: #000000; text-decoration: underline;\" href=\"http:\/\/gruen-gmbh.de\/wp-content\/uploads\/2024\/11\/20230216_PRIMAT_und_KIPP_DE.pdf\">Kipp 50 \u2013 Primat 250<\/a><\/span><\/span><\/p><p><span style=\"text-decoration: underline;\"><span style=\"color: #000000; text-decoration: underline;\"><a style=\"color: #000000; text-decoration: underline;\" href=\"http:\/\/gruen-gmbh.de\/wp-content\/uploads\/2024\/11\/20230216_REKORD192949119229.pdf\">Rekord 19 \u2013 229<\/a><\/span><\/span><\/p><h5><span style=\"color: #000000;\"><strong>Roof renovation devices<\/strong><\/span><\/h5><p><span style=\"text-decoration: underline;\"><span style=\"color: #000000; text-decoration: underline;\"><a style=\"color: #000000; text-decoration: underline;\" href=\"http:\/\/gruen-gmbh.de\/wp-content\/uploads\/2024\/11\/20180829_Komplettbedienungsanleitung_DS-15.pdf\">DS 15<\/a><\/span><\/span><\/p><p><span style=\"text-decoration: underline;\"><span style=\"color: #000000; text-decoration: underline;\"><a style=\"color: #000000; text-decoration: underline;\" href=\"http:\/\/gruen-gmbh.de\/wp-content\/uploads\/2024\/11\/20130724_Komplettbedienungsanleitung_DS30_31.pdf\">DS 30-31<\/a><\/span><\/span><\/p><p><span style=\"text-decoration: underline;\"><span style=\"color: #000000; text-decoration: underline;\"><a style=\"color: #000000; text-decoration: underline;\" href=\"http:\/\/gruen-gmbh.de\/wp-content\/uploads\/2024\/11\/Bedienungsanleitung_Srcap_Air_0516.pdf\">ScrapAir<\/a><\/span><\/span><\/p><p><span style=\"text-decoration: underline;\"><span style=\"color: #000000; text-decoration: underline;\"><a style=\"color: #000000; text-decoration: underline;\" href=\"http:\/\/gruen-gmbh.de\/wp-content\/uploads\/2024\/11\/20100805_DACHSTRIPPER_TURBO_5030.pdf\">Dachstripper Turbo 5030<\/a><\/span><\/span><\/p><p><span style=\"text-decoration: underline;\"><span style=\"color: #000000; text-decoration: underline;\"><a style=\"color: #000000; text-decoration: underline;\" href=\"http:\/\/gruen-gmbh.de\/wp-content\/uploads\/2024\/11\/20190208_Dachschaeler_GDS10_DE.pdf\">Petrol operated Roof Stripper GDS 10<\/a><\/span><\/span><\/p><p><span style=\"text-decoration: underline;\"><span style=\"color: #000000; text-decoration: underline;\"><a style=\"color: #000000; text-decoration: underline;\" href=\"http:\/\/gruen-gmbh.de\/wp-content\/uploads\/2024\/11\/20130624_BA_TrennFix_5410.pdf\">Dachbahnenschneider Trennfix<\/a><\/span><\/span><\/p><h5>\u00a0<\/h5><h5><span style=\"color: #000000;\"><strong>Other devices<\/strong><\/span><\/h5><p><span style=\"text-decoration: underline;\"><span style=\"color: #000000; text-decoration: underline;\"><a style=\"color: #000000; text-decoration: underline;\" href=\"http:\/\/gruen-gmbh.de\/wp-content\/uploads\/2024\/11\/20050210_Handfluegelpumpe.pdf\">Hand wing pump<\/a><\/span><\/span><\/p><p><span style=\"text-decoration: underline;\"><span style=\"color: #000000; text-decoration: underline;\"><a style=\"color: #000000; text-decoration: underline;\" href=\"http:\/\/gruen-gmbh.de\/wp-content\/uploads\/2024\/11\/20090317_Tauchpumpe.pdf\">Tauchpumpe<\/a><\/span><\/span><\/p><p><span style=\"text-decoration: underline;\"><span style=\"color: #000000; text-decoration: underline;\"><a style=\"color: #000000; text-decoration: underline;\" href=\"http:\/\/gruen-gmbh.de\/wp-content\/uploads\/2024\/11\/20090618_Wassersauger_Inox.pdf\">Wassersauger Inox<\/a><\/span><\/span><\/p><p><span style=\"text-decoration: underline;\"><span style=\"color: #000000; text-decoration: underline;\"><a style=\"color: #000000; text-decoration: underline;\" href=\"http:\/\/gruen-gmbh.de\/wp-content\/uploads\/2024\/11\/20090617_PU-Kleberauftraggeraet_5069.pdf\">PU-Kleberauftragger\u00e4t 5069<\/a><\/span><\/span><\/p><p><span style=\"text-decoration: underline;\"><span style=\"color: #000000; text-decoration: underline;\"><a style=\"color: #000000; text-decoration: underline;\" href=\"http:\/\/gruen-gmbh.de\/wp-content\/uploads\/2024\/11\/20040628_BA_schuttrohre.pdf\">Plastic discharge chutes<\/a><\/span><\/span><\/p><p><span style=\"text-decoration: underline;\"><span style=\"color: #000000; text-decoration: underline;\"><a style=\"color: #000000; text-decoration: underline;\" href=\"http:\/\/gruen-gmbh.de\/wp-content\/uploads\/2024\/11\/20230921_BA_GRUEN_Drying_Roll_2.pdf\">Drying Roll<\/a><\/span><\/span><\/p><\/div>\n\t\t\t\t<\/div>\n\t\t\t\t\t\t\t\t<\/div>\n\t\t\t\t\t\t<\/div>\n\t\t\t\t<\/div>\n\t\t\t\t\t<\/div>\n\t\t\t\t<\/div>\n\t\t\t\t<\/div>","protected":false},"excerpt":{"rendered":"<p>Downloads Preisliste 2026 Zum Download: PDF: Dachger\u00e4te Preisliste 2026 Excel: Dachger\u00e4te Preisliste 2026 PDF: Ersatzteil-Preisliste 2026 Excel: Ersatzteil-Preisliste 2026 Katalog und Prospekte Zum Download: Katalog Dachger\u00e4te \/ Bautechnik Catalog Roofing equipment \/ Building technique R\u00fccksendeformular Zum Download: R\u00fccksendeformular Bedienungsanleitungen Zum Download: \u00a0 Propan Hand- und Mehrflammenbrenner Standardbrenner A25-St65 Mehrflammenbrenner M2\/45 und M4\/45 Rollenbrenner V4-45 bis [&hellip;]<\/p>","protected":false},"author":1,"featured_media":0,"parent":0,"menu_order":0,"comment_status":"closed","ping_status":"closed","template":"","meta":{"footnotes":""},"class_list":["post-40628","page","type-page","status-publish","hentry"],"yoast_head":"<!-- This site is optimized with the Yoast SEO plugin v26.3 - https:\/\/yoast.com\/wordpress\/plugins\/seo\/ -->\n<title>Downloads - Dachger\u00e4te\/ Bautechnik - Gr\u00fcn GmbH<\/title>\n<meta name=\"robots\" content=\"index, follow, max-snippet:-1, max-image-preview:large, max-video-preview:-1\" \/>\n<link rel=\"canonical\" href=\"https:\/\/www.gruen-gmbh.de\/en\/downloads-dachgeraete-bautechnik\/\" \/>\n<meta property=\"og:locale\" content=\"en_US\" \/>\n<meta property=\"og:type\" content=\"article\" \/>\n<meta property=\"og:title\" content=\"Downloads - Dachger\u00e4te\/ Bautechnik - Gr\u00fcn GmbH\" \/>\n<meta property=\"og:description\" content=\"Downloads Preisliste 2026 Zum Download: PDF: Dachger\u00e4te Preisliste 2026 Excel: Dachger\u00e4te Preisliste 2026 PDF: Ersatzteil-Preisliste 2026 Excel: Ersatzteil-Preisliste 2026 Katalog und Prospekte Zum Download: Katalog Dachger\u00e4te \/ Bautechnik Catalog Roofing equipment \/ Building technique R\u00fccksendeformular Zum Download: R\u00fccksendeformular Bedienungsanleitungen Zum Download: \u00a0 Propan Hand- und Mehrflammenbrenner Standardbrenner A25-St65 Mehrflammenbrenner M2\/45 und M4\/45 Rollenbrenner V4-45 bis [&hellip;]\" \/>\n<meta property=\"og:url\" content=\"https:\/\/www.gruen-gmbh.de\/en\/downloads-dachgeraete-bautechnik\/\" \/>\n<meta property=\"og:site_name\" content=\"Gr\u00fcn GmbH\" \/>\n<meta property=\"article:modified_time\" content=\"2026-02-11T08:47:33+00:00\" \/>\n<meta name=\"twitter:card\" content=\"summary_large_image\" \/>\n<meta name=\"twitter:label1\" content=\"Est. reading time\" \/>\n\t<meta name=\"twitter:data1\" content=\"1 minute\" \/>\n<script type=\"application\/ld+json\" class=\"yoast-schema-graph\">{\"@context\":\"https:\/\/schema.org\",\"@graph\":[{\"@type\":\"WebPage\",\"@id\":\"https:\/\/www.gruen-gmbh.de\/downloads-dachgeraete-bautechnik\/\",\"url\":\"https:\/\/www.gruen-gmbh.de\/downloads-dachgeraete-bautechnik\/\",\"name\":\"Downloads - Dachger\u00e4te\/ Bautechnik - Gr\u00fcn GmbH\",\"isPartOf\":{\"@id\":\"https:\/\/www.gruen-gmbh.de\/en\/#website\"},\"datePublished\":\"2024-11-13T07:35:38+00:00\",\"dateModified\":\"2026-02-11T08:47:33+00:00\",\"breadcrumb\":{\"@id\":\"https:\/\/www.gruen-gmbh.de\/downloads-dachgeraete-bautechnik\/#breadcrumb\"},\"inLanguage\":\"en-US\",\"potentialAction\":[{\"@type\":\"ReadAction\",\"target\":[\"https:\/\/www.gruen-gmbh.de\/downloads-dachgeraete-bautechnik\/\"]}]},{\"@type\":\"BreadcrumbList\",\"@id\":\"https:\/\/www.gruen-gmbh.de\/downloads-dachgeraete-bautechnik\/#breadcrumb\",\"itemListElement\":[{\"@type\":\"ListItem\",\"position\":1,\"name\":\"Startseite\",\"item\":\"https:\/\/www.gruen-gmbh.de\/\"},{\"@type\":\"ListItem\",\"position\":2,\"name\":\"Downloads &#8211; Dachger\u00e4te\/ Bautechnik\"}]},{\"@type\":\"WebSite\",\"@id\":\"https:\/\/www.gruen-gmbh.de\/en\/#website\",\"url\":\"https:\/\/www.gruen-gmbh.de\/en\/\",\"name\":\"Gr\u00fcn GmbH\",\"description\":\"\",\"publisher\":{\"@id\":\"https:\/\/www.gruen-gmbh.de\/en\/#organization\"},\"potentialAction\":[{\"@type\":\"SearchAction\",\"target\":{\"@type\":\"EntryPoint\",\"urlTemplate\":\"https:\/\/www.gruen-gmbh.de\/en\/?s={search_term_string}\"},\"query-input\":{\"@type\":\"PropertyValueSpecification\",\"valueRequired\":true,\"valueName\":\"search_term_string\"}}],\"inLanguage\":\"en-US\"},{\"@type\":\"Organization\",\"@id\":\"https:\/\/www.gruen-gmbh.de\/en\/#organization\",\"name\":\"Gr\u00fcn GmbH\",\"url\":\"https:\/\/www.gruen-gmbh.de\/en\/\",\"logo\":{\"@type\":\"ImageObject\",\"inLanguage\":\"en-US\",\"@id\":\"https:\/\/www.gruen-gmbh.de\/en\/#\/schema\/logo\/image\/\",\"url\":\"https:\/\/www.gruen-gmbh.de\/wp-content\/uploads\/2024\/07\/gruen-logo.webp\",\"contentUrl\":\"https:\/\/www.gruen-gmbh.de\/wp-content\/uploads\/2024\/07\/gruen-logo.webp\",\"width\":672,\"height\":164,\"caption\":\"Gr\u00fcn GmbH\"},\"image\":{\"@id\":\"https:\/\/www.gruen-gmbh.de\/en\/#\/schema\/logo\/image\/\"}}]}<\/script>\n<!-- \/ Yoast SEO plugin. -->","yoast_head_json":{"title":"Downloads - Dachger\u00e4te\/ Bautechnik - Gr\u00fcn GmbH","robots":{"index":"index","follow":"follow","max-snippet":"max-snippet:-1","max-image-preview":"max-image-preview:large","max-video-preview":"max-video-preview:-1"},"canonical":"https:\/\/www.gruen-gmbh.de\/en\/downloads-dachgeraete-bautechnik\/","og_locale":"en_US","og_type":"article","og_title":"Downloads - Dachger\u00e4te\/ Bautechnik - Gr\u00fcn GmbH","og_description":"Downloads Preisliste 2026 Zum Download: PDF: Dachger\u00e4te Preisliste 2026 Excel: Dachger\u00e4te Preisliste 2026 PDF: Ersatzteil-Preisliste 2026 Excel: Ersatzteil-Preisliste 2026 Katalog und Prospekte Zum Download: Katalog Dachger\u00e4te \/ Bautechnik Catalog Roofing equipment \/ Building technique R\u00fccksendeformular Zum Download: R\u00fccksendeformular Bedienungsanleitungen Zum Download: \u00a0 Propan Hand- und Mehrflammenbrenner Standardbrenner A25-St65 Mehrflammenbrenner M2\/45 und M4\/45 Rollenbrenner V4-45 bis [&hellip;]","og_url":"https:\/\/www.gruen-gmbh.de\/en\/downloads-dachgeraete-bautechnik\/","og_site_name":"Gr\u00fcn GmbH","article_modified_time":"2026-02-11T08:47:33+00:00","twitter_card":"summary_large_image","twitter_misc":{"Est. reading time":"1 minute"},"schema":{"@context":"https:\/\/schema.org","@graph":[{"@type":"WebPage","@id":"https:\/\/www.gruen-gmbh.de\/downloads-dachgeraete-bautechnik\/","url":"https:\/\/www.gruen-gmbh.de\/downloads-dachgeraete-bautechnik\/","name":"Downloads - Dachger\u00e4te\/ Bautechnik - Gr\u00fcn GmbH","isPartOf":{"@id":"https:\/\/www.gruen-gmbh.de\/en\/#website"},"datePublished":"2024-11-13T07:35:38+00:00","dateModified":"2026-02-11T08:47:33+00:00","breadcrumb":{"@id":"https:\/\/www.gruen-gmbh.de\/downloads-dachgeraete-bautechnik\/#breadcrumb"},"inLanguage":"en-US","potentialAction":[{"@type":"ReadAction","target":["https:\/\/www.gruen-gmbh.de\/downloads-dachgeraete-bautechnik\/"]}]},{"@type":"BreadcrumbList","@id":"https:\/\/www.gruen-gmbh.de\/downloads-dachgeraete-bautechnik\/#breadcrumb","itemListElement":[{"@type":"ListItem","position":1,"name":"Startseite","item":"https:\/\/www.gruen-gmbh.de\/"},{"@type":"ListItem","position":2,"name":"Downloads &#8211; Dachger\u00e4te\/ Bautechnik"}]},{"@type":"WebSite","@id":"https:\/\/www.gruen-gmbh.de\/en\/#website","url":"https:\/\/www.gruen-gmbh.de\/en\/","name":"Gr\u00fcn GmbH","description":"","publisher":{"@id":"https:\/\/www.gruen-gmbh.de\/en\/#organization"},"potentialAction":[{"@type":"SearchAction","target":{"@type":"EntryPoint","urlTemplate":"https:\/\/www.gruen-gmbh.de\/en\/?s={search_term_string}"},"query-input":{"@type":"PropertyValueSpecification","valueRequired":true,"valueName":"search_term_string"}}],"inLanguage":"en-US"},{"@type":"Organization","@id":"https:\/\/www.gruen-gmbh.de\/en\/#organization","name":"Gr\u00fcn GmbH","url":"https:\/\/www.gruen-gmbh.de\/en\/","logo":{"@type":"ImageObject","inLanguage":"en-US","@id":"https:\/\/www.gruen-gmbh.de\/en\/#\/schema\/logo\/image\/","url":"https:\/\/www.gruen-gmbh.de\/wp-content\/uploads\/2024\/07\/gruen-logo.webp","contentUrl":"https:\/\/www.gruen-gmbh.de\/wp-content\/uploads\/2024\/07\/gruen-logo.webp","width":672,"height":164,"caption":"Gr\u00fcn GmbH"},"image":{"@id":"https:\/\/www.gruen-gmbh.de\/en\/#\/schema\/logo\/image\/"}}]}},"_links":{"self":[{"href":"http:\/\/www.gruen-gmbh.de\/en\/wp-json\/wp\/v2\/pages\/40628","targetHints":{"allow":["GET"]}}],"collection":[{"href":"http:\/\/www.gruen-gmbh.de\/en\/wp-json\/wp\/v2\/pages"}],"about":[{"href":"http:\/\/www.gruen-gmbh.de\/en\/wp-json\/wp\/v2\/types\/page"}],"author":[{"embeddable":true,"href":"http:\/\/www.gruen-gmbh.de\/en\/wp-json\/wp\/v2\/users\/1"}],"replies":[{"embeddable":true,"href":"http:\/\/www.gruen-gmbh.de\/en\/wp-json\/wp\/v2\/comments?post=40628"}],"version-history":[{"count":1,"href":"http:\/\/www.gruen-gmbh.de\/en\/wp-json\/wp\/v2\/pages\/40628\/revisions"}],"predecessor-version":[{"id":44255,"href":"http:\/\/www.gruen-gmbh.de\/en\/wp-json\/wp\/v2\/pages\/40628\/revisions\/44255"}],"wp:attachment":[{"href":"http:\/\/www.gruen-gmbh.de\/en\/wp-json\/wp\/v2\/media?parent=40628"}],"curies":[{"name":"wp","href":"https:\/\/api.w.org\/{rel}","templated":true}]}}