{"id":38236,"date":"2024-08-01T05:56:07","date_gmt":"2024-08-01T05:56:07","guid":{"rendered":"https:\/\/eventgruen.online\/?post_type=product&#038;p=38236"},"modified":"2025-11-18T07:18:13","modified_gmt":"2025-11-18T07:18:13","slug":"dachstripper-turbo","status":"publish","type":"product","link":"http:\/\/www.gruen-gmbh.de\/en\/product\/dachstripper-turbo\/","title":{"rendered":"Dachstripper Turbo 2.0"},"content":{"rendered":"<p>For peeling of roof sheeting and roof insulants like poly styrene plates, PU plates, cork plates and so on.<\/p>\n<p>The Roof Stripper Turbo with driving gear strips the roof sheeting cut off the base. The powerful motor 2400 W\/230 V AC is equipped with starting current limiter and drives the travelling gear and the percussive mechanism. The high number of strokes (5.000 strokes\/min.) and an extremely strong bearing guarantee trouble free operation. The travelling gear can be connected and disconnected by means of a coupling.<\/p>\n<p>Because of the compact design and an effective distribution of weight combined with optimum handiness the work can be done with minimum effort. By means of the bow-type guide bar the stripped roof sheeting are thrown rightwards beside the machine. Stripping width approx. 40 \u2013 50 cm, travelling speed approx. 1.000 m\/h.<\/p>\n<p>The equipment is dismountable, can be easily transported and is suitable for universal use.<\/p>","protected":false},"excerpt":{"rendered":"<ul>\n<li>compact handy device for the removal of cut membrane<\/li>\n<li>Roof assembly width that has to be flaked: ca. 40-50 cm<\/li>\n<li>driving speed ca. 1000 m\/h<\/li>\n<li>high number of blows of ca. 5000 Hub\/min<\/li>\n<li>driving operation is engaged via clutch<\/li>\n<li>Integrated starting current limiter<\/li>\n<\/ul>","protected":false},"featured_media":41427,"template":"","meta":[],"product_brand":[],"product_cat":[24,25],"product_tag":[],"class_list":{"0":"post-38236","1":"product","2":"type-product","3":"status-publish","4":"has-post-thumbnail","6":"product_cat-dachgeraete-bautechnik","7":"product_cat-dachsanierungsgeraete","9":"first","10":"instock","11":"shipping-taxable","12":"product-type-simple"},"yoast_head":"<!-- This site is optimized with the Yoast SEO plugin v26.3 - https:\/\/yoast.com\/wordpress\/plugins\/seo\/ -->\n<title>Dachstripper Turbo 2.0 - Gr\u00fcn GmbH<\/title>\n<meta name=\"robots\" content=\"index, follow, max-snippet:-1, max-image-preview:large, max-video-preview:-1\" \/>\n<link rel=\"canonical\" href=\"https:\/\/www.gruen-gmbh.de\/en\/product\/dachstripper-turbo\/\" \/>\n<meta property=\"og:locale\" content=\"en_US\" \/>\n<meta property=\"og:type\" content=\"article\" \/>\n<meta property=\"og:title\" content=\"Dachstripper Turbo 2.0 - Gr\u00fcn GmbH\" \/>\n<meta property=\"og:description\" content=\"kompaktes handliches Ger\u00e4t zum Absch\u00e4len geschnittener Dachbel\u00e4ge  abzul\u00f6sende Dachaufbaubreite\u00a0ca. 40-50 cm  Fahrgeschwindigkeit\u00a0ca. 1000 m \/ Stunde  hohe Schlagzahl\u00a0von ca. 5000 Hub \/ Min.  der Fahrantrieb wird \u00fcber eine Kupplung eingeschaltet  integrierter Anlaufstrombegrenzer\" \/>\n<meta property=\"og:url\" content=\"https:\/\/www.gruen-gmbh.de\/en\/product\/dachstripper-turbo\/\" \/>\n<meta property=\"og:site_name\" content=\"Gr\u00fcn GmbH\" \/>\n<meta property=\"article:modified_time\" content=\"2025-11-18T07:18:13+00:00\" \/>\n<meta property=\"og:image\" content=\"https:\/\/www.gruen-gmbh.de\/wp-content\/uploads\/2024\/08\/50500000_Dachstripper_Turbo_05_4030956092442-1024x683.png\" \/>\n\t<meta property=\"og:image:width\" content=\"1024\" \/>\n\t<meta property=\"og:image:height\" content=\"683\" \/>\n\t<meta property=\"og:image:type\" content=\"image\/png\" \/>\n<meta name=\"twitter:card\" content=\"summary_large_image\" \/>\n<meta name=\"twitter:label1\" content=\"Est. reading time\" \/>\n\t<meta name=\"twitter:data1\" content=\"1 minute\" \/>\n<script type=\"application\/ld+json\" class=\"yoast-schema-graph\">{\"@context\":\"https:\/\/schema.org\",\"@graph\":[{\"@type\":\"WebPage\",\"@id\":\"https:\/\/www.gruen-gmbh.de\/produkt\/dachstripper-turbo\/\",\"url\":\"https:\/\/www.gruen-gmbh.de\/produkt\/dachstripper-turbo\/\",\"name\":\"Dachstripper Turbo 2.0 - Gr\u00fcn GmbH\",\"isPartOf\":{\"@id\":\"https:\/\/www.gruen-gmbh.de\/en\/#website\"},\"primaryImageOfPage\":{\"@id\":\"https:\/\/www.gruen-gmbh.de\/produkt\/dachstripper-turbo\/#primaryimage\"},\"image\":{\"@id\":\"https:\/\/www.gruen-gmbh.de\/produkt\/dachstripper-turbo\/#primaryimage\"},\"thumbnailUrl\":\"https:\/\/www.gruen-gmbh.de\/wp-content\/uploads\/2024\/08\/50500000_Dachstripper_Turbo_05_4030956092442.png\",\"datePublished\":\"2024-08-01T05:56:07+00:00\",\"dateModified\":\"2025-11-18T07:18:13+00:00\",\"breadcrumb\":{\"@id\":\"https:\/\/www.gruen-gmbh.de\/produkt\/dachstripper-turbo\/#breadcrumb\"},\"inLanguage\":\"en-US\",\"potentialAction\":[{\"@type\":\"ReadAction\",\"target\":[\"https:\/\/www.gruen-gmbh.de\/produkt\/dachstripper-turbo\/\"]}]},{\"@type\":\"ImageObject\",\"inLanguage\":\"en-US\",\"@id\":\"https:\/\/www.gruen-gmbh.de\/produkt\/dachstripper-turbo\/#primaryimage\",\"url\":\"https:\/\/www.gruen-gmbh.de\/wp-content\/uploads\/2024\/08\/50500000_Dachstripper_Turbo_05_4030956092442.png\",\"contentUrl\":\"https:\/\/www.gruen-gmbh.de\/wp-content\/uploads\/2024\/08\/50500000_Dachstripper_Turbo_05_4030956092442.png\",\"width\":6000,\"height\":4000},{\"@type\":\"BreadcrumbList\",\"@id\":\"https:\/\/www.gruen-gmbh.de\/produkt\/dachstripper-turbo\/#breadcrumb\",\"itemListElement\":[{\"@type\":\"ListItem\",\"position\":1,\"name\":\"Startseite\",\"item\":\"https:\/\/www.gruen-gmbh.de\/\"},{\"@type\":\"ListItem\",\"position\":2,\"name\":\"Shop\",\"item\":\"https:\/\/www.gruen-gmbh.de\/en\/shop\/\"},{\"@type\":\"ListItem\",\"position\":3,\"name\":\"Dachstripper Turbo 2.0\"}]},{\"@type\":\"WebSite\",\"@id\":\"https:\/\/www.gruen-gmbh.de\/en\/#website\",\"url\":\"https:\/\/www.gruen-gmbh.de\/en\/\",\"name\":\"Gr\u00fcn GmbH\",\"description\":\"\",\"publisher\":{\"@id\":\"https:\/\/www.gruen-gmbh.de\/en\/#organization\"},\"potentialAction\":[{\"@type\":\"SearchAction\",\"target\":{\"@type\":\"EntryPoint\",\"urlTemplate\":\"https:\/\/www.gruen-gmbh.de\/en\/?s={search_term_string}\"},\"query-input\":{\"@type\":\"PropertyValueSpecification\",\"valueRequired\":true,\"valueName\":\"search_term_string\"}}],\"inLanguage\":\"en-US\"},{\"@type\":\"Organization\",\"@id\":\"https:\/\/www.gruen-gmbh.de\/en\/#organization\",\"name\":\"Gr\u00fcn GmbH\",\"url\":\"https:\/\/www.gruen-gmbh.de\/en\/\",\"logo\":{\"@type\":\"ImageObject\",\"inLanguage\":\"en-US\",\"@id\":\"https:\/\/www.gruen-gmbh.de\/en\/#\/schema\/logo\/image\/\",\"url\":\"https:\/\/www.gruen-gmbh.de\/wp-content\/uploads\/2024\/07\/gruen-logo.webp\",\"contentUrl\":\"https:\/\/www.gruen-gmbh.de\/wp-content\/uploads\/2024\/07\/gruen-logo.webp\",\"width\":672,\"height\":164,\"caption\":\"Gr\u00fcn GmbH\"},\"image\":{\"@id\":\"https:\/\/www.gruen-gmbh.de\/en\/#\/schema\/logo\/image\/\"}}]}<\/script>\n<!-- \/ Yoast SEO plugin. -->","yoast_head_json":{"title":"Dachstripper Turbo 2.0 - Gr\u00fcn GmbH","robots":{"index":"index","follow":"follow","max-snippet":"max-snippet:-1","max-image-preview":"max-image-preview:large","max-video-preview":"max-video-preview:-1"},"canonical":"https:\/\/www.gruen-gmbh.de\/en\/product\/dachstripper-turbo\/","og_locale":"en_US","og_type":"article","og_title":"Dachstripper Turbo 2.0 - Gr\u00fcn GmbH","og_description":"kompaktes handliches Ger\u00e4t zum Absch\u00e4len geschnittener Dachbel\u00e4ge  abzul\u00f6sende Dachaufbaubreite\u00a0ca. 40-50 cm  Fahrgeschwindigkeit\u00a0ca. 1000 m \/ Stunde  hohe Schlagzahl\u00a0von ca. 5000 Hub \/ Min.  der Fahrantrieb wird \u00fcber eine Kupplung eingeschaltet  integrierter Anlaufstrombegrenzer","og_url":"https:\/\/www.gruen-gmbh.de\/en\/product\/dachstripper-turbo\/","og_site_name":"Gr\u00fcn GmbH","article_modified_time":"2025-11-18T07:18:13+00:00","og_image":[{"width":1024,"height":683,"url":"https:\/\/www.gruen-gmbh.de\/wp-content\/uploads\/2024\/08\/50500000_Dachstripper_Turbo_05_4030956092442-1024x683.png","type":"image\/png"}],"twitter_card":"summary_large_image","twitter_misc":{"Est. reading time":"1 minute"},"schema":{"@context":"https:\/\/schema.org","@graph":[{"@type":"WebPage","@id":"https:\/\/www.gruen-gmbh.de\/produkt\/dachstripper-turbo\/","url":"https:\/\/www.gruen-gmbh.de\/produkt\/dachstripper-turbo\/","name":"Dachstripper Turbo 2.0 - Gr\u00fcn GmbH","isPartOf":{"@id":"https:\/\/www.gruen-gmbh.de\/en\/#website"},"primaryImageOfPage":{"@id":"https:\/\/www.gruen-gmbh.de\/produkt\/dachstripper-turbo\/#primaryimage"},"image":{"@id":"https:\/\/www.gruen-gmbh.de\/produkt\/dachstripper-turbo\/#primaryimage"},"thumbnailUrl":"https:\/\/www.gruen-gmbh.de\/wp-content\/uploads\/2024\/08\/50500000_Dachstripper_Turbo_05_4030956092442.png","datePublished":"2024-08-01T05:56:07+00:00","dateModified":"2025-11-18T07:18:13+00:00","breadcrumb":{"@id":"https:\/\/www.gruen-gmbh.de\/produkt\/dachstripper-turbo\/#breadcrumb"},"inLanguage":"en-US","potentialAction":[{"@type":"ReadAction","target":["https:\/\/www.gruen-gmbh.de\/produkt\/dachstripper-turbo\/"]}]},{"@type":"ImageObject","inLanguage":"en-US","@id":"https:\/\/www.gruen-gmbh.de\/produkt\/dachstripper-turbo\/#primaryimage","url":"https:\/\/www.gruen-gmbh.de\/wp-content\/uploads\/2024\/08\/50500000_Dachstripper_Turbo_05_4030956092442.png","contentUrl":"https:\/\/www.gruen-gmbh.de\/wp-content\/uploads\/2024\/08\/50500000_Dachstripper_Turbo_05_4030956092442.png","width":6000,"height":4000},{"@type":"BreadcrumbList","@id":"https:\/\/www.gruen-gmbh.de\/produkt\/dachstripper-turbo\/#breadcrumb","itemListElement":[{"@type":"ListItem","position":1,"name":"Startseite","item":"https:\/\/www.gruen-gmbh.de\/"},{"@type":"ListItem","position":2,"name":"Shop","item":"https:\/\/www.gruen-gmbh.de\/en\/shop\/"},{"@type":"ListItem","position":3,"name":"Dachstripper Turbo 2.0"}]},{"@type":"WebSite","@id":"https:\/\/www.gruen-gmbh.de\/en\/#website","url":"https:\/\/www.gruen-gmbh.de\/en\/","name":"Gr\u00fcn GmbH","description":"","publisher":{"@id":"https:\/\/www.gruen-gmbh.de\/en\/#organization"},"potentialAction":[{"@type":"SearchAction","target":{"@type":"EntryPoint","urlTemplate":"https:\/\/www.gruen-gmbh.de\/en\/?s={search_term_string}"},"query-input":{"@type":"PropertyValueSpecification","valueRequired":true,"valueName":"search_term_string"}}],"inLanguage":"en-US"},{"@type":"Organization","@id":"https:\/\/www.gruen-gmbh.de\/en\/#organization","name":"Gr\u00fcn GmbH","url":"https:\/\/www.gruen-gmbh.de\/en\/","logo":{"@type":"ImageObject","inLanguage":"en-US","@id":"https:\/\/www.gruen-gmbh.de\/en\/#\/schema\/logo\/image\/","url":"https:\/\/www.gruen-gmbh.de\/wp-content\/uploads\/2024\/07\/gruen-logo.webp","contentUrl":"https:\/\/www.gruen-gmbh.de\/wp-content\/uploads\/2024\/07\/gruen-logo.webp","width":672,"height":164,"caption":"Gr\u00fcn GmbH"},"image":{"@id":"https:\/\/www.gruen-gmbh.de\/en\/#\/schema\/logo\/image\/"}}]}},"_links":{"self":[{"href":"http:\/\/www.gruen-gmbh.de\/en\/wp-json\/wp\/v2\/product\/38236","targetHints":{"allow":["GET"]}}],"collection":[{"href":"http:\/\/www.gruen-gmbh.de\/en\/wp-json\/wp\/v2\/product"}],"about":[{"href":"http:\/\/www.gruen-gmbh.de\/en\/wp-json\/wp\/v2\/types\/product"}],"version-history":[{"count":0,"href":"http:\/\/www.gruen-gmbh.de\/en\/wp-json\/wp\/v2\/product\/38236\/revisions"}],"wp:featuredmedia":[{"embeddable":true,"href":"http:\/\/www.gruen-gmbh.de\/en\/wp-json\/wp\/v2\/media\/41427"}],"wp:attachment":[{"href":"http:\/\/www.gruen-gmbh.de\/en\/wp-json\/wp\/v2\/media?parent=38236"}],"wp:term":[{"taxonomy":"product_brand","embeddable":true,"href":"http:\/\/www.gruen-gmbh.de\/en\/wp-json\/wp\/v2\/product_brand?post=38236"},{"taxonomy":"product_cat","embeddable":true,"href":"http:\/\/www.gruen-gmbh.de\/en\/wp-json\/wp\/v2\/product_cat?post=38236"},{"taxonomy":"product_tag","embeddable":true,"href":"http:\/\/www.gruen-gmbh.de\/en\/wp-json\/wp\/v2\/product_tag?post=38236"}],"curies":[{"name":"wp","href":"https:\/\/api.w.org\/{rel}","templated":true}]}}