{"id":38281,"date":"2024-08-01T06:26:31","date_gmt":"2024-08-01T06:26:31","guid":{"rendered":"https:\/\/eventgruen.online\/?post_type=product&#038;p=38281"},"modified":"2025-02-10T10:36:55","modified_gmt":"2025-02-10T10:36:55","slug":"puddle-buddy-absaug-und-tauchpumpe","status":"publish","type":"product","link":"http:\/\/www.gruen-gmbh.de\/en\/product\/puddle-buddy-absaug-und-tauchpumpe\/","title":{"rendered":"Puddle Buddy suction and immersion pump"},"content":{"rendered":"<ul>\n<li>Energy-efficient submersible pump with overload protection<\/li>\n<li>Self-venting at the top of the housing - this allows the pump to process a lot of air<\/li>\n<li>Transportable and versatile<\/li>\n<li>Thanks to the use of strong, elastic plastic, the pump is very impact-resistant and suitable for professional use<\/li>\n<li>The new design utilises the pumped water to cool the motor and thus supports longer use at low water levels<\/li>\n<li>Easy to use<\/li>\n<li>Extremely durable and low-maintenance<\/li>\n<li>Only 14 cm diameter<\/li>\n<\/ul>\n<p>&nbsp;<\/p>\n<p>incl. 10 m connection cable and additional coarse dirt suction grille<\/p>","protected":false},"excerpt":{"rendered":"<p>Robust, portable all-metal pump that removes water up to a height of approx. 1 mm above the floor surface via the protected oor inlet. Hose connector for \u00bd\u201c, \u00be\u201c and 1\u201c hose.<\/p>","protected":false},"featured_media":39087,"template":"","meta":[],"product_brand":[],"product_cat":[24,107],"product_tag":[],"class_list":{"0":"post-38281","1":"product","2":"type-product","3":"status-publish","4":"has-post-thumbnail","6":"product_cat-dachgeraete-bautechnik","7":"product_cat-wassersauger-und-tauchpumpen","9":"first","10":"instock","11":"shipping-taxable","12":"product-type-simple"},"yoast_head":"<!-- This site is optimized with the Yoast SEO plugin v26.3 - https:\/\/yoast.com\/wordpress\/plugins\/seo\/ -->\n<title>Puddle Buddy Absaug- und Tauchpumpe - Gr\u00fcn GmbH<\/title>\n<meta name=\"robots\" content=\"index, follow, max-snippet:-1, max-image-preview:large, max-video-preview:-1\" \/>\n<link rel=\"canonical\" href=\"https:\/\/www.gruen-gmbh.de\/en\/product\/puddle-buddy-absaug-und-tauchpumpe\/\" \/>\n<meta property=\"og:locale\" content=\"en_US\" \/>\n<meta property=\"og:type\" content=\"article\" \/>\n<meta property=\"og:title\" content=\"Puddle Buddy Absaug- und Tauchpumpe - Gr\u00fcn GmbH\" \/>\n<meta property=\"og:description\" content=\"Robuste, tragbare Pumpe mit Kunststoffgeh\u00e4use, die \u00fcber den gesch\u00fctzten Bodeneinlauf Wasser bis zu ca. 1 mm H\u00f6he \u00fcber der Bodenfl\u00e4che absaugt. Pumpt fast vollst\u00e4ndig trocken. Schlauchanschluss f\u00fcr Schl\u00e4uche von \u00bd\u201c, \u00be\u201c und 1\u201c.\" \/>\n<meta property=\"og:url\" content=\"https:\/\/www.gruen-gmbh.de\/en\/product\/puddle-buddy-absaug-und-tauchpumpe\/\" \/>\n<meta property=\"og:site_name\" content=\"Gr\u00fcn GmbH\" \/>\n<meta property=\"article:modified_time\" content=\"2025-02-10T10:36:55+00:00\" \/>\n<meta property=\"og:image\" content=\"https:\/\/www.gruen-gmbh.de\/wp-content\/uploads\/2024\/08\/50570001_Tauchpumpe_Puddle_Buddy-1024x717-1.png\" \/>\n\t<meta property=\"og:image:width\" content=\"1024\" \/>\n\t<meta property=\"og:image:height\" content=\"717\" \/>\n\t<meta property=\"og:image:type\" content=\"image\/png\" \/>\n<meta name=\"twitter:card\" content=\"summary_large_image\" \/>\n<script type=\"application\/ld+json\" class=\"yoast-schema-graph\">{\"@context\":\"https:\/\/schema.org\",\"@graph\":[{\"@type\":\"WebPage\",\"@id\":\"https:\/\/www.gruen-gmbh.de\/produkt\/puddle-buddy-absaug-und-tauchpumpe\/\",\"url\":\"https:\/\/www.gruen-gmbh.de\/produkt\/puddle-buddy-absaug-und-tauchpumpe\/\",\"name\":\"Puddle Buddy Absaug- und Tauchpumpe - Gr\u00fcn GmbH\",\"isPartOf\":{\"@id\":\"https:\/\/www.gruen-gmbh.de\/en\/#website\"},\"primaryImageOfPage\":{\"@id\":\"https:\/\/www.gruen-gmbh.de\/produkt\/puddle-buddy-absaug-und-tauchpumpe\/#primaryimage\"},\"image\":{\"@id\":\"https:\/\/www.gruen-gmbh.de\/produkt\/puddle-buddy-absaug-und-tauchpumpe\/#primaryimage\"},\"thumbnailUrl\":\"https:\/\/www.gruen-gmbh.de\/wp-content\/uploads\/2024\/08\/50570001_Tauchpumpe_Puddle_Buddy-1024x717-1.png\",\"datePublished\":\"2024-08-01T06:26:31+00:00\",\"dateModified\":\"2025-02-10T10:36:55+00:00\",\"breadcrumb\":{\"@id\":\"https:\/\/www.gruen-gmbh.de\/produkt\/puddle-buddy-absaug-und-tauchpumpe\/#breadcrumb\"},\"inLanguage\":\"en-US\",\"potentialAction\":[{\"@type\":\"ReadAction\",\"target\":[\"https:\/\/www.gruen-gmbh.de\/produkt\/puddle-buddy-absaug-und-tauchpumpe\/\"]}]},{\"@type\":\"ImageObject\",\"inLanguage\":\"en-US\",\"@id\":\"https:\/\/www.gruen-gmbh.de\/produkt\/puddle-buddy-absaug-und-tauchpumpe\/#primaryimage\",\"url\":\"https:\/\/www.gruen-gmbh.de\/wp-content\/uploads\/2024\/08\/50570001_Tauchpumpe_Puddle_Buddy-1024x717-1.png\",\"contentUrl\":\"https:\/\/www.gruen-gmbh.de\/wp-content\/uploads\/2024\/08\/50570001_Tauchpumpe_Puddle_Buddy-1024x717-1.png\",\"width\":1024,\"height\":717},{\"@type\":\"BreadcrumbList\",\"@id\":\"https:\/\/www.gruen-gmbh.de\/produkt\/puddle-buddy-absaug-und-tauchpumpe\/#breadcrumb\",\"itemListElement\":[{\"@type\":\"ListItem\",\"position\":1,\"name\":\"Startseite\",\"item\":\"https:\/\/www.gruen-gmbh.de\/\"},{\"@type\":\"ListItem\",\"position\":2,\"name\":\"Shop\",\"item\":\"https:\/\/www.gruen-gmbh.de\/en\/shop\/\"},{\"@type\":\"ListItem\",\"position\":3,\"name\":\"Puddle Buddy Absaug- und Tauchpumpe\"}]},{\"@type\":\"WebSite\",\"@id\":\"https:\/\/www.gruen-gmbh.de\/en\/#website\",\"url\":\"https:\/\/www.gruen-gmbh.de\/en\/\",\"name\":\"Gr\u00fcn GmbH\",\"description\":\"\",\"publisher\":{\"@id\":\"https:\/\/www.gruen-gmbh.de\/en\/#organization\"},\"potentialAction\":[{\"@type\":\"SearchAction\",\"target\":{\"@type\":\"EntryPoint\",\"urlTemplate\":\"https:\/\/www.gruen-gmbh.de\/en\/?s={search_term_string}\"},\"query-input\":{\"@type\":\"PropertyValueSpecification\",\"valueRequired\":true,\"valueName\":\"search_term_string\"}}],\"inLanguage\":\"en-US\"},{\"@type\":\"Organization\",\"@id\":\"https:\/\/www.gruen-gmbh.de\/en\/#organization\",\"name\":\"Gr\u00fcn GmbH\",\"url\":\"https:\/\/www.gruen-gmbh.de\/en\/\",\"logo\":{\"@type\":\"ImageObject\",\"inLanguage\":\"en-US\",\"@id\":\"https:\/\/www.gruen-gmbh.de\/en\/#\/schema\/logo\/image\/\",\"url\":\"https:\/\/www.gruen-gmbh.de\/wp-content\/uploads\/2024\/07\/gruen-logo.webp\",\"contentUrl\":\"https:\/\/www.gruen-gmbh.de\/wp-content\/uploads\/2024\/07\/gruen-logo.webp\",\"width\":672,\"height\":164,\"caption\":\"Gr\u00fcn GmbH\"},\"image\":{\"@id\":\"https:\/\/www.gruen-gmbh.de\/en\/#\/schema\/logo\/image\/\"}}]}<\/script>\n<!-- \/ Yoast SEO plugin. -->","yoast_head_json":{"title":"Puddle Buddy Absaug- und Tauchpumpe - Gr\u00fcn GmbH","robots":{"index":"index","follow":"follow","max-snippet":"max-snippet:-1","max-image-preview":"max-image-preview:large","max-video-preview":"max-video-preview:-1"},"canonical":"https:\/\/www.gruen-gmbh.de\/en\/product\/puddle-buddy-absaug-und-tauchpumpe\/","og_locale":"en_US","og_type":"article","og_title":"Puddle Buddy Absaug- und Tauchpumpe - Gr\u00fcn GmbH","og_description":"Robuste, tragbare Pumpe mit Kunststoffgeh\u00e4use, die \u00fcber den gesch\u00fctzten Bodeneinlauf Wasser bis zu ca. 1 mm H\u00f6he \u00fcber der Bodenfl\u00e4che absaugt. Pumpt fast vollst\u00e4ndig trocken. Schlauchanschluss f\u00fcr Schl\u00e4uche von \u00bd\u201c, \u00be\u201c und 1\u201c.","og_url":"https:\/\/www.gruen-gmbh.de\/en\/product\/puddle-buddy-absaug-und-tauchpumpe\/","og_site_name":"Gr\u00fcn GmbH","article_modified_time":"2025-02-10T10:36:55+00:00","og_image":[{"width":1024,"height":717,"url":"https:\/\/www.gruen-gmbh.de\/wp-content\/uploads\/2024\/08\/50570001_Tauchpumpe_Puddle_Buddy-1024x717-1.png","type":"image\/png"}],"twitter_card":"summary_large_image","schema":{"@context":"https:\/\/schema.org","@graph":[{"@type":"WebPage","@id":"https:\/\/www.gruen-gmbh.de\/produkt\/puddle-buddy-absaug-und-tauchpumpe\/","url":"https:\/\/www.gruen-gmbh.de\/produkt\/puddle-buddy-absaug-und-tauchpumpe\/","name":"Puddle Buddy Absaug- und Tauchpumpe - Gr\u00fcn GmbH","isPartOf":{"@id":"https:\/\/www.gruen-gmbh.de\/en\/#website"},"primaryImageOfPage":{"@id":"https:\/\/www.gruen-gmbh.de\/produkt\/puddle-buddy-absaug-und-tauchpumpe\/#primaryimage"},"image":{"@id":"https:\/\/www.gruen-gmbh.de\/produkt\/puddle-buddy-absaug-und-tauchpumpe\/#primaryimage"},"thumbnailUrl":"https:\/\/www.gruen-gmbh.de\/wp-content\/uploads\/2024\/08\/50570001_Tauchpumpe_Puddle_Buddy-1024x717-1.png","datePublished":"2024-08-01T06:26:31+00:00","dateModified":"2025-02-10T10:36:55+00:00","breadcrumb":{"@id":"https:\/\/www.gruen-gmbh.de\/produkt\/puddle-buddy-absaug-und-tauchpumpe\/#breadcrumb"},"inLanguage":"en-US","potentialAction":[{"@type":"ReadAction","target":["https:\/\/www.gruen-gmbh.de\/produkt\/puddle-buddy-absaug-und-tauchpumpe\/"]}]},{"@type":"ImageObject","inLanguage":"en-US","@id":"https:\/\/www.gruen-gmbh.de\/produkt\/puddle-buddy-absaug-und-tauchpumpe\/#primaryimage","url":"https:\/\/www.gruen-gmbh.de\/wp-content\/uploads\/2024\/08\/50570001_Tauchpumpe_Puddle_Buddy-1024x717-1.png","contentUrl":"https:\/\/www.gruen-gmbh.de\/wp-content\/uploads\/2024\/08\/50570001_Tauchpumpe_Puddle_Buddy-1024x717-1.png","width":1024,"height":717},{"@type":"BreadcrumbList","@id":"https:\/\/www.gruen-gmbh.de\/produkt\/puddle-buddy-absaug-und-tauchpumpe\/#breadcrumb","itemListElement":[{"@type":"ListItem","position":1,"name":"Startseite","item":"https:\/\/www.gruen-gmbh.de\/"},{"@type":"ListItem","position":2,"name":"Shop","item":"https:\/\/www.gruen-gmbh.de\/en\/shop\/"},{"@type":"ListItem","position":3,"name":"Puddle Buddy Absaug- und Tauchpumpe"}]},{"@type":"WebSite","@id":"https:\/\/www.gruen-gmbh.de\/en\/#website","url":"https:\/\/www.gruen-gmbh.de\/en\/","name":"Gr\u00fcn GmbH","description":"","publisher":{"@id":"https:\/\/www.gruen-gmbh.de\/en\/#organization"},"potentialAction":[{"@type":"SearchAction","target":{"@type":"EntryPoint","urlTemplate":"https:\/\/www.gruen-gmbh.de\/en\/?s={search_term_string}"},"query-input":{"@type":"PropertyValueSpecification","valueRequired":true,"valueName":"search_term_string"}}],"inLanguage":"en-US"},{"@type":"Organization","@id":"https:\/\/www.gruen-gmbh.de\/en\/#organization","name":"Gr\u00fcn GmbH","url":"https:\/\/www.gruen-gmbh.de\/en\/","logo":{"@type":"ImageObject","inLanguage":"en-US","@id":"https:\/\/www.gruen-gmbh.de\/en\/#\/schema\/logo\/image\/","url":"https:\/\/www.gruen-gmbh.de\/wp-content\/uploads\/2024\/07\/gruen-logo.webp","contentUrl":"https:\/\/www.gruen-gmbh.de\/wp-content\/uploads\/2024\/07\/gruen-logo.webp","width":672,"height":164,"caption":"Gr\u00fcn GmbH"},"image":{"@id":"https:\/\/www.gruen-gmbh.de\/en\/#\/schema\/logo\/image\/"}}]}},"_links":{"self":[{"href":"http:\/\/www.gruen-gmbh.de\/en\/wp-json\/wp\/v2\/product\/38281","targetHints":{"allow":["GET"]}}],"collection":[{"href":"http:\/\/www.gruen-gmbh.de\/en\/wp-json\/wp\/v2\/product"}],"about":[{"href":"http:\/\/www.gruen-gmbh.de\/en\/wp-json\/wp\/v2\/types\/product"}],"version-history":[{"count":0,"href":"http:\/\/www.gruen-gmbh.de\/en\/wp-json\/wp\/v2\/product\/38281\/revisions"}],"wp:featuredmedia":[{"embeddable":true,"href":"http:\/\/www.gruen-gmbh.de\/en\/wp-json\/wp\/v2\/media\/39087"}],"wp:attachment":[{"href":"http:\/\/www.gruen-gmbh.de\/en\/wp-json\/wp\/v2\/media?parent=38281"}],"wp:term":[{"taxonomy":"product_brand","embeddable":true,"href":"http:\/\/www.gruen-gmbh.de\/en\/wp-json\/wp\/v2\/product_brand?post=38281"},{"taxonomy":"product_cat","embeddable":true,"href":"http:\/\/www.gruen-gmbh.de\/en\/wp-json\/wp\/v2\/product_cat?post=38281"},{"taxonomy":"product_tag","embeddable":true,"href":"http:\/\/www.gruen-gmbh.de\/en\/wp-json\/wp\/v2\/product_tag?post=38281"}],"curies":[{"name":"wp","href":"https:\/\/api.w.org\/{rel}","templated":true}]}}