{"id":38298,"date":"2024-08-01T06:43:35","date_gmt":"2024-08-01T06:43:35","guid":{"rendered":"https:\/\/eventgruen.online\/?post_type=product&#038;p=38298"},"modified":"2025-01-15T10:37:25","modified_gmt":"2025-01-15T10:37:25","slug":"bitumeneimer-ohne-ausguss-2","status":"publish","type":"product","link":"http:\/\/www.gruen-gmbh.de\/en\/product\/bitumeneimer-ohne-ausguss-2\/","title":{"rendered":"Bitumen bucket without spout"},"content":{"rendered":"","protected":false},"excerpt":{"rendered":"<p>Bitumen bucket with ventilated insulating bottom and large base for avoiding damage to the roofing by means of impression and sticking. With large grip and handle.<\/p>\n<p>30 cm \u00d8, content approx. 20 l<\/p>","protected":false},"featured_media":39102,"template":"","meta":[],"product_brand":[],"product_cat":[24,109],"product_tag":[],"class_list":{"0":"post-38298","1":"product","2":"type-product","3":"status-publish","4":"has-post-thumbnail","6":"product_cat-dachgeraete-bautechnik","7":"product_cat-bitumeneimer-giesskannen-einstellwannen","9":"first","10":"instock","11":"shipping-taxable","12":"product-type-simple"},"yoast_head":"<!-- This site is optimized with the Yoast SEO plugin v26.3 - https:\/\/yoast.com\/wordpress\/plugins\/seo\/ -->\n<title>Bitumeneimer ohne Ausguss - Gr\u00fcn GmbH<\/title>\n<meta name=\"robots\" content=\"index, follow, max-snippet:-1, max-image-preview:large, max-video-preview:-1\" \/>\n<link rel=\"canonical\" href=\"https:\/\/www.gruen-gmbh.de\/en\/product\/bitumeneimer-ohne-ausguss-2\/\" \/>\n<meta property=\"og:locale\" content=\"en_US\" \/>\n<meta property=\"og:type\" content=\"article\" \/>\n<meta property=\"og:title\" content=\"Bitumeneimer ohne Ausguss - Gr\u00fcn GmbH\" \/>\n<meta property=\"og:description\" content=\"Bitumeneimer mit bel\u00fcftetem Isolierfu\u00df und breiter Stand\u00adfl\u00e4che zur Vermeidung von Besch\u00e4digungen der Dachhaut durch Eindr\u00fccken und Festkleben. Mit gro\u00dfem Handgriff und Henkel.  30 cm \u00d8, Inhalt ca. 20 Liter\" \/>\n<meta property=\"og:url\" content=\"https:\/\/www.gruen-gmbh.de\/en\/product\/bitumeneimer-ohne-ausguss-2\/\" \/>\n<meta property=\"og:site_name\" content=\"Gr\u00fcn GmbH\" \/>\n<meta property=\"article:modified_time\" content=\"2025-01-15T10:37:25+00:00\" \/>\n<meta property=\"og:image\" content=\"https:\/\/www.gruen-gmbh.de\/wp-content\/uploads\/2024\/08\/5001_Eimer-1024x717-2.png\" \/>\n\t<meta property=\"og:image:width\" content=\"1024\" \/>\n\t<meta property=\"og:image:height\" content=\"717\" \/>\n\t<meta property=\"og:image:type\" content=\"image\/png\" \/>\n<meta name=\"twitter:card\" content=\"summary_large_image\" \/>\n<script type=\"application\/ld+json\" class=\"yoast-schema-graph\">{\"@context\":\"https:\/\/schema.org\",\"@graph\":[{\"@type\":\"WebPage\",\"@id\":\"https:\/\/www.gruen-gmbh.de\/produkt\/bitumeneimer-ohne-ausguss-2\/\",\"url\":\"https:\/\/www.gruen-gmbh.de\/produkt\/bitumeneimer-ohne-ausguss-2\/\",\"name\":\"Bitumeneimer ohne Ausguss - Gr\u00fcn GmbH\",\"isPartOf\":{\"@id\":\"https:\/\/www.gruen-gmbh.de\/en\/#website\"},\"primaryImageOfPage\":{\"@id\":\"https:\/\/www.gruen-gmbh.de\/produkt\/bitumeneimer-ohne-ausguss-2\/#primaryimage\"},\"image\":{\"@id\":\"https:\/\/www.gruen-gmbh.de\/produkt\/bitumeneimer-ohne-ausguss-2\/#primaryimage\"},\"thumbnailUrl\":\"https:\/\/www.gruen-gmbh.de\/wp-content\/uploads\/2024\/08\/5001_Eimer-1024x717-2.png\",\"datePublished\":\"2024-08-01T06:43:35+00:00\",\"dateModified\":\"2025-01-15T10:37:25+00:00\",\"breadcrumb\":{\"@id\":\"https:\/\/www.gruen-gmbh.de\/produkt\/bitumeneimer-ohne-ausguss-2\/#breadcrumb\"},\"inLanguage\":\"en-US\",\"potentialAction\":[{\"@type\":\"ReadAction\",\"target\":[\"https:\/\/www.gruen-gmbh.de\/produkt\/bitumeneimer-ohne-ausguss-2\/\"]}]},{\"@type\":\"ImageObject\",\"inLanguage\":\"en-US\",\"@id\":\"https:\/\/www.gruen-gmbh.de\/produkt\/bitumeneimer-ohne-ausguss-2\/#primaryimage\",\"url\":\"https:\/\/www.gruen-gmbh.de\/wp-content\/uploads\/2024\/08\/5001_Eimer-1024x717-2.png\",\"contentUrl\":\"https:\/\/www.gruen-gmbh.de\/wp-content\/uploads\/2024\/08\/5001_Eimer-1024x717-2.png\",\"width\":1024,\"height\":717},{\"@type\":\"BreadcrumbList\",\"@id\":\"https:\/\/www.gruen-gmbh.de\/produkt\/bitumeneimer-ohne-ausguss-2\/#breadcrumb\",\"itemListElement\":[{\"@type\":\"ListItem\",\"position\":1,\"name\":\"Startseite\",\"item\":\"https:\/\/www.gruen-gmbh.de\/\"},{\"@type\":\"ListItem\",\"position\":2,\"name\":\"Shop\",\"item\":\"https:\/\/www.gruen-gmbh.de\/en\/shop\/\"},{\"@type\":\"ListItem\",\"position\":3,\"name\":\"Bitumeneimer ohne Ausguss\"}]},{\"@type\":\"WebSite\",\"@id\":\"https:\/\/www.gruen-gmbh.de\/en\/#website\",\"url\":\"https:\/\/www.gruen-gmbh.de\/en\/\",\"name\":\"Gr\u00fcn GmbH\",\"description\":\"\",\"publisher\":{\"@id\":\"https:\/\/www.gruen-gmbh.de\/en\/#organization\"},\"potentialAction\":[{\"@type\":\"SearchAction\",\"target\":{\"@type\":\"EntryPoint\",\"urlTemplate\":\"https:\/\/www.gruen-gmbh.de\/en\/?s={search_term_string}\"},\"query-input\":{\"@type\":\"PropertyValueSpecification\",\"valueRequired\":true,\"valueName\":\"search_term_string\"}}],\"inLanguage\":\"en-US\"},{\"@type\":\"Organization\",\"@id\":\"https:\/\/www.gruen-gmbh.de\/en\/#organization\",\"name\":\"Gr\u00fcn GmbH\",\"url\":\"https:\/\/www.gruen-gmbh.de\/en\/\",\"logo\":{\"@type\":\"ImageObject\",\"inLanguage\":\"en-US\",\"@id\":\"https:\/\/www.gruen-gmbh.de\/en\/#\/schema\/logo\/image\/\",\"url\":\"https:\/\/www.gruen-gmbh.de\/wp-content\/uploads\/2024\/07\/gruen-logo.webp\",\"contentUrl\":\"https:\/\/www.gruen-gmbh.de\/wp-content\/uploads\/2024\/07\/gruen-logo.webp\",\"width\":672,\"height\":164,\"caption\":\"Gr\u00fcn GmbH\"},\"image\":{\"@id\":\"https:\/\/www.gruen-gmbh.de\/en\/#\/schema\/logo\/image\/\"}}]}<\/script>\n<!-- \/ Yoast SEO plugin. -->","yoast_head_json":{"title":"Bitumeneimer ohne Ausguss - Gr\u00fcn GmbH","robots":{"index":"index","follow":"follow","max-snippet":"max-snippet:-1","max-image-preview":"max-image-preview:large","max-video-preview":"max-video-preview:-1"},"canonical":"https:\/\/www.gruen-gmbh.de\/en\/product\/bitumeneimer-ohne-ausguss-2\/","og_locale":"en_US","og_type":"article","og_title":"Bitumeneimer ohne Ausguss - Gr\u00fcn GmbH","og_description":"Bitumeneimer mit bel\u00fcftetem Isolierfu\u00df und breiter Stand\u00adfl\u00e4che zur Vermeidung von Besch\u00e4digungen der Dachhaut durch Eindr\u00fccken und Festkleben. Mit gro\u00dfem Handgriff und Henkel.  30 cm \u00d8, Inhalt ca. 20 Liter","og_url":"https:\/\/www.gruen-gmbh.de\/en\/product\/bitumeneimer-ohne-ausguss-2\/","og_site_name":"Gr\u00fcn GmbH","article_modified_time":"2025-01-15T10:37:25+00:00","og_image":[{"width":1024,"height":717,"url":"https:\/\/www.gruen-gmbh.de\/wp-content\/uploads\/2024\/08\/5001_Eimer-1024x717-2.png","type":"image\/png"}],"twitter_card":"summary_large_image","schema":{"@context":"https:\/\/schema.org","@graph":[{"@type":"WebPage","@id":"https:\/\/www.gruen-gmbh.de\/produkt\/bitumeneimer-ohne-ausguss-2\/","url":"https:\/\/www.gruen-gmbh.de\/produkt\/bitumeneimer-ohne-ausguss-2\/","name":"Bitumeneimer ohne Ausguss - Gr\u00fcn GmbH","isPartOf":{"@id":"https:\/\/www.gruen-gmbh.de\/en\/#website"},"primaryImageOfPage":{"@id":"https:\/\/www.gruen-gmbh.de\/produkt\/bitumeneimer-ohne-ausguss-2\/#primaryimage"},"image":{"@id":"https:\/\/www.gruen-gmbh.de\/produkt\/bitumeneimer-ohne-ausguss-2\/#primaryimage"},"thumbnailUrl":"https:\/\/www.gruen-gmbh.de\/wp-content\/uploads\/2024\/08\/5001_Eimer-1024x717-2.png","datePublished":"2024-08-01T06:43:35+00:00","dateModified":"2025-01-15T10:37:25+00:00","breadcrumb":{"@id":"https:\/\/www.gruen-gmbh.de\/produkt\/bitumeneimer-ohne-ausguss-2\/#breadcrumb"},"inLanguage":"en-US","potentialAction":[{"@type":"ReadAction","target":["https:\/\/www.gruen-gmbh.de\/produkt\/bitumeneimer-ohne-ausguss-2\/"]}]},{"@type":"ImageObject","inLanguage":"en-US","@id":"https:\/\/www.gruen-gmbh.de\/produkt\/bitumeneimer-ohne-ausguss-2\/#primaryimage","url":"https:\/\/www.gruen-gmbh.de\/wp-content\/uploads\/2024\/08\/5001_Eimer-1024x717-2.png","contentUrl":"https:\/\/www.gruen-gmbh.de\/wp-content\/uploads\/2024\/08\/5001_Eimer-1024x717-2.png","width":1024,"height":717},{"@type":"BreadcrumbList","@id":"https:\/\/www.gruen-gmbh.de\/produkt\/bitumeneimer-ohne-ausguss-2\/#breadcrumb","itemListElement":[{"@type":"ListItem","position":1,"name":"Startseite","item":"https:\/\/www.gruen-gmbh.de\/"},{"@type":"ListItem","position":2,"name":"Shop","item":"https:\/\/www.gruen-gmbh.de\/en\/shop\/"},{"@type":"ListItem","position":3,"name":"Bitumeneimer ohne Ausguss"}]},{"@type":"WebSite","@id":"https:\/\/www.gruen-gmbh.de\/en\/#website","url":"https:\/\/www.gruen-gmbh.de\/en\/","name":"Gr\u00fcn GmbH","description":"","publisher":{"@id":"https:\/\/www.gruen-gmbh.de\/en\/#organization"},"potentialAction":[{"@type":"SearchAction","target":{"@type":"EntryPoint","urlTemplate":"https:\/\/www.gruen-gmbh.de\/en\/?s={search_term_string}"},"query-input":{"@type":"PropertyValueSpecification","valueRequired":true,"valueName":"search_term_string"}}],"inLanguage":"en-US"},{"@type":"Organization","@id":"https:\/\/www.gruen-gmbh.de\/en\/#organization","name":"Gr\u00fcn GmbH","url":"https:\/\/www.gruen-gmbh.de\/en\/","logo":{"@type":"ImageObject","inLanguage":"en-US","@id":"https:\/\/www.gruen-gmbh.de\/en\/#\/schema\/logo\/image\/","url":"https:\/\/www.gruen-gmbh.de\/wp-content\/uploads\/2024\/07\/gruen-logo.webp","contentUrl":"https:\/\/www.gruen-gmbh.de\/wp-content\/uploads\/2024\/07\/gruen-logo.webp","width":672,"height":164,"caption":"Gr\u00fcn GmbH"},"image":{"@id":"https:\/\/www.gruen-gmbh.de\/en\/#\/schema\/logo\/image\/"}}]}},"_links":{"self":[{"href":"http:\/\/www.gruen-gmbh.de\/en\/wp-json\/wp\/v2\/product\/38298","targetHints":{"allow":["GET"]}}],"collection":[{"href":"http:\/\/www.gruen-gmbh.de\/en\/wp-json\/wp\/v2\/product"}],"about":[{"href":"http:\/\/www.gruen-gmbh.de\/en\/wp-json\/wp\/v2\/types\/product"}],"version-history":[{"count":0,"href":"http:\/\/www.gruen-gmbh.de\/en\/wp-json\/wp\/v2\/product\/38298\/revisions"}],"wp:featuredmedia":[{"embeddable":true,"href":"http:\/\/www.gruen-gmbh.de\/en\/wp-json\/wp\/v2\/media\/39102"}],"wp:attachment":[{"href":"http:\/\/www.gruen-gmbh.de\/en\/wp-json\/wp\/v2\/media?parent=38298"}],"wp:term":[{"taxonomy":"product_brand","embeddable":true,"href":"http:\/\/www.gruen-gmbh.de\/en\/wp-json\/wp\/v2\/product_brand?post=38298"},{"taxonomy":"product_cat","embeddable":true,"href":"http:\/\/www.gruen-gmbh.de\/en\/wp-json\/wp\/v2\/product_cat?post=38298"},{"taxonomy":"product_tag","embeddable":true,"href":"http:\/\/www.gruen-gmbh.de\/en\/wp-json\/wp\/v2\/product_tag?post=38298"}],"curies":[{"name":"wp","href":"https:\/\/api.w.org\/{rel}","templated":true}]}}