{"id":38349,"date":"2024-08-01T07:43:47","date_gmt":"2024-08-01T07:43:47","guid":{"rendered":"https:\/\/eventgruen.online\/?post_type=product&#038;p=38349"},"modified":"2025-02-11T07:59:51","modified_gmt":"2025-02-11T07:59:51","slug":"propan-leisebrenner-ls-95","status":"publish","type":"product","link":"http:\/\/www.gruen-gmbh.de\/en\/product\/propan-leisebrenner-ls-95\/","title":{"rendered":"Propane silent burner LS 95"},"content":{"rendered":"<p>The light and handy burners facilitate a working without exhausting. Due to the low weight of the burner head, a top-heaviness combined with a constant pressure on the worker\u2019s forearm is inexistent.<\/p>\n<p>Do you know that while using the standard propane burners with a noise emission higher than 85 dB(A) you have to wear ear protectors?<strong>\u00a0<\/strong><\/p>\n<p><strong>Only 3 dB(A) more cause a doubling of the danger for your hearing. Test measurements of the BBG, B\u00f6blingen, Fachausschuss Bau, confirmed the given values.<\/strong><\/p>","protected":false},"excerpt":{"rendered":"<p>GR\u00dcN propane silent burners reduce the noise nearly by half at full capacity and decrease the danger for your hearing at approx. 80%.<\/p>\n<ul>\n<li>powerful<\/li>\n<li>silent<\/li>\n<li>lightweight<\/li>\n<\/ul>","protected":false},"featured_media":39185,"template":"","meta":[],"product_brand":[],"product_cat":[24,111,114],"product_tag":[],"class_list":{"0":"post-38349","1":"product","2":"type-product","3":"status-publish","4":"has-post-thumbnail","6":"product_cat-dachgeraete-bautechnik","7":"product_cat-profi-propan-brenner","8":"product_cat-leise-brenner","10":"first","11":"instock","12":"shipping-taxable","13":"product-type-simple"},"yoast_head":"<!-- This site is optimized with the Yoast SEO plugin v26.3 - https:\/\/yoast.com\/wordpress\/plugins\/seo\/ -->\n<title>Propan-Leisebrenner LS 95 - Gr\u00fcn GmbH<\/title>\n<meta name=\"robots\" content=\"index, follow, max-snippet:-1, max-image-preview:large, max-video-preview:-1\" \/>\n<link rel=\"canonical\" href=\"https:\/\/www.gruen-gmbh.de\/en\/product\/propan-leisebrenner-ls-95\/\" \/>\n<meta property=\"og:locale\" content=\"en_US\" \/>\n<meta property=\"og:type\" content=\"article\" \/>\n<meta property=\"og:title\" content=\"Propan-Leisebrenner LS 95 - Gr\u00fcn GmbH\" \/>\n<meta property=\"og:description\" content=\"Die neuen GR\u00dcN Leisebrenner halbieren bei voller Leistung nahezu die Lautst\u00e4rke gegen\u00fcber \u00fcblichen Brennern und vermindern die Gef\u00e4hrdung des Geh\u00f6rs um ca. 80 %.   leistungsstark  leise  leicht\" \/>\n<meta property=\"og:url\" content=\"https:\/\/www.gruen-gmbh.de\/en\/product\/propan-leisebrenner-ls-95\/\" \/>\n<meta property=\"og:site_name\" content=\"Gr\u00fcn GmbH\" \/>\n<meta property=\"article:modified_time\" content=\"2025-02-11T07:59:51+00:00\" \/>\n<meta property=\"og:image\" content=\"https:\/\/www.gruen-gmbh.de\/wp-content\/uploads\/2025\/10\/01390000_2025.png\" \/>\n\t<meta property=\"og:image:width\" content=\"1200\" \/>\n\t<meta property=\"og:image:height\" content=\"800\" \/>\n\t<meta property=\"og:image:type\" content=\"image\/png\" \/>\n<meta name=\"twitter:card\" content=\"summary_large_image\" \/>\n<script type=\"application\/ld+json\" class=\"yoast-schema-graph\">{\"@context\":\"https:\/\/schema.org\",\"@graph\":[{\"@type\":\"WebPage\",\"@id\":\"https:\/\/www.gruen-gmbh.de\/produkt\/propan-leisebrenner-ls-95\/\",\"url\":\"https:\/\/www.gruen-gmbh.de\/produkt\/propan-leisebrenner-ls-95\/\",\"name\":\"Propan-Leisebrenner LS 95 - Gr\u00fcn GmbH\",\"isPartOf\":{\"@id\":\"https:\/\/www.gruen-gmbh.de\/en\/#website\"},\"primaryImageOfPage\":{\"@id\":\"https:\/\/www.gruen-gmbh.de\/produkt\/propan-leisebrenner-ls-95\/#primaryimage\"},\"image\":{\"@id\":\"https:\/\/www.gruen-gmbh.de\/produkt\/propan-leisebrenner-ls-95\/#primaryimage\"},\"thumbnailUrl\":\"https:\/\/www.gruen-gmbh.de\/wp-content\/uploads\/2025\/10\/01390000_2025.png\",\"datePublished\":\"2024-08-01T07:43:47+00:00\",\"dateModified\":\"2025-02-11T07:59:51+00:00\",\"breadcrumb\":{\"@id\":\"https:\/\/www.gruen-gmbh.de\/produkt\/propan-leisebrenner-ls-95\/#breadcrumb\"},\"inLanguage\":\"en-US\",\"potentialAction\":[{\"@type\":\"ReadAction\",\"target\":[\"https:\/\/www.gruen-gmbh.de\/produkt\/propan-leisebrenner-ls-95\/\"]}]},{\"@type\":\"ImageObject\",\"inLanguage\":\"en-US\",\"@id\":\"https:\/\/www.gruen-gmbh.de\/produkt\/propan-leisebrenner-ls-95\/#primaryimage\",\"url\":\"https:\/\/www.gruen-gmbh.de\/wp-content\/uploads\/2025\/10\/01390000_2025.png\",\"contentUrl\":\"https:\/\/www.gruen-gmbh.de\/wp-content\/uploads\/2025\/10\/01390000_2025.png\",\"width\":1200,\"height\":800},{\"@type\":\"BreadcrumbList\",\"@id\":\"https:\/\/www.gruen-gmbh.de\/produkt\/propan-leisebrenner-ls-95\/#breadcrumb\",\"itemListElement\":[{\"@type\":\"ListItem\",\"position\":1,\"name\":\"Startseite\",\"item\":\"https:\/\/www.gruen-gmbh.de\/\"},{\"@type\":\"ListItem\",\"position\":2,\"name\":\"Shop\",\"item\":\"https:\/\/www.gruen-gmbh.de\/en\/shop\/\"},{\"@type\":\"ListItem\",\"position\":3,\"name\":\"Propan-Leisebrenner LS 95\"}]},{\"@type\":\"WebSite\",\"@id\":\"https:\/\/www.gruen-gmbh.de\/en\/#website\",\"url\":\"https:\/\/www.gruen-gmbh.de\/en\/\",\"name\":\"Gr\u00fcn GmbH\",\"description\":\"\",\"publisher\":{\"@id\":\"https:\/\/www.gruen-gmbh.de\/en\/#organization\"},\"potentialAction\":[{\"@type\":\"SearchAction\",\"target\":{\"@type\":\"EntryPoint\",\"urlTemplate\":\"https:\/\/www.gruen-gmbh.de\/en\/?s={search_term_string}\"},\"query-input\":{\"@type\":\"PropertyValueSpecification\",\"valueRequired\":true,\"valueName\":\"search_term_string\"}}],\"inLanguage\":\"en-US\"},{\"@type\":\"Organization\",\"@id\":\"https:\/\/www.gruen-gmbh.de\/en\/#organization\",\"name\":\"Gr\u00fcn GmbH\",\"url\":\"https:\/\/www.gruen-gmbh.de\/en\/\",\"logo\":{\"@type\":\"ImageObject\",\"inLanguage\":\"en-US\",\"@id\":\"https:\/\/www.gruen-gmbh.de\/en\/#\/schema\/logo\/image\/\",\"url\":\"https:\/\/www.gruen-gmbh.de\/wp-content\/uploads\/2024\/07\/gruen-logo.webp\",\"contentUrl\":\"https:\/\/www.gruen-gmbh.de\/wp-content\/uploads\/2024\/07\/gruen-logo.webp\",\"width\":672,\"height\":164,\"caption\":\"Gr\u00fcn GmbH\"},\"image\":{\"@id\":\"https:\/\/www.gruen-gmbh.de\/en\/#\/schema\/logo\/image\/\"}}]}<\/script>\n<!-- \/ Yoast SEO plugin. -->","yoast_head_json":{"title":"Propan-Leisebrenner LS 95 - Gr\u00fcn GmbH","robots":{"index":"index","follow":"follow","max-snippet":"max-snippet:-1","max-image-preview":"max-image-preview:large","max-video-preview":"max-video-preview:-1"},"canonical":"https:\/\/www.gruen-gmbh.de\/en\/product\/propan-leisebrenner-ls-95\/","og_locale":"en_US","og_type":"article","og_title":"Propan-Leisebrenner LS 95 - Gr\u00fcn GmbH","og_description":"Die neuen GR\u00dcN Leisebrenner halbieren bei voller Leistung nahezu die Lautst\u00e4rke gegen\u00fcber \u00fcblichen Brennern und vermindern die Gef\u00e4hrdung des Geh\u00f6rs um ca. 80 %.   leistungsstark  leise  leicht","og_url":"https:\/\/www.gruen-gmbh.de\/en\/product\/propan-leisebrenner-ls-95\/","og_site_name":"Gr\u00fcn GmbH","article_modified_time":"2025-02-11T07:59:51+00:00","og_image":[{"width":1200,"height":800,"url":"https:\/\/www.gruen-gmbh.de\/wp-content\/uploads\/2025\/10\/01390000_2025.png","type":"image\/png"}],"twitter_card":"summary_large_image","schema":{"@context":"https:\/\/schema.org","@graph":[{"@type":"WebPage","@id":"https:\/\/www.gruen-gmbh.de\/produkt\/propan-leisebrenner-ls-95\/","url":"https:\/\/www.gruen-gmbh.de\/produkt\/propan-leisebrenner-ls-95\/","name":"Propan-Leisebrenner LS 95 - Gr\u00fcn GmbH","isPartOf":{"@id":"https:\/\/www.gruen-gmbh.de\/en\/#website"},"primaryImageOfPage":{"@id":"https:\/\/www.gruen-gmbh.de\/produkt\/propan-leisebrenner-ls-95\/#primaryimage"},"image":{"@id":"https:\/\/www.gruen-gmbh.de\/produkt\/propan-leisebrenner-ls-95\/#primaryimage"},"thumbnailUrl":"https:\/\/www.gruen-gmbh.de\/wp-content\/uploads\/2025\/10\/01390000_2025.png","datePublished":"2024-08-01T07:43:47+00:00","dateModified":"2025-02-11T07:59:51+00:00","breadcrumb":{"@id":"https:\/\/www.gruen-gmbh.de\/produkt\/propan-leisebrenner-ls-95\/#breadcrumb"},"inLanguage":"en-US","potentialAction":[{"@type":"ReadAction","target":["https:\/\/www.gruen-gmbh.de\/produkt\/propan-leisebrenner-ls-95\/"]}]},{"@type":"ImageObject","inLanguage":"en-US","@id":"https:\/\/www.gruen-gmbh.de\/produkt\/propan-leisebrenner-ls-95\/#primaryimage","url":"https:\/\/www.gruen-gmbh.de\/wp-content\/uploads\/2025\/10\/01390000_2025.png","contentUrl":"https:\/\/www.gruen-gmbh.de\/wp-content\/uploads\/2025\/10\/01390000_2025.png","width":1200,"height":800},{"@type":"BreadcrumbList","@id":"https:\/\/www.gruen-gmbh.de\/produkt\/propan-leisebrenner-ls-95\/#breadcrumb","itemListElement":[{"@type":"ListItem","position":1,"name":"Startseite","item":"https:\/\/www.gruen-gmbh.de\/"},{"@type":"ListItem","position":2,"name":"Shop","item":"https:\/\/www.gruen-gmbh.de\/en\/shop\/"},{"@type":"ListItem","position":3,"name":"Propan-Leisebrenner LS 95"}]},{"@type":"WebSite","@id":"https:\/\/www.gruen-gmbh.de\/en\/#website","url":"https:\/\/www.gruen-gmbh.de\/en\/","name":"Gr\u00fcn GmbH","description":"","publisher":{"@id":"https:\/\/www.gruen-gmbh.de\/en\/#organization"},"potentialAction":[{"@type":"SearchAction","target":{"@type":"EntryPoint","urlTemplate":"https:\/\/www.gruen-gmbh.de\/en\/?s={search_term_string}"},"query-input":{"@type":"PropertyValueSpecification","valueRequired":true,"valueName":"search_term_string"}}],"inLanguage":"en-US"},{"@type":"Organization","@id":"https:\/\/www.gruen-gmbh.de\/en\/#organization","name":"Gr\u00fcn GmbH","url":"https:\/\/www.gruen-gmbh.de\/en\/","logo":{"@type":"ImageObject","inLanguage":"en-US","@id":"https:\/\/www.gruen-gmbh.de\/en\/#\/schema\/logo\/image\/","url":"https:\/\/www.gruen-gmbh.de\/wp-content\/uploads\/2024\/07\/gruen-logo.webp","contentUrl":"https:\/\/www.gruen-gmbh.de\/wp-content\/uploads\/2024\/07\/gruen-logo.webp","width":672,"height":164,"caption":"Gr\u00fcn GmbH"},"image":{"@id":"https:\/\/www.gruen-gmbh.de\/en\/#\/schema\/logo\/image\/"}}]}},"_links":{"self":[{"href":"http:\/\/www.gruen-gmbh.de\/en\/wp-json\/wp\/v2\/product\/38349","targetHints":{"allow":["GET"]}}],"collection":[{"href":"http:\/\/www.gruen-gmbh.de\/en\/wp-json\/wp\/v2\/product"}],"about":[{"href":"http:\/\/www.gruen-gmbh.de\/en\/wp-json\/wp\/v2\/types\/product"}],"version-history":[{"count":0,"href":"http:\/\/www.gruen-gmbh.de\/en\/wp-json\/wp\/v2\/product\/38349\/revisions"}],"wp:featuredmedia":[{"embeddable":true,"href":"http:\/\/www.gruen-gmbh.de\/en\/wp-json\/wp\/v2\/media\/39185"}],"wp:attachment":[{"href":"http:\/\/www.gruen-gmbh.de\/en\/wp-json\/wp\/v2\/media?parent=38349"}],"wp:term":[{"taxonomy":"product_brand","embeddable":true,"href":"http:\/\/www.gruen-gmbh.de\/en\/wp-json\/wp\/v2\/product_brand?post=38349"},{"taxonomy":"product_cat","embeddable":true,"href":"http:\/\/www.gruen-gmbh.de\/en\/wp-json\/wp\/v2\/product_cat?post=38349"},{"taxonomy":"product_tag","embeddable":true,"href":"http:\/\/www.gruen-gmbh.de\/en\/wp-json\/wp\/v2\/product_tag?post=38349"}],"curies":[{"name":"wp","href":"https:\/\/api.w.org\/{rel}","templated":true}]}}