{"id":38381,"date":"2024-08-01T08:25:31","date_gmt":"2024-08-01T08:25:31","guid":{"rendered":"https:\/\/eventgruen.online\/?post_type=product&#038;p=38381"},"modified":"2024-12-04T12:54:53","modified_gmt":"2024-12-04T12:54:53","slug":"dachbahnentransportwagen-dbw-1100-speedy","status":"publish","type":"product","link":"http:\/\/www.gruen-gmbh.de\/en\/product\/dachbahnentransportwagen-dbw-1100-speedy\/","title":{"rendered":"DBW 1100 Speedy roofing membrane transport trolley"},"content":{"rendered":"<p>DBW 1100 Speedy roofing membrane transport trolley<\/p>","protected":false},"excerpt":{"rendered":"<p>The transport solution for roofing membrane. Thanks to its specialised spring mechanism, the transport trolley enables the easy and fast transportation of roofing membrane. Work is easy on the back, even for taller people due to the three-level height adjustment. Its wide rollers ensure good distribution of weight and the galvanised surface protects the trolley from corrosion. The compact and light design enables easy transportation.<\/p>\n<p>&nbsp;<\/p>","protected":false},"featured_media":39214,"template":"","meta":[],"product_brand":[],"product_cat":[24,111,118],"product_tag":[],"class_list":{"0":"post-38381","1":"product","2":"type-product","3":"status-publish","4":"has-post-thumbnail","6":"product_cat-dachgeraete-bautechnik","7":"product_cat-profi-propan-brenner","8":"product_cat-dachbahnenverleger-und-naht-andrueckrollen","10":"first","11":"instock","12":"shipping-taxable","13":"product-type-simple"},"yoast_head":"<!-- This site is optimized with the Yoast SEO plugin v26.3 - https:\/\/yoast.com\/wordpress\/plugins\/seo\/ -->\n<title>Dachbahnentransportwagen DBW 1100 Speedy - Gr\u00fcn GmbH<\/title>\n<meta name=\"robots\" content=\"index, follow, max-snippet:-1, max-image-preview:large, max-video-preview:-1\" \/>\n<link rel=\"canonical\" href=\"https:\/\/www.gruen-gmbh.de\/en\/product\/dachbahnentransportwagen-dbw-1100-speedy\/\" \/>\n<meta property=\"og:locale\" content=\"en_US\" \/>\n<meta property=\"og:type\" content=\"article\" \/>\n<meta property=\"og:title\" content=\"Dachbahnentransportwagen DBW 1100 Speedy - Gr\u00fcn GmbH\" \/>\n<meta property=\"og:description\" content=\"Die Transportl\u00f6sung f\u00fcr Dachbahnen. Der Transportwagen erm\u00f6glicht durch seinen speziellen Federmechanismus einen einfachen und schnellen Transport von Dachbahnen.  &nbsp;\" \/>\n<meta property=\"og:url\" content=\"https:\/\/www.gruen-gmbh.de\/en\/product\/dachbahnentransportwagen-dbw-1100-speedy\/\" \/>\n<meta property=\"og:site_name\" content=\"Gr\u00fcn GmbH\" \/>\n<meta property=\"article:modified_time\" content=\"2024-12-04T12:54:53+00:00\" \/>\n<meta property=\"og:image\" content=\"https:\/\/www.gruen-gmbh.de\/wp-content\/uploads\/2024\/08\/03190100_Speedy_03_frei-1024x717-1.png\" \/>\n\t<meta property=\"og:image:width\" content=\"1024\" \/>\n\t<meta property=\"og:image:height\" content=\"717\" \/>\n\t<meta property=\"og:image:type\" content=\"image\/png\" \/>\n<meta name=\"twitter:card\" content=\"summary_large_image\" \/>\n<script type=\"application\/ld+json\" class=\"yoast-schema-graph\">{\"@context\":\"https:\/\/schema.org\",\"@graph\":[{\"@type\":\"WebPage\",\"@id\":\"https:\/\/www.gruen-gmbh.de\/en\/product\/dachbahnentransportwagen-dbw-1100-speedy\/\",\"url\":\"https:\/\/www.gruen-gmbh.de\/en\/product\/dachbahnentransportwagen-dbw-1100-speedy\/\",\"name\":\"Dachbahnentransportwagen DBW 1100 Speedy - Gr\u00fcn GmbH\",\"isPartOf\":{\"@id\":\"https:\/\/www.gruen-gmbh.de\/en\/#website\"},\"primaryImageOfPage\":{\"@id\":\"https:\/\/www.gruen-gmbh.de\/en\/product\/dachbahnentransportwagen-dbw-1100-speedy\/#primaryimage\"},\"image\":{\"@id\":\"https:\/\/www.gruen-gmbh.de\/en\/product\/dachbahnentransportwagen-dbw-1100-speedy\/#primaryimage\"},\"thumbnailUrl\":\"https:\/\/www.gruen-gmbh.de\/wp-content\/uploads\/2024\/08\/03190100_Speedy_03_frei-1024x717-1.png\",\"datePublished\":\"2024-08-01T08:25:31+00:00\",\"dateModified\":\"2024-12-04T12:54:53+00:00\",\"breadcrumb\":{\"@id\":\"https:\/\/www.gruen-gmbh.de\/en\/product\/dachbahnentransportwagen-dbw-1100-speedy\/#breadcrumb\"},\"inLanguage\":\"en-US\",\"potentialAction\":[{\"@type\":\"ReadAction\",\"target\":[\"https:\/\/www.gruen-gmbh.de\/en\/product\/dachbahnentransportwagen-dbw-1100-speedy\/\"]}]},{\"@type\":\"ImageObject\",\"inLanguage\":\"en-US\",\"@id\":\"https:\/\/www.gruen-gmbh.de\/en\/product\/dachbahnentransportwagen-dbw-1100-speedy\/#primaryimage\",\"url\":\"https:\/\/www.gruen-gmbh.de\/wp-content\/uploads\/2024\/08\/03190100_Speedy_03_frei-1024x717-1.png\",\"contentUrl\":\"https:\/\/www.gruen-gmbh.de\/wp-content\/uploads\/2024\/08\/03190100_Speedy_03_frei-1024x717-1.png\",\"width\":1024,\"height\":717},{\"@type\":\"BreadcrumbList\",\"@id\":\"https:\/\/www.gruen-gmbh.de\/en\/product\/dachbahnentransportwagen-dbw-1100-speedy\/#breadcrumb\",\"itemListElement\":[{\"@type\":\"ListItem\",\"position\":1,\"name\":\"Startseite\",\"item\":\"https:\/\/www.gruen-gmbh.de\/\"},{\"@type\":\"ListItem\",\"position\":2,\"name\":\"Shop\",\"item\":\"https:\/\/www.gruen-gmbh.de\/en\/shop\/\"},{\"@type\":\"ListItem\",\"position\":3,\"name\":\"Dachbahnentransportwagen DBW 1100 Speedy\"}]},{\"@type\":\"WebSite\",\"@id\":\"https:\/\/www.gruen-gmbh.de\/en\/#website\",\"url\":\"https:\/\/www.gruen-gmbh.de\/en\/\",\"name\":\"Gr\u00fcn GmbH\",\"description\":\"\",\"publisher\":{\"@id\":\"https:\/\/www.gruen-gmbh.de\/en\/#organization\"},\"potentialAction\":[{\"@type\":\"SearchAction\",\"target\":{\"@type\":\"EntryPoint\",\"urlTemplate\":\"https:\/\/www.gruen-gmbh.de\/en\/?s={search_term_string}\"},\"query-input\":{\"@type\":\"PropertyValueSpecification\",\"valueRequired\":true,\"valueName\":\"search_term_string\"}}],\"inLanguage\":\"en-US\"},{\"@type\":\"Organization\",\"@id\":\"https:\/\/www.gruen-gmbh.de\/en\/#organization\",\"name\":\"Gr\u00fcn GmbH\",\"url\":\"https:\/\/www.gruen-gmbh.de\/en\/\",\"logo\":{\"@type\":\"ImageObject\",\"inLanguage\":\"en-US\",\"@id\":\"https:\/\/www.gruen-gmbh.de\/en\/#\/schema\/logo\/image\/\",\"url\":\"https:\/\/www.gruen-gmbh.de\/wp-content\/uploads\/2024\/07\/gruen-logo.webp\",\"contentUrl\":\"https:\/\/www.gruen-gmbh.de\/wp-content\/uploads\/2024\/07\/gruen-logo.webp\",\"width\":672,\"height\":164,\"caption\":\"Gr\u00fcn GmbH\"},\"image\":{\"@id\":\"https:\/\/www.gruen-gmbh.de\/en\/#\/schema\/logo\/image\/\"}}]}<\/script>\n<!-- \/ Yoast SEO plugin. -->","yoast_head_json":{"title":"Dachbahnentransportwagen DBW 1100 Speedy - Gr\u00fcn GmbH","robots":{"index":"index","follow":"follow","max-snippet":"max-snippet:-1","max-image-preview":"max-image-preview:large","max-video-preview":"max-video-preview:-1"},"canonical":"https:\/\/www.gruen-gmbh.de\/en\/product\/dachbahnentransportwagen-dbw-1100-speedy\/","og_locale":"en_US","og_type":"article","og_title":"Dachbahnentransportwagen DBW 1100 Speedy - Gr\u00fcn GmbH","og_description":"Die Transportl\u00f6sung f\u00fcr Dachbahnen. Der Transportwagen erm\u00f6glicht durch seinen speziellen Federmechanismus einen einfachen und schnellen Transport von Dachbahnen.  &nbsp;","og_url":"https:\/\/www.gruen-gmbh.de\/en\/product\/dachbahnentransportwagen-dbw-1100-speedy\/","og_site_name":"Gr\u00fcn GmbH","article_modified_time":"2024-12-04T12:54:53+00:00","og_image":[{"width":1024,"height":717,"url":"https:\/\/www.gruen-gmbh.de\/wp-content\/uploads\/2024\/08\/03190100_Speedy_03_frei-1024x717-1.png","type":"image\/png"}],"twitter_card":"summary_large_image","schema":{"@context":"https:\/\/schema.org","@graph":[{"@type":"WebPage","@id":"https:\/\/www.gruen-gmbh.de\/en\/product\/dachbahnentransportwagen-dbw-1100-speedy\/","url":"https:\/\/www.gruen-gmbh.de\/en\/product\/dachbahnentransportwagen-dbw-1100-speedy\/","name":"Dachbahnentransportwagen DBW 1100 Speedy - Gr\u00fcn GmbH","isPartOf":{"@id":"https:\/\/www.gruen-gmbh.de\/en\/#website"},"primaryImageOfPage":{"@id":"https:\/\/www.gruen-gmbh.de\/en\/product\/dachbahnentransportwagen-dbw-1100-speedy\/#primaryimage"},"image":{"@id":"https:\/\/www.gruen-gmbh.de\/en\/product\/dachbahnentransportwagen-dbw-1100-speedy\/#primaryimage"},"thumbnailUrl":"https:\/\/www.gruen-gmbh.de\/wp-content\/uploads\/2024\/08\/03190100_Speedy_03_frei-1024x717-1.png","datePublished":"2024-08-01T08:25:31+00:00","dateModified":"2024-12-04T12:54:53+00:00","breadcrumb":{"@id":"https:\/\/www.gruen-gmbh.de\/en\/product\/dachbahnentransportwagen-dbw-1100-speedy\/#breadcrumb"},"inLanguage":"en-US","potentialAction":[{"@type":"ReadAction","target":["https:\/\/www.gruen-gmbh.de\/en\/product\/dachbahnentransportwagen-dbw-1100-speedy\/"]}]},{"@type":"ImageObject","inLanguage":"en-US","@id":"https:\/\/www.gruen-gmbh.de\/en\/product\/dachbahnentransportwagen-dbw-1100-speedy\/#primaryimage","url":"https:\/\/www.gruen-gmbh.de\/wp-content\/uploads\/2024\/08\/03190100_Speedy_03_frei-1024x717-1.png","contentUrl":"https:\/\/www.gruen-gmbh.de\/wp-content\/uploads\/2024\/08\/03190100_Speedy_03_frei-1024x717-1.png","width":1024,"height":717},{"@type":"BreadcrumbList","@id":"https:\/\/www.gruen-gmbh.de\/en\/product\/dachbahnentransportwagen-dbw-1100-speedy\/#breadcrumb","itemListElement":[{"@type":"ListItem","position":1,"name":"Startseite","item":"https:\/\/www.gruen-gmbh.de\/"},{"@type":"ListItem","position":2,"name":"Shop","item":"https:\/\/www.gruen-gmbh.de\/en\/shop\/"},{"@type":"ListItem","position":3,"name":"Dachbahnentransportwagen DBW 1100 Speedy"}]},{"@type":"WebSite","@id":"https:\/\/www.gruen-gmbh.de\/en\/#website","url":"https:\/\/www.gruen-gmbh.de\/en\/","name":"Gr\u00fcn GmbH","description":"","publisher":{"@id":"https:\/\/www.gruen-gmbh.de\/en\/#organization"},"potentialAction":[{"@type":"SearchAction","target":{"@type":"EntryPoint","urlTemplate":"https:\/\/www.gruen-gmbh.de\/en\/?s={search_term_string}"},"query-input":{"@type":"PropertyValueSpecification","valueRequired":true,"valueName":"search_term_string"}}],"inLanguage":"en-US"},{"@type":"Organization","@id":"https:\/\/www.gruen-gmbh.de\/en\/#organization","name":"Gr\u00fcn GmbH","url":"https:\/\/www.gruen-gmbh.de\/en\/","logo":{"@type":"ImageObject","inLanguage":"en-US","@id":"https:\/\/www.gruen-gmbh.de\/en\/#\/schema\/logo\/image\/","url":"https:\/\/www.gruen-gmbh.de\/wp-content\/uploads\/2024\/07\/gruen-logo.webp","contentUrl":"https:\/\/www.gruen-gmbh.de\/wp-content\/uploads\/2024\/07\/gruen-logo.webp","width":672,"height":164,"caption":"Gr\u00fcn GmbH"},"image":{"@id":"https:\/\/www.gruen-gmbh.de\/en\/#\/schema\/logo\/image\/"}}]}},"_links":{"self":[{"href":"http:\/\/www.gruen-gmbh.de\/en\/wp-json\/wp\/v2\/product\/38381","targetHints":{"allow":["GET"]}}],"collection":[{"href":"http:\/\/www.gruen-gmbh.de\/en\/wp-json\/wp\/v2\/product"}],"about":[{"href":"http:\/\/www.gruen-gmbh.de\/en\/wp-json\/wp\/v2\/types\/product"}],"version-history":[{"count":0,"href":"http:\/\/www.gruen-gmbh.de\/en\/wp-json\/wp\/v2\/product\/38381\/revisions"}],"wp:featuredmedia":[{"embeddable":true,"href":"http:\/\/www.gruen-gmbh.de\/en\/wp-json\/wp\/v2\/media\/39214"}],"wp:attachment":[{"href":"http:\/\/www.gruen-gmbh.de\/en\/wp-json\/wp\/v2\/media?parent=38381"}],"wp:term":[{"taxonomy":"product_brand","embeddable":true,"href":"http:\/\/www.gruen-gmbh.de\/en\/wp-json\/wp\/v2\/product_brand?post=38381"},{"taxonomy":"product_cat","embeddable":true,"href":"http:\/\/www.gruen-gmbh.de\/en\/wp-json\/wp\/v2\/product_cat?post=38381"},{"taxonomy":"product_tag","embeddable":true,"href":"http:\/\/www.gruen-gmbh.de\/en\/wp-json\/wp\/v2\/product_tag?post=38381"}],"curies":[{"name":"wp","href":"https:\/\/api.w.org\/{rel}","templated":true}]}}