{"id":38394,"date":"2024-08-01T08:29:54","date_gmt":"2024-08-01T08:29:54","guid":{"rendered":"https:\/\/eventgruen.online\/?post_type=product&#038;p=38394"},"modified":"2025-04-01T11:38:19","modified_gmt":"2025-04-01T11:38:19","slug":"propan-kolbenloetbrenner","status":"publish","type":"product","link":"http:\/\/www.gruen-gmbh.de\/en\/product\/propan-kolbenloetbrenner\/","title":{"rendered":"Propane Insert soldering iron"},"content":{"rendered":"<div class=\"col-md-9 col-md-height col-top\">\n<div id=\"product-content-container\" class=\"gruen\">\n<p><strong>Gas blowpipes \u2013 the complete product range for the professional<\/strong><\/p>\n<div class=\"table-responsive\">\n<table class=\"table\">\n<tbody>\n<tr>\n<th>Product<\/th>\n<th>Article number<\/th>\n<\/tr>\n<tr>\n<td><strong>Insert soldering iron<\/strong><br \/>\nConsisting of: handle, soldering inserts, solder holder and wind cage<\/td>\n<td>2510 0000<\/td>\n<\/tr>\n<tr>\n<td><strong>Universal soldering handle<\/strong><br \/>\nwith volume control, metering stem and air slide.\nSwivel hose connection R3\/8\u201c left.<br \/>\nOperating pressure 1.5 \u2013 2.5 bar (propane-butane)<\/td>\n<td>2520 0000<\/td>\n<\/tr>\n<tr>\n<td><strong>Soldering bit holder<\/strong><br \/>\nwith suspension bolts<\/td>\n<td>2510 0300<\/td>\n<\/tr>\n<tr>\n<td><strong>Soldering inserts<\/strong><\/td>\n<td>2510 0100<\/td>\n<\/tr>\n<tr>\n<td><strong>Wind cage<br \/>\n<\/strong>with mounting foot<\/td>\n<td>2510 0200<\/td>\n<\/tr>\n<tr>\n<td><strong>Copper hatchet-type soldering iron 250 g<br \/>\n<\/strong>angled<strong><br \/>\n<\/strong><\/td>\n<td>2511 0000<\/td>\n<\/tr>\n<tr>\n<td><strong>Copper hatchet-type soldering iron 350 g<\/strong><br \/>\nangled<\/td>\n<td>2512 0000<\/td>\n<\/tr>\n<tr>\n<td><strong>Copper hatchet-type soldering iron 500 g<\/strong><br \/>\nangled<\/td>\n<td>2509 0000<\/td>\n<\/tr>\n<tr>\n<td><strong>Copper piece hammer form 350 g<\/strong><br \/>\nstraight<\/td>\n<td>2513 0000<\/td>\n<\/tr>\n<tr>\n<td><strong>Copper piece hammer form 500 g<\/strong><br \/>\nstraight<\/td>\n<td>2507 0000<\/td>\n<\/tr>\n<tr>\n<td><strong>Copper needle-point soldering tip 250 g<\/strong><\/td>\n<td>2514 0000<\/td>\n<\/tr>\n<tr>\n<td><strong>Copper needle-point soldering tip 350 g<\/strong><\/td>\n<td>2508 0000<\/td>\n<\/tr>\n<tr>\n<td><strong>Soft soldering burner size 3<br \/>\n<\/strong>curved<strong><br \/>\n<\/strong><\/td>\n<td>2521 0000<\/td>\n<\/tr>\n<tr>\n<td><strong>Soft soldering burner size 5<br \/>\n<\/strong>curved<strong><br \/>\n<\/strong><\/td>\n<td>2522 0000<\/td>\n<\/tr>\n<tr>\n<td><strong>Soft soldering burner size 7<br \/>\n<\/strong>curved<strong><br \/>\n<\/strong><\/td>\n<td>2523 0000<\/td>\n<\/tr>\n<tr>\n<td><strong>Hatchet-type soldering piece<br \/>\n<\/strong>with special steel coating, 325 g<\/td>\n<td>2503 0000<\/td>\n<\/tr>\n<tr>\n<td><strong>Needle-pointed soldering iron piece<br \/>\n<\/strong>with special steel coating, 325 g<\/td>\n<td>2504 0000<\/td>\n<\/tr>\n<tr>\n<td><strong>Medium pressure regulator 1,5 bar<br \/>\n<\/strong>for small bottles with hose rupture protection<strong><br \/>\n<\/strong><\/td>\n<td>2595 0000<\/td>\n<\/tr>\n<tr>\n<td><strong>High-pressure hose<br \/>\n<\/strong>6,3 x 5 mm \u2013 1,5m long, on both sides R 3\/8\u201c left<\/td>\n<td>2585 0000<\/td>\n<\/tr>\n<\/tbody>\n<\/table>\n<\/div>\n<p>&nbsp;<\/p>\n<\/div>\n<\/div>","protected":false},"excerpt":{"rendered":"<ul>\n<li>Ergonomically shaped handle<\/li>\n<li>Turbo suction intake for high heat output<\/li>\n<li>Optimum gas\/air regulation<\/li>\n<li>Volume regulation via metering stem in nozzle<\/li>\n<li>Universal adjustment of the flame with an innovative air slide<\/li>\n<li>Swivel hose connector<\/li>\n<\/ul>","protected":false},"featured_media":39223,"template":"","meta":[],"product_brand":[],"product_cat":[24,122],"product_tag":[],"class_list":{"0":"post-38394","1":"product","2":"type-product","3":"status-publish","4":"has-post-thumbnail","6":"product_cat-dachgeraete-bautechnik","7":"product_cat-loetbrenner","9":"first","10":"instock","11":"shipping-taxable","12":"product-type-simple"},"yoast_head":"<!-- This site is optimized with the Yoast SEO plugin v26.3 - https:\/\/yoast.com\/wordpress\/plugins\/seo\/ -->\n<title>Propan Kolbenl\u00f6tbrenner - Gr\u00fcn GmbH<\/title>\n<meta name=\"robots\" content=\"index, follow, max-snippet:-1, max-image-preview:large, max-video-preview:-1\" \/>\n<link rel=\"canonical\" href=\"https:\/\/www.gruen-gmbh.de\/en\/product\/propan-kolbenloetbrenner\/\" \/>\n<meta property=\"og:locale\" content=\"en_US\" \/>\n<meta property=\"og:type\" content=\"article\" \/>\n<meta property=\"og:title\" content=\"Propan Kolbenl\u00f6tbrenner - Gr\u00fcn GmbH\" \/>\n<meta property=\"og:description\" content=\"Handgerecht geformtes Griffst\u00fcck  Turbo-Ansaugung f\u00fcr hohe Heizleistung  Optimale Gas\/Luft-Regulierung  Mengenregulierung durch Dosierspindel in der D\u00fcse  Universelle Einstellung des Flammenbildes mit neuartigem Luftschieber  Drehbares Schlauchanschlussst\u00fcck\" \/>\n<meta property=\"og:url\" content=\"https:\/\/www.gruen-gmbh.de\/en\/product\/propan-kolbenloetbrenner\/\" \/>\n<meta property=\"og:site_name\" content=\"Gr\u00fcn GmbH\" \/>\n<meta property=\"article:modified_time\" content=\"2025-04-01T11:38:19+00:00\" \/>\n<meta property=\"og:image\" content=\"https:\/\/www.gruen-gmbh.de\/wp-content\/uploads\/2024\/08\/2510_Kolbenloetbrenner-1024x717-1.png\" \/>\n\t<meta property=\"og:image:width\" content=\"1024\" \/>\n\t<meta property=\"og:image:height\" content=\"717\" \/>\n\t<meta property=\"og:image:type\" content=\"image\/png\" \/>\n<meta name=\"twitter:card\" content=\"summary_large_image\" \/>\n<meta name=\"twitter:label1\" content=\"Est. reading time\" \/>\n\t<meta name=\"twitter:data1\" content=\"1 minute\" \/>\n<script type=\"application\/ld+json\" class=\"yoast-schema-graph\">{\"@context\":\"https:\/\/schema.org\",\"@graph\":[{\"@type\":\"WebPage\",\"@id\":\"https:\/\/www.gruen-gmbh.de\/produkt\/propan-kolbenloetbrenner\/\",\"url\":\"https:\/\/www.gruen-gmbh.de\/produkt\/propan-kolbenloetbrenner\/\",\"name\":\"Propan Kolbenl\u00f6tbrenner - Gr\u00fcn GmbH\",\"isPartOf\":{\"@id\":\"https:\/\/www.gruen-gmbh.de\/en\/#website\"},\"primaryImageOfPage\":{\"@id\":\"https:\/\/www.gruen-gmbh.de\/produkt\/propan-kolbenloetbrenner\/#primaryimage\"},\"image\":{\"@id\":\"https:\/\/www.gruen-gmbh.de\/produkt\/propan-kolbenloetbrenner\/#primaryimage\"},\"thumbnailUrl\":\"https:\/\/www.gruen-gmbh.de\/wp-content\/uploads\/2024\/08\/2510_Kolbenloetbrenner-1024x717-1.png\",\"datePublished\":\"2024-08-01T08:29:54+00:00\",\"dateModified\":\"2025-04-01T11:38:19+00:00\",\"breadcrumb\":{\"@id\":\"https:\/\/www.gruen-gmbh.de\/produkt\/propan-kolbenloetbrenner\/#breadcrumb\"},\"inLanguage\":\"en-US\",\"potentialAction\":[{\"@type\":\"ReadAction\",\"target\":[\"https:\/\/www.gruen-gmbh.de\/produkt\/propan-kolbenloetbrenner\/\"]}]},{\"@type\":\"ImageObject\",\"inLanguage\":\"en-US\",\"@id\":\"https:\/\/www.gruen-gmbh.de\/produkt\/propan-kolbenloetbrenner\/#primaryimage\",\"url\":\"https:\/\/www.gruen-gmbh.de\/wp-content\/uploads\/2024\/08\/2510_Kolbenloetbrenner-1024x717-1.png\",\"contentUrl\":\"https:\/\/www.gruen-gmbh.de\/wp-content\/uploads\/2024\/08\/2510_Kolbenloetbrenner-1024x717-1.png\",\"width\":1024,\"height\":717},{\"@type\":\"BreadcrumbList\",\"@id\":\"https:\/\/www.gruen-gmbh.de\/produkt\/propan-kolbenloetbrenner\/#breadcrumb\",\"itemListElement\":[{\"@type\":\"ListItem\",\"position\":1,\"name\":\"Startseite\",\"item\":\"https:\/\/www.gruen-gmbh.de\/\"},{\"@type\":\"ListItem\",\"position\":2,\"name\":\"Shop\",\"item\":\"https:\/\/www.gruen-gmbh.de\/en\/shop\/\"},{\"@type\":\"ListItem\",\"position\":3,\"name\":\"Propan Kolbenl\u00f6tbrenner\"}]},{\"@type\":\"WebSite\",\"@id\":\"https:\/\/www.gruen-gmbh.de\/en\/#website\",\"url\":\"https:\/\/www.gruen-gmbh.de\/en\/\",\"name\":\"Gr\u00fcn GmbH\",\"description\":\"\",\"publisher\":{\"@id\":\"https:\/\/www.gruen-gmbh.de\/en\/#organization\"},\"potentialAction\":[{\"@type\":\"SearchAction\",\"target\":{\"@type\":\"EntryPoint\",\"urlTemplate\":\"https:\/\/www.gruen-gmbh.de\/en\/?s={search_term_string}\"},\"query-input\":{\"@type\":\"PropertyValueSpecification\",\"valueRequired\":true,\"valueName\":\"search_term_string\"}}],\"inLanguage\":\"en-US\"},{\"@type\":\"Organization\",\"@id\":\"https:\/\/www.gruen-gmbh.de\/en\/#organization\",\"name\":\"Gr\u00fcn GmbH\",\"url\":\"https:\/\/www.gruen-gmbh.de\/en\/\",\"logo\":{\"@type\":\"ImageObject\",\"inLanguage\":\"en-US\",\"@id\":\"https:\/\/www.gruen-gmbh.de\/en\/#\/schema\/logo\/image\/\",\"url\":\"https:\/\/www.gruen-gmbh.de\/wp-content\/uploads\/2024\/07\/gruen-logo.webp\",\"contentUrl\":\"https:\/\/www.gruen-gmbh.de\/wp-content\/uploads\/2024\/07\/gruen-logo.webp\",\"width\":672,\"height\":164,\"caption\":\"Gr\u00fcn GmbH\"},\"image\":{\"@id\":\"https:\/\/www.gruen-gmbh.de\/en\/#\/schema\/logo\/image\/\"}}]}<\/script>\n<!-- \/ Yoast SEO plugin. -->","yoast_head_json":{"title":"Propan Kolbenl\u00f6tbrenner - Gr\u00fcn GmbH","robots":{"index":"index","follow":"follow","max-snippet":"max-snippet:-1","max-image-preview":"max-image-preview:large","max-video-preview":"max-video-preview:-1"},"canonical":"https:\/\/www.gruen-gmbh.de\/en\/product\/propan-kolbenloetbrenner\/","og_locale":"en_US","og_type":"article","og_title":"Propan Kolbenl\u00f6tbrenner - Gr\u00fcn GmbH","og_description":"Handgerecht geformtes Griffst\u00fcck  Turbo-Ansaugung f\u00fcr hohe Heizleistung  Optimale Gas\/Luft-Regulierung  Mengenregulierung durch Dosierspindel in der D\u00fcse  Universelle Einstellung des Flammenbildes mit neuartigem Luftschieber  Drehbares Schlauchanschlussst\u00fcck","og_url":"https:\/\/www.gruen-gmbh.de\/en\/product\/propan-kolbenloetbrenner\/","og_site_name":"Gr\u00fcn GmbH","article_modified_time":"2025-04-01T11:38:19+00:00","og_image":[{"width":1024,"height":717,"url":"https:\/\/www.gruen-gmbh.de\/wp-content\/uploads\/2024\/08\/2510_Kolbenloetbrenner-1024x717-1.png","type":"image\/png"}],"twitter_card":"summary_large_image","twitter_misc":{"Est. reading time":"1 minute"},"schema":{"@context":"https:\/\/schema.org","@graph":[{"@type":"WebPage","@id":"https:\/\/www.gruen-gmbh.de\/produkt\/propan-kolbenloetbrenner\/","url":"https:\/\/www.gruen-gmbh.de\/produkt\/propan-kolbenloetbrenner\/","name":"Propan Kolbenl\u00f6tbrenner - Gr\u00fcn GmbH","isPartOf":{"@id":"https:\/\/www.gruen-gmbh.de\/en\/#website"},"primaryImageOfPage":{"@id":"https:\/\/www.gruen-gmbh.de\/produkt\/propan-kolbenloetbrenner\/#primaryimage"},"image":{"@id":"https:\/\/www.gruen-gmbh.de\/produkt\/propan-kolbenloetbrenner\/#primaryimage"},"thumbnailUrl":"https:\/\/www.gruen-gmbh.de\/wp-content\/uploads\/2024\/08\/2510_Kolbenloetbrenner-1024x717-1.png","datePublished":"2024-08-01T08:29:54+00:00","dateModified":"2025-04-01T11:38:19+00:00","breadcrumb":{"@id":"https:\/\/www.gruen-gmbh.de\/produkt\/propan-kolbenloetbrenner\/#breadcrumb"},"inLanguage":"en-US","potentialAction":[{"@type":"ReadAction","target":["https:\/\/www.gruen-gmbh.de\/produkt\/propan-kolbenloetbrenner\/"]}]},{"@type":"ImageObject","inLanguage":"en-US","@id":"https:\/\/www.gruen-gmbh.de\/produkt\/propan-kolbenloetbrenner\/#primaryimage","url":"https:\/\/www.gruen-gmbh.de\/wp-content\/uploads\/2024\/08\/2510_Kolbenloetbrenner-1024x717-1.png","contentUrl":"https:\/\/www.gruen-gmbh.de\/wp-content\/uploads\/2024\/08\/2510_Kolbenloetbrenner-1024x717-1.png","width":1024,"height":717},{"@type":"BreadcrumbList","@id":"https:\/\/www.gruen-gmbh.de\/produkt\/propan-kolbenloetbrenner\/#breadcrumb","itemListElement":[{"@type":"ListItem","position":1,"name":"Startseite","item":"https:\/\/www.gruen-gmbh.de\/"},{"@type":"ListItem","position":2,"name":"Shop","item":"https:\/\/www.gruen-gmbh.de\/en\/shop\/"},{"@type":"ListItem","position":3,"name":"Propan Kolbenl\u00f6tbrenner"}]},{"@type":"WebSite","@id":"https:\/\/www.gruen-gmbh.de\/en\/#website","url":"https:\/\/www.gruen-gmbh.de\/en\/","name":"Gr\u00fcn GmbH","description":"","publisher":{"@id":"https:\/\/www.gruen-gmbh.de\/en\/#organization"},"potentialAction":[{"@type":"SearchAction","target":{"@type":"EntryPoint","urlTemplate":"https:\/\/www.gruen-gmbh.de\/en\/?s={search_term_string}"},"query-input":{"@type":"PropertyValueSpecification","valueRequired":true,"valueName":"search_term_string"}}],"inLanguage":"en-US"},{"@type":"Organization","@id":"https:\/\/www.gruen-gmbh.de\/en\/#organization","name":"Gr\u00fcn GmbH","url":"https:\/\/www.gruen-gmbh.de\/en\/","logo":{"@type":"ImageObject","inLanguage":"en-US","@id":"https:\/\/www.gruen-gmbh.de\/en\/#\/schema\/logo\/image\/","url":"https:\/\/www.gruen-gmbh.de\/wp-content\/uploads\/2024\/07\/gruen-logo.webp","contentUrl":"https:\/\/www.gruen-gmbh.de\/wp-content\/uploads\/2024\/07\/gruen-logo.webp","width":672,"height":164,"caption":"Gr\u00fcn GmbH"},"image":{"@id":"https:\/\/www.gruen-gmbh.de\/en\/#\/schema\/logo\/image\/"}}]}},"_links":{"self":[{"href":"http:\/\/www.gruen-gmbh.de\/en\/wp-json\/wp\/v2\/product\/38394","targetHints":{"allow":["GET"]}}],"collection":[{"href":"http:\/\/www.gruen-gmbh.de\/en\/wp-json\/wp\/v2\/product"}],"about":[{"href":"http:\/\/www.gruen-gmbh.de\/en\/wp-json\/wp\/v2\/types\/product"}],"version-history":[{"count":0,"href":"http:\/\/www.gruen-gmbh.de\/en\/wp-json\/wp\/v2\/product\/38394\/revisions"}],"wp:featuredmedia":[{"embeddable":true,"href":"http:\/\/www.gruen-gmbh.de\/en\/wp-json\/wp\/v2\/media\/39223"}],"wp:attachment":[{"href":"http:\/\/www.gruen-gmbh.de\/en\/wp-json\/wp\/v2\/media?parent=38394"}],"wp:term":[{"taxonomy":"product_brand","embeddable":true,"href":"http:\/\/www.gruen-gmbh.de\/en\/wp-json\/wp\/v2\/product_brand?post=38394"},{"taxonomy":"product_cat","embeddable":true,"href":"http:\/\/www.gruen-gmbh.de\/en\/wp-json\/wp\/v2\/product_cat?post=38394"},{"taxonomy":"product_tag","embeddable":true,"href":"http:\/\/www.gruen-gmbh.de\/en\/wp-json\/wp\/v2\/product_tag?post=38394"}],"curies":[{"name":"wp","href":"https:\/\/api.w.org\/{rel}","templated":true}]}}