{"id":39380,"date":"2024-08-27T06:45:58","date_gmt":"2024-08-27T06:45:58","guid":{"rendered":"https:\/\/eventgruen.online\/?post_type=product&#038;p=39380"},"modified":"2026-02-25T10:39:13","modified_gmt":"2026-02-25T10:39:13","slug":"sys-sdw-1-und-2","status":"publish","type":"product","link":"http:\/\/www.gruen-gmbh.de\/en\/product\/sys-sdw-1-und-2\/","title":{"rendered":"SYS SDW 1 und 2"},"content":{"rendered":"<h6>Mounting substrate:<\/h6>\n<ul>\n<li>sandwich elements (outer skin at least 0,55mm thick)<\/li>\n<li>steel trapezoidal profile (at least 0,75mm thick)<\/li>\n<\/ul>\n<h6>Fixing:<\/h6>\n<ul>\n<li>16 pieces special stainless steel screws (included in delivery)<\/li>\n<\/ul>\n<h6>Sheet metal bead:<\/h6>\n<ul>\n<li>SDW 1 : 243\/250\/310\/333 mm<\/li>\n<li>SDW 2: 183\/207\/275\/280 mm<\/li>\n<\/ul>\n<h6>Certificate:<\/h6>\n<ul>\n<li>according to EN 795:2012 Type A, CEN\/TS 16415:2017<\/li>\n<\/ul>\n<h6>Installation:<\/h6>\n<ul>\n<li>according to enclosed installation instructions<\/li>\n<\/ul>","protected":false},"excerpt":{"rendered":"<p>System support for end\/corner holder and intermediate holder in the GREENLINE lifeline system.<\/p>","protected":false},"featured_media":39383,"template":"","meta":[],"product_brand":[],"product_cat":[19,32,92,172],"product_tag":[],"class_list":{"0":"post-39380","1":"product","2":"type-product","3":"status-publish","4":"has-post-thumbnail","6":"product_cat-absturzsicherungssysteme","7":"product_cat-greenline-seilsystem","8":"product_cat-systemstuetzen","9":"product_cat-metall-systemstuetzen","11":"first","12":"instock","13":"shipping-taxable","14":"product-type-simple"},"yoast_head":"<!-- This site is optimized with the Yoast SEO plugin v26.3 - https:\/\/yoast.com\/wordpress\/plugins\/seo\/ -->\n<title>SYS SDW 1 und 2 - Gr\u00fcn GmbH<\/title>\n<meta name=\"robots\" content=\"index, follow, max-snippet:-1, max-image-preview:large, max-video-preview:-1\" \/>\n<link rel=\"canonical\" href=\"https:\/\/www.gruen-gmbh.de\/en\/product\/sys-sdw-1-und-2\/\" \/>\n<meta property=\"og:locale\" content=\"en_US\" \/>\n<meta property=\"og:type\" content=\"article\" \/>\n<meta property=\"og:title\" content=\"SYS SDW 1 und 2 - Gr\u00fcn GmbH\" \/>\n<meta property=\"og:description\" content=\"Systemst\u00fctze f\u00fcr End-\/Eckhalter und Zwischenhalter im GREENLINE-Seilsystem.\" \/>\n<meta property=\"og:url\" content=\"https:\/\/www.gruen-gmbh.de\/en\/product\/sys-sdw-1-und-2\/\" \/>\n<meta property=\"og:site_name\" content=\"Gr\u00fcn GmbH\" \/>\n<meta property=\"article:modified_time\" content=\"2026-02-25T10:39:13+00:00\" \/>\n<meta property=\"og:image\" content=\"https:\/\/www.gruen-gmbh.de\/wp-content\/uploads\/2024\/08\/49570100.jpg\" \/>\n\t<meta property=\"og:image:width\" content=\"709\" \/>\n\t<meta property=\"og:image:height\" content=\"567\" \/>\n\t<meta property=\"og:image:type\" content=\"image\/jpeg\" \/>\n<meta name=\"twitter:card\" content=\"summary_large_image\" \/>\n<meta name=\"twitter:label1\" content=\"Est. reading time\" \/>\n\t<meta name=\"twitter:data1\" content=\"1 minute\" \/>\n<script type=\"application\/ld+json\" class=\"yoast-schema-graph\">{\"@context\":\"https:\/\/schema.org\",\"@graph\":[{\"@type\":\"WebPage\",\"@id\":\"https:\/\/www.gruen-gmbh.de\/produkt\/sys-sdw-1-und-2\/\",\"url\":\"https:\/\/www.gruen-gmbh.de\/produkt\/sys-sdw-1-und-2\/\",\"name\":\"SYS SDW 1 und 2 - Gr\u00fcn GmbH\",\"isPartOf\":{\"@id\":\"https:\/\/www.gruen-gmbh.de\/en\/#website\"},\"primaryImageOfPage\":{\"@id\":\"https:\/\/www.gruen-gmbh.de\/produkt\/sys-sdw-1-und-2\/#primaryimage\"},\"image\":{\"@id\":\"https:\/\/www.gruen-gmbh.de\/produkt\/sys-sdw-1-und-2\/#primaryimage\"},\"thumbnailUrl\":\"https:\/\/www.gruen-gmbh.de\/wp-content\/uploads\/2024\/08\/49570100.jpg\",\"datePublished\":\"2024-08-27T06:45:58+00:00\",\"dateModified\":\"2026-02-25T10:39:13+00:00\",\"breadcrumb\":{\"@id\":\"https:\/\/www.gruen-gmbh.de\/produkt\/sys-sdw-1-und-2\/#breadcrumb\"},\"inLanguage\":\"en-US\",\"potentialAction\":[{\"@type\":\"ReadAction\",\"target\":[\"https:\/\/www.gruen-gmbh.de\/produkt\/sys-sdw-1-und-2\/\"]}]},{\"@type\":\"ImageObject\",\"inLanguage\":\"en-US\",\"@id\":\"https:\/\/www.gruen-gmbh.de\/produkt\/sys-sdw-1-und-2\/#primaryimage\",\"url\":\"https:\/\/www.gruen-gmbh.de\/wp-content\/uploads\/2024\/08\/49570100.jpg\",\"contentUrl\":\"https:\/\/www.gruen-gmbh.de\/wp-content\/uploads\/2024\/08\/49570100.jpg\",\"width\":709,\"height\":567},{\"@type\":\"BreadcrumbList\",\"@id\":\"https:\/\/www.gruen-gmbh.de\/produkt\/sys-sdw-1-und-2\/#breadcrumb\",\"itemListElement\":[{\"@type\":\"ListItem\",\"position\":1,\"name\":\"Startseite\",\"item\":\"https:\/\/www.gruen-gmbh.de\/\"},{\"@type\":\"ListItem\",\"position\":2,\"name\":\"Shop\",\"item\":\"https:\/\/www.gruen-gmbh.de\/en\/shop\/\"},{\"@type\":\"ListItem\",\"position\":3,\"name\":\"SYS SDW 1 und 2\"}]},{\"@type\":\"WebSite\",\"@id\":\"https:\/\/www.gruen-gmbh.de\/en\/#website\",\"url\":\"https:\/\/www.gruen-gmbh.de\/en\/\",\"name\":\"Gr\u00fcn GmbH\",\"description\":\"\",\"publisher\":{\"@id\":\"https:\/\/www.gruen-gmbh.de\/en\/#organization\"},\"potentialAction\":[{\"@type\":\"SearchAction\",\"target\":{\"@type\":\"EntryPoint\",\"urlTemplate\":\"https:\/\/www.gruen-gmbh.de\/en\/?s={search_term_string}\"},\"query-input\":{\"@type\":\"PropertyValueSpecification\",\"valueRequired\":true,\"valueName\":\"search_term_string\"}}],\"inLanguage\":\"en-US\"},{\"@type\":\"Organization\",\"@id\":\"https:\/\/www.gruen-gmbh.de\/en\/#organization\",\"name\":\"Gr\u00fcn GmbH\",\"url\":\"https:\/\/www.gruen-gmbh.de\/en\/\",\"logo\":{\"@type\":\"ImageObject\",\"inLanguage\":\"en-US\",\"@id\":\"https:\/\/www.gruen-gmbh.de\/en\/#\/schema\/logo\/image\/\",\"url\":\"https:\/\/www.gruen-gmbh.de\/wp-content\/uploads\/2024\/07\/gruen-logo.webp\",\"contentUrl\":\"https:\/\/www.gruen-gmbh.de\/wp-content\/uploads\/2024\/07\/gruen-logo.webp\",\"width\":672,\"height\":164,\"caption\":\"Gr\u00fcn GmbH\"},\"image\":{\"@id\":\"https:\/\/www.gruen-gmbh.de\/en\/#\/schema\/logo\/image\/\"}}]}<\/script>\n<!-- \/ Yoast SEO plugin. -->","yoast_head_json":{"title":"SYS SDW 1 und 2 - Gr\u00fcn GmbH","robots":{"index":"index","follow":"follow","max-snippet":"max-snippet:-1","max-image-preview":"max-image-preview:large","max-video-preview":"max-video-preview:-1"},"canonical":"https:\/\/www.gruen-gmbh.de\/en\/product\/sys-sdw-1-und-2\/","og_locale":"en_US","og_type":"article","og_title":"SYS SDW 1 und 2 - Gr\u00fcn GmbH","og_description":"Systemst\u00fctze f\u00fcr End-\/Eckhalter und Zwischenhalter im GREENLINE-Seilsystem.","og_url":"https:\/\/www.gruen-gmbh.de\/en\/product\/sys-sdw-1-und-2\/","og_site_name":"Gr\u00fcn GmbH","article_modified_time":"2026-02-25T10:39:13+00:00","og_image":[{"width":709,"height":567,"url":"https:\/\/www.gruen-gmbh.de\/wp-content\/uploads\/2024\/08\/49570100.jpg","type":"image\/jpeg"}],"twitter_card":"summary_large_image","twitter_misc":{"Est. reading time":"1 minute"},"schema":{"@context":"https:\/\/schema.org","@graph":[{"@type":"WebPage","@id":"https:\/\/www.gruen-gmbh.de\/produkt\/sys-sdw-1-und-2\/","url":"https:\/\/www.gruen-gmbh.de\/produkt\/sys-sdw-1-und-2\/","name":"SYS SDW 1 und 2 - Gr\u00fcn GmbH","isPartOf":{"@id":"https:\/\/www.gruen-gmbh.de\/en\/#website"},"primaryImageOfPage":{"@id":"https:\/\/www.gruen-gmbh.de\/produkt\/sys-sdw-1-und-2\/#primaryimage"},"image":{"@id":"https:\/\/www.gruen-gmbh.de\/produkt\/sys-sdw-1-und-2\/#primaryimage"},"thumbnailUrl":"https:\/\/www.gruen-gmbh.de\/wp-content\/uploads\/2024\/08\/49570100.jpg","datePublished":"2024-08-27T06:45:58+00:00","dateModified":"2026-02-25T10:39:13+00:00","breadcrumb":{"@id":"https:\/\/www.gruen-gmbh.de\/produkt\/sys-sdw-1-und-2\/#breadcrumb"},"inLanguage":"en-US","potentialAction":[{"@type":"ReadAction","target":["https:\/\/www.gruen-gmbh.de\/produkt\/sys-sdw-1-und-2\/"]}]},{"@type":"ImageObject","inLanguage":"en-US","@id":"https:\/\/www.gruen-gmbh.de\/produkt\/sys-sdw-1-und-2\/#primaryimage","url":"https:\/\/www.gruen-gmbh.de\/wp-content\/uploads\/2024\/08\/49570100.jpg","contentUrl":"https:\/\/www.gruen-gmbh.de\/wp-content\/uploads\/2024\/08\/49570100.jpg","width":709,"height":567},{"@type":"BreadcrumbList","@id":"https:\/\/www.gruen-gmbh.de\/produkt\/sys-sdw-1-und-2\/#breadcrumb","itemListElement":[{"@type":"ListItem","position":1,"name":"Startseite","item":"https:\/\/www.gruen-gmbh.de\/"},{"@type":"ListItem","position":2,"name":"Shop","item":"https:\/\/www.gruen-gmbh.de\/en\/shop\/"},{"@type":"ListItem","position":3,"name":"SYS SDW 1 und 2"}]},{"@type":"WebSite","@id":"https:\/\/www.gruen-gmbh.de\/en\/#website","url":"https:\/\/www.gruen-gmbh.de\/en\/","name":"Gr\u00fcn GmbH","description":"","publisher":{"@id":"https:\/\/www.gruen-gmbh.de\/en\/#organization"},"potentialAction":[{"@type":"SearchAction","target":{"@type":"EntryPoint","urlTemplate":"https:\/\/www.gruen-gmbh.de\/en\/?s={search_term_string}"},"query-input":{"@type":"PropertyValueSpecification","valueRequired":true,"valueName":"search_term_string"}}],"inLanguage":"en-US"},{"@type":"Organization","@id":"https:\/\/www.gruen-gmbh.de\/en\/#organization","name":"Gr\u00fcn GmbH","url":"https:\/\/www.gruen-gmbh.de\/en\/","logo":{"@type":"ImageObject","inLanguage":"en-US","@id":"https:\/\/www.gruen-gmbh.de\/en\/#\/schema\/logo\/image\/","url":"https:\/\/www.gruen-gmbh.de\/wp-content\/uploads\/2024\/07\/gruen-logo.webp","contentUrl":"https:\/\/www.gruen-gmbh.de\/wp-content\/uploads\/2024\/07\/gruen-logo.webp","width":672,"height":164,"caption":"Gr\u00fcn GmbH"},"image":{"@id":"https:\/\/www.gruen-gmbh.de\/en\/#\/schema\/logo\/image\/"}}]}},"_links":{"self":[{"href":"http:\/\/www.gruen-gmbh.de\/en\/wp-json\/wp\/v2\/product\/39380","targetHints":{"allow":["GET"]}}],"collection":[{"href":"http:\/\/www.gruen-gmbh.de\/en\/wp-json\/wp\/v2\/product"}],"about":[{"href":"http:\/\/www.gruen-gmbh.de\/en\/wp-json\/wp\/v2\/types\/product"}],"version-history":[{"count":1,"href":"http:\/\/www.gruen-gmbh.de\/en\/wp-json\/wp\/v2\/product\/39380\/revisions"}],"predecessor-version":[{"id":44226,"href":"http:\/\/www.gruen-gmbh.de\/en\/wp-json\/wp\/v2\/product\/39380\/revisions\/44226"}],"wp:featuredmedia":[{"embeddable":true,"href":"http:\/\/www.gruen-gmbh.de\/en\/wp-json\/wp\/v2\/media\/39383"}],"wp:attachment":[{"href":"http:\/\/www.gruen-gmbh.de\/en\/wp-json\/wp\/v2\/media?parent=39380"}],"wp:term":[{"taxonomy":"product_brand","embeddable":true,"href":"http:\/\/www.gruen-gmbh.de\/en\/wp-json\/wp\/v2\/product_brand?post=39380"},{"taxonomy":"product_cat","embeddable":true,"href":"http:\/\/www.gruen-gmbh.de\/en\/wp-json\/wp\/v2\/product_cat?post=39380"},{"taxonomy":"product_tag","embeddable":true,"href":"http:\/\/www.gruen-gmbh.de\/en\/wp-json\/wp\/v2\/product_tag?post=39380"}],"curies":[{"name":"wp","href":"https:\/\/api.w.org\/{rel}","templated":true}]}}