{"id":39528,"date":"2024-08-27T09:14:46","date_gmt":"2024-08-27T09:14:46","guid":{"rendered":"https:\/\/eventgruen.online\/?post_type=product&#038;p=39528"},"modified":"2025-09-01T11:14:47","modified_gmt":"2025-09-01T11:14:47","slug":"barrial-premium","status":"publish","type":"product","link":"http:\/\/www.gruen-gmbh.de\/en\/product\/barrial-premium\/","title":{"rendered":"Barrial\u00ae premium"},"content":{"rendered":"<h3>Barrial<sup>\u00ae<\/sup> premium<\/h3>\n<p>The self-supporting aluminium guardrail system ensures safety during maintenance and care work on flat roofs that are not in public use.<\/p>\n<h6>Advantages:<\/h6>\n<ul>\n<li>Height-adjustable aluminium safety railing - height adjustment up to 300 mm<\/li>\n<li>Factory pre-assembled handrail brackets and simple plug-in connections between uprights, base sleeves and stabiliser rails guarantee quick and professional installation. Only 1 tool (Allen key) is required for the screw connection.<\/li>\n<li>Flat counterweights with 2 practical carrying handles facilitate transport and also fit perfectly into gravel or substrate fills.<\/li>\n<li>The railing system has a very delicate appearance and integrates perfectly into the building architecture, especially in the painted version (250 RAL colours to choose from).<\/li>\n<\/ul>\n<p>&nbsp;<\/p>\n<div class=\"table-responsive\">\n<table>\n<tbody>\n<tr>\n<td>\n<h6>Variable support variants<strong><br \/>\n<\/strong><\/h6>\n<p>The heights of the supports are customised for you!<br \/>\nThe inward inclination provides an additional safety distance<br \/>\nto the edge of the roof.<\/td>\n<td><img fetchpriority=\"high\" decoding=\"async\" class=\"alignnone size-full wp-image-40449\" src=\"http:\/\/gruen-gmbh.de\/wp-content\/uploads\/2024\/08\/Variable-Stuetzenvarianten.png\" alt=\"\" width=\"272\" height=\"233\" srcset=\"https:\/\/www.gruen-gmbh.de\/wp-content\/uploads\/2024\/08\/Variable-Stuetzenvarianten.png 272w, https:\/\/www.gruen-gmbh.de\/wp-content\/uploads\/2024\/08\/Variable-Stuetzenvarianten-14x12.png 14w\" sizes=\"(max-width: 272px) 100vw, 272px\" \/><\/td>\n<\/tr>\n<\/tbody>\n<\/table>\n<\/div>\n<p>&nbsp;<\/p>","protected":false},"excerpt":{"rendered":"<p>Permanent flat roof guardrail<\/p>\n<ul>\n<li>Penetration-free<\/li>\n<li>Elliminates thermal bridging<\/li>\n<li>No sound transmission<\/li>\n<li>Low weight per unit area<\/li>\n<li>Rapidly assembled due to off site fabrication<\/li>\n<li>Proven lightning current carrying capacity<\/li>\n<li>Height adjustment up to 300 mm<\/li>\n<li>Folding version<\/li>\n<li>Can also be used without a threshold<\/li>\n<\/ul>","protected":false},"featured_media":39529,"template":"","meta":[],"product_brand":[],"product_cat":[19,95,179],"product_tag":[],"class_list":{"0":"post-39528","1":"product","2":"type-product","3":"status-publish","4":"has-post-thumbnail","6":"product_cat-absturzsicherungssysteme","7":"product_cat-kollektivschutz","8":"product_cat-barrial-schutzgelaender","10":"first","11":"instock","12":"shipping-taxable","13":"product-type-simple"},"yoast_head":"<!-- This site is optimized with the Yoast SEO plugin v26.3 - https:\/\/yoast.com\/wordpress\/plugins\/seo\/ -->\n<title>Barrial\u00ae premium - Gr\u00fcn GmbH<\/title>\n<meta name=\"robots\" content=\"index, follow, max-snippet:-1, max-image-preview:large, max-video-preview:-1\" \/>\n<link rel=\"canonical\" href=\"https:\/\/www.gruen-gmbh.de\/en\/product\/barrial-premium\/\" \/>\n<meta property=\"og:locale\" content=\"en_US\" \/>\n<meta property=\"og:type\" content=\"article\" \/>\n<meta property=\"og:title\" content=\"Barrial\u00ae premium - Gr\u00fcn GmbH\" \/>\n<meta property=\"og:description\" content=\"Permanentes Flachdach-Schutzgel\u00e4nder   Durchdringungsfrei  Ohne W\u00e4rmebr\u00fccken  Keine Schall\u00fcbertragung  Geringes Fl\u00e4chengewicht  Schneller Aufbau durch vormontierte Klemme  Nachgewiesene Blitzstromtragf\u00e4higkeit  H\u00f6henregulierung bis zu 300 mm  Klappbare Variante  Einsatz auch ohne Schubschwelle\" \/>\n<meta property=\"og:url\" content=\"https:\/\/www.gruen-gmbh.de\/en\/product\/barrial-premium\/\" \/>\n<meta property=\"og:site_name\" content=\"Gr\u00fcn GmbH\" \/>\n<meta property=\"article:modified_time\" content=\"2025-09-01T11:14:47+00:00\" \/>\n<meta property=\"og:image\" content=\"https:\/\/www.gruen-gmbh.de\/wp-content\/uploads\/2024\/08\/Barrial-premium.png\" \/>\n\t<meta property=\"og:image:width\" content=\"615\" \/>\n\t<meta property=\"og:image:height\" content=\"485\" \/>\n\t<meta property=\"og:image:type\" content=\"image\/png\" \/>\n<meta name=\"twitter:card\" content=\"summary_large_image\" \/>\n<meta name=\"twitter:label1\" content=\"Est. reading time\" \/>\n\t<meta name=\"twitter:data1\" content=\"1 minute\" \/>\n<script type=\"application\/ld+json\" class=\"yoast-schema-graph\">{\"@context\":\"https:\/\/schema.org\",\"@graph\":[{\"@type\":\"WebPage\",\"@id\":\"https:\/\/www.gruen-gmbh.de\/produkt\/barrial-premium\/\",\"url\":\"https:\/\/www.gruen-gmbh.de\/produkt\/barrial-premium\/\",\"name\":\"Barrial\u00ae premium - Gr\u00fcn GmbH\",\"isPartOf\":{\"@id\":\"https:\/\/www.gruen-gmbh.de\/en\/#website\"},\"primaryImageOfPage\":{\"@id\":\"https:\/\/www.gruen-gmbh.de\/produkt\/barrial-premium\/#primaryimage\"},\"image\":{\"@id\":\"https:\/\/www.gruen-gmbh.de\/produkt\/barrial-premium\/#primaryimage\"},\"thumbnailUrl\":\"https:\/\/www.gruen-gmbh.de\/wp-content\/uploads\/2024\/08\/Barrial-premium.png\",\"datePublished\":\"2024-08-27T09:14:46+00:00\",\"dateModified\":\"2025-09-01T11:14:47+00:00\",\"breadcrumb\":{\"@id\":\"https:\/\/www.gruen-gmbh.de\/produkt\/barrial-premium\/#breadcrumb\"},\"inLanguage\":\"en-US\",\"potentialAction\":[{\"@type\":\"ReadAction\",\"target\":[\"https:\/\/www.gruen-gmbh.de\/produkt\/barrial-premium\/\"]}]},{\"@type\":\"ImageObject\",\"inLanguage\":\"en-US\",\"@id\":\"https:\/\/www.gruen-gmbh.de\/produkt\/barrial-premium\/#primaryimage\",\"url\":\"https:\/\/www.gruen-gmbh.de\/wp-content\/uploads\/2024\/08\/Barrial-premium.png\",\"contentUrl\":\"https:\/\/www.gruen-gmbh.de\/wp-content\/uploads\/2024\/08\/Barrial-premium.png\",\"width\":615,\"height\":485},{\"@type\":\"BreadcrumbList\",\"@id\":\"https:\/\/www.gruen-gmbh.de\/produkt\/barrial-premium\/#breadcrumb\",\"itemListElement\":[{\"@type\":\"ListItem\",\"position\":1,\"name\":\"Startseite\",\"item\":\"https:\/\/www.gruen-gmbh.de\/\"},{\"@type\":\"ListItem\",\"position\":2,\"name\":\"Shop\",\"item\":\"https:\/\/www.gruen-gmbh.de\/en\/shop\/\"},{\"@type\":\"ListItem\",\"position\":3,\"name\":\"Barrial\u00ae premium\"}]},{\"@type\":\"WebSite\",\"@id\":\"https:\/\/www.gruen-gmbh.de\/en\/#website\",\"url\":\"https:\/\/www.gruen-gmbh.de\/en\/\",\"name\":\"Gr\u00fcn GmbH\",\"description\":\"\",\"publisher\":{\"@id\":\"https:\/\/www.gruen-gmbh.de\/en\/#organization\"},\"potentialAction\":[{\"@type\":\"SearchAction\",\"target\":{\"@type\":\"EntryPoint\",\"urlTemplate\":\"https:\/\/www.gruen-gmbh.de\/en\/?s={search_term_string}\"},\"query-input\":{\"@type\":\"PropertyValueSpecification\",\"valueRequired\":true,\"valueName\":\"search_term_string\"}}],\"inLanguage\":\"en-US\"},{\"@type\":\"Organization\",\"@id\":\"https:\/\/www.gruen-gmbh.de\/en\/#organization\",\"name\":\"Gr\u00fcn GmbH\",\"url\":\"https:\/\/www.gruen-gmbh.de\/en\/\",\"logo\":{\"@type\":\"ImageObject\",\"inLanguage\":\"en-US\",\"@id\":\"https:\/\/www.gruen-gmbh.de\/en\/#\/schema\/logo\/image\/\",\"url\":\"https:\/\/www.gruen-gmbh.de\/wp-content\/uploads\/2024\/07\/gruen-logo.webp\",\"contentUrl\":\"https:\/\/www.gruen-gmbh.de\/wp-content\/uploads\/2024\/07\/gruen-logo.webp\",\"width\":672,\"height\":164,\"caption\":\"Gr\u00fcn GmbH\"},\"image\":{\"@id\":\"https:\/\/www.gruen-gmbh.de\/en\/#\/schema\/logo\/image\/\"}}]}<\/script>\n<!-- \/ Yoast SEO plugin. -->","yoast_head_json":{"title":"Barrial\u00ae premium - Gr\u00fcn GmbH","robots":{"index":"index","follow":"follow","max-snippet":"max-snippet:-1","max-image-preview":"max-image-preview:large","max-video-preview":"max-video-preview:-1"},"canonical":"https:\/\/www.gruen-gmbh.de\/en\/product\/barrial-premium\/","og_locale":"en_US","og_type":"article","og_title":"Barrial\u00ae premium - Gr\u00fcn GmbH","og_description":"Permanentes Flachdach-Schutzgel\u00e4nder   Durchdringungsfrei  Ohne W\u00e4rmebr\u00fccken  Keine Schall\u00fcbertragung  Geringes Fl\u00e4chengewicht  Schneller Aufbau durch vormontierte Klemme  Nachgewiesene Blitzstromtragf\u00e4higkeit  H\u00f6henregulierung bis zu 300 mm  Klappbare Variante  Einsatz auch ohne Schubschwelle","og_url":"https:\/\/www.gruen-gmbh.de\/en\/product\/barrial-premium\/","og_site_name":"Gr\u00fcn GmbH","article_modified_time":"2025-09-01T11:14:47+00:00","og_image":[{"width":615,"height":485,"url":"https:\/\/www.gruen-gmbh.de\/wp-content\/uploads\/2024\/08\/Barrial-premium.png","type":"image\/png"}],"twitter_card":"summary_large_image","twitter_misc":{"Est. reading time":"1 minute"},"schema":{"@context":"https:\/\/schema.org","@graph":[{"@type":"WebPage","@id":"https:\/\/www.gruen-gmbh.de\/produkt\/barrial-premium\/","url":"https:\/\/www.gruen-gmbh.de\/produkt\/barrial-premium\/","name":"Barrial\u00ae premium - Gr\u00fcn GmbH","isPartOf":{"@id":"https:\/\/www.gruen-gmbh.de\/en\/#website"},"primaryImageOfPage":{"@id":"https:\/\/www.gruen-gmbh.de\/produkt\/barrial-premium\/#primaryimage"},"image":{"@id":"https:\/\/www.gruen-gmbh.de\/produkt\/barrial-premium\/#primaryimage"},"thumbnailUrl":"https:\/\/www.gruen-gmbh.de\/wp-content\/uploads\/2024\/08\/Barrial-premium.png","datePublished":"2024-08-27T09:14:46+00:00","dateModified":"2025-09-01T11:14:47+00:00","breadcrumb":{"@id":"https:\/\/www.gruen-gmbh.de\/produkt\/barrial-premium\/#breadcrumb"},"inLanguage":"en-US","potentialAction":[{"@type":"ReadAction","target":["https:\/\/www.gruen-gmbh.de\/produkt\/barrial-premium\/"]}]},{"@type":"ImageObject","inLanguage":"en-US","@id":"https:\/\/www.gruen-gmbh.de\/produkt\/barrial-premium\/#primaryimage","url":"https:\/\/www.gruen-gmbh.de\/wp-content\/uploads\/2024\/08\/Barrial-premium.png","contentUrl":"https:\/\/www.gruen-gmbh.de\/wp-content\/uploads\/2024\/08\/Barrial-premium.png","width":615,"height":485},{"@type":"BreadcrumbList","@id":"https:\/\/www.gruen-gmbh.de\/produkt\/barrial-premium\/#breadcrumb","itemListElement":[{"@type":"ListItem","position":1,"name":"Startseite","item":"https:\/\/www.gruen-gmbh.de\/"},{"@type":"ListItem","position":2,"name":"Shop","item":"https:\/\/www.gruen-gmbh.de\/en\/shop\/"},{"@type":"ListItem","position":3,"name":"Barrial\u00ae premium"}]},{"@type":"WebSite","@id":"https:\/\/www.gruen-gmbh.de\/en\/#website","url":"https:\/\/www.gruen-gmbh.de\/en\/","name":"Gr\u00fcn GmbH","description":"","publisher":{"@id":"https:\/\/www.gruen-gmbh.de\/en\/#organization"},"potentialAction":[{"@type":"SearchAction","target":{"@type":"EntryPoint","urlTemplate":"https:\/\/www.gruen-gmbh.de\/en\/?s={search_term_string}"},"query-input":{"@type":"PropertyValueSpecification","valueRequired":true,"valueName":"search_term_string"}}],"inLanguage":"en-US"},{"@type":"Organization","@id":"https:\/\/www.gruen-gmbh.de\/en\/#organization","name":"Gr\u00fcn GmbH","url":"https:\/\/www.gruen-gmbh.de\/en\/","logo":{"@type":"ImageObject","inLanguage":"en-US","@id":"https:\/\/www.gruen-gmbh.de\/en\/#\/schema\/logo\/image\/","url":"https:\/\/www.gruen-gmbh.de\/wp-content\/uploads\/2024\/07\/gruen-logo.webp","contentUrl":"https:\/\/www.gruen-gmbh.de\/wp-content\/uploads\/2024\/07\/gruen-logo.webp","width":672,"height":164,"caption":"Gr\u00fcn GmbH"},"image":{"@id":"https:\/\/www.gruen-gmbh.de\/en\/#\/schema\/logo\/image\/"}}]}},"_links":{"self":[{"href":"http:\/\/www.gruen-gmbh.de\/en\/wp-json\/wp\/v2\/product\/39528","targetHints":{"allow":["GET"]}}],"collection":[{"href":"http:\/\/www.gruen-gmbh.de\/en\/wp-json\/wp\/v2\/product"}],"about":[{"href":"http:\/\/www.gruen-gmbh.de\/en\/wp-json\/wp\/v2\/types\/product"}],"version-history":[{"count":0,"href":"http:\/\/www.gruen-gmbh.de\/en\/wp-json\/wp\/v2\/product\/39528\/revisions"}],"wp:featuredmedia":[{"embeddable":true,"href":"http:\/\/www.gruen-gmbh.de\/en\/wp-json\/wp\/v2\/media\/39529"}],"wp:attachment":[{"href":"http:\/\/www.gruen-gmbh.de\/en\/wp-json\/wp\/v2\/media?parent=39528"}],"wp:term":[{"taxonomy":"product_brand","embeddable":true,"href":"http:\/\/www.gruen-gmbh.de\/en\/wp-json\/wp\/v2\/product_brand?post=39528"},{"taxonomy":"product_cat","embeddable":true,"href":"http:\/\/www.gruen-gmbh.de\/en\/wp-json\/wp\/v2\/product_cat?post=39528"},{"taxonomy":"product_tag","embeddable":true,"href":"http:\/\/www.gruen-gmbh.de\/en\/wp-json\/wp\/v2\/product_tag?post=39528"}],"curies":[{"name":"wp","href":"https:\/\/api.w.org\/{rel}","templated":true}]}}