{"id":39537,"date":"2024-09-04T09:44:31","date_gmt":"2024-09-04T09:44:31","guid":{"rendered":"https:\/\/eventgruen.online\/?post_type=product&#038;p=39537"},"modified":"2025-09-01T11:12:04","modified_gmt":"2025-09-01T11:12:04","slug":"barrial-fix","status":"publish","type":"product","link":"http:\/\/www.gruen-gmbh.de\/en\/product\/barrial-fix\/","title":{"rendered":"Barrial\u00ae fix"},"content":{"rendered":"<h3>Barrial<sup>\u00ae<\/sup> fix \u2013 a system that always fits!<\/h3>\n<p>Barrial<sup>\u00ae<\/sup> fix offers a wealth of fixing options. There is a wide range of base and fitting solutions to choose from, depending on the problem and features of the property. In particular for new buildings, but also in extensive flat roof renovations, this is not just an elegant and aesthetically pleasing solution, but a functional one above all else.<\/p>\n<p>Whether as a guardrail on machines or systems, as fall protection on flat roofs with sealing structure or for retrofitting on properties with no mechanical fixing options \u2013 Barrial<sup>\u00ae<\/sup> fix provides solutions for all eventualities that meet collective safety requirements.<br \/>\nThe main components of the system are made of weather-resistant, low-maintenance aluminium.<\/p>\n<p>The guardrails can be finished with powder coating in colours on the RAL scale to meet customer requirements.<\/p>\n<p>&nbsp;<\/p>\n<h6>Tested and certified:<\/h6>\n<p>Barrial<sup>\u00ae<\/sup> fix guardrails have been certified and checked in static and dynamic tests that meet the European standards DIN EN ISO 14122-3 and DIN EN 13374 \u2013 Protection Class A.<br \/>\nThe tests were carried out by the independent accredited testing institutes CEBTP (Lyon) and DEKRA EXAM (Bochum). The test reports are available for consultation on request.<\/p>\n<h6>Fitting options:<\/h6>\n<p>inner side of parapet<br \/>\nparapet top<br \/>\nroof surface<\/p>\n<h6>Support types:<\/h6>\n<p><a href=\"https:\/\/www.gruen-gmbh.de\/barrial_fix_suetzenvarianten\/\"><img fetchpriority=\"high\" decoding=\"async\" class=\"alignnone wp-image-3735\" src=\"https:\/\/www.gruen-gmbh.de\/wp-content\/uploads\/2016\/01\/Barrial_Fix_Suetzenvarianten.png\" alt=\"Barrial_Fix_Suetzenvarianten\" width=\"459\" height=\"322\" srcset=\"https:\/\/www.gruen-gmbh.de\/wp-content\/uploads\/2016\/01\/Barrial_Fix_Suetzenvarianten.png 616w, https:\/\/www.gruen-gmbh.de\/wp-content\/uploads\/2016\/01\/Barrial_Fix_Suetzenvarianten-300x210.png 300w, https:\/\/www.gruen-gmbh.de\/wp-content\/uploads\/2016\/01\/Barrial_Fix_Suetzenvarianten-18x12.png 18w, https:\/\/www.gruen-gmbh.de\/wp-content\/uploads\/2016\/01\/Barrial_Fix_Suetzenvarianten-600x421.png 600w\" sizes=\"(max-width: 459px) 100vw, 459px\" \/><\/a><\/p>","protected":false},"excerpt":{"rendered":"<p>Permanent flat roof guardrail<\/p>\n<ul>\n<li>The main components of the system are made of weather-resistant, low-maintenance aluminium<\/li>\n<li>Straight, folding, angled and rounded supports<\/li>\n<li>Various support feet for a wide range of fixing types<\/li>\n<li>Powder coating in RAL colour available on request<\/li>\n<\/ul>","protected":false},"featured_media":39539,"template":"","meta":[],"product_brand":[],"product_cat":[19,95,179],"product_tag":[],"class_list":{"0":"post-39537","1":"product","2":"type-product","3":"status-publish","4":"has-post-thumbnail","6":"product_cat-absturzsicherungssysteme","7":"product_cat-kollektivschutz","8":"product_cat-barrial-schutzgelaender","10":"first","11":"instock","12":"shipping-taxable","13":"product-type-simple"},"yoast_head":"<!-- This site is optimized with the Yoast SEO plugin v26.3 - https:\/\/yoast.com\/wordpress\/plugins\/seo\/ -->\n<title>Barrial\u00ae fix - Gr\u00fcn GmbH<\/title>\n<meta name=\"robots\" content=\"index, follow, max-snippet:-1, max-image-preview:large, max-video-preview:-1\" \/>\n<link rel=\"canonical\" href=\"https:\/\/www.gruen-gmbh.de\/en\/product\/barrial-fix\/\" \/>\n<meta property=\"og:locale\" content=\"en_US\" \/>\n<meta property=\"og:type\" content=\"article\" \/>\n<meta property=\"og:title\" content=\"Barrial\u00ae fix - Gr\u00fcn GmbH\" \/>\n<meta property=\"og:description\" content=\"Permanentes Flachdach-Schutzgel\u00e4nder   besteht aus witterungsbest\u00e4ndigem und wartungsarmem Aluminium  St\u00fctzen in gerader, klappbarer, geneigter und gerundeter Form  diverse St\u00fctzenf\u00fc\u00dfe f\u00fcr unterschiedlichste Befestigungsarten  auf Wunsch Pulverbeschichtung in RAL-Farbe m\u00f6glich\" \/>\n<meta property=\"og:url\" content=\"https:\/\/www.gruen-gmbh.de\/en\/product\/barrial-fix\/\" \/>\n<meta property=\"og:site_name\" content=\"Gr\u00fcn GmbH\" \/>\n<meta property=\"article:modified_time\" content=\"2025-09-01T11:12:04+00:00\" \/>\n<meta property=\"og:image\" content=\"https:\/\/www.gruen-gmbh.de\/wp-content\/uploads\/2024\/08\/barrial-fix.png\" \/>\n\t<meta property=\"og:image:width\" content=\"1024\" \/>\n\t<meta property=\"og:image:height\" content=\"794\" \/>\n\t<meta property=\"og:image:type\" content=\"image\/png\" \/>\n<meta name=\"twitter:card\" content=\"summary_large_image\" \/>\n<meta name=\"twitter:label1\" content=\"Est. reading time\" \/>\n\t<meta name=\"twitter:data1\" content=\"1 minute\" \/>\n<script type=\"application\/ld+json\" class=\"yoast-schema-graph\">{\"@context\":\"https:\/\/schema.org\",\"@graph\":[{\"@type\":\"WebPage\",\"@id\":\"https:\/\/www.gruen-gmbh.de\/produkt\/barrial-fix\/\",\"url\":\"https:\/\/www.gruen-gmbh.de\/produkt\/barrial-fix\/\",\"name\":\"Barrial\u00ae fix - Gr\u00fcn GmbH\",\"isPartOf\":{\"@id\":\"https:\/\/www.gruen-gmbh.de\/en\/#website\"},\"primaryImageOfPage\":{\"@id\":\"https:\/\/www.gruen-gmbh.de\/produkt\/barrial-fix\/#primaryimage\"},\"image\":{\"@id\":\"https:\/\/www.gruen-gmbh.de\/produkt\/barrial-fix\/#primaryimage\"},\"thumbnailUrl\":\"https:\/\/www.gruen-gmbh.de\/wp-content\/uploads\/2024\/08\/barrial-fix.png\",\"datePublished\":\"2024-09-04T09:44:31+00:00\",\"dateModified\":\"2025-09-01T11:12:04+00:00\",\"breadcrumb\":{\"@id\":\"https:\/\/www.gruen-gmbh.de\/produkt\/barrial-fix\/#breadcrumb\"},\"inLanguage\":\"en-US\",\"potentialAction\":[{\"@type\":\"ReadAction\",\"target\":[\"https:\/\/www.gruen-gmbh.de\/produkt\/barrial-fix\/\"]}]},{\"@type\":\"ImageObject\",\"inLanguage\":\"en-US\",\"@id\":\"https:\/\/www.gruen-gmbh.de\/produkt\/barrial-fix\/#primaryimage\",\"url\":\"https:\/\/www.gruen-gmbh.de\/wp-content\/uploads\/2024\/08\/barrial-fix.png\",\"contentUrl\":\"https:\/\/www.gruen-gmbh.de\/wp-content\/uploads\/2024\/08\/barrial-fix.png\",\"width\":1024,\"height\":794},{\"@type\":\"BreadcrumbList\",\"@id\":\"https:\/\/www.gruen-gmbh.de\/produkt\/barrial-fix\/#breadcrumb\",\"itemListElement\":[{\"@type\":\"ListItem\",\"position\":1,\"name\":\"Startseite\",\"item\":\"https:\/\/www.gruen-gmbh.de\/\"},{\"@type\":\"ListItem\",\"position\":2,\"name\":\"Shop\",\"item\":\"https:\/\/www.gruen-gmbh.de\/en\/shop\/\"},{\"@type\":\"ListItem\",\"position\":3,\"name\":\"Barrial\u00ae fix\"}]},{\"@type\":\"WebSite\",\"@id\":\"https:\/\/www.gruen-gmbh.de\/en\/#website\",\"url\":\"https:\/\/www.gruen-gmbh.de\/en\/\",\"name\":\"Gr\u00fcn GmbH\",\"description\":\"\",\"publisher\":{\"@id\":\"https:\/\/www.gruen-gmbh.de\/en\/#organization\"},\"potentialAction\":[{\"@type\":\"SearchAction\",\"target\":{\"@type\":\"EntryPoint\",\"urlTemplate\":\"https:\/\/www.gruen-gmbh.de\/en\/?s={search_term_string}\"},\"query-input\":{\"@type\":\"PropertyValueSpecification\",\"valueRequired\":true,\"valueName\":\"search_term_string\"}}],\"inLanguage\":\"en-US\"},{\"@type\":\"Organization\",\"@id\":\"https:\/\/www.gruen-gmbh.de\/en\/#organization\",\"name\":\"Gr\u00fcn GmbH\",\"url\":\"https:\/\/www.gruen-gmbh.de\/en\/\",\"logo\":{\"@type\":\"ImageObject\",\"inLanguage\":\"en-US\",\"@id\":\"https:\/\/www.gruen-gmbh.de\/en\/#\/schema\/logo\/image\/\",\"url\":\"https:\/\/www.gruen-gmbh.de\/wp-content\/uploads\/2024\/07\/gruen-logo.webp\",\"contentUrl\":\"https:\/\/www.gruen-gmbh.de\/wp-content\/uploads\/2024\/07\/gruen-logo.webp\",\"width\":672,\"height\":164,\"caption\":\"Gr\u00fcn GmbH\"},\"image\":{\"@id\":\"https:\/\/www.gruen-gmbh.de\/en\/#\/schema\/logo\/image\/\"}}]}<\/script>\n<!-- \/ Yoast SEO plugin. -->","yoast_head_json":{"title":"Barrial\u00ae fix - Gr\u00fcn GmbH","robots":{"index":"index","follow":"follow","max-snippet":"max-snippet:-1","max-image-preview":"max-image-preview:large","max-video-preview":"max-video-preview:-1"},"canonical":"https:\/\/www.gruen-gmbh.de\/en\/product\/barrial-fix\/","og_locale":"en_US","og_type":"article","og_title":"Barrial\u00ae fix - Gr\u00fcn GmbH","og_description":"Permanentes Flachdach-Schutzgel\u00e4nder   besteht aus witterungsbest\u00e4ndigem und wartungsarmem Aluminium  St\u00fctzen in gerader, klappbarer, geneigter und gerundeter Form  diverse St\u00fctzenf\u00fc\u00dfe f\u00fcr unterschiedlichste Befestigungsarten  auf Wunsch Pulverbeschichtung in RAL-Farbe m\u00f6glich","og_url":"https:\/\/www.gruen-gmbh.de\/en\/product\/barrial-fix\/","og_site_name":"Gr\u00fcn GmbH","article_modified_time":"2025-09-01T11:12:04+00:00","og_image":[{"width":1024,"height":794,"url":"https:\/\/www.gruen-gmbh.de\/wp-content\/uploads\/2024\/08\/barrial-fix.png","type":"image\/png"}],"twitter_card":"summary_large_image","twitter_misc":{"Est. reading time":"1 minute"},"schema":{"@context":"https:\/\/schema.org","@graph":[{"@type":"WebPage","@id":"https:\/\/www.gruen-gmbh.de\/produkt\/barrial-fix\/","url":"https:\/\/www.gruen-gmbh.de\/produkt\/barrial-fix\/","name":"Barrial\u00ae fix - Gr\u00fcn GmbH","isPartOf":{"@id":"https:\/\/www.gruen-gmbh.de\/en\/#website"},"primaryImageOfPage":{"@id":"https:\/\/www.gruen-gmbh.de\/produkt\/barrial-fix\/#primaryimage"},"image":{"@id":"https:\/\/www.gruen-gmbh.de\/produkt\/barrial-fix\/#primaryimage"},"thumbnailUrl":"https:\/\/www.gruen-gmbh.de\/wp-content\/uploads\/2024\/08\/barrial-fix.png","datePublished":"2024-09-04T09:44:31+00:00","dateModified":"2025-09-01T11:12:04+00:00","breadcrumb":{"@id":"https:\/\/www.gruen-gmbh.de\/produkt\/barrial-fix\/#breadcrumb"},"inLanguage":"en-US","potentialAction":[{"@type":"ReadAction","target":["https:\/\/www.gruen-gmbh.de\/produkt\/barrial-fix\/"]}]},{"@type":"ImageObject","inLanguage":"en-US","@id":"https:\/\/www.gruen-gmbh.de\/produkt\/barrial-fix\/#primaryimage","url":"https:\/\/www.gruen-gmbh.de\/wp-content\/uploads\/2024\/08\/barrial-fix.png","contentUrl":"https:\/\/www.gruen-gmbh.de\/wp-content\/uploads\/2024\/08\/barrial-fix.png","width":1024,"height":794},{"@type":"BreadcrumbList","@id":"https:\/\/www.gruen-gmbh.de\/produkt\/barrial-fix\/#breadcrumb","itemListElement":[{"@type":"ListItem","position":1,"name":"Startseite","item":"https:\/\/www.gruen-gmbh.de\/"},{"@type":"ListItem","position":2,"name":"Shop","item":"https:\/\/www.gruen-gmbh.de\/en\/shop\/"},{"@type":"ListItem","position":3,"name":"Barrial\u00ae fix"}]},{"@type":"WebSite","@id":"https:\/\/www.gruen-gmbh.de\/en\/#website","url":"https:\/\/www.gruen-gmbh.de\/en\/","name":"Gr\u00fcn GmbH","description":"","publisher":{"@id":"https:\/\/www.gruen-gmbh.de\/en\/#organization"},"potentialAction":[{"@type":"SearchAction","target":{"@type":"EntryPoint","urlTemplate":"https:\/\/www.gruen-gmbh.de\/en\/?s={search_term_string}"},"query-input":{"@type":"PropertyValueSpecification","valueRequired":true,"valueName":"search_term_string"}}],"inLanguage":"en-US"},{"@type":"Organization","@id":"https:\/\/www.gruen-gmbh.de\/en\/#organization","name":"Gr\u00fcn GmbH","url":"https:\/\/www.gruen-gmbh.de\/en\/","logo":{"@type":"ImageObject","inLanguage":"en-US","@id":"https:\/\/www.gruen-gmbh.de\/en\/#\/schema\/logo\/image\/","url":"https:\/\/www.gruen-gmbh.de\/wp-content\/uploads\/2024\/07\/gruen-logo.webp","contentUrl":"https:\/\/www.gruen-gmbh.de\/wp-content\/uploads\/2024\/07\/gruen-logo.webp","width":672,"height":164,"caption":"Gr\u00fcn GmbH"},"image":{"@id":"https:\/\/www.gruen-gmbh.de\/en\/#\/schema\/logo\/image\/"}}]}},"_links":{"self":[{"href":"http:\/\/www.gruen-gmbh.de\/en\/wp-json\/wp\/v2\/product\/39537","targetHints":{"allow":["GET"]}}],"collection":[{"href":"http:\/\/www.gruen-gmbh.de\/en\/wp-json\/wp\/v2\/product"}],"about":[{"href":"http:\/\/www.gruen-gmbh.de\/en\/wp-json\/wp\/v2\/types\/product"}],"version-history":[{"count":0,"href":"http:\/\/www.gruen-gmbh.de\/en\/wp-json\/wp\/v2\/product\/39537\/revisions"}],"wp:featuredmedia":[{"embeddable":true,"href":"http:\/\/www.gruen-gmbh.de\/en\/wp-json\/wp\/v2\/media\/39539"}],"wp:attachment":[{"href":"http:\/\/www.gruen-gmbh.de\/en\/wp-json\/wp\/v2\/media?parent=39537"}],"wp:term":[{"taxonomy":"product_brand","embeddable":true,"href":"http:\/\/www.gruen-gmbh.de\/en\/wp-json\/wp\/v2\/product_brand?post=39537"},{"taxonomy":"product_cat","embeddable":true,"href":"http:\/\/www.gruen-gmbh.de\/en\/wp-json\/wp\/v2\/product_cat?post=39537"},{"taxonomy":"product_tag","embeddable":true,"href":"http:\/\/www.gruen-gmbh.de\/en\/wp-json\/wp\/v2\/product_tag?post=39537"}],"curies":[{"name":"wp","href":"https:\/\/api.w.org\/{rel}","templated":true}]}}