{"id":39543,"date":"2024-09-04T09:46:34","date_gmt":"2024-09-04T09:46:34","guid":{"rendered":"https:\/\/eventgruen.online\/?post_type=product&#038;p=39543"},"modified":"2025-06-24T09:54:51","modified_gmt":"2025-06-24T09:54:51","slug":"barrial-korridor","status":"publish","type":"product","link":"http:\/\/www.gruen-gmbh.de\/en\/product\/barrial-korridor\/","title":{"rendered":"BARRIAL\u00ae Korridor"},"content":{"rendered":"<h3>Barrial<sup>\u00ae<\/sup> Korridor: Escape and maintenance routes with a system<\/h3>\n<p class=\" translation-block\">The self-supporting design of Barrial\u00ae Korridor ensures that any penetration and the resulting damage to the sensitive roof cladding are avoided.\nThe system is designed in such a way that no direct connection to the substrate is necessary. This means that all liability risks and warranty claims, for example due to leaks in the roof waterproofing, are excluded from the outset. The well thought-out prefabrication of most components and the low dead weight enable uncomplicated, fast installation. Time-consuming and expensive sealing work is completely eliminated.\nBarrial\u00ae Korridor is tested and certified in accordance with the standard: DIN ISO 14094-2.<\/p>\n<p>&nbsp;<\/p>\n<h3>Customised design options<\/h3>\n<p class=\" translation-block\">With Barrial\u00ae Korridor, you have three basic variants to choose from for enclosing and securing escape and maintenance routes.\nThe realisation of different path widths, door openings or railing connections is part of the modular prefabricated system. Different variations of Barrial\u00ae Korridor ensure that the system is suitable for practically any roof structure \u2013 whether without covering, with gravel or extensive greenery.\nIntelligent components such as corner connectors, skirting boards, wall connections and self-closing door openings, as well as the wide range of RAL colour options, make Barrial\u00ae Korridor a flexible solution for escape and maintenance routes.<\/p>","protected":false},"excerpt":{"rendered":"<p>Permanent flat roof guardrail<\/p>\n<ul>\n<li>Height adjustment up to 300 mm<\/li>\n<li>Ballasted, without penetration of the roof membrane<\/li>\n<li>Modular system for variable walkway widths<\/li>\n<li>Patented rail clamp, no pre-drilling<\/li>\n<li>Assembly with minimum tools<\/li>\n<\/ul>","protected":false},"featured_media":40167,"template":"","meta":[],"product_brand":[],"product_cat":[19,95,179],"product_tag":[],"class_list":{"0":"post-39543","1":"product","2":"type-product","3":"status-publish","4":"has-post-thumbnail","6":"product_cat-absturzsicherungssysteme","7":"product_cat-kollektivschutz","8":"product_cat-barrial-schutzgelaender","10":"first","11":"instock","12":"shipping-taxable","13":"product-type-simple"},"yoast_head":"<!-- This site is optimized with the Yoast SEO plugin v26.3 - https:\/\/yoast.com\/wordpress\/plugins\/seo\/ -->\n<title>BARRIAL\u00ae Korridor - Gr\u00fcn GmbH<\/title>\n<meta name=\"robots\" content=\"index, follow, max-snippet:-1, max-image-preview:large, max-video-preview:-1\" \/>\n<link rel=\"canonical\" href=\"https:\/\/www.gruen-gmbh.de\/en\/product\/barrial-korridor\/\" \/>\n<meta property=\"og:locale\" content=\"en_US\" \/>\n<meta property=\"og:type\" content=\"article\" \/>\n<meta property=\"og:title\" content=\"BARRIAL\u00ae Korridor - Gr\u00fcn GmbH\" \/>\n<meta property=\"og:description\" content=\"Permanentes Flachdach-Schutzgel\u00e4nder   H\u00f6henregulierung bis zu 300 mm  Auflast gehalten, ohne Durchdringung der Abdichtung  Modulares System f\u00fcr variable Wegbreiten  Patentierte Schienenkralle, kein Vorbohren  Schnelle Montage mit geringem Werkzeugeinsatz\" \/>\n<meta property=\"og:url\" content=\"https:\/\/www.gruen-gmbh.de\/en\/product\/barrial-korridor\/\" \/>\n<meta property=\"og:site_name\" content=\"Gr\u00fcn GmbH\" \/>\n<meta property=\"article:modified_time\" content=\"2025-06-24T09:54:51+00:00\" \/>\n<meta property=\"og:image\" content=\"https:\/\/www.gruen-gmbh.de\/wp-content\/uploads\/2024\/09\/Korridor-Typ-2b.png\" \/>\n\t<meta property=\"og:image:width\" content=\"615\" \/>\n\t<meta property=\"og:image:height\" content=\"485\" \/>\n\t<meta property=\"og:image:type\" content=\"image\/png\" \/>\n<meta name=\"twitter:card\" content=\"summary_large_image\" \/>\n<meta name=\"twitter:label1\" content=\"Est. reading time\" \/>\n\t<meta name=\"twitter:data1\" content=\"1 minute\" \/>\n<script type=\"application\/ld+json\" class=\"yoast-schema-graph\">{\"@context\":\"https:\/\/schema.org\",\"@graph\":[{\"@type\":\"WebPage\",\"@id\":\"https:\/\/www.gruen-gmbh.de\/produkt\/barrial-korridor\/\",\"url\":\"https:\/\/www.gruen-gmbh.de\/produkt\/barrial-korridor\/\",\"name\":\"BARRIAL\u00ae Korridor - Gr\u00fcn GmbH\",\"isPartOf\":{\"@id\":\"https:\/\/www.gruen-gmbh.de\/en\/#website\"},\"primaryImageOfPage\":{\"@id\":\"https:\/\/www.gruen-gmbh.de\/produkt\/barrial-korridor\/#primaryimage\"},\"image\":{\"@id\":\"https:\/\/www.gruen-gmbh.de\/produkt\/barrial-korridor\/#primaryimage\"},\"thumbnailUrl\":\"https:\/\/www.gruen-gmbh.de\/wp-content\/uploads\/2024\/09\/Korridor-Typ-2b.png\",\"datePublished\":\"2024-09-04T09:46:34+00:00\",\"dateModified\":\"2025-06-24T09:54:51+00:00\",\"breadcrumb\":{\"@id\":\"https:\/\/www.gruen-gmbh.de\/produkt\/barrial-korridor\/#breadcrumb\"},\"inLanguage\":\"en-US\",\"potentialAction\":[{\"@type\":\"ReadAction\",\"target\":[\"https:\/\/www.gruen-gmbh.de\/produkt\/barrial-korridor\/\"]}]},{\"@type\":\"ImageObject\",\"inLanguage\":\"en-US\",\"@id\":\"https:\/\/www.gruen-gmbh.de\/produkt\/barrial-korridor\/#primaryimage\",\"url\":\"https:\/\/www.gruen-gmbh.de\/wp-content\/uploads\/2024\/09\/Korridor-Typ-2b.png\",\"contentUrl\":\"https:\/\/www.gruen-gmbh.de\/wp-content\/uploads\/2024\/09\/Korridor-Typ-2b.png\",\"width\":615,\"height\":485},{\"@type\":\"BreadcrumbList\",\"@id\":\"https:\/\/www.gruen-gmbh.de\/produkt\/barrial-korridor\/#breadcrumb\",\"itemListElement\":[{\"@type\":\"ListItem\",\"position\":1,\"name\":\"Startseite\",\"item\":\"https:\/\/www.gruen-gmbh.de\/\"},{\"@type\":\"ListItem\",\"position\":2,\"name\":\"Shop\",\"item\":\"https:\/\/www.gruen-gmbh.de\/en\/shop\/\"},{\"@type\":\"ListItem\",\"position\":3,\"name\":\"BARRIAL\u00ae Korridor\"}]},{\"@type\":\"WebSite\",\"@id\":\"https:\/\/www.gruen-gmbh.de\/en\/#website\",\"url\":\"https:\/\/www.gruen-gmbh.de\/en\/\",\"name\":\"Gr\u00fcn GmbH\",\"description\":\"\",\"publisher\":{\"@id\":\"https:\/\/www.gruen-gmbh.de\/en\/#organization\"},\"potentialAction\":[{\"@type\":\"SearchAction\",\"target\":{\"@type\":\"EntryPoint\",\"urlTemplate\":\"https:\/\/www.gruen-gmbh.de\/en\/?s={search_term_string}\"},\"query-input\":{\"@type\":\"PropertyValueSpecification\",\"valueRequired\":true,\"valueName\":\"search_term_string\"}}],\"inLanguage\":\"en-US\"},{\"@type\":\"Organization\",\"@id\":\"https:\/\/www.gruen-gmbh.de\/en\/#organization\",\"name\":\"Gr\u00fcn GmbH\",\"url\":\"https:\/\/www.gruen-gmbh.de\/en\/\",\"logo\":{\"@type\":\"ImageObject\",\"inLanguage\":\"en-US\",\"@id\":\"https:\/\/www.gruen-gmbh.de\/en\/#\/schema\/logo\/image\/\",\"url\":\"https:\/\/www.gruen-gmbh.de\/wp-content\/uploads\/2024\/07\/gruen-logo.webp\",\"contentUrl\":\"https:\/\/www.gruen-gmbh.de\/wp-content\/uploads\/2024\/07\/gruen-logo.webp\",\"width\":672,\"height\":164,\"caption\":\"Gr\u00fcn GmbH\"},\"image\":{\"@id\":\"https:\/\/www.gruen-gmbh.de\/en\/#\/schema\/logo\/image\/\"}}]}<\/script>\n<!-- \/ Yoast SEO plugin. -->","yoast_head_json":{"title":"BARRIAL\u00ae Korridor - Gr\u00fcn GmbH","robots":{"index":"index","follow":"follow","max-snippet":"max-snippet:-1","max-image-preview":"max-image-preview:large","max-video-preview":"max-video-preview:-1"},"canonical":"https:\/\/www.gruen-gmbh.de\/en\/product\/barrial-korridor\/","og_locale":"en_US","og_type":"article","og_title":"BARRIAL\u00ae Korridor - Gr\u00fcn GmbH","og_description":"Permanentes Flachdach-Schutzgel\u00e4nder   H\u00f6henregulierung bis zu 300 mm  Auflast gehalten, ohne Durchdringung der Abdichtung  Modulares System f\u00fcr variable Wegbreiten  Patentierte Schienenkralle, kein Vorbohren  Schnelle Montage mit geringem Werkzeugeinsatz","og_url":"https:\/\/www.gruen-gmbh.de\/en\/product\/barrial-korridor\/","og_site_name":"Gr\u00fcn GmbH","article_modified_time":"2025-06-24T09:54:51+00:00","og_image":[{"width":615,"height":485,"url":"https:\/\/www.gruen-gmbh.de\/wp-content\/uploads\/2024\/09\/Korridor-Typ-2b.png","type":"image\/png"}],"twitter_card":"summary_large_image","twitter_misc":{"Est. reading time":"1 minute"},"schema":{"@context":"https:\/\/schema.org","@graph":[{"@type":"WebPage","@id":"https:\/\/www.gruen-gmbh.de\/produkt\/barrial-korridor\/","url":"https:\/\/www.gruen-gmbh.de\/produkt\/barrial-korridor\/","name":"BARRIAL\u00ae Korridor - Gr\u00fcn GmbH","isPartOf":{"@id":"https:\/\/www.gruen-gmbh.de\/en\/#website"},"primaryImageOfPage":{"@id":"https:\/\/www.gruen-gmbh.de\/produkt\/barrial-korridor\/#primaryimage"},"image":{"@id":"https:\/\/www.gruen-gmbh.de\/produkt\/barrial-korridor\/#primaryimage"},"thumbnailUrl":"https:\/\/www.gruen-gmbh.de\/wp-content\/uploads\/2024\/09\/Korridor-Typ-2b.png","datePublished":"2024-09-04T09:46:34+00:00","dateModified":"2025-06-24T09:54:51+00:00","breadcrumb":{"@id":"https:\/\/www.gruen-gmbh.de\/produkt\/barrial-korridor\/#breadcrumb"},"inLanguage":"en-US","potentialAction":[{"@type":"ReadAction","target":["https:\/\/www.gruen-gmbh.de\/produkt\/barrial-korridor\/"]}]},{"@type":"ImageObject","inLanguage":"en-US","@id":"https:\/\/www.gruen-gmbh.de\/produkt\/barrial-korridor\/#primaryimage","url":"https:\/\/www.gruen-gmbh.de\/wp-content\/uploads\/2024\/09\/Korridor-Typ-2b.png","contentUrl":"https:\/\/www.gruen-gmbh.de\/wp-content\/uploads\/2024\/09\/Korridor-Typ-2b.png","width":615,"height":485},{"@type":"BreadcrumbList","@id":"https:\/\/www.gruen-gmbh.de\/produkt\/barrial-korridor\/#breadcrumb","itemListElement":[{"@type":"ListItem","position":1,"name":"Startseite","item":"https:\/\/www.gruen-gmbh.de\/"},{"@type":"ListItem","position":2,"name":"Shop","item":"https:\/\/www.gruen-gmbh.de\/en\/shop\/"},{"@type":"ListItem","position":3,"name":"BARRIAL\u00ae Korridor"}]},{"@type":"WebSite","@id":"https:\/\/www.gruen-gmbh.de\/en\/#website","url":"https:\/\/www.gruen-gmbh.de\/en\/","name":"Gr\u00fcn GmbH","description":"","publisher":{"@id":"https:\/\/www.gruen-gmbh.de\/en\/#organization"},"potentialAction":[{"@type":"SearchAction","target":{"@type":"EntryPoint","urlTemplate":"https:\/\/www.gruen-gmbh.de\/en\/?s={search_term_string}"},"query-input":{"@type":"PropertyValueSpecification","valueRequired":true,"valueName":"search_term_string"}}],"inLanguage":"en-US"},{"@type":"Organization","@id":"https:\/\/www.gruen-gmbh.de\/en\/#organization","name":"Gr\u00fcn GmbH","url":"https:\/\/www.gruen-gmbh.de\/en\/","logo":{"@type":"ImageObject","inLanguage":"en-US","@id":"https:\/\/www.gruen-gmbh.de\/en\/#\/schema\/logo\/image\/","url":"https:\/\/www.gruen-gmbh.de\/wp-content\/uploads\/2024\/07\/gruen-logo.webp","contentUrl":"https:\/\/www.gruen-gmbh.de\/wp-content\/uploads\/2024\/07\/gruen-logo.webp","width":672,"height":164,"caption":"Gr\u00fcn GmbH"},"image":{"@id":"https:\/\/www.gruen-gmbh.de\/en\/#\/schema\/logo\/image\/"}}]}},"_links":{"self":[{"href":"http:\/\/www.gruen-gmbh.de\/en\/wp-json\/wp\/v2\/product\/39543","targetHints":{"allow":["GET"]}}],"collection":[{"href":"http:\/\/www.gruen-gmbh.de\/en\/wp-json\/wp\/v2\/product"}],"about":[{"href":"http:\/\/www.gruen-gmbh.de\/en\/wp-json\/wp\/v2\/types\/product"}],"version-history":[{"count":0,"href":"http:\/\/www.gruen-gmbh.de\/en\/wp-json\/wp\/v2\/product\/39543\/revisions"}],"wp:featuredmedia":[{"embeddable":true,"href":"http:\/\/www.gruen-gmbh.de\/en\/wp-json\/wp\/v2\/media\/40167"}],"wp:attachment":[{"href":"http:\/\/www.gruen-gmbh.de\/en\/wp-json\/wp\/v2\/media?parent=39543"}],"wp:term":[{"taxonomy":"product_brand","embeddable":true,"href":"http:\/\/www.gruen-gmbh.de\/en\/wp-json\/wp\/v2\/product_brand?post=39543"},{"taxonomy":"product_cat","embeddable":true,"href":"http:\/\/www.gruen-gmbh.de\/en\/wp-json\/wp\/v2\/product_cat?post=39543"},{"taxonomy":"product_tag","embeddable":true,"href":"http:\/\/www.gruen-gmbh.de\/en\/wp-json\/wp\/v2\/product_tag?post=39543"}],"curies":[{"name":"wp","href":"https:\/\/api.w.org\/{rel}","templated":true}]}}