{"id":39562,"date":"2024-09-10T06:39:13","date_gmt":"2024-09-10T06:39:13","guid":{"rendered":"https:\/\/eventgruen.online\/?post_type=product&#038;p=39562"},"modified":"2024-10-11T08:55:28","modified_gmt":"2024-10-11T08:55:28","slug":"likunet-sani","status":"publish","type":"product","link":"http:\/\/www.gruen-gmbh.de\/en\/product\/likunet-sani\/","title":{"rendered":"LIKUNET\u00ae sani"},"content":{"rendered":"<h3>The domed rooflight fall protection system for retrofitting<\/h3>\n<p>Lighting and ventilation are the essential functions of domed rooflights. However, domed rooflights pose a significant risk to people on the roof. Unfortunately, accidents that often have serious consequences happen repeatedly.<\/p>\n<p>Das LIKUNET<sup>\u00ae<\/sup> is the ideal solution for retrofitting to existing domed rooflights to prevent the risk of falling through them. It is fitted between the existing upstand and the open rooflight and thereby protects anyone on the roof from falling through.<\/p>\n<p>The attractive, net shaped structure ensures approx. 90% unobstructed surface area and allows good illumination<br \/>\nof the areas beneath it.<\/p>\n<p>With GR\u00dcN Likunet<sup>\u00ae<\/sup> sani we provide the ideal solution for retrospective protection of existing domed rooflights. It can be fitted at little cost, during maintenance work on the rooflights, for example.<br \/>\nkann zum Beispiel im Zuge einer Wartungsarbeit der Lichtkuppeln kosteng\u00fcnstig eingebaut werden.<\/p>\n<p>&nbsp;<\/p>\n<h3>LIKUNET<sup>\u00ae<\/sup> sani:<\/h3>\n<ul>\n<li>is the ideal solution for retrofitting to existing domed rooflights to prevent the risk of falling through them.<\/li>\n<li>is fitted between the existing upstand and the open rooflight and thereby protects anyone on the roof from falling through in future.<\/li>\n<li>also saves homeowners and planners from the unpleasant consequences of liability under the Act on Coordination of Building Work (Bauarbeiterkoordinationsgesetz).<\/li>\n<li>has an attractive, net shaped structure that ensures approx. 90% unobstructed surface area and allows good illumination of the areas beneath it.<\/li>\n<li>is punched and moulded from 1.5 m galvanised sheet steel, RAL powder coating optional (we recommend a powder coating or a stainless steel design in highly corrosive environments)<\/li>\n<\/ul>\n<p>&nbsp;<\/p>\n<h3>LIKUNET<sup>\u00ae<\/sup> sani prevents the risk of falling through old rooflights<\/h3>\n<p>Tested to GS-Bau 18<\/p>","protected":false},"excerpt":{"rendered":"<ul>\n<li>Can be fixed to virtually all intact upstands<\/li>\n<li>Simple fitting using screws<\/li>\n<\/ul>\n<div><\/div>","protected":false},"featured_media":40170,"template":"","meta":[],"product_brand":[],"product_cat":[19,95,98],"product_tag":[],"class_list":{"0":"post-39562","1":"product","2":"type-product","3":"status-publish","4":"has-post-thumbnail","6":"product_cat-absturzsicherungssysteme","7":"product_cat-kollektivschutz","8":"product_cat-lichtkuppelsicherung","10":"first","11":"instock","12":"shipping-taxable","13":"product-type-simple"},"yoast_head":"<!-- This site is optimized with the Yoast SEO plugin v26.3 - https:\/\/yoast.com\/wordpress\/plugins\/seo\/ -->\n<title>LIKUNET\u00ae sani - Gr\u00fcn GmbH<\/title>\n<meta name=\"robots\" content=\"index, follow, max-snippet:-1, max-image-preview:large, max-video-preview:-1\" \/>\n<link rel=\"canonical\" href=\"https:\/\/www.gruen-gmbh.de\/en\/product\/likunet-sani\/\" \/>\n<meta property=\"og:locale\" content=\"en_US\" \/>\n<meta property=\"og:type\" content=\"article\" \/>\n<meta property=\"og:title\" content=\"LIKUNET\u00ae sani - Gr\u00fcn GmbH\" \/>\n<meta property=\"og:description\" content=\"Befestigung auf nahezu allen intakten Aufsatzkr\u00e4nzen m\u00f6glich  Einfache Montage mittels Schrauben\" \/>\n<meta property=\"og:url\" content=\"https:\/\/www.gruen-gmbh.de\/en\/product\/likunet-sani\/\" \/>\n<meta property=\"og:site_name\" content=\"Gr\u00fcn GmbH\" \/>\n<meta property=\"article:modified_time\" content=\"2024-10-11T08:55:28+00:00\" \/>\n<meta property=\"og:image\" content=\"https:\/\/www.gruen-gmbh.de\/wp-content\/uploads\/2024\/10\/Lichtkuppel.png\" \/>\n\t<meta property=\"og:image:width\" content=\"615\" \/>\n\t<meta property=\"og:image:height\" content=\"485\" \/>\n\t<meta property=\"og:image:type\" content=\"image\/png\" \/>\n<meta name=\"twitter:card\" content=\"summary_large_image\" \/>\n<meta name=\"twitter:label1\" content=\"Est. reading time\" \/>\n\t<meta name=\"twitter:data1\" content=\"1 minute\" \/>\n<script type=\"application\/ld+json\" class=\"yoast-schema-graph\">{\"@context\":\"https:\/\/schema.org\",\"@graph\":[{\"@type\":\"WebPage\",\"@id\":\"https:\/\/www.gruen-gmbh.de\/produkt\/likunet-sani\/\",\"url\":\"https:\/\/www.gruen-gmbh.de\/produkt\/likunet-sani\/\",\"name\":\"LIKUNET\u00ae sani - Gr\u00fcn GmbH\",\"isPartOf\":{\"@id\":\"https:\/\/www.gruen-gmbh.de\/en\/#website\"},\"primaryImageOfPage\":{\"@id\":\"https:\/\/www.gruen-gmbh.de\/produkt\/likunet-sani\/#primaryimage\"},\"image\":{\"@id\":\"https:\/\/www.gruen-gmbh.de\/produkt\/likunet-sani\/#primaryimage\"},\"thumbnailUrl\":\"https:\/\/www.gruen-gmbh.de\/wp-content\/uploads\/2024\/10\/Lichtkuppel.png\",\"datePublished\":\"2024-09-10T06:39:13+00:00\",\"dateModified\":\"2024-10-11T08:55:28+00:00\",\"breadcrumb\":{\"@id\":\"https:\/\/www.gruen-gmbh.de\/produkt\/likunet-sani\/#breadcrumb\"},\"inLanguage\":\"en-US\",\"potentialAction\":[{\"@type\":\"ReadAction\",\"target\":[\"https:\/\/www.gruen-gmbh.de\/produkt\/likunet-sani\/\"]}]},{\"@type\":\"ImageObject\",\"inLanguage\":\"en-US\",\"@id\":\"https:\/\/www.gruen-gmbh.de\/produkt\/likunet-sani\/#primaryimage\",\"url\":\"https:\/\/www.gruen-gmbh.de\/wp-content\/uploads\/2024\/10\/Lichtkuppel.png\",\"contentUrl\":\"https:\/\/www.gruen-gmbh.de\/wp-content\/uploads\/2024\/10\/Lichtkuppel.png\",\"width\":615,\"height\":485},{\"@type\":\"BreadcrumbList\",\"@id\":\"https:\/\/www.gruen-gmbh.de\/produkt\/likunet-sani\/#breadcrumb\",\"itemListElement\":[{\"@type\":\"ListItem\",\"position\":1,\"name\":\"Startseite\",\"item\":\"https:\/\/www.gruen-gmbh.de\/\"},{\"@type\":\"ListItem\",\"position\":2,\"name\":\"Shop\",\"item\":\"https:\/\/www.gruen-gmbh.de\/en\/shop\/\"},{\"@type\":\"ListItem\",\"position\":3,\"name\":\"LIKUNET\u00ae sani\"}]},{\"@type\":\"WebSite\",\"@id\":\"https:\/\/www.gruen-gmbh.de\/en\/#website\",\"url\":\"https:\/\/www.gruen-gmbh.de\/en\/\",\"name\":\"Gr\u00fcn GmbH\",\"description\":\"\",\"publisher\":{\"@id\":\"https:\/\/www.gruen-gmbh.de\/en\/#organization\"},\"potentialAction\":[{\"@type\":\"SearchAction\",\"target\":{\"@type\":\"EntryPoint\",\"urlTemplate\":\"https:\/\/www.gruen-gmbh.de\/en\/?s={search_term_string}\"},\"query-input\":{\"@type\":\"PropertyValueSpecification\",\"valueRequired\":true,\"valueName\":\"search_term_string\"}}],\"inLanguage\":\"en-US\"},{\"@type\":\"Organization\",\"@id\":\"https:\/\/www.gruen-gmbh.de\/en\/#organization\",\"name\":\"Gr\u00fcn GmbH\",\"url\":\"https:\/\/www.gruen-gmbh.de\/en\/\",\"logo\":{\"@type\":\"ImageObject\",\"inLanguage\":\"en-US\",\"@id\":\"https:\/\/www.gruen-gmbh.de\/en\/#\/schema\/logo\/image\/\",\"url\":\"https:\/\/www.gruen-gmbh.de\/wp-content\/uploads\/2024\/07\/gruen-logo.webp\",\"contentUrl\":\"https:\/\/www.gruen-gmbh.de\/wp-content\/uploads\/2024\/07\/gruen-logo.webp\",\"width\":672,\"height\":164,\"caption\":\"Gr\u00fcn GmbH\"},\"image\":{\"@id\":\"https:\/\/www.gruen-gmbh.de\/en\/#\/schema\/logo\/image\/\"}}]}<\/script>\n<!-- \/ Yoast SEO plugin. -->","yoast_head_json":{"title":"LIKUNET\u00ae sani - Gr\u00fcn GmbH","robots":{"index":"index","follow":"follow","max-snippet":"max-snippet:-1","max-image-preview":"max-image-preview:large","max-video-preview":"max-video-preview:-1"},"canonical":"https:\/\/www.gruen-gmbh.de\/en\/product\/likunet-sani\/","og_locale":"en_US","og_type":"article","og_title":"LIKUNET\u00ae sani - Gr\u00fcn GmbH","og_description":"Befestigung auf nahezu allen intakten Aufsatzkr\u00e4nzen m\u00f6glich  Einfache Montage mittels Schrauben","og_url":"https:\/\/www.gruen-gmbh.de\/en\/product\/likunet-sani\/","og_site_name":"Gr\u00fcn GmbH","article_modified_time":"2024-10-11T08:55:28+00:00","og_image":[{"width":615,"height":485,"url":"https:\/\/www.gruen-gmbh.de\/wp-content\/uploads\/2024\/10\/Lichtkuppel.png","type":"image\/png"}],"twitter_card":"summary_large_image","twitter_misc":{"Est. reading time":"1 minute"},"schema":{"@context":"https:\/\/schema.org","@graph":[{"@type":"WebPage","@id":"https:\/\/www.gruen-gmbh.de\/produkt\/likunet-sani\/","url":"https:\/\/www.gruen-gmbh.de\/produkt\/likunet-sani\/","name":"LIKUNET\u00ae sani - Gr\u00fcn GmbH","isPartOf":{"@id":"https:\/\/www.gruen-gmbh.de\/en\/#website"},"primaryImageOfPage":{"@id":"https:\/\/www.gruen-gmbh.de\/produkt\/likunet-sani\/#primaryimage"},"image":{"@id":"https:\/\/www.gruen-gmbh.de\/produkt\/likunet-sani\/#primaryimage"},"thumbnailUrl":"https:\/\/www.gruen-gmbh.de\/wp-content\/uploads\/2024\/10\/Lichtkuppel.png","datePublished":"2024-09-10T06:39:13+00:00","dateModified":"2024-10-11T08:55:28+00:00","breadcrumb":{"@id":"https:\/\/www.gruen-gmbh.de\/produkt\/likunet-sani\/#breadcrumb"},"inLanguage":"en-US","potentialAction":[{"@type":"ReadAction","target":["https:\/\/www.gruen-gmbh.de\/produkt\/likunet-sani\/"]}]},{"@type":"ImageObject","inLanguage":"en-US","@id":"https:\/\/www.gruen-gmbh.de\/produkt\/likunet-sani\/#primaryimage","url":"https:\/\/www.gruen-gmbh.de\/wp-content\/uploads\/2024\/10\/Lichtkuppel.png","contentUrl":"https:\/\/www.gruen-gmbh.de\/wp-content\/uploads\/2024\/10\/Lichtkuppel.png","width":615,"height":485},{"@type":"BreadcrumbList","@id":"https:\/\/www.gruen-gmbh.de\/produkt\/likunet-sani\/#breadcrumb","itemListElement":[{"@type":"ListItem","position":1,"name":"Startseite","item":"https:\/\/www.gruen-gmbh.de\/"},{"@type":"ListItem","position":2,"name":"Shop","item":"https:\/\/www.gruen-gmbh.de\/en\/shop\/"},{"@type":"ListItem","position":3,"name":"LIKUNET\u00ae sani"}]},{"@type":"WebSite","@id":"https:\/\/www.gruen-gmbh.de\/en\/#website","url":"https:\/\/www.gruen-gmbh.de\/en\/","name":"Gr\u00fcn GmbH","description":"","publisher":{"@id":"https:\/\/www.gruen-gmbh.de\/en\/#organization"},"potentialAction":[{"@type":"SearchAction","target":{"@type":"EntryPoint","urlTemplate":"https:\/\/www.gruen-gmbh.de\/en\/?s={search_term_string}"},"query-input":{"@type":"PropertyValueSpecification","valueRequired":true,"valueName":"search_term_string"}}],"inLanguage":"en-US"},{"@type":"Organization","@id":"https:\/\/www.gruen-gmbh.de\/en\/#organization","name":"Gr\u00fcn GmbH","url":"https:\/\/www.gruen-gmbh.de\/en\/","logo":{"@type":"ImageObject","inLanguage":"en-US","@id":"https:\/\/www.gruen-gmbh.de\/en\/#\/schema\/logo\/image\/","url":"https:\/\/www.gruen-gmbh.de\/wp-content\/uploads\/2024\/07\/gruen-logo.webp","contentUrl":"https:\/\/www.gruen-gmbh.de\/wp-content\/uploads\/2024\/07\/gruen-logo.webp","width":672,"height":164,"caption":"Gr\u00fcn GmbH"},"image":{"@id":"https:\/\/www.gruen-gmbh.de\/en\/#\/schema\/logo\/image\/"}}]}},"_links":{"self":[{"href":"http:\/\/www.gruen-gmbh.de\/en\/wp-json\/wp\/v2\/product\/39562","targetHints":{"allow":["GET"]}}],"collection":[{"href":"http:\/\/www.gruen-gmbh.de\/en\/wp-json\/wp\/v2\/product"}],"about":[{"href":"http:\/\/www.gruen-gmbh.de\/en\/wp-json\/wp\/v2\/types\/product"}],"version-history":[{"count":0,"href":"http:\/\/www.gruen-gmbh.de\/en\/wp-json\/wp\/v2\/product\/39562\/revisions"}],"wp:featuredmedia":[{"embeddable":true,"href":"http:\/\/www.gruen-gmbh.de\/en\/wp-json\/wp\/v2\/media\/40170"}],"wp:attachment":[{"href":"http:\/\/www.gruen-gmbh.de\/en\/wp-json\/wp\/v2\/media?parent=39562"}],"wp:term":[{"taxonomy":"product_brand","embeddable":true,"href":"http:\/\/www.gruen-gmbh.de\/en\/wp-json\/wp\/v2\/product_brand?post=39562"},{"taxonomy":"product_cat","embeddable":true,"href":"http:\/\/www.gruen-gmbh.de\/en\/wp-json\/wp\/v2\/product_cat?post=39562"},{"taxonomy":"product_tag","embeddable":true,"href":"http:\/\/www.gruen-gmbh.de\/en\/wp-json\/wp\/v2\/product_tag?post=39562"}],"curies":[{"name":"wp","href":"https:\/\/api.w.org\/{rel}","templated":true}]}}