{"id":39566,"date":"2024-09-10T06:41:07","date_gmt":"2024-09-10T06:41:07","guid":{"rendered":"https:\/\/eventgruen.online\/?post_type=product&#038;p=39566"},"modified":"2025-09-01T11:24:16","modified_gmt":"2025-09-01T11:24:16","slug":"likunet-reling","status":"publish","type":"product","link":"http:\/\/www.gruen-gmbh.de\/en\/product\/likunet-reling\/","title":{"rendered":"Likunet\u00ae reling"},"content":{"rendered":"<h3>Safety non-stop!<\/h3>\n<p>Lighting and ventilation are the main functions of continuous rooflights. However, continuous rooflights are a major hazard for people on the roof. As with domed rooflights, dangerous accidents can also occur with continuous rooflights, unfortunately often resulting in serious falls.<\/p>\n<p class=\" translation-block\">For this reason, the current standard requires, among other things, that lighting elements must be permanently protected against falling through or secured with appropriate defences. Likunet<sup>\u00ae<\/sup> railing is the ideal solution for continuous rooflights.<\/p>\n<p class=\" translation-block\">Likunet<sup>\u00ae<\/sup> reling with Barrial<sup>\u00ae<\/sup> elements is a high-quality side protection system in accordance with EN 13374 class A, which is installed on standard continuous rooflights. It protects people who are on the roof for maintenance and repair work from stepping on or unintentionally loading the continuous rooflights and thus from a possible fall through.<\/p>\n<p class=\" translation-block\">Used correctly, Likunet<sup>\u00ae<\/sup> reling protects the homeowner and planner from unpleasant liability consequences that can arise in the event of a fall through. No additional changes to the lighting system are necessary. The side protection system is installed after completion or on the existing continuous rooflight.<\/p>\n<p>Thanks to the slimline design, the incidence of light remains virtually unrestricted, thus guaranteeing optimum lighting for the rooms below.<\/p>\n<p class=\" translation-block\">And the costs? Likunet<sup>\u00ae<\/sup> reling with Barrial<sup>\u00ae<\/sup> elements is not only safe, but the simple installation from above saves on expensive grilles and their installation from the inside of the hall. With Likunet<sup>\u00ae<\/sup> reling, fall-through protection usually costs significantly less than conventional solutions.<\/p>\n<p>&nbsp;<\/p>\n<p><strong>Likunet\u00aereling is mounted on the finished continuous rooflight:<\/strong><\/p>\n<p><a href=\"https:\/\/www.gruen-gmbh.de\/wp-content\/uploads\/2024\/09\/Montageanleitung_LIKUNETreling_2015.pdf\"><img fetchpriority=\"high\" decoding=\"async\" class=\"alignnone wp-image-18598 size-full\" src=\"https:\/\/gruen-gmbh.de\/wp-content\/uploads\/likunetrelingEinbau.jpg\" alt=\"likunetrelingEinbau\" width=\"817\" height=\"265\" \/><\/a><\/p>","protected":false},"excerpt":{"rendered":"<ul>\n<li>Quick and easy installation from the outside<\/li>\n<li>No impairment or stress on the roof cladding<\/li>\n<li>For almost all standard continuous rooflights<\/li>\n<li>Ideal for retrofitting existing continuous rooflights<\/li>\n<li>Practically no loss of light<\/li>\n<li>Good visibility in snowy conditions<\/li>\n<li>Tested system in accordance with EN 13374 Class A<\/li>\n<li>Static verification no longer required<\/li>\n<\/ul>","protected":false},"featured_media":40176,"template":"","meta":[],"product_brand":[],"product_cat":[19,95,98],"product_tag":[],"class_list":{"0":"post-39566","1":"product","2":"type-product","3":"status-publish","4":"has-post-thumbnail","6":"product_cat-absturzsicherungssysteme","7":"product_cat-kollektivschutz","8":"product_cat-lichtkuppelsicherung","10":"first","11":"instock","12":"shipping-taxable","13":"product-type-simple"},"yoast_head":"<!-- This site is optimized with the Yoast SEO plugin v26.3 - https:\/\/yoast.com\/wordpress\/plugins\/seo\/ -->\n<title>Likunet\u00ae reling - Gr\u00fcn GmbH<\/title>\n<meta name=\"robots\" content=\"index, follow, max-snippet:-1, max-image-preview:large, max-video-preview:-1\" \/>\n<link rel=\"canonical\" href=\"https:\/\/www.gruen-gmbh.de\/en\/product\/likunet-reling\/\" \/>\n<meta property=\"og:locale\" content=\"en_US\" \/>\n<meta property=\"og:type\" content=\"article\" \/>\n<meta property=\"og:title\" content=\"Likunet\u00ae reling - Gr\u00fcn GmbH\" \/>\n<meta property=\"og:description\" content=\"Schnelle und einfache Montage von au\u00dfen  Keine Beeintr\u00e4chtigung oder Belastung der Dachhaut  F\u00fcr nahezu alle markt\u00fcblichen Lichtb\u00e4nder  Ideal zum Nachr\u00fcsten von bestehenden Lichtb\u00e4ndern  Praktisch kein Lichtverlust  Gute Erkennbarkeit bei Schneelage  Gepr\u00fcftes System nach EN 13374 Klasse A  kein statischer Nachweis mehr erforderlich\" \/>\n<meta property=\"og:url\" content=\"https:\/\/www.gruen-gmbh.de\/en\/product\/likunet-reling\/\" \/>\n<meta property=\"og:site_name\" content=\"Gr\u00fcn GmbH\" \/>\n<meta property=\"article:modified_time\" content=\"2025-09-01T11:24:16+00:00\" \/>\n<meta property=\"og:image\" content=\"https:\/\/www.gruen-gmbh.de\/wp-content\/uploads\/2024\/09\/likunet_reling2.png\" \/>\n\t<meta property=\"og:image:width\" content=\"2062\" \/>\n\t<meta property=\"og:image:height\" content=\"1668\" \/>\n\t<meta property=\"og:image:type\" content=\"image\/png\" \/>\n<meta name=\"twitter:card\" content=\"summary_large_image\" \/>\n<meta name=\"twitter:label1\" content=\"Est. reading time\" \/>\n\t<meta name=\"twitter:data1\" content=\"1 minute\" \/>\n<script type=\"application\/ld+json\" class=\"yoast-schema-graph\">{\"@context\":\"https:\/\/schema.org\",\"@graph\":[{\"@type\":\"WebPage\",\"@id\":\"https:\/\/www.gruen-gmbh.de\/produkt\/likunet-reling\/\",\"url\":\"https:\/\/www.gruen-gmbh.de\/produkt\/likunet-reling\/\",\"name\":\"Likunet\u00ae reling - Gr\u00fcn GmbH\",\"isPartOf\":{\"@id\":\"https:\/\/www.gruen-gmbh.de\/en\/#website\"},\"primaryImageOfPage\":{\"@id\":\"https:\/\/www.gruen-gmbh.de\/produkt\/likunet-reling\/#primaryimage\"},\"image\":{\"@id\":\"https:\/\/www.gruen-gmbh.de\/produkt\/likunet-reling\/#primaryimage\"},\"thumbnailUrl\":\"https:\/\/www.gruen-gmbh.de\/wp-content\/uploads\/2024\/09\/likunet_reling2.png\",\"datePublished\":\"2024-09-10T06:41:07+00:00\",\"dateModified\":\"2025-09-01T11:24:16+00:00\",\"breadcrumb\":{\"@id\":\"https:\/\/www.gruen-gmbh.de\/produkt\/likunet-reling\/#breadcrumb\"},\"inLanguage\":\"en-US\",\"potentialAction\":[{\"@type\":\"ReadAction\",\"target\":[\"https:\/\/www.gruen-gmbh.de\/produkt\/likunet-reling\/\"]}]},{\"@type\":\"ImageObject\",\"inLanguage\":\"en-US\",\"@id\":\"https:\/\/www.gruen-gmbh.de\/produkt\/likunet-reling\/#primaryimage\",\"url\":\"https:\/\/www.gruen-gmbh.de\/wp-content\/uploads\/2024\/09\/likunet_reling2.png\",\"contentUrl\":\"https:\/\/www.gruen-gmbh.de\/wp-content\/uploads\/2024\/09\/likunet_reling2.png\",\"width\":2062,\"height\":1668},{\"@type\":\"BreadcrumbList\",\"@id\":\"https:\/\/www.gruen-gmbh.de\/produkt\/likunet-reling\/#breadcrumb\",\"itemListElement\":[{\"@type\":\"ListItem\",\"position\":1,\"name\":\"Startseite\",\"item\":\"https:\/\/www.gruen-gmbh.de\/\"},{\"@type\":\"ListItem\",\"position\":2,\"name\":\"Shop\",\"item\":\"https:\/\/www.gruen-gmbh.de\/en\/shop\/\"},{\"@type\":\"ListItem\",\"position\":3,\"name\":\"Likunet\u00ae reling\"}]},{\"@type\":\"WebSite\",\"@id\":\"https:\/\/www.gruen-gmbh.de\/en\/#website\",\"url\":\"https:\/\/www.gruen-gmbh.de\/en\/\",\"name\":\"Gr\u00fcn GmbH\",\"description\":\"\",\"publisher\":{\"@id\":\"https:\/\/www.gruen-gmbh.de\/en\/#organization\"},\"potentialAction\":[{\"@type\":\"SearchAction\",\"target\":{\"@type\":\"EntryPoint\",\"urlTemplate\":\"https:\/\/www.gruen-gmbh.de\/en\/?s={search_term_string}\"},\"query-input\":{\"@type\":\"PropertyValueSpecification\",\"valueRequired\":true,\"valueName\":\"search_term_string\"}}],\"inLanguage\":\"en-US\"},{\"@type\":\"Organization\",\"@id\":\"https:\/\/www.gruen-gmbh.de\/en\/#organization\",\"name\":\"Gr\u00fcn GmbH\",\"url\":\"https:\/\/www.gruen-gmbh.de\/en\/\",\"logo\":{\"@type\":\"ImageObject\",\"inLanguage\":\"en-US\",\"@id\":\"https:\/\/www.gruen-gmbh.de\/en\/#\/schema\/logo\/image\/\",\"url\":\"https:\/\/www.gruen-gmbh.de\/wp-content\/uploads\/2024\/07\/gruen-logo.webp\",\"contentUrl\":\"https:\/\/www.gruen-gmbh.de\/wp-content\/uploads\/2024\/07\/gruen-logo.webp\",\"width\":672,\"height\":164,\"caption\":\"Gr\u00fcn GmbH\"},\"image\":{\"@id\":\"https:\/\/www.gruen-gmbh.de\/en\/#\/schema\/logo\/image\/\"}}]}<\/script>\n<!-- \/ Yoast SEO plugin. -->","yoast_head_json":{"title":"Likunet\u00ae reling - Gr\u00fcn GmbH","robots":{"index":"index","follow":"follow","max-snippet":"max-snippet:-1","max-image-preview":"max-image-preview:large","max-video-preview":"max-video-preview:-1"},"canonical":"https:\/\/www.gruen-gmbh.de\/en\/product\/likunet-reling\/","og_locale":"en_US","og_type":"article","og_title":"Likunet\u00ae reling - Gr\u00fcn GmbH","og_description":"Schnelle und einfache Montage von au\u00dfen  Keine Beeintr\u00e4chtigung oder Belastung der Dachhaut  F\u00fcr nahezu alle markt\u00fcblichen Lichtb\u00e4nder  Ideal zum Nachr\u00fcsten von bestehenden Lichtb\u00e4ndern  Praktisch kein Lichtverlust  Gute Erkennbarkeit bei Schneelage  Gepr\u00fcftes System nach EN 13374 Klasse A  kein statischer Nachweis mehr erforderlich","og_url":"https:\/\/www.gruen-gmbh.de\/en\/product\/likunet-reling\/","og_site_name":"Gr\u00fcn GmbH","article_modified_time":"2025-09-01T11:24:16+00:00","og_image":[{"width":2062,"height":1668,"url":"https:\/\/www.gruen-gmbh.de\/wp-content\/uploads\/2024\/09\/likunet_reling2.png","type":"image\/png"}],"twitter_card":"summary_large_image","twitter_misc":{"Est. reading time":"1 minute"},"schema":{"@context":"https:\/\/schema.org","@graph":[{"@type":"WebPage","@id":"https:\/\/www.gruen-gmbh.de\/produkt\/likunet-reling\/","url":"https:\/\/www.gruen-gmbh.de\/produkt\/likunet-reling\/","name":"Likunet\u00ae reling - Gr\u00fcn GmbH","isPartOf":{"@id":"https:\/\/www.gruen-gmbh.de\/en\/#website"},"primaryImageOfPage":{"@id":"https:\/\/www.gruen-gmbh.de\/produkt\/likunet-reling\/#primaryimage"},"image":{"@id":"https:\/\/www.gruen-gmbh.de\/produkt\/likunet-reling\/#primaryimage"},"thumbnailUrl":"https:\/\/www.gruen-gmbh.de\/wp-content\/uploads\/2024\/09\/likunet_reling2.png","datePublished":"2024-09-10T06:41:07+00:00","dateModified":"2025-09-01T11:24:16+00:00","breadcrumb":{"@id":"https:\/\/www.gruen-gmbh.de\/produkt\/likunet-reling\/#breadcrumb"},"inLanguage":"en-US","potentialAction":[{"@type":"ReadAction","target":["https:\/\/www.gruen-gmbh.de\/produkt\/likunet-reling\/"]}]},{"@type":"ImageObject","inLanguage":"en-US","@id":"https:\/\/www.gruen-gmbh.de\/produkt\/likunet-reling\/#primaryimage","url":"https:\/\/www.gruen-gmbh.de\/wp-content\/uploads\/2024\/09\/likunet_reling2.png","contentUrl":"https:\/\/www.gruen-gmbh.de\/wp-content\/uploads\/2024\/09\/likunet_reling2.png","width":2062,"height":1668},{"@type":"BreadcrumbList","@id":"https:\/\/www.gruen-gmbh.de\/produkt\/likunet-reling\/#breadcrumb","itemListElement":[{"@type":"ListItem","position":1,"name":"Startseite","item":"https:\/\/www.gruen-gmbh.de\/"},{"@type":"ListItem","position":2,"name":"Shop","item":"https:\/\/www.gruen-gmbh.de\/en\/shop\/"},{"@type":"ListItem","position":3,"name":"Likunet\u00ae reling"}]},{"@type":"WebSite","@id":"https:\/\/www.gruen-gmbh.de\/en\/#website","url":"https:\/\/www.gruen-gmbh.de\/en\/","name":"Gr\u00fcn GmbH","description":"","publisher":{"@id":"https:\/\/www.gruen-gmbh.de\/en\/#organization"},"potentialAction":[{"@type":"SearchAction","target":{"@type":"EntryPoint","urlTemplate":"https:\/\/www.gruen-gmbh.de\/en\/?s={search_term_string}"},"query-input":{"@type":"PropertyValueSpecification","valueRequired":true,"valueName":"search_term_string"}}],"inLanguage":"en-US"},{"@type":"Organization","@id":"https:\/\/www.gruen-gmbh.de\/en\/#organization","name":"Gr\u00fcn GmbH","url":"https:\/\/www.gruen-gmbh.de\/en\/","logo":{"@type":"ImageObject","inLanguage":"en-US","@id":"https:\/\/www.gruen-gmbh.de\/en\/#\/schema\/logo\/image\/","url":"https:\/\/www.gruen-gmbh.de\/wp-content\/uploads\/2024\/07\/gruen-logo.webp","contentUrl":"https:\/\/www.gruen-gmbh.de\/wp-content\/uploads\/2024\/07\/gruen-logo.webp","width":672,"height":164,"caption":"Gr\u00fcn GmbH"},"image":{"@id":"https:\/\/www.gruen-gmbh.de\/en\/#\/schema\/logo\/image\/"}}]}},"_links":{"self":[{"href":"http:\/\/www.gruen-gmbh.de\/en\/wp-json\/wp\/v2\/product\/39566","targetHints":{"allow":["GET"]}}],"collection":[{"href":"http:\/\/www.gruen-gmbh.de\/en\/wp-json\/wp\/v2\/product"}],"about":[{"href":"http:\/\/www.gruen-gmbh.de\/en\/wp-json\/wp\/v2\/types\/product"}],"version-history":[{"count":0,"href":"http:\/\/www.gruen-gmbh.de\/en\/wp-json\/wp\/v2\/product\/39566\/revisions"}],"wp:featuredmedia":[{"embeddable":true,"href":"http:\/\/www.gruen-gmbh.de\/en\/wp-json\/wp\/v2\/media\/40176"}],"wp:attachment":[{"href":"http:\/\/www.gruen-gmbh.de\/en\/wp-json\/wp\/v2\/media?parent=39566"}],"wp:term":[{"taxonomy":"product_brand","embeddable":true,"href":"http:\/\/www.gruen-gmbh.de\/en\/wp-json\/wp\/v2\/product_brand?post=39566"},{"taxonomy":"product_cat","embeddable":true,"href":"http:\/\/www.gruen-gmbh.de\/en\/wp-json\/wp\/v2\/product_cat?post=39566"},{"taxonomy":"product_tag","embeddable":true,"href":"http:\/\/www.gruen-gmbh.de\/en\/wp-json\/wp\/v2\/product_tag?post=39566"}],"curies":[{"name":"wp","href":"https:\/\/api.w.org\/{rel}","templated":true}]}}