{"id":42593,"date":"2025-03-05T09:48:52","date_gmt":"2025-03-05T09:48:52","guid":{"rendered":"https:\/\/www.gruen-gmbh.de\/?page_id=42593"},"modified":"2025-06-23T05:46:29","modified_gmt":"2025-06-23T05:46:29","slug":"zertifizierung","status":"publish","type":"page","link":"https:\/\/www.gruen-gmbh.de\/en\/zertifizierung\/","title":{"rendered":"Certification"},"content":{"rendered":"<div data-elementor-type=\"wp-page\" data-elementor-id=\"42593\" class=\"elementor elementor-42593\" data-elementor-post-type=\"page\">\n\t\t\t\t<div class=\"elementor-element elementor-element-605f9e3 e-flex e-con-boxed e-con e-parent\" data-id=\"605f9e3\" data-element_type=\"container\">\n\t\t\t\t\t<div class=\"e-con-inner\">\n\t\t<div class=\"elementor-element elementor-element-7bd5d96 e-con-full e-flex e-con e-child\" data-id=\"7bd5d96\" data-element_type=\"container\">\n\t\t\t\t<div class=\"elementor-element elementor-element-9d21986 elementor-widget elementor-widget-image\" data-id=\"9d21986\" data-element_type=\"widget\" data-widget_type=\"image.default\">\n\t\t\t\t<div class=\"elementor-widget-container\">\n\t\t\t\t\t\t\t\t\t\t\t\t\t\t\t<img fetchpriority=\"high\" decoding=\"async\" width=\"300\" height=\"418\" src=\"https:\/\/www.gruen-gmbh.de\/wp-content\/uploads\/2025\/01\/9001_ger_tc_p.png\" class=\"attachment-full size-full wp-image-42583\" alt=\"\" srcset=\"https:\/\/www.gruen-gmbh.de\/wp-content\/uploads\/2025\/01\/9001_ger_tc_p.png 300w, https:\/\/www.gruen-gmbh.de\/wp-content\/uploads\/2025\/01\/9001_ger_tc_p-215x300.png 215w, https:\/\/www.gruen-gmbh.de\/wp-content\/uploads\/2025\/01\/9001_ger_tc_p-9x12.png 9w\" sizes=\"(max-width: 300px) 100vw, 300px\" \/>\t\t\t\t\t\t\t\t\t\t\t\t\t\t\t<\/div>\n\t\t\t\t<\/div>\n\t\t\t\t<\/div>\n\t\t<div class=\"elementor-element elementor-element-c91acdb e-con-full e-flex e-con e-child\" data-id=\"c91acdb\" data-element_type=\"container\">\n\t\t\t\t<div class=\"elementor-element elementor-element-cdfc3ae elementor-widget elementor-widget-heading\" data-id=\"cdfc3ae\" data-element_type=\"widget\" data-widget_type=\"heading.default\">\n\t\t\t\t<div class=\"elementor-widget-container\">\n\t\t\t\t\t<h2 class=\"elementor-heading-title elementor-size-default\">Zertifiziert nach ISO 9001:2015 \n\u2013 Qualit\u00e4t mit System<\/h2>\t\t\t\t<\/div>\n\t\t\t\t<\/div>\n\t\t\t\t<div class=\"elementor-element elementor-element-71fda8b elementor-widget elementor-widget-text-editor\" data-id=\"71fda8b\" data-element_type=\"widget\" data-widget_type=\"text-editor.default\">\n\t\t\t\t<div class=\"elementor-widget-container\">\n\t\t\t\t\t\t\t\t\t<p>Die GR\u00dcN GmbH Spezialmaschinenfabrik ist von der DEKRA nach dem internationalen Qualit\u00e4tsstandard <b>ISO 9001:2015<\/b> zertifiziert. Diese Zertifizierung best\u00e4tigt unser strukturiertes und wirksames Qualit\u00e4tsmanagement, das auf <b>h\u00f6chste Kundenzufriedenheit, verl\u00e4ssliche Prozesse<\/b> und <b>kontinuierliche Verbesserung<\/b> ausgerichtet ist.<\/p><p>Ein Ergebnis dieser gelebten Qualit\u00e4tskultur ist nicht nur das Vertrauen unserer langj\u00e4hrigen Kunden, sondern auch ein <b>positives und kollegiales Arbeitsumfeld<\/b>, das unsere t\u00e4gliche Zusammenarbeit st\u00e4rkt<i><\/i><\/p>\t\t\t\t\t\t\t\t<\/div>\n\t\t\t\t<\/div>\n\t\t\t\t<\/div>\n\t\t\t\t\t<\/div>\n\t\t\t\t<\/div>\n\t\t<div class=\"elementor-element elementor-element-b590c8e e-flex e-con-boxed e-con e-parent\" data-id=\"b590c8e\" data-element_type=\"container\">\n\t\t\t\t\t<div class=\"e-con-inner\">\n\t\t<div class=\"elementor-element elementor-element-ac12d10 e-con-full e-flex e-con e-child\" data-id=\"ac12d10\" data-element_type=\"container\">\n\t\t\t\t<div class=\"elementor-element elementor-element-46ca264 elementor-widget elementor-widget-text-editor\" data-id=\"46ca264\" data-element_type=\"widget\" data-widget_type=\"text-editor.default\">\n\t\t\t\t<div class=\"elementor-widget-container\">\n\t\t\t\t\t\t\t\t\t<p>Die Firma GR\u00dcN GmbH Spezialmaschinenfabrik ist von der DEKRA f\u00fcr die Entwicklung und Herstellung von Spezialmaschinen f\u00fcr die Bausektor zertifiziert.<\/p>\t\t\t\t\t\t\t\t<\/div>\n\t\t\t\t<\/div>\n\t\t\t\t<\/div>\n\t\t<div class=\"elementor-element elementor-element-a1c8dc5 e-con-full e-flex e-con e-child\" data-id=\"a1c8dc5\" data-element_type=\"container\">\n\t\t\t\t<div class=\"elementor-element elementor-element-30546e9 elementor-widget elementor-widget-image\" data-id=\"30546e9\" data-element_type=\"widget\" data-widget_type=\"image.default\">\n\t\t\t\t<div class=\"elementor-widget-container\">\n\t\t\t\t\t\t\t\t\t\t\t\t\t\t\t\t<a href=\"https:\/\/www.gruen-gmbh.de\/wp-content\/uploads\/2025\/03\/Zertifikat-40225099-DE-scaled.jpg\" data-elementor-open-lightbox=\"yes\" data-elementor-lightbox-title=\"Zertifikat 40225099 DE\" data-e-action-hash=\"#elementor-action%3Aaction%3Dlightbox%26settings%3DeyJpZCI6NDI2ODIsInVybCI6Imh0dHBzOlwvXC93d3cuZ3J1ZW4tZ21iaC5kZVwvd3AtY29udGVudFwvdXBsb2Fkc1wvMjAyNVwvMDNcL1plcnRpZmlrYXQtNDAyMjUwOTktREUtc2NhbGVkLmpwZyJ9\">\n\t\t\t\t\t\t\t<img decoding=\"async\" width=\"1810\" height=\"2560\" src=\"https:\/\/www.gruen-gmbh.de\/wp-content\/uploads\/2025\/03\/Zertifikat-40225099-DE-scaled.jpg\" class=\"attachment-full size-full wp-image-42682\" alt=\"\" srcset=\"https:\/\/www.gruen-gmbh.de\/wp-content\/uploads\/2025\/03\/Zertifikat-40225099-DE-scaled.jpg 1810w, https:\/\/www.gruen-gmbh.de\/wp-content\/uploads\/2025\/03\/Zertifikat-40225099-DE-scaled-600x849.jpg 600w, https:\/\/www.gruen-gmbh.de\/wp-content\/uploads\/2025\/03\/Zertifikat-40225099-DE-212x300.jpg 212w, https:\/\/www.gruen-gmbh.de\/wp-content\/uploads\/2025\/03\/Zertifikat-40225099-DE-724x1024.jpg 724w, https:\/\/www.gruen-gmbh.de\/wp-content\/uploads\/2025\/03\/Zertifikat-40225099-DE-768x1086.jpg 768w, https:\/\/www.gruen-gmbh.de\/wp-content\/uploads\/2025\/03\/Zertifikat-40225099-DE-1086x1536.jpg 1086w, https:\/\/www.gruen-gmbh.de\/wp-content\/uploads\/2025\/03\/Zertifikat-40225099-DE-1448x2048.jpg 1448w, https:\/\/www.gruen-gmbh.de\/wp-content\/uploads\/2025\/03\/Zertifikat-40225099-DE-8x12.jpg 8w\" sizes=\"(max-width: 1810px) 100vw, 1810px\" \/>\t\t\t\t\t\t\t\t<\/a>\n\t\t\t\t\t\t\t\t\t\t\t\t\t\t\t<\/div>\n\t\t\t\t<\/div>\n\t\t\t\t<\/div>\n\t\t\t\t\t<\/div>\n\t\t\t\t<\/div>\n\t\t\t\t<\/div>","protected":false},"excerpt":{"rendered":"<p>Zertifiziert nach ISO 9001:2015 \u2013 Qualit\u00e4t mit System Die GR\u00dcN GmbH Spezialmaschinenfabrik ist von der DEKRA nach dem internationalen Qualit\u00e4tsstandard ISO 9001:2015 zertifiziert. Diese Zertifizierung best\u00e4tigt unser strukturiertes und wirksames Qualit\u00e4tsmanagement, das auf h\u00f6chste Kundenzufriedenheit, verl\u00e4ssliche Prozesse und kontinuierliche Verbesserung ausgerichtet ist. Ein Ergebnis dieser gelebten Qualit\u00e4tskultur ist nicht nur das Vertrauen unserer langj\u00e4hrigen Kunden, [&hellip;]<\/p>","protected":false},"author":1,"featured_media":0,"parent":0,"menu_order":0,"comment_status":"closed","ping_status":"closed","template":"","meta":{"footnotes":""},"class_list":["post-42593","page","type-page","status-publish","hentry"],"yoast_head":"<!-- This site is optimized with the Yoast SEO plugin v26.3 - https:\/\/yoast.com\/wordpress\/plugins\/seo\/ -->\n<title>Zertifizierung - Gr\u00fcn GmbH<\/title>\n<meta name=\"robots\" content=\"index, follow, max-snippet:-1, max-image-preview:large, max-video-preview:-1\" \/>\n<link rel=\"canonical\" href=\"https:\/\/www.gruen-gmbh.de\/en\/zertifizierung\/\" \/>\n<meta property=\"og:locale\" content=\"en_US\" \/>\n<meta property=\"og:type\" content=\"article\" \/>\n<meta property=\"og:title\" content=\"Zertifizierung - Gr\u00fcn GmbH\" \/>\n<meta property=\"og:description\" content=\"Zertifiziert nach ISO 9001:2015 \u2013 Qualit\u00e4t mit System Die GR\u00dcN GmbH Spezialmaschinenfabrik ist von der DEKRA nach dem internationalen Qualit\u00e4tsstandard ISO 9001:2015 zertifiziert. Diese Zertifizierung best\u00e4tigt unser strukturiertes und wirksames Qualit\u00e4tsmanagement, das auf h\u00f6chste Kundenzufriedenheit, verl\u00e4ssliche Prozesse und kontinuierliche Verbesserung ausgerichtet ist. Ein Ergebnis dieser gelebten Qualit\u00e4tskultur ist nicht nur das Vertrauen unserer langj\u00e4hrigen Kunden, [&hellip;]\" \/>\n<meta property=\"og:url\" content=\"https:\/\/www.gruen-gmbh.de\/en\/zertifizierung\/\" \/>\n<meta property=\"og:site_name\" content=\"Gr\u00fcn GmbH\" \/>\n<meta property=\"article:modified_time\" content=\"2025-06-23T05:46:29+00:00\" \/>\n<meta property=\"og:image\" content=\"https:\/\/www.gruen-gmbh.de\/wp-content\/uploads\/2025\/01\/9001_ger_tc_p.png\" \/>\n\t<meta property=\"og:image:width\" content=\"300\" \/>\n\t<meta property=\"og:image:height\" content=\"418\" \/>\n\t<meta property=\"og:image:type\" content=\"image\/png\" \/>\n<meta name=\"twitter:card\" content=\"summary_large_image\" \/>\n<script type=\"application\/ld+json\" class=\"yoast-schema-graph\">{\"@context\":\"https:\/\/schema.org\",\"@graph\":[{\"@type\":\"WebPage\",\"@id\":\"https:\/\/www.gruen-gmbh.de\/zertifizierung\/\",\"url\":\"https:\/\/www.gruen-gmbh.de\/zertifizierung\/\",\"name\":\"Zertifizierung - Gr\u00fcn GmbH\",\"isPartOf\":{\"@id\":\"https:\/\/www.gruen-gmbh.de\/en\/#website\"},\"primaryImageOfPage\":{\"@id\":\"https:\/\/www.gruen-gmbh.de\/zertifizierung\/#primaryimage\"},\"image\":{\"@id\":\"https:\/\/www.gruen-gmbh.de\/zertifizierung\/#primaryimage\"},\"thumbnailUrl\":\"https:\/\/www.gruen-gmbh.de\/wp-content\/uploads\/2025\/01\/9001_ger_tc_p.png\",\"datePublished\":\"2025-03-05T09:48:52+00:00\",\"dateModified\":\"2025-06-23T05:46:29+00:00\",\"breadcrumb\":{\"@id\":\"https:\/\/www.gruen-gmbh.de\/zertifizierung\/#breadcrumb\"},\"inLanguage\":\"en-US\",\"potentialAction\":[{\"@type\":\"ReadAction\",\"target\":[\"https:\/\/www.gruen-gmbh.de\/zertifizierung\/\"]}]},{\"@type\":\"ImageObject\",\"inLanguage\":\"en-US\",\"@id\":\"https:\/\/www.gruen-gmbh.de\/zertifizierung\/#primaryimage\",\"url\":\"https:\/\/www.gruen-gmbh.de\/wp-content\/uploads\/2025\/01\/9001_ger_tc_p.png\",\"contentUrl\":\"https:\/\/www.gruen-gmbh.de\/wp-content\/uploads\/2025\/01\/9001_ger_tc_p.png\"},{\"@type\":\"BreadcrumbList\",\"@id\":\"https:\/\/www.gruen-gmbh.de\/zertifizierung\/#breadcrumb\",\"itemListElement\":[{\"@type\":\"ListItem\",\"position\":1,\"name\":\"Startseite\",\"item\":\"https:\/\/www.gruen-gmbh.de\/\"},{\"@type\":\"ListItem\",\"position\":2,\"name\":\"Zertifizierung\"}]},{\"@type\":\"WebSite\",\"@id\":\"https:\/\/www.gruen-gmbh.de\/en\/#website\",\"url\":\"https:\/\/www.gruen-gmbh.de\/en\/\",\"name\":\"Gr\u00fcn GmbH\",\"description\":\"\",\"publisher\":{\"@id\":\"https:\/\/www.gruen-gmbh.de\/en\/#organization\"},\"potentialAction\":[{\"@type\":\"SearchAction\",\"target\":{\"@type\":\"EntryPoint\",\"urlTemplate\":\"https:\/\/www.gruen-gmbh.de\/en\/?s={search_term_string}\"},\"query-input\":{\"@type\":\"PropertyValueSpecification\",\"valueRequired\":true,\"valueName\":\"search_term_string\"}}],\"inLanguage\":\"en-US\"},{\"@type\":\"Organization\",\"@id\":\"https:\/\/www.gruen-gmbh.de\/en\/#organization\",\"name\":\"Gr\u00fcn GmbH\",\"url\":\"https:\/\/www.gruen-gmbh.de\/en\/\",\"logo\":{\"@type\":\"ImageObject\",\"inLanguage\":\"en-US\",\"@id\":\"https:\/\/www.gruen-gmbh.de\/en\/#\/schema\/logo\/image\/\",\"url\":\"https:\/\/www.gruen-gmbh.de\/wp-content\/uploads\/2024\/07\/gruen-logo.webp\",\"contentUrl\":\"https:\/\/www.gruen-gmbh.de\/wp-content\/uploads\/2024\/07\/gruen-logo.webp\",\"width\":672,\"height\":164,\"caption\":\"Gr\u00fcn GmbH\"},\"image\":{\"@id\":\"https:\/\/www.gruen-gmbh.de\/en\/#\/schema\/logo\/image\/\"}}]}<\/script>\n<!-- \/ Yoast SEO plugin. -->","yoast_head_json":{"title":"Zertifizierung - Gr\u00fcn GmbH","robots":{"index":"index","follow":"follow","max-snippet":"max-snippet:-1","max-image-preview":"max-image-preview:large","max-video-preview":"max-video-preview:-1"},"canonical":"https:\/\/www.gruen-gmbh.de\/en\/zertifizierung\/","og_locale":"en_US","og_type":"article","og_title":"Zertifizierung - Gr\u00fcn GmbH","og_description":"Zertifiziert nach ISO 9001:2015 \u2013 Qualit\u00e4t mit System Die GR\u00dcN GmbH Spezialmaschinenfabrik ist von der DEKRA nach dem internationalen Qualit\u00e4tsstandard ISO 9001:2015 zertifiziert. Diese Zertifizierung best\u00e4tigt unser strukturiertes und wirksames Qualit\u00e4tsmanagement, das auf h\u00f6chste Kundenzufriedenheit, verl\u00e4ssliche Prozesse und kontinuierliche Verbesserung ausgerichtet ist. Ein Ergebnis dieser gelebten Qualit\u00e4tskultur ist nicht nur das Vertrauen unserer langj\u00e4hrigen Kunden, [&hellip;]","og_url":"https:\/\/www.gruen-gmbh.de\/en\/zertifizierung\/","og_site_name":"Gr\u00fcn GmbH","article_modified_time":"2025-06-23T05:46:29+00:00","og_image":[{"width":300,"height":418,"url":"https:\/\/www.gruen-gmbh.de\/wp-content\/uploads\/2025\/01\/9001_ger_tc_p.png","type":"image\/png"}],"twitter_card":"summary_large_image","schema":{"@context":"https:\/\/schema.org","@graph":[{"@type":"WebPage","@id":"https:\/\/www.gruen-gmbh.de\/zertifizierung\/","url":"https:\/\/www.gruen-gmbh.de\/zertifizierung\/","name":"Zertifizierung - Gr\u00fcn GmbH","isPartOf":{"@id":"https:\/\/www.gruen-gmbh.de\/en\/#website"},"primaryImageOfPage":{"@id":"https:\/\/www.gruen-gmbh.de\/zertifizierung\/#primaryimage"},"image":{"@id":"https:\/\/www.gruen-gmbh.de\/zertifizierung\/#primaryimage"},"thumbnailUrl":"https:\/\/www.gruen-gmbh.de\/wp-content\/uploads\/2025\/01\/9001_ger_tc_p.png","datePublished":"2025-03-05T09:48:52+00:00","dateModified":"2025-06-23T05:46:29+00:00","breadcrumb":{"@id":"https:\/\/www.gruen-gmbh.de\/zertifizierung\/#breadcrumb"},"inLanguage":"en-US","potentialAction":[{"@type":"ReadAction","target":["https:\/\/www.gruen-gmbh.de\/zertifizierung\/"]}]},{"@type":"ImageObject","inLanguage":"en-US","@id":"https:\/\/www.gruen-gmbh.de\/zertifizierung\/#primaryimage","url":"https:\/\/www.gruen-gmbh.de\/wp-content\/uploads\/2025\/01\/9001_ger_tc_p.png","contentUrl":"https:\/\/www.gruen-gmbh.de\/wp-content\/uploads\/2025\/01\/9001_ger_tc_p.png"},{"@type":"BreadcrumbList","@id":"https:\/\/www.gruen-gmbh.de\/zertifizierung\/#breadcrumb","itemListElement":[{"@type":"ListItem","position":1,"name":"Startseite","item":"https:\/\/www.gruen-gmbh.de\/"},{"@type":"ListItem","position":2,"name":"Zertifizierung"}]},{"@type":"WebSite","@id":"https:\/\/www.gruen-gmbh.de\/en\/#website","url":"https:\/\/www.gruen-gmbh.de\/en\/","name":"Gr\u00fcn GmbH","description":"","publisher":{"@id":"https:\/\/www.gruen-gmbh.de\/en\/#organization"},"potentialAction":[{"@type":"SearchAction","target":{"@type":"EntryPoint","urlTemplate":"https:\/\/www.gruen-gmbh.de\/en\/?s={search_term_string}"},"query-input":{"@type":"PropertyValueSpecification","valueRequired":true,"valueName":"search_term_string"}}],"inLanguage":"en-US"},{"@type":"Organization","@id":"https:\/\/www.gruen-gmbh.de\/en\/#organization","name":"Gr\u00fcn GmbH","url":"https:\/\/www.gruen-gmbh.de\/en\/","logo":{"@type":"ImageObject","inLanguage":"en-US","@id":"https:\/\/www.gruen-gmbh.de\/en\/#\/schema\/logo\/image\/","url":"https:\/\/www.gruen-gmbh.de\/wp-content\/uploads\/2024\/07\/gruen-logo.webp","contentUrl":"https:\/\/www.gruen-gmbh.de\/wp-content\/uploads\/2024\/07\/gruen-logo.webp","width":672,"height":164,"caption":"Gr\u00fcn GmbH"},"image":{"@id":"https:\/\/www.gruen-gmbh.de\/en\/#\/schema\/logo\/image\/"}}]}},"_links":{"self":[{"href":"https:\/\/www.gruen-gmbh.de\/en\/wp-json\/wp\/v2\/pages\/42593","targetHints":{"allow":["GET"]}}],"collection":[{"href":"https:\/\/www.gruen-gmbh.de\/en\/wp-json\/wp\/v2\/pages"}],"about":[{"href":"https:\/\/www.gruen-gmbh.de\/en\/wp-json\/wp\/v2\/types\/page"}],"author":[{"embeddable":true,"href":"https:\/\/www.gruen-gmbh.de\/en\/wp-json\/wp\/v2\/users\/1"}],"replies":[{"embeddable":true,"href":"https:\/\/www.gruen-gmbh.de\/en\/wp-json\/wp\/v2\/comments?post=42593"}],"version-history":[{"count":0,"href":"https:\/\/www.gruen-gmbh.de\/en\/wp-json\/wp\/v2\/pages\/42593\/revisions"}],"wp:attachment":[{"href":"https:\/\/www.gruen-gmbh.de\/en\/wp-json\/wp\/v2\/media?parent=42593"}],"curies":[{"name":"wp","href":"https:\/\/api.w.org\/{rel}","templated":true}]}}