{"id":38121,"date":"2024-07-31T09:53:23","date_gmt":"2024-07-31T09:53:23","guid":{"rendered":"https:\/\/eventgruen.online\/produkt\/heissluft-lanzenbrenner-mit-kompressor-einheit-hlb-1000-komp\/"},"modified":"2025-04-02T09:08:32","modified_gmt":"2025-04-02T09:08:32","slug":"heissluft-lanzenbrenner-mit-kompressor-einheit-hlb-1000-komp","status":"publish","type":"product","link":"https:\/\/www.gruen-gmbh.de\/en\/product\/heissluft-lanzenbrenner-mit-kompressor-einheit-hlb-1000-komp\/","title":{"rendered":"Hot air lance burner with compressor unit HLB 1000 comp"},"content":{"rendered":"<ul>\n<li>Low maximum propane gas pressure of 0,6 bar allows for longlasting maximum heat output with low gas consumption.<\/li>\n<li>Model with heat shield, protective grating and quick automatic switch for the actuation of the working flame.<\/li>\n<li>The hot air lance burner includes a piezoelectric ignition.<\/li>\n<li>Easy handling by the big steering wheels.<\/li>\n<li>High-performance compressor unit with Honda petrol engine GX 390 on vibration damper.<\/li>\n<li>Hydraulically driven propulsion with driver seat, available as an option.<\/li>\n<\/ul>\n<p>&nbsp;<\/p>\n<p><strong>Technical data<br \/>\nHot air lance burner with compressor unit HLB 1000 comp:<\/strong><\/p>\n<div class=\"table-responsive\">\n<table class=\"table\">\n<tbody>\n<tr>\n<td width=\"50%\">Part no.<\/td>\n<td width=\"50%\">0830 0000<\/td>\n<\/tr>\n<tr>\n<td>Max. gas flow<\/td>\n<td>6,5 kg\/h<\/td>\n<\/tr>\n<tr>\n<td>Type of gas<\/td>\n<td>Propan<\/td>\n<\/tr>\n<tr>\n<td>Max. Operating gas pressure<\/td>\n<td>1,0 bar<\/td>\n<\/tr>\n<tr>\n<td><b>Honda petrol engine:<\/b><\/td>\n<td><\/td>\n<\/tr>\n<tr>\n<td>Type<\/td>\n<td>GX 390<\/td>\n<\/tr>\n<tr>\n<td>Power approxe<\/td>\n<td>8,2 kW<\/td>\n<\/tr>\n<tr>\n<td><b>Compressor:<\/b><\/td>\n<td><\/td>\n<\/tr>\n<tr>\n<td>Max. air pressure approx.<\/td>\n<td>8 bar<\/td>\n<\/tr>\n<tr>\n<td>Air output approx.<\/td>\n<td>1.000 l<\/td>\n<\/tr>\n<tr>\n<td><b>Dimesions:<\/b><\/td>\n<td><\/td>\n<\/tr>\n<tr>\n<td>Length approx.<\/td>\n<td>1.400 mm<\/td>\n<\/tr>\n<tr>\n<td>Width approx.<\/td>\n<td>930 mm<\/td>\n<\/tr>\n<tr>\n<td>Height approx.<\/td>\n<td>1.200 mm<\/td>\n<\/tr>\n<tr>\n<td>Dead weight incl. 11 kg gas bottle approx.<\/td>\n<td>194 kg<\/td>\n<\/tr>\n<\/tbody>\n<\/table>\n<\/div>","protected":false},"excerpt":{"rendered":"<p>For drying, heating and blowing out cracks and joints in road surfaces. For creating the ideal conditions for joint sealing.<\/p>","protected":false},"featured_media":35476,"template":"","meta":[],"product_brand":[],"product_cat":[34,35],"product_tag":[],"class_list":{"0":"post-38121","1":"product","2":"type-product","3":"status-publish","4":"has-post-thumbnail","6":"product_cat-strassenbaumaschinen","7":"product_cat-rissvorbereitung","9":"first","10":"instock","11":"shipping-taxable","12":"product-type-simple"},"yoast_head":"<!-- This site is optimized with the Yoast SEO plugin v26.3 - https:\/\/yoast.com\/wordpress\/plugins\/seo\/ -->\n<title>Hei\u00dfluft-Lanzenbrenner mit Kompressor Einheit HLB 1000 Komp - Gr\u00fcn GmbH<\/title>\n<meta name=\"robots\" content=\"index, follow, max-snippet:-1, max-image-preview:large, max-video-preview:-1\" \/>\n<link rel=\"canonical\" href=\"https:\/\/www.gruen-gmbh.de\/en\/product\/heissluft-lanzenbrenner-mit-kompressor-einheit-hlb-1000-komp\/\" \/>\n<meta property=\"og:locale\" content=\"en_US\" \/>\n<meta property=\"og:type\" content=\"article\" \/>\n<meta property=\"og:title\" content=\"Hei\u00dfluft-Lanzenbrenner mit Kompressor Einheit HLB 1000 Komp - Gr\u00fcn GmbH\" \/>\n<meta property=\"og:description\" content=\"Zum Trocknen, Anschmelzen und Ausblasen von Rissen und Fugen in Stra\u00dfenbel\u00e4gen. Zur Schaffung idealer Voraussetzungen f\u00fcr den Hei\u00dfverguss.\" \/>\n<meta property=\"og:url\" content=\"https:\/\/www.gruen-gmbh.de\/en\/product\/heissluft-lanzenbrenner-mit-kompressor-einheit-hlb-1000-komp\/\" \/>\n<meta property=\"og:site_name\" content=\"Gr\u00fcn GmbH\" \/>\n<meta property=\"article:modified_time\" content=\"2025-04-02T09:08:32+00:00\" \/>\n<meta property=\"og:image\" content=\"https:\/\/www.gruen-gmbh.de\/wp-content\/uploads\/2023\/04\/IMG_1333.jpg\" \/>\n\t<meta property=\"og:image:width\" content=\"1200\" \/>\n\t<meta property=\"og:image:height\" content=\"783\" \/>\n\t<meta property=\"og:image:type\" content=\"image\/jpeg\" \/>\n<meta name=\"twitter:card\" content=\"summary_large_image\" \/>\n<meta name=\"twitter:label1\" content=\"Est. reading time\" \/>\n\t<meta name=\"twitter:data1\" content=\"1 minute\" \/>\n<script type=\"application\/ld+json\" class=\"yoast-schema-graph\">{\"@context\":\"https:\/\/schema.org\",\"@graph\":[{\"@type\":\"WebPage\",\"@id\":\"https:\/\/www.gruen-gmbh.de\/en\/product\/heissluft-lanzenbrenner-mit-kompressor-einheit-hlb-1000-komp\/\",\"url\":\"https:\/\/www.gruen-gmbh.de\/en\/product\/heissluft-lanzenbrenner-mit-kompressor-einheit-hlb-1000-komp\/\",\"name\":\"Hei\u00dfluft-Lanzenbrenner mit Kompressor Einheit HLB 1000 Komp - Gr\u00fcn GmbH\",\"isPartOf\":{\"@id\":\"https:\/\/www.gruen-gmbh.de\/en\/#website\"},\"primaryImageOfPage\":{\"@id\":\"https:\/\/www.gruen-gmbh.de\/en\/product\/heissluft-lanzenbrenner-mit-kompressor-einheit-hlb-1000-komp\/#primaryimage\"},\"image\":{\"@id\":\"https:\/\/www.gruen-gmbh.de\/en\/product\/heissluft-lanzenbrenner-mit-kompressor-einheit-hlb-1000-komp\/#primaryimage\"},\"thumbnailUrl\":\"https:\/\/www.gruen-gmbh.de\/wp-content\/uploads\/2023\/04\/IMG_1333.jpg\",\"datePublished\":\"2024-07-31T09:53:23+00:00\",\"dateModified\":\"2025-04-02T09:08:32+00:00\",\"breadcrumb\":{\"@id\":\"https:\/\/www.gruen-gmbh.de\/en\/product\/heissluft-lanzenbrenner-mit-kompressor-einheit-hlb-1000-komp\/#breadcrumb\"},\"inLanguage\":\"en-US\",\"potentialAction\":[{\"@type\":\"ReadAction\",\"target\":[\"https:\/\/www.gruen-gmbh.de\/en\/product\/heissluft-lanzenbrenner-mit-kompressor-einheit-hlb-1000-komp\/\"]}]},{\"@type\":\"ImageObject\",\"inLanguage\":\"en-US\",\"@id\":\"https:\/\/www.gruen-gmbh.de\/en\/product\/heissluft-lanzenbrenner-mit-kompressor-einheit-hlb-1000-komp\/#primaryimage\",\"url\":\"https:\/\/www.gruen-gmbh.de\/wp-content\/uploads\/2023\/04\/IMG_1333.jpg\",\"contentUrl\":\"https:\/\/www.gruen-gmbh.de\/wp-content\/uploads\/2023\/04\/IMG_1333.jpg\",\"width\":1200,\"height\":783},{\"@type\":\"BreadcrumbList\",\"@id\":\"https:\/\/www.gruen-gmbh.de\/en\/product\/heissluft-lanzenbrenner-mit-kompressor-einheit-hlb-1000-komp\/#breadcrumb\",\"itemListElement\":[{\"@type\":\"ListItem\",\"position\":1,\"name\":\"Startseite\",\"item\":\"https:\/\/www.gruen-gmbh.de\/\"},{\"@type\":\"ListItem\",\"position\":2,\"name\":\"Shop\",\"item\":\"https:\/\/www.gruen-gmbh.de\/en\/shop\/\"},{\"@type\":\"ListItem\",\"position\":3,\"name\":\"Hei\u00dfluft-Lanzenbrenner mit Kompressor Einheit HLB 1000 Komp\"}]},{\"@type\":\"WebSite\",\"@id\":\"https:\/\/www.gruen-gmbh.de\/en\/#website\",\"url\":\"https:\/\/www.gruen-gmbh.de\/en\/\",\"name\":\"Gr\u00fcn GmbH\",\"description\":\"\",\"publisher\":{\"@id\":\"https:\/\/www.gruen-gmbh.de\/en\/#organization\"},\"potentialAction\":[{\"@type\":\"SearchAction\",\"target\":{\"@type\":\"EntryPoint\",\"urlTemplate\":\"https:\/\/www.gruen-gmbh.de\/en\/?s={search_term_string}\"},\"query-input\":{\"@type\":\"PropertyValueSpecification\",\"valueRequired\":true,\"valueName\":\"search_term_string\"}}],\"inLanguage\":\"en-US\"},{\"@type\":\"Organization\",\"@id\":\"https:\/\/www.gruen-gmbh.de\/en\/#organization\",\"name\":\"Gr\u00fcn GmbH\",\"url\":\"https:\/\/www.gruen-gmbh.de\/en\/\",\"logo\":{\"@type\":\"ImageObject\",\"inLanguage\":\"en-US\",\"@id\":\"https:\/\/www.gruen-gmbh.de\/en\/#\/schema\/logo\/image\/\",\"url\":\"https:\/\/www.gruen-gmbh.de\/wp-content\/uploads\/2024\/07\/gruen-logo.webp\",\"contentUrl\":\"https:\/\/www.gruen-gmbh.de\/wp-content\/uploads\/2024\/07\/gruen-logo.webp\",\"width\":672,\"height\":164,\"caption\":\"Gr\u00fcn GmbH\"},\"image\":{\"@id\":\"https:\/\/www.gruen-gmbh.de\/en\/#\/schema\/logo\/image\/\"}}]}<\/script>\n<!-- \/ Yoast SEO plugin. -->","yoast_head_json":{"title":"Hei\u00dfluft-Lanzenbrenner mit Kompressor Einheit HLB 1000 Komp - Gr\u00fcn GmbH","robots":{"index":"index","follow":"follow","max-snippet":"max-snippet:-1","max-image-preview":"max-image-preview:large","max-video-preview":"max-video-preview:-1"},"canonical":"https:\/\/www.gruen-gmbh.de\/en\/product\/heissluft-lanzenbrenner-mit-kompressor-einheit-hlb-1000-komp\/","og_locale":"en_US","og_type":"article","og_title":"Hei\u00dfluft-Lanzenbrenner mit Kompressor Einheit HLB 1000 Komp - Gr\u00fcn GmbH","og_description":"Zum Trocknen, Anschmelzen und Ausblasen von Rissen und Fugen in Stra\u00dfenbel\u00e4gen. Zur Schaffung idealer Voraussetzungen f\u00fcr den Hei\u00dfverguss.","og_url":"https:\/\/www.gruen-gmbh.de\/en\/product\/heissluft-lanzenbrenner-mit-kompressor-einheit-hlb-1000-komp\/","og_site_name":"Gr\u00fcn GmbH","article_modified_time":"2025-04-02T09:08:32+00:00","og_image":[{"width":1200,"height":783,"url":"https:\/\/www.gruen-gmbh.de\/wp-content\/uploads\/2023\/04\/IMG_1333.jpg","type":"image\/jpeg"}],"twitter_card":"summary_large_image","twitter_misc":{"Est. reading time":"1 minute"},"schema":{"@context":"https:\/\/schema.org","@graph":[{"@type":"WebPage","@id":"https:\/\/www.gruen-gmbh.de\/en\/product\/heissluft-lanzenbrenner-mit-kompressor-einheit-hlb-1000-komp\/","url":"https:\/\/www.gruen-gmbh.de\/en\/product\/heissluft-lanzenbrenner-mit-kompressor-einheit-hlb-1000-komp\/","name":"Hei\u00dfluft-Lanzenbrenner mit Kompressor Einheit HLB 1000 Komp - Gr\u00fcn GmbH","isPartOf":{"@id":"https:\/\/www.gruen-gmbh.de\/en\/#website"},"primaryImageOfPage":{"@id":"https:\/\/www.gruen-gmbh.de\/en\/product\/heissluft-lanzenbrenner-mit-kompressor-einheit-hlb-1000-komp\/#primaryimage"},"image":{"@id":"https:\/\/www.gruen-gmbh.de\/en\/product\/heissluft-lanzenbrenner-mit-kompressor-einheit-hlb-1000-komp\/#primaryimage"},"thumbnailUrl":"https:\/\/www.gruen-gmbh.de\/wp-content\/uploads\/2023\/04\/IMG_1333.jpg","datePublished":"2024-07-31T09:53:23+00:00","dateModified":"2025-04-02T09:08:32+00:00","breadcrumb":{"@id":"https:\/\/www.gruen-gmbh.de\/en\/product\/heissluft-lanzenbrenner-mit-kompressor-einheit-hlb-1000-komp\/#breadcrumb"},"inLanguage":"en-US","potentialAction":[{"@type":"ReadAction","target":["https:\/\/www.gruen-gmbh.de\/en\/product\/heissluft-lanzenbrenner-mit-kompressor-einheit-hlb-1000-komp\/"]}]},{"@type":"ImageObject","inLanguage":"en-US","@id":"https:\/\/www.gruen-gmbh.de\/en\/product\/heissluft-lanzenbrenner-mit-kompressor-einheit-hlb-1000-komp\/#primaryimage","url":"https:\/\/www.gruen-gmbh.de\/wp-content\/uploads\/2023\/04\/IMG_1333.jpg","contentUrl":"https:\/\/www.gruen-gmbh.de\/wp-content\/uploads\/2023\/04\/IMG_1333.jpg","width":1200,"height":783},{"@type":"BreadcrumbList","@id":"https:\/\/www.gruen-gmbh.de\/en\/product\/heissluft-lanzenbrenner-mit-kompressor-einheit-hlb-1000-komp\/#breadcrumb","itemListElement":[{"@type":"ListItem","position":1,"name":"Startseite","item":"https:\/\/www.gruen-gmbh.de\/"},{"@type":"ListItem","position":2,"name":"Shop","item":"https:\/\/www.gruen-gmbh.de\/en\/shop\/"},{"@type":"ListItem","position":3,"name":"Hei\u00dfluft-Lanzenbrenner mit Kompressor Einheit HLB 1000 Komp"}]},{"@type":"WebSite","@id":"https:\/\/www.gruen-gmbh.de\/en\/#website","url":"https:\/\/www.gruen-gmbh.de\/en\/","name":"Gr\u00fcn GmbH","description":"","publisher":{"@id":"https:\/\/www.gruen-gmbh.de\/en\/#organization"},"potentialAction":[{"@type":"SearchAction","target":{"@type":"EntryPoint","urlTemplate":"https:\/\/www.gruen-gmbh.de\/en\/?s={search_term_string}"},"query-input":{"@type":"PropertyValueSpecification","valueRequired":true,"valueName":"search_term_string"}}],"inLanguage":"en-US"},{"@type":"Organization","@id":"https:\/\/www.gruen-gmbh.de\/en\/#organization","name":"Gr\u00fcn GmbH","url":"https:\/\/www.gruen-gmbh.de\/en\/","logo":{"@type":"ImageObject","inLanguage":"en-US","@id":"https:\/\/www.gruen-gmbh.de\/en\/#\/schema\/logo\/image\/","url":"https:\/\/www.gruen-gmbh.de\/wp-content\/uploads\/2024\/07\/gruen-logo.webp","contentUrl":"https:\/\/www.gruen-gmbh.de\/wp-content\/uploads\/2024\/07\/gruen-logo.webp","width":672,"height":164,"caption":"Gr\u00fcn GmbH"},"image":{"@id":"https:\/\/www.gruen-gmbh.de\/en\/#\/schema\/logo\/image\/"}}]}},"_links":{"self":[{"href":"https:\/\/www.gruen-gmbh.de\/en\/wp-json\/wp\/v2\/product\/38121","targetHints":{"allow":["GET"]}}],"collection":[{"href":"https:\/\/www.gruen-gmbh.de\/en\/wp-json\/wp\/v2\/product"}],"about":[{"href":"https:\/\/www.gruen-gmbh.de\/en\/wp-json\/wp\/v2\/types\/product"}],"version-history":[{"count":0,"href":"https:\/\/www.gruen-gmbh.de\/en\/wp-json\/wp\/v2\/product\/38121\/revisions"}],"wp:featuredmedia":[{"embeddable":true,"href":"https:\/\/www.gruen-gmbh.de\/en\/wp-json\/wp\/v2\/media\/35476"}],"wp:attachment":[{"href":"https:\/\/www.gruen-gmbh.de\/en\/wp-json\/wp\/v2\/media?parent=38121"}],"wp:term":[{"taxonomy":"product_brand","embeddable":true,"href":"https:\/\/www.gruen-gmbh.de\/en\/wp-json\/wp\/v2\/product_brand?post=38121"},{"taxonomy":"product_cat","embeddable":true,"href":"https:\/\/www.gruen-gmbh.de\/en\/wp-json\/wp\/v2\/product_cat?post=38121"},{"taxonomy":"product_tag","embeddable":true,"href":"https:\/\/www.gruen-gmbh.de\/en\/wp-json\/wp\/v2\/product_tag?post=38121"}],"curies":[{"name":"wp","href":"https:\/\/api.w.org\/{rel}","templated":true}]}}