{"id":38164,"date":"2024-07-31T11:08:04","date_gmt":"2024-07-31T11:08:04","guid":{"rendered":"https:\/\/eventgruen.online\/?post_type=product&#038;p=38164"},"modified":"2025-09-24T10:39:51","modified_gmt":"2025-09-24T10:39:51","slug":"aufschmelz-verguss-geraet-avg-50","status":"publish","type":"product","link":"https:\/\/www.gruen-gmbh.de\/en\/product\/aufschmelz-verguss-geraet-avg-50\/","title":{"rendered":"AVG 50 melting and sealing device"},"content":{"rendered":"<ul>\n<li>Capacity 50 L<\/li>\n<li>Boiler with double shell insulation and manual agitator for mixing the melted material<\/li>\n<li>Heating via flame-shield using 11 kW propane vortex beam burner with safety pilot, ignition burner and piezo ignition<\/li>\n<li>Temperature control for the melted material, range from 150 \u00b0C to 270 \u00b0C and temperature limiter<\/li>\n<li>Integrated 11 kg propane gas bottle holder<\/li>\n<li>Joint sealing device with screed box 6 cm wide for \u201coverlap sealing\u201d<\/li>\n<li>Drying and warming of the joint with attached propane burner<\/li>\n<li>Manoeuvrable, conveniently mobile!<\/li>\n<\/ul>","protected":false},"excerpt":{"rendered":"<p>Melting and sealing device for melting and filling bituminous joint sealing material.<\/p>","protected":false},"featured_media":40865,"template":"","meta":[],"product_brand":[],"product_cat":[34,130],"product_tag":[],"class_list":{"0":"post-38164","1":"product","2":"type-product","3":"status-publish","4":"has-post-thumbnail","6":"product_cat-strassenbaumaschinen","7":"product_cat-fugenvergusseinrichtung","9":"first","10":"instock","11":"shipping-taxable","12":"product-type-simple"},"yoast_head":"<!-- This site is optimized with the Yoast SEO plugin v26.3 - https:\/\/yoast.com\/wordpress\/plugins\/seo\/ -->\n<title>Aufschmelz-Verguss-Ger\u00e4t AVG 50 - Gr\u00fcn GmbH<\/title>\n<meta name=\"robots\" content=\"index, follow, max-snippet:-1, max-image-preview:large, max-video-preview:-1\" \/>\n<link rel=\"canonical\" href=\"https:\/\/www.gruen-gmbh.de\/en\/product\/aufschmelz-verguss-geraet-avg-50\/\" \/>\n<meta property=\"og:locale\" content=\"en_US\" \/>\n<meta property=\"og:type\" content=\"article\" \/>\n<meta property=\"og:title\" content=\"Aufschmelz-Verguss-Ger\u00e4t AVG 50 - Gr\u00fcn GmbH\" \/>\n<meta property=\"og:description\" content=\"Aufschmelz-Verguss-Ger\u00e4t zum Aufschmelzen und Vergie\u00dfen von bitumin\u00f6sem Fugenvergussmaterial.\" \/>\n<meta property=\"og:url\" content=\"https:\/\/www.gruen-gmbh.de\/en\/product\/aufschmelz-verguss-geraet-avg-50\/\" \/>\n<meta property=\"og:site_name\" content=\"Gr\u00fcn GmbH\" \/>\n<meta property=\"article:modified_time\" content=\"2025-09-24T10:39:51+00:00\" \/>\n<meta property=\"og:image\" content=\"https:\/\/www.gruen-gmbh.de\/wp-content\/uploads\/2024\/11\/837170000_AVG50_4030956080388_07-1024x688-2.jpg\" \/>\n\t<meta property=\"og:image:width\" content=\"1024\" \/>\n\t<meta property=\"og:image:height\" content=\"688\" \/>\n\t<meta property=\"og:image:type\" content=\"image\/jpeg\" \/>\n<meta name=\"twitter:card\" content=\"summary_large_image\" \/>\n<script type=\"application\/ld+json\" class=\"yoast-schema-graph\">{\"@context\":\"https:\/\/schema.org\",\"@graph\":[{\"@type\":\"WebPage\",\"@id\":\"https:\/\/www.gruen-gmbh.de\/produkt\/aufschmelz-verguss-geraet-avg-50\/\",\"url\":\"https:\/\/www.gruen-gmbh.de\/produkt\/aufschmelz-verguss-geraet-avg-50\/\",\"name\":\"Aufschmelz-Verguss-Ger\u00e4t AVG 50 - Gr\u00fcn GmbH\",\"isPartOf\":{\"@id\":\"https:\/\/www.gruen-gmbh.de\/en\/#website\"},\"primaryImageOfPage\":{\"@id\":\"https:\/\/www.gruen-gmbh.de\/produkt\/aufschmelz-verguss-geraet-avg-50\/#primaryimage\"},\"image\":{\"@id\":\"https:\/\/www.gruen-gmbh.de\/produkt\/aufschmelz-verguss-geraet-avg-50\/#primaryimage\"},\"thumbnailUrl\":\"https:\/\/www.gruen-gmbh.de\/wp-content\/uploads\/2024\/11\/837170000_AVG50_4030956080388_07-1024x688-2.jpg\",\"datePublished\":\"2024-07-31T11:08:04+00:00\",\"dateModified\":\"2025-09-24T10:39:51+00:00\",\"breadcrumb\":{\"@id\":\"https:\/\/www.gruen-gmbh.de\/produkt\/aufschmelz-verguss-geraet-avg-50\/#breadcrumb\"},\"inLanguage\":\"en-US\",\"potentialAction\":[{\"@type\":\"ReadAction\",\"target\":[\"https:\/\/www.gruen-gmbh.de\/produkt\/aufschmelz-verguss-geraet-avg-50\/\"]}]},{\"@type\":\"ImageObject\",\"inLanguage\":\"en-US\",\"@id\":\"https:\/\/www.gruen-gmbh.de\/produkt\/aufschmelz-verguss-geraet-avg-50\/#primaryimage\",\"url\":\"https:\/\/www.gruen-gmbh.de\/wp-content\/uploads\/2024\/11\/837170000_AVG50_4030956080388_07-1024x688-2.jpg\",\"contentUrl\":\"https:\/\/www.gruen-gmbh.de\/wp-content\/uploads\/2024\/11\/837170000_AVG50_4030956080388_07-1024x688-2.jpg\",\"width\":1024,\"height\":688},{\"@type\":\"BreadcrumbList\",\"@id\":\"https:\/\/www.gruen-gmbh.de\/produkt\/aufschmelz-verguss-geraet-avg-50\/#breadcrumb\",\"itemListElement\":[{\"@type\":\"ListItem\",\"position\":1,\"name\":\"Startseite\",\"item\":\"https:\/\/www.gruen-gmbh.de\/\"},{\"@type\":\"ListItem\",\"position\":2,\"name\":\"Shop\",\"item\":\"https:\/\/www.gruen-gmbh.de\/en\/shop\/\"},{\"@type\":\"ListItem\",\"position\":3,\"name\":\"Aufschmelz-Verguss-Ger\u00e4t AVG 50\"}]},{\"@type\":\"WebSite\",\"@id\":\"https:\/\/www.gruen-gmbh.de\/en\/#website\",\"url\":\"https:\/\/www.gruen-gmbh.de\/en\/\",\"name\":\"Gr\u00fcn GmbH\",\"description\":\"\",\"publisher\":{\"@id\":\"https:\/\/www.gruen-gmbh.de\/en\/#organization\"},\"potentialAction\":[{\"@type\":\"SearchAction\",\"target\":{\"@type\":\"EntryPoint\",\"urlTemplate\":\"https:\/\/www.gruen-gmbh.de\/en\/?s={search_term_string}\"},\"query-input\":{\"@type\":\"PropertyValueSpecification\",\"valueRequired\":true,\"valueName\":\"search_term_string\"}}],\"inLanguage\":\"en-US\"},{\"@type\":\"Organization\",\"@id\":\"https:\/\/www.gruen-gmbh.de\/en\/#organization\",\"name\":\"Gr\u00fcn GmbH\",\"url\":\"https:\/\/www.gruen-gmbh.de\/en\/\",\"logo\":{\"@type\":\"ImageObject\",\"inLanguage\":\"en-US\",\"@id\":\"https:\/\/www.gruen-gmbh.de\/en\/#\/schema\/logo\/image\/\",\"url\":\"https:\/\/www.gruen-gmbh.de\/wp-content\/uploads\/2024\/07\/gruen-logo.webp\",\"contentUrl\":\"https:\/\/www.gruen-gmbh.de\/wp-content\/uploads\/2024\/07\/gruen-logo.webp\",\"width\":672,\"height\":164,\"caption\":\"Gr\u00fcn GmbH\"},\"image\":{\"@id\":\"https:\/\/www.gruen-gmbh.de\/en\/#\/schema\/logo\/image\/\"}}]}<\/script>\n<!-- \/ Yoast SEO plugin. -->","yoast_head_json":{"title":"Aufschmelz-Verguss-Ger\u00e4t AVG 50 - Gr\u00fcn GmbH","robots":{"index":"index","follow":"follow","max-snippet":"max-snippet:-1","max-image-preview":"max-image-preview:large","max-video-preview":"max-video-preview:-1"},"canonical":"https:\/\/www.gruen-gmbh.de\/en\/product\/aufschmelz-verguss-geraet-avg-50\/","og_locale":"en_US","og_type":"article","og_title":"Aufschmelz-Verguss-Ger\u00e4t AVG 50 - Gr\u00fcn GmbH","og_description":"Aufschmelz-Verguss-Ger\u00e4t zum Aufschmelzen und Vergie\u00dfen von bitumin\u00f6sem Fugenvergussmaterial.","og_url":"https:\/\/www.gruen-gmbh.de\/en\/product\/aufschmelz-verguss-geraet-avg-50\/","og_site_name":"Gr\u00fcn GmbH","article_modified_time":"2025-09-24T10:39:51+00:00","og_image":[{"width":1024,"height":688,"url":"https:\/\/www.gruen-gmbh.de\/wp-content\/uploads\/2024\/11\/837170000_AVG50_4030956080388_07-1024x688-2.jpg","type":"image\/jpeg"}],"twitter_card":"summary_large_image","schema":{"@context":"https:\/\/schema.org","@graph":[{"@type":"WebPage","@id":"https:\/\/www.gruen-gmbh.de\/produkt\/aufschmelz-verguss-geraet-avg-50\/","url":"https:\/\/www.gruen-gmbh.de\/produkt\/aufschmelz-verguss-geraet-avg-50\/","name":"Aufschmelz-Verguss-Ger\u00e4t AVG 50 - Gr\u00fcn GmbH","isPartOf":{"@id":"https:\/\/www.gruen-gmbh.de\/en\/#website"},"primaryImageOfPage":{"@id":"https:\/\/www.gruen-gmbh.de\/produkt\/aufschmelz-verguss-geraet-avg-50\/#primaryimage"},"image":{"@id":"https:\/\/www.gruen-gmbh.de\/produkt\/aufschmelz-verguss-geraet-avg-50\/#primaryimage"},"thumbnailUrl":"https:\/\/www.gruen-gmbh.de\/wp-content\/uploads\/2024\/11\/837170000_AVG50_4030956080388_07-1024x688-2.jpg","datePublished":"2024-07-31T11:08:04+00:00","dateModified":"2025-09-24T10:39:51+00:00","breadcrumb":{"@id":"https:\/\/www.gruen-gmbh.de\/produkt\/aufschmelz-verguss-geraet-avg-50\/#breadcrumb"},"inLanguage":"en-US","potentialAction":[{"@type":"ReadAction","target":["https:\/\/www.gruen-gmbh.de\/produkt\/aufschmelz-verguss-geraet-avg-50\/"]}]},{"@type":"ImageObject","inLanguage":"en-US","@id":"https:\/\/www.gruen-gmbh.de\/produkt\/aufschmelz-verguss-geraet-avg-50\/#primaryimage","url":"https:\/\/www.gruen-gmbh.de\/wp-content\/uploads\/2024\/11\/837170000_AVG50_4030956080388_07-1024x688-2.jpg","contentUrl":"https:\/\/www.gruen-gmbh.de\/wp-content\/uploads\/2024\/11\/837170000_AVG50_4030956080388_07-1024x688-2.jpg","width":1024,"height":688},{"@type":"BreadcrumbList","@id":"https:\/\/www.gruen-gmbh.de\/produkt\/aufschmelz-verguss-geraet-avg-50\/#breadcrumb","itemListElement":[{"@type":"ListItem","position":1,"name":"Startseite","item":"https:\/\/www.gruen-gmbh.de\/"},{"@type":"ListItem","position":2,"name":"Shop","item":"https:\/\/www.gruen-gmbh.de\/en\/shop\/"},{"@type":"ListItem","position":3,"name":"Aufschmelz-Verguss-Ger\u00e4t AVG 50"}]},{"@type":"WebSite","@id":"https:\/\/www.gruen-gmbh.de\/en\/#website","url":"https:\/\/www.gruen-gmbh.de\/en\/","name":"Gr\u00fcn GmbH","description":"","publisher":{"@id":"https:\/\/www.gruen-gmbh.de\/en\/#organization"},"potentialAction":[{"@type":"SearchAction","target":{"@type":"EntryPoint","urlTemplate":"https:\/\/www.gruen-gmbh.de\/en\/?s={search_term_string}"},"query-input":{"@type":"PropertyValueSpecification","valueRequired":true,"valueName":"search_term_string"}}],"inLanguage":"en-US"},{"@type":"Organization","@id":"https:\/\/www.gruen-gmbh.de\/en\/#organization","name":"Gr\u00fcn GmbH","url":"https:\/\/www.gruen-gmbh.de\/en\/","logo":{"@type":"ImageObject","inLanguage":"en-US","@id":"https:\/\/www.gruen-gmbh.de\/en\/#\/schema\/logo\/image\/","url":"https:\/\/www.gruen-gmbh.de\/wp-content\/uploads\/2024\/07\/gruen-logo.webp","contentUrl":"https:\/\/www.gruen-gmbh.de\/wp-content\/uploads\/2024\/07\/gruen-logo.webp","width":672,"height":164,"caption":"Gr\u00fcn GmbH"},"image":{"@id":"https:\/\/www.gruen-gmbh.de\/en\/#\/schema\/logo\/image\/"}}]}},"_links":{"self":[{"href":"https:\/\/www.gruen-gmbh.de\/en\/wp-json\/wp\/v2\/product\/38164","targetHints":{"allow":["GET"]}}],"collection":[{"href":"https:\/\/www.gruen-gmbh.de\/en\/wp-json\/wp\/v2\/product"}],"about":[{"href":"https:\/\/www.gruen-gmbh.de\/en\/wp-json\/wp\/v2\/types\/product"}],"version-history":[{"count":0,"href":"https:\/\/www.gruen-gmbh.de\/en\/wp-json\/wp\/v2\/product\/38164\/revisions"}],"wp:featuredmedia":[{"embeddable":true,"href":"https:\/\/www.gruen-gmbh.de\/en\/wp-json\/wp\/v2\/media\/40865"}],"wp:attachment":[{"href":"https:\/\/www.gruen-gmbh.de\/en\/wp-json\/wp\/v2\/media?parent=38164"}],"wp:term":[{"taxonomy":"product_brand","embeddable":true,"href":"https:\/\/www.gruen-gmbh.de\/en\/wp-json\/wp\/v2\/product_brand?post=38164"},{"taxonomy":"product_cat","embeddable":true,"href":"https:\/\/www.gruen-gmbh.de\/en\/wp-json\/wp\/v2\/product_cat?post=38164"},{"taxonomy":"product_tag","embeddable":true,"href":"https:\/\/www.gruen-gmbh.de\/en\/wp-json\/wp\/v2\/product_tag?post=38164"}],"curies":[{"name":"wp","href":"https:\/\/api.w.org\/{rel}","templated":true}]}}