{"id":38180,"date":"2024-07-31T11:16:51","date_gmt":"2024-07-31T11:16:51","guid":{"rendered":"https:\/\/eventgruen.online\/?post_type=product&#038;p=38180"},"modified":"2024-08-20T06:51:33","modified_gmt":"2024-08-20T06:51:33","slug":"bitumengiesskanne-mit-uebergrosser-ausgussoeffnung","status":"publish","type":"product","link":"https:\/\/www.gruen-gmbh.de\/en\/product\/bitumengiesskanne-mit-uebergrosser-ausgussoeffnung\/","title":{"rendered":"Bitumen pouring can with extra large spout"},"content":{"rendered":"","protected":false},"excerpt":{"rendered":"<p>With aerated foot and wide footprint to avoid damage of the roof panel through pressing and gluing. Solid welded design, pot-galvanized, content approx. 12 l, with handle and large filling hole.<\/p>\n<p>Content approx. 12 l<\/p>","protected":false},"featured_media":38901,"template":"","meta":[],"product_brand":[],"product_cat":[34,132],"product_tag":[],"class_list":{"0":"post-38180","1":"product","2":"type-product","3":"status-publish","4":"has-post-thumbnail","6":"product_cat-strassenbaumaschinen","7":"product_cat-zubehoer-fuer-fugenverguss","9":"first","10":"instock","11":"shipping-taxable","12":"product-type-simple"},"yoast_head":"<!-- This site is optimized with the Yoast SEO plugin v26.3 - https:\/\/yoast.com\/wordpress\/plugins\/seo\/ -->\n<title>Bitumengie\u00dfkanne mit \u00fcbergro\u00dfer Ausguss\u00f6ffnung - Gr\u00fcn GmbH<\/title>\n<meta name=\"robots\" content=\"index, follow, max-snippet:-1, max-image-preview:large, max-video-preview:-1\" \/>\n<link rel=\"canonical\" href=\"https:\/\/www.gruen-gmbh.de\/en\/product\/bitumengiesskanne-mit-uebergrosser-ausgussoeffnung\/\" \/>\n<meta property=\"og:locale\" content=\"en_US\" \/>\n<meta property=\"og:type\" content=\"article\" \/>\n<meta property=\"og:title\" content=\"Bitumengie\u00dfkanne mit \u00fcbergro\u00dfer Ausguss\u00f6ffnung - Gr\u00fcn GmbH\" \/>\n<meta property=\"og:description\" content=\"Mit bel\u00fcftetem Fu\u00df und breiter Standfl\u00e4che zur Vermeidung von Besch\u00e4digungen der Dachhaut durch Eindr\u00fccken und Festkleben. Verschwei\u00dft und feuerverzinkt. Stabile geschwei\u00dfte Ausf\u00fchrung, feuerverzinkt, mit Trage\u00adb\u00fcgel und gro\u00dfer Einf\u00fcll\u00f6ffnung.  Inhalt ca. 12 Liter\" \/>\n<meta property=\"og:url\" content=\"https:\/\/www.gruen-gmbh.de\/en\/product\/bitumengiesskanne-mit-uebergrosser-ausgussoeffnung\/\" \/>\n<meta property=\"og:site_name\" content=\"Gr\u00fcn GmbH\" \/>\n<meta property=\"article:modified_time\" content=\"2024-08-20T06:51:33+00:00\" \/>\n<meta property=\"og:image\" content=\"https:\/\/www.gruen-gmbh.de\/wp-content\/uploads\/2024\/07\/5012_Kanne_4030956026386-1024x717-1.png\" \/>\n\t<meta property=\"og:image:width\" content=\"1024\" \/>\n\t<meta property=\"og:image:height\" content=\"717\" \/>\n\t<meta property=\"og:image:type\" content=\"image\/png\" \/>\n<meta name=\"twitter:card\" content=\"summary_large_image\" \/>\n<script type=\"application\/ld+json\" class=\"yoast-schema-graph\">{\"@context\":\"https:\/\/schema.org\",\"@graph\":[{\"@type\":\"WebPage\",\"@id\":\"https:\/\/www.gruen-gmbh.de\/produkt\/bitumengiesskanne-mit-uebergrosser-ausgussoeffnung\/\",\"url\":\"https:\/\/www.gruen-gmbh.de\/produkt\/bitumengiesskanne-mit-uebergrosser-ausgussoeffnung\/\",\"name\":\"Bitumengie\u00dfkanne mit \u00fcbergro\u00dfer Ausguss\u00f6ffnung - Gr\u00fcn GmbH\",\"isPartOf\":{\"@id\":\"https:\/\/www.gruen-gmbh.de\/en\/#website\"},\"primaryImageOfPage\":{\"@id\":\"https:\/\/www.gruen-gmbh.de\/produkt\/bitumengiesskanne-mit-uebergrosser-ausgussoeffnung\/#primaryimage\"},\"image\":{\"@id\":\"https:\/\/www.gruen-gmbh.de\/produkt\/bitumengiesskanne-mit-uebergrosser-ausgussoeffnung\/#primaryimage\"},\"thumbnailUrl\":\"https:\/\/www.gruen-gmbh.de\/wp-content\/uploads\/2024\/07\/5012_Kanne_4030956026386-1024x717-1.png\",\"datePublished\":\"2024-07-31T11:16:51+00:00\",\"dateModified\":\"2024-08-20T06:51:33+00:00\",\"breadcrumb\":{\"@id\":\"https:\/\/www.gruen-gmbh.de\/produkt\/bitumengiesskanne-mit-uebergrosser-ausgussoeffnung\/#breadcrumb\"},\"inLanguage\":\"en-US\",\"potentialAction\":[{\"@type\":\"ReadAction\",\"target\":[\"https:\/\/www.gruen-gmbh.de\/produkt\/bitumengiesskanne-mit-uebergrosser-ausgussoeffnung\/\"]}]},{\"@type\":\"ImageObject\",\"inLanguage\":\"en-US\",\"@id\":\"https:\/\/www.gruen-gmbh.de\/produkt\/bitumengiesskanne-mit-uebergrosser-ausgussoeffnung\/#primaryimage\",\"url\":\"https:\/\/www.gruen-gmbh.de\/wp-content\/uploads\/2024\/07\/5012_Kanne_4030956026386-1024x717-1.png\",\"contentUrl\":\"https:\/\/www.gruen-gmbh.de\/wp-content\/uploads\/2024\/07\/5012_Kanne_4030956026386-1024x717-1.png\",\"width\":1024,\"height\":717},{\"@type\":\"BreadcrumbList\",\"@id\":\"https:\/\/www.gruen-gmbh.de\/produkt\/bitumengiesskanne-mit-uebergrosser-ausgussoeffnung\/#breadcrumb\",\"itemListElement\":[{\"@type\":\"ListItem\",\"position\":1,\"name\":\"Startseite\",\"item\":\"https:\/\/www.gruen-gmbh.de\/\"},{\"@type\":\"ListItem\",\"position\":2,\"name\":\"Shop\",\"item\":\"https:\/\/www.gruen-gmbh.de\/en\/shop\/\"},{\"@type\":\"ListItem\",\"position\":3,\"name\":\"Bitumengie\u00dfkanne mit \u00fcbergro\u00dfer Ausguss\u00f6ffnung\"}]},{\"@type\":\"WebSite\",\"@id\":\"https:\/\/www.gruen-gmbh.de\/en\/#website\",\"url\":\"https:\/\/www.gruen-gmbh.de\/en\/\",\"name\":\"Gr\u00fcn GmbH\",\"description\":\"\",\"publisher\":{\"@id\":\"https:\/\/www.gruen-gmbh.de\/en\/#organization\"},\"potentialAction\":[{\"@type\":\"SearchAction\",\"target\":{\"@type\":\"EntryPoint\",\"urlTemplate\":\"https:\/\/www.gruen-gmbh.de\/en\/?s={search_term_string}\"},\"query-input\":{\"@type\":\"PropertyValueSpecification\",\"valueRequired\":true,\"valueName\":\"search_term_string\"}}],\"inLanguage\":\"en-US\"},{\"@type\":\"Organization\",\"@id\":\"https:\/\/www.gruen-gmbh.de\/en\/#organization\",\"name\":\"Gr\u00fcn GmbH\",\"url\":\"https:\/\/www.gruen-gmbh.de\/en\/\",\"logo\":{\"@type\":\"ImageObject\",\"inLanguage\":\"en-US\",\"@id\":\"https:\/\/www.gruen-gmbh.de\/en\/#\/schema\/logo\/image\/\",\"url\":\"https:\/\/www.gruen-gmbh.de\/wp-content\/uploads\/2024\/07\/gruen-logo.webp\",\"contentUrl\":\"https:\/\/www.gruen-gmbh.de\/wp-content\/uploads\/2024\/07\/gruen-logo.webp\",\"width\":672,\"height\":164,\"caption\":\"Gr\u00fcn GmbH\"},\"image\":{\"@id\":\"https:\/\/www.gruen-gmbh.de\/en\/#\/schema\/logo\/image\/\"}}]}<\/script>\n<!-- \/ Yoast SEO plugin. -->","yoast_head_json":{"title":"Bitumengie\u00dfkanne mit \u00fcbergro\u00dfer Ausguss\u00f6ffnung - Gr\u00fcn GmbH","robots":{"index":"index","follow":"follow","max-snippet":"max-snippet:-1","max-image-preview":"max-image-preview:large","max-video-preview":"max-video-preview:-1"},"canonical":"https:\/\/www.gruen-gmbh.de\/en\/product\/bitumengiesskanne-mit-uebergrosser-ausgussoeffnung\/","og_locale":"en_US","og_type":"article","og_title":"Bitumengie\u00dfkanne mit \u00fcbergro\u00dfer Ausguss\u00f6ffnung - Gr\u00fcn GmbH","og_description":"Mit bel\u00fcftetem Fu\u00df und breiter Standfl\u00e4che zur Vermeidung von Besch\u00e4digungen der Dachhaut durch Eindr\u00fccken und Festkleben. Verschwei\u00dft und feuerverzinkt. Stabile geschwei\u00dfte Ausf\u00fchrung, feuerverzinkt, mit Trage\u00adb\u00fcgel und gro\u00dfer Einf\u00fcll\u00f6ffnung.  Inhalt ca. 12 Liter","og_url":"https:\/\/www.gruen-gmbh.de\/en\/product\/bitumengiesskanne-mit-uebergrosser-ausgussoeffnung\/","og_site_name":"Gr\u00fcn GmbH","article_modified_time":"2024-08-20T06:51:33+00:00","og_image":[{"width":1024,"height":717,"url":"https:\/\/www.gruen-gmbh.de\/wp-content\/uploads\/2024\/07\/5012_Kanne_4030956026386-1024x717-1.png","type":"image\/png"}],"twitter_card":"summary_large_image","schema":{"@context":"https:\/\/schema.org","@graph":[{"@type":"WebPage","@id":"https:\/\/www.gruen-gmbh.de\/produkt\/bitumengiesskanne-mit-uebergrosser-ausgussoeffnung\/","url":"https:\/\/www.gruen-gmbh.de\/produkt\/bitumengiesskanne-mit-uebergrosser-ausgussoeffnung\/","name":"Bitumengie\u00dfkanne mit \u00fcbergro\u00dfer Ausguss\u00f6ffnung - Gr\u00fcn GmbH","isPartOf":{"@id":"https:\/\/www.gruen-gmbh.de\/en\/#website"},"primaryImageOfPage":{"@id":"https:\/\/www.gruen-gmbh.de\/produkt\/bitumengiesskanne-mit-uebergrosser-ausgussoeffnung\/#primaryimage"},"image":{"@id":"https:\/\/www.gruen-gmbh.de\/produkt\/bitumengiesskanne-mit-uebergrosser-ausgussoeffnung\/#primaryimage"},"thumbnailUrl":"https:\/\/www.gruen-gmbh.de\/wp-content\/uploads\/2024\/07\/5012_Kanne_4030956026386-1024x717-1.png","datePublished":"2024-07-31T11:16:51+00:00","dateModified":"2024-08-20T06:51:33+00:00","breadcrumb":{"@id":"https:\/\/www.gruen-gmbh.de\/produkt\/bitumengiesskanne-mit-uebergrosser-ausgussoeffnung\/#breadcrumb"},"inLanguage":"en-US","potentialAction":[{"@type":"ReadAction","target":["https:\/\/www.gruen-gmbh.de\/produkt\/bitumengiesskanne-mit-uebergrosser-ausgussoeffnung\/"]}]},{"@type":"ImageObject","inLanguage":"en-US","@id":"https:\/\/www.gruen-gmbh.de\/produkt\/bitumengiesskanne-mit-uebergrosser-ausgussoeffnung\/#primaryimage","url":"https:\/\/www.gruen-gmbh.de\/wp-content\/uploads\/2024\/07\/5012_Kanne_4030956026386-1024x717-1.png","contentUrl":"https:\/\/www.gruen-gmbh.de\/wp-content\/uploads\/2024\/07\/5012_Kanne_4030956026386-1024x717-1.png","width":1024,"height":717},{"@type":"BreadcrumbList","@id":"https:\/\/www.gruen-gmbh.de\/produkt\/bitumengiesskanne-mit-uebergrosser-ausgussoeffnung\/#breadcrumb","itemListElement":[{"@type":"ListItem","position":1,"name":"Startseite","item":"https:\/\/www.gruen-gmbh.de\/"},{"@type":"ListItem","position":2,"name":"Shop","item":"https:\/\/www.gruen-gmbh.de\/en\/shop\/"},{"@type":"ListItem","position":3,"name":"Bitumengie\u00dfkanne mit \u00fcbergro\u00dfer Ausguss\u00f6ffnung"}]},{"@type":"WebSite","@id":"https:\/\/www.gruen-gmbh.de\/en\/#website","url":"https:\/\/www.gruen-gmbh.de\/en\/","name":"Gr\u00fcn GmbH","description":"","publisher":{"@id":"https:\/\/www.gruen-gmbh.de\/en\/#organization"},"potentialAction":[{"@type":"SearchAction","target":{"@type":"EntryPoint","urlTemplate":"https:\/\/www.gruen-gmbh.de\/en\/?s={search_term_string}"},"query-input":{"@type":"PropertyValueSpecification","valueRequired":true,"valueName":"search_term_string"}}],"inLanguage":"en-US"},{"@type":"Organization","@id":"https:\/\/www.gruen-gmbh.de\/en\/#organization","name":"Gr\u00fcn GmbH","url":"https:\/\/www.gruen-gmbh.de\/en\/","logo":{"@type":"ImageObject","inLanguage":"en-US","@id":"https:\/\/www.gruen-gmbh.de\/en\/#\/schema\/logo\/image\/","url":"https:\/\/www.gruen-gmbh.de\/wp-content\/uploads\/2024\/07\/gruen-logo.webp","contentUrl":"https:\/\/www.gruen-gmbh.de\/wp-content\/uploads\/2024\/07\/gruen-logo.webp","width":672,"height":164,"caption":"Gr\u00fcn GmbH"},"image":{"@id":"https:\/\/www.gruen-gmbh.de\/en\/#\/schema\/logo\/image\/"}}]}},"_links":{"self":[{"href":"https:\/\/www.gruen-gmbh.de\/en\/wp-json\/wp\/v2\/product\/38180","targetHints":{"allow":["GET"]}}],"collection":[{"href":"https:\/\/www.gruen-gmbh.de\/en\/wp-json\/wp\/v2\/product"}],"about":[{"href":"https:\/\/www.gruen-gmbh.de\/en\/wp-json\/wp\/v2\/types\/product"}],"version-history":[{"count":0,"href":"https:\/\/www.gruen-gmbh.de\/en\/wp-json\/wp\/v2\/product\/38180\/revisions"}],"wp:featuredmedia":[{"embeddable":true,"href":"https:\/\/www.gruen-gmbh.de\/en\/wp-json\/wp\/v2\/media\/38901"}],"wp:attachment":[{"href":"https:\/\/www.gruen-gmbh.de\/en\/wp-json\/wp\/v2\/media?parent=38180"}],"wp:term":[{"taxonomy":"product_brand","embeddable":true,"href":"https:\/\/www.gruen-gmbh.de\/en\/wp-json\/wp\/v2\/product_brand?post=38180"},{"taxonomy":"product_cat","embeddable":true,"href":"https:\/\/www.gruen-gmbh.de\/en\/wp-json\/wp\/v2\/product_cat?post=38180"},{"taxonomy":"product_tag","embeddable":true,"href":"https:\/\/www.gruen-gmbh.de\/en\/wp-json\/wp\/v2\/product_tag?post=38180"}],"curies":[{"name":"wp","href":"https:\/\/api.w.org\/{rel}","templated":true}]}}