{"id":38194,"date":"2024-07-31T11:22:20","date_gmt":"2024-07-31T11:22:20","guid":{"rendered":"https:\/\/eventgruen.online\/?post_type=product&#038;p=38194"},"modified":"2025-01-21T07:06:28","modified_gmt":"2025-01-21T07:06:28","slug":"gussasphalt-transportkocher-5-000-l-bis-7-500-l","status":"publish","type":"product","link":"https:\/\/www.gruen-gmbh.de\/en\/product\/gussasphalt-transportkocher-5-000-l-bis-7-500-l\/","title":{"rendered":"Mastic asphalt boiler 5.000 to 7.500 l"},"content":{"rendered":"<ul>\n<li>Boiler capacity from 5.000 to 7.500 l<\/li>\n<li>Boiler shell, frant walls and agitating arms are made of wear-resistant and heat-resistant steel<\/li>\n<li>Direct hydraulic agitator drive with variable volume pump adjustable stepless from 0-7 rpm and electrically operated valves<\/li>\n<li>Hatz diesel engine in sound absorbing design<\/li>\n<li>All-round boiler insulation with 60 mm rock wool. Insulated covering made of highly polished stainless steel<\/li>\n<li>Agitating hands are made of durable cast iron or Hardox<\/li>\n<li>Fully automatic oil burner heating the boiler is protected by a large flame tube, flue gas distribution box and a temperature limiter.<\/li>\n<li>The boilers can be mounted on trucks, trailers and semi-trailer chassis having sufficient loading capacity.<\/li>\n<li>This series is characterized by its low deadweight, large boiler diameter with low total height, short design, powerful agitator drive and large drain cock.<\/li>\n<\/ul>","protected":false},"excerpt":{"rendered":"<p>Special equipment for transporting mastic asphalt and mastic.<\/p>","protected":false},"featured_media":38935,"template":"","meta":[],"product_brand":[],"product_cat":[34,133],"product_tag":[],"class_list":{"0":"post-38194","1":"product","2":"type-product","3":"status-publish","4":"has-post-thumbnail","6":"product_cat-strassenbaumaschinen","7":"product_cat-gussasphalttechnik","9":"first","10":"instock","11":"shipping-taxable","12":"product-type-simple"},"yoast_head":"<!-- This site is optimized with the Yoast SEO plugin v26.3 - https:\/\/yoast.com\/wordpress\/plugins\/seo\/ -->\n<title>Gussasphalt-Transportkocher 5.000 l bis 7.500 l - Gr\u00fcn GmbH<\/title>\n<meta name=\"robots\" content=\"index, follow, max-snippet:-1, max-image-preview:large, max-video-preview:-1\" \/>\n<link rel=\"canonical\" href=\"https:\/\/www.gruen-gmbh.de\/en\/product\/gussasphalt-transportkocher-5-000-l-bis-7-500-l\/\" \/>\n<meta property=\"og:locale\" content=\"en_US\" \/>\n<meta property=\"og:type\" content=\"article\" \/>\n<meta property=\"og:title\" content=\"Gussasphalt-Transportkocher 5.000 l bis 7.500 l - Gr\u00fcn GmbH\" \/>\n<meta property=\"og:description\" content=\"Spezielle Ger\u00e4te f\u00fcr den Transport von Gussasphalt und Mastix.\" \/>\n<meta property=\"og:url\" content=\"https:\/\/www.gruen-gmbh.de\/en\/product\/gussasphalt-transportkocher-5-000-l-bis-7-500-l\/\" \/>\n<meta property=\"og:site_name\" content=\"Gr\u00fcn GmbH\" \/>\n<meta property=\"article:modified_time\" content=\"2025-01-21T07:06:28+00:00\" \/>\n<meta property=\"og:image\" content=\"https:\/\/www.gruen-gmbh.de\/wp-content\/uploads\/2024\/07\/RGTK_6000_15-1024x667-1.jpg\" \/>\n\t<meta property=\"og:image:width\" content=\"1024\" \/>\n\t<meta property=\"og:image:height\" content=\"667\" \/>\n\t<meta property=\"og:image:type\" content=\"image\/jpeg\" \/>\n<meta name=\"twitter:card\" content=\"summary_large_image\" \/>\n<meta name=\"twitter:label1\" content=\"Est. reading time\" \/>\n\t<meta name=\"twitter:data1\" content=\"1 minute\" \/>\n<script type=\"application\/ld+json\" class=\"yoast-schema-graph\">{\"@context\":\"https:\/\/schema.org\",\"@graph\":[{\"@type\":\"WebPage\",\"@id\":\"https:\/\/www.gruen-gmbh.de\/produkt\/gussasphalt-transportkocher-5-000-l-bis-7-500-l\/\",\"url\":\"https:\/\/www.gruen-gmbh.de\/produkt\/gussasphalt-transportkocher-5-000-l-bis-7-500-l\/\",\"name\":\"Gussasphalt-Transportkocher 5.000 l bis 7.500 l - Gr\u00fcn GmbH\",\"isPartOf\":{\"@id\":\"https:\/\/www.gruen-gmbh.de\/en\/#website\"},\"primaryImageOfPage\":{\"@id\":\"https:\/\/www.gruen-gmbh.de\/produkt\/gussasphalt-transportkocher-5-000-l-bis-7-500-l\/#primaryimage\"},\"image\":{\"@id\":\"https:\/\/www.gruen-gmbh.de\/produkt\/gussasphalt-transportkocher-5-000-l-bis-7-500-l\/#primaryimage\"},\"thumbnailUrl\":\"https:\/\/www.gruen-gmbh.de\/wp-content\/uploads\/2024\/07\/RGTK_6000_15-1024x667-1.jpg\",\"datePublished\":\"2024-07-31T11:22:20+00:00\",\"dateModified\":\"2025-01-21T07:06:28+00:00\",\"breadcrumb\":{\"@id\":\"https:\/\/www.gruen-gmbh.de\/produkt\/gussasphalt-transportkocher-5-000-l-bis-7-500-l\/#breadcrumb\"},\"inLanguage\":\"en-US\",\"potentialAction\":[{\"@type\":\"ReadAction\",\"target\":[\"https:\/\/www.gruen-gmbh.de\/produkt\/gussasphalt-transportkocher-5-000-l-bis-7-500-l\/\"]}]},{\"@type\":\"ImageObject\",\"inLanguage\":\"en-US\",\"@id\":\"https:\/\/www.gruen-gmbh.de\/produkt\/gussasphalt-transportkocher-5-000-l-bis-7-500-l\/#primaryimage\",\"url\":\"https:\/\/www.gruen-gmbh.de\/wp-content\/uploads\/2024\/07\/RGTK_6000_15-1024x667-1.jpg\",\"contentUrl\":\"https:\/\/www.gruen-gmbh.de\/wp-content\/uploads\/2024\/07\/RGTK_6000_15-1024x667-1.jpg\",\"width\":1024,\"height\":667},{\"@type\":\"BreadcrumbList\",\"@id\":\"https:\/\/www.gruen-gmbh.de\/produkt\/gussasphalt-transportkocher-5-000-l-bis-7-500-l\/#breadcrumb\",\"itemListElement\":[{\"@type\":\"ListItem\",\"position\":1,\"name\":\"Startseite\",\"item\":\"https:\/\/www.gruen-gmbh.de\/\"},{\"@type\":\"ListItem\",\"position\":2,\"name\":\"Shop\",\"item\":\"https:\/\/www.gruen-gmbh.de\/en\/shop\/\"},{\"@type\":\"ListItem\",\"position\":3,\"name\":\"Gussasphalt-Transportkocher 5.000 l bis 7.500 l\"}]},{\"@type\":\"WebSite\",\"@id\":\"https:\/\/www.gruen-gmbh.de\/en\/#website\",\"url\":\"https:\/\/www.gruen-gmbh.de\/en\/\",\"name\":\"Gr\u00fcn GmbH\",\"description\":\"\",\"publisher\":{\"@id\":\"https:\/\/www.gruen-gmbh.de\/en\/#organization\"},\"potentialAction\":[{\"@type\":\"SearchAction\",\"target\":{\"@type\":\"EntryPoint\",\"urlTemplate\":\"https:\/\/www.gruen-gmbh.de\/en\/?s={search_term_string}\"},\"query-input\":{\"@type\":\"PropertyValueSpecification\",\"valueRequired\":true,\"valueName\":\"search_term_string\"}}],\"inLanguage\":\"en-US\"},{\"@type\":\"Organization\",\"@id\":\"https:\/\/www.gruen-gmbh.de\/en\/#organization\",\"name\":\"Gr\u00fcn GmbH\",\"url\":\"https:\/\/www.gruen-gmbh.de\/en\/\",\"logo\":{\"@type\":\"ImageObject\",\"inLanguage\":\"en-US\",\"@id\":\"https:\/\/www.gruen-gmbh.de\/en\/#\/schema\/logo\/image\/\",\"url\":\"https:\/\/www.gruen-gmbh.de\/wp-content\/uploads\/2024\/07\/gruen-logo.webp\",\"contentUrl\":\"https:\/\/www.gruen-gmbh.de\/wp-content\/uploads\/2024\/07\/gruen-logo.webp\",\"width\":672,\"height\":164,\"caption\":\"Gr\u00fcn GmbH\"},\"image\":{\"@id\":\"https:\/\/www.gruen-gmbh.de\/en\/#\/schema\/logo\/image\/\"}}]}<\/script>\n<!-- \/ Yoast SEO plugin. -->","yoast_head_json":{"title":"Gussasphalt-Transportkocher 5.000 l bis 7.500 l - Gr\u00fcn GmbH","robots":{"index":"index","follow":"follow","max-snippet":"max-snippet:-1","max-image-preview":"max-image-preview:large","max-video-preview":"max-video-preview:-1"},"canonical":"https:\/\/www.gruen-gmbh.de\/en\/product\/gussasphalt-transportkocher-5-000-l-bis-7-500-l\/","og_locale":"en_US","og_type":"article","og_title":"Gussasphalt-Transportkocher 5.000 l bis 7.500 l - Gr\u00fcn GmbH","og_description":"Spezielle Ger\u00e4te f\u00fcr den Transport von Gussasphalt und Mastix.","og_url":"https:\/\/www.gruen-gmbh.de\/en\/product\/gussasphalt-transportkocher-5-000-l-bis-7-500-l\/","og_site_name":"Gr\u00fcn GmbH","article_modified_time":"2025-01-21T07:06:28+00:00","og_image":[{"width":1024,"height":667,"url":"https:\/\/www.gruen-gmbh.de\/wp-content\/uploads\/2024\/07\/RGTK_6000_15-1024x667-1.jpg","type":"image\/jpeg"}],"twitter_card":"summary_large_image","twitter_misc":{"Est. reading time":"1 minute"},"schema":{"@context":"https:\/\/schema.org","@graph":[{"@type":"WebPage","@id":"https:\/\/www.gruen-gmbh.de\/produkt\/gussasphalt-transportkocher-5-000-l-bis-7-500-l\/","url":"https:\/\/www.gruen-gmbh.de\/produkt\/gussasphalt-transportkocher-5-000-l-bis-7-500-l\/","name":"Gussasphalt-Transportkocher 5.000 l bis 7.500 l - Gr\u00fcn GmbH","isPartOf":{"@id":"https:\/\/www.gruen-gmbh.de\/en\/#website"},"primaryImageOfPage":{"@id":"https:\/\/www.gruen-gmbh.de\/produkt\/gussasphalt-transportkocher-5-000-l-bis-7-500-l\/#primaryimage"},"image":{"@id":"https:\/\/www.gruen-gmbh.de\/produkt\/gussasphalt-transportkocher-5-000-l-bis-7-500-l\/#primaryimage"},"thumbnailUrl":"https:\/\/www.gruen-gmbh.de\/wp-content\/uploads\/2024\/07\/RGTK_6000_15-1024x667-1.jpg","datePublished":"2024-07-31T11:22:20+00:00","dateModified":"2025-01-21T07:06:28+00:00","breadcrumb":{"@id":"https:\/\/www.gruen-gmbh.de\/produkt\/gussasphalt-transportkocher-5-000-l-bis-7-500-l\/#breadcrumb"},"inLanguage":"en-US","potentialAction":[{"@type":"ReadAction","target":["https:\/\/www.gruen-gmbh.de\/produkt\/gussasphalt-transportkocher-5-000-l-bis-7-500-l\/"]}]},{"@type":"ImageObject","inLanguage":"en-US","@id":"https:\/\/www.gruen-gmbh.de\/produkt\/gussasphalt-transportkocher-5-000-l-bis-7-500-l\/#primaryimage","url":"https:\/\/www.gruen-gmbh.de\/wp-content\/uploads\/2024\/07\/RGTK_6000_15-1024x667-1.jpg","contentUrl":"https:\/\/www.gruen-gmbh.de\/wp-content\/uploads\/2024\/07\/RGTK_6000_15-1024x667-1.jpg","width":1024,"height":667},{"@type":"BreadcrumbList","@id":"https:\/\/www.gruen-gmbh.de\/produkt\/gussasphalt-transportkocher-5-000-l-bis-7-500-l\/#breadcrumb","itemListElement":[{"@type":"ListItem","position":1,"name":"Startseite","item":"https:\/\/www.gruen-gmbh.de\/"},{"@type":"ListItem","position":2,"name":"Shop","item":"https:\/\/www.gruen-gmbh.de\/en\/shop\/"},{"@type":"ListItem","position":3,"name":"Gussasphalt-Transportkocher 5.000 l bis 7.500 l"}]},{"@type":"WebSite","@id":"https:\/\/www.gruen-gmbh.de\/en\/#website","url":"https:\/\/www.gruen-gmbh.de\/en\/","name":"Gr\u00fcn GmbH","description":"","publisher":{"@id":"https:\/\/www.gruen-gmbh.de\/en\/#organization"},"potentialAction":[{"@type":"SearchAction","target":{"@type":"EntryPoint","urlTemplate":"https:\/\/www.gruen-gmbh.de\/en\/?s={search_term_string}"},"query-input":{"@type":"PropertyValueSpecification","valueRequired":true,"valueName":"search_term_string"}}],"inLanguage":"en-US"},{"@type":"Organization","@id":"https:\/\/www.gruen-gmbh.de\/en\/#organization","name":"Gr\u00fcn GmbH","url":"https:\/\/www.gruen-gmbh.de\/en\/","logo":{"@type":"ImageObject","inLanguage":"en-US","@id":"https:\/\/www.gruen-gmbh.de\/en\/#\/schema\/logo\/image\/","url":"https:\/\/www.gruen-gmbh.de\/wp-content\/uploads\/2024\/07\/gruen-logo.webp","contentUrl":"https:\/\/www.gruen-gmbh.de\/wp-content\/uploads\/2024\/07\/gruen-logo.webp","width":672,"height":164,"caption":"Gr\u00fcn GmbH"},"image":{"@id":"https:\/\/www.gruen-gmbh.de\/en\/#\/schema\/logo\/image\/"}}]}},"_links":{"self":[{"href":"https:\/\/www.gruen-gmbh.de\/en\/wp-json\/wp\/v2\/product\/38194","targetHints":{"allow":["GET"]}}],"collection":[{"href":"https:\/\/www.gruen-gmbh.de\/en\/wp-json\/wp\/v2\/product"}],"about":[{"href":"https:\/\/www.gruen-gmbh.de\/en\/wp-json\/wp\/v2\/types\/product"}],"version-history":[{"count":0,"href":"https:\/\/www.gruen-gmbh.de\/en\/wp-json\/wp\/v2\/product\/38194\/revisions"}],"wp:featuredmedia":[{"embeddable":true,"href":"https:\/\/www.gruen-gmbh.de\/en\/wp-json\/wp\/v2\/media\/38935"}],"wp:attachment":[{"href":"https:\/\/www.gruen-gmbh.de\/en\/wp-json\/wp\/v2\/media?parent=38194"}],"wp:term":[{"taxonomy":"product_brand","embeddable":true,"href":"https:\/\/www.gruen-gmbh.de\/en\/wp-json\/wp\/v2\/product_brand?post=38194"},{"taxonomy":"product_cat","embeddable":true,"href":"https:\/\/www.gruen-gmbh.de\/en\/wp-json\/wp\/v2\/product_cat?post=38194"},{"taxonomy":"product_tag","embeddable":true,"href":"https:\/\/www.gruen-gmbh.de\/en\/wp-json\/wp\/v2\/product_tag?post=38194"}],"curies":[{"name":"wp","href":"https:\/\/api.w.org\/{rel}","templated":true}]}}