{"id":38196,"date":"2024-07-31T11:23:20","date_gmt":"2024-07-31T11:23:20","guid":{"rendered":"https:\/\/eventgruen.online\/?post_type=product&#038;p=38196"},"modified":"2025-04-02T09:38:09","modified_gmt":"2025-04-02T09:38:09","slug":"die-neue-gussasphalt-transportkocher-generation-rgtk-9-000-rgtk-11-000","status":"publish","type":"product","link":"https:\/\/www.gruen-gmbh.de\/en\/product\/die-neue-gussasphalt-transportkocher-generation-rgtk-9-000-rgtk-11-000\/","title":{"rendered":"The new generation of mastic asphalt boiler RGTK 9.000 \u2013 RGTK 11.000"},"content":{"rendered":"<ul>\n<li>water-cooled 3-cylinder KUBOTA diesel engine incl. soot particle filter, confirm to the new emission regulations starting to be valid from 2019 on<\/li>\n<li>silent and protected by an housing of the hole driving unit<\/li>\n<li>powerful agitator through direct drive by an 4-step planetary gear<\/li>\n<li>stepless speed setting of the agitator from 0-7 1\/min with reverse operation<\/li>\n<li>big display for showing the material temparature, speed of the agitator, hydraulic pressure and further operating states<\/li>\n<li>heating by an oil burner (Weishaupt), additional blower for an effective, fast and consistent heating of the boiler shell through a flue gas distribution chamber incl. temperature limiter for the boiler shell<\/li>\n<li>boiler shell made of 8 mm or 10 mm special steel with very high lifetime<\/li>\n<li>high load capacity because of low deadweight<\/li>\n<li>the boilers are characterized by a short design, large boiler diameter with low total height<\/li>\n<li>safely opening of the filling lid through working platform above the driving unit<\/li>\n<li>big drain cock with two hydraulic cylinders for quick draining of the boiler<\/li>\n<li>the boilers can be build up to trucks, trailers or semitrailers with the according load capacity<\/li>\n<li>qualitative boiler isolation and a high-gloss facing with V2A sheet<\/li>\n<\/ul>","protected":false},"excerpt":{"rendered":"<p>Special equipment for transporting mastic asphalt and mastic.<\/p>","protected":false},"featured_media":42948,"template":"","meta":[],"product_brand":[],"product_cat":[34,133],"product_tag":[],"class_list":{"0":"post-38196","1":"product","2":"type-product","3":"status-publish","4":"has-post-thumbnail","6":"product_cat-strassenbaumaschinen","7":"product_cat-gussasphalttechnik","9":"first","10":"instock","11":"shipping-taxable","12":"product-type-simple"},"yoast_head":"<!-- This site is optimized with the Yoast SEO plugin v26.3 - https:\/\/yoast.com\/wordpress\/plugins\/seo\/ -->\n<title>Die neue Gussasphalt-Transportkocher Generation RGTK 9.000 \u2013 RGTK 11.000 - Gr\u00fcn GmbH<\/title>\n<meta name=\"robots\" content=\"index, follow, max-snippet:-1, max-image-preview:large, max-video-preview:-1\" \/>\n<link rel=\"canonical\" href=\"https:\/\/www.gruen-gmbh.de\/en\/product\/die-neue-gussasphalt-transportkocher-generation-rgtk-9-000-rgtk-11-000\/\" \/>\n<meta property=\"og:locale\" content=\"en_US\" \/>\n<meta property=\"og:type\" content=\"article\" \/>\n<meta property=\"og:title\" content=\"Die neue Gussasphalt-Transportkocher Generation RGTK 9.000 \u2013 RGTK 11.000 - Gr\u00fcn GmbH\" \/>\n<meta property=\"og:description\" content=\"Spezielle Ger\u00e4te f\u00fcr den Transport von Gussasphalt und Mastix.\" \/>\n<meta property=\"og:url\" content=\"https:\/\/www.gruen-gmbh.de\/en\/product\/die-neue-gussasphalt-transportkocher-generation-rgtk-9-000-rgtk-11-000\/\" \/>\n<meta property=\"og:site_name\" content=\"Gr\u00fcn GmbH\" \/>\n<meta property=\"article:modified_time\" content=\"2025-04-02T09:38:09+00:00\" \/>\n<meta property=\"og:image\" content=\"https:\/\/www.gruen-gmbh.de\/wp-content\/uploads\/2024\/07\/RGTK_10000_01-1024x667-2.jpg\" \/>\n\t<meta property=\"og:image:width\" content=\"1024\" \/>\n\t<meta property=\"og:image:height\" content=\"667\" \/>\n\t<meta property=\"og:image:type\" content=\"image\/jpeg\" \/>\n<meta name=\"twitter:card\" content=\"summary_large_image\" \/>\n<meta name=\"twitter:label1\" content=\"Est. reading time\" \/>\n\t<meta name=\"twitter:data1\" content=\"1 minute\" \/>\n<script type=\"application\/ld+json\" class=\"yoast-schema-graph\">{\"@context\":\"https:\/\/schema.org\",\"@graph\":[{\"@type\":\"WebPage\",\"@id\":\"https:\/\/www.gruen-gmbh.de\/en\/product\/die-neue-gussasphalt-transportkocher-generation-rgtk-9-000-rgtk-11-000\/\",\"url\":\"https:\/\/www.gruen-gmbh.de\/en\/product\/die-neue-gussasphalt-transportkocher-generation-rgtk-9-000-rgtk-11-000\/\",\"name\":\"Die neue Gussasphalt-Transportkocher Generation RGTK 9.000 \u2013 RGTK 11.000 - Gr\u00fcn GmbH\",\"isPartOf\":{\"@id\":\"https:\/\/www.gruen-gmbh.de\/en\/#website\"},\"primaryImageOfPage\":{\"@id\":\"https:\/\/www.gruen-gmbh.de\/en\/product\/die-neue-gussasphalt-transportkocher-generation-rgtk-9-000-rgtk-11-000\/#primaryimage\"},\"image\":{\"@id\":\"https:\/\/www.gruen-gmbh.de\/en\/product\/die-neue-gussasphalt-transportkocher-generation-rgtk-9-000-rgtk-11-000\/#primaryimage\"},\"thumbnailUrl\":\"https:\/\/www.gruen-gmbh.de\/wp-content\/uploads\/2024\/07\/RGTK_10000_01-1024x667-2.jpg\",\"datePublished\":\"2024-07-31T11:23:20+00:00\",\"dateModified\":\"2025-04-02T09:38:09+00:00\",\"breadcrumb\":{\"@id\":\"https:\/\/www.gruen-gmbh.de\/en\/product\/die-neue-gussasphalt-transportkocher-generation-rgtk-9-000-rgtk-11-000\/#breadcrumb\"},\"inLanguage\":\"en-US\",\"potentialAction\":[{\"@type\":\"ReadAction\",\"target\":[\"https:\/\/www.gruen-gmbh.de\/en\/product\/die-neue-gussasphalt-transportkocher-generation-rgtk-9-000-rgtk-11-000\/\"]}]},{\"@type\":\"ImageObject\",\"inLanguage\":\"en-US\",\"@id\":\"https:\/\/www.gruen-gmbh.de\/en\/product\/die-neue-gussasphalt-transportkocher-generation-rgtk-9-000-rgtk-11-000\/#primaryimage\",\"url\":\"https:\/\/www.gruen-gmbh.de\/wp-content\/uploads\/2024\/07\/RGTK_10000_01-1024x667-2.jpg\",\"contentUrl\":\"https:\/\/www.gruen-gmbh.de\/wp-content\/uploads\/2024\/07\/RGTK_10000_01-1024x667-2.jpg\",\"width\":1024,\"height\":667},{\"@type\":\"BreadcrumbList\",\"@id\":\"https:\/\/www.gruen-gmbh.de\/en\/product\/die-neue-gussasphalt-transportkocher-generation-rgtk-9-000-rgtk-11-000\/#breadcrumb\",\"itemListElement\":[{\"@type\":\"ListItem\",\"position\":1,\"name\":\"Startseite\",\"item\":\"https:\/\/www.gruen-gmbh.de\/\"},{\"@type\":\"ListItem\",\"position\":2,\"name\":\"Shop\",\"item\":\"https:\/\/www.gruen-gmbh.de\/en\/shop\/\"},{\"@type\":\"ListItem\",\"position\":3,\"name\":\"Die neue Gussasphalt-Transportkocher Generation RGTK 9.000 \u2013 RGTK 11.000\"}]},{\"@type\":\"WebSite\",\"@id\":\"https:\/\/www.gruen-gmbh.de\/en\/#website\",\"url\":\"https:\/\/www.gruen-gmbh.de\/en\/\",\"name\":\"Gr\u00fcn GmbH\",\"description\":\"\",\"publisher\":{\"@id\":\"https:\/\/www.gruen-gmbh.de\/en\/#organization\"},\"potentialAction\":[{\"@type\":\"SearchAction\",\"target\":{\"@type\":\"EntryPoint\",\"urlTemplate\":\"https:\/\/www.gruen-gmbh.de\/en\/?s={search_term_string}\"},\"query-input\":{\"@type\":\"PropertyValueSpecification\",\"valueRequired\":true,\"valueName\":\"search_term_string\"}}],\"inLanguage\":\"en-US\"},{\"@type\":\"Organization\",\"@id\":\"https:\/\/www.gruen-gmbh.de\/en\/#organization\",\"name\":\"Gr\u00fcn GmbH\",\"url\":\"https:\/\/www.gruen-gmbh.de\/en\/\",\"logo\":{\"@type\":\"ImageObject\",\"inLanguage\":\"en-US\",\"@id\":\"https:\/\/www.gruen-gmbh.de\/en\/#\/schema\/logo\/image\/\",\"url\":\"https:\/\/www.gruen-gmbh.de\/wp-content\/uploads\/2024\/07\/gruen-logo.webp\",\"contentUrl\":\"https:\/\/www.gruen-gmbh.de\/wp-content\/uploads\/2024\/07\/gruen-logo.webp\",\"width\":672,\"height\":164,\"caption\":\"Gr\u00fcn GmbH\"},\"image\":{\"@id\":\"https:\/\/www.gruen-gmbh.de\/en\/#\/schema\/logo\/image\/\"}}]}<\/script>\n<!-- \/ Yoast SEO plugin. -->","yoast_head_json":{"title":"Die neue Gussasphalt-Transportkocher Generation RGTK 9.000 \u2013 RGTK 11.000 - Gr\u00fcn GmbH","robots":{"index":"index","follow":"follow","max-snippet":"max-snippet:-1","max-image-preview":"max-image-preview:large","max-video-preview":"max-video-preview:-1"},"canonical":"https:\/\/www.gruen-gmbh.de\/en\/product\/die-neue-gussasphalt-transportkocher-generation-rgtk-9-000-rgtk-11-000\/","og_locale":"en_US","og_type":"article","og_title":"Die neue Gussasphalt-Transportkocher Generation RGTK 9.000 \u2013 RGTK 11.000 - Gr\u00fcn GmbH","og_description":"Spezielle Ger\u00e4te f\u00fcr den Transport von Gussasphalt und Mastix.","og_url":"https:\/\/www.gruen-gmbh.de\/en\/product\/die-neue-gussasphalt-transportkocher-generation-rgtk-9-000-rgtk-11-000\/","og_site_name":"Gr\u00fcn GmbH","article_modified_time":"2025-04-02T09:38:09+00:00","og_image":[{"width":1024,"height":667,"url":"https:\/\/www.gruen-gmbh.de\/wp-content\/uploads\/2024\/07\/RGTK_10000_01-1024x667-2.jpg","type":"image\/jpeg"}],"twitter_card":"summary_large_image","twitter_misc":{"Est. reading time":"1 minute"},"schema":{"@context":"https:\/\/schema.org","@graph":[{"@type":"WebPage","@id":"https:\/\/www.gruen-gmbh.de\/en\/product\/die-neue-gussasphalt-transportkocher-generation-rgtk-9-000-rgtk-11-000\/","url":"https:\/\/www.gruen-gmbh.de\/en\/product\/die-neue-gussasphalt-transportkocher-generation-rgtk-9-000-rgtk-11-000\/","name":"Die neue Gussasphalt-Transportkocher Generation RGTK 9.000 \u2013 RGTK 11.000 - Gr\u00fcn GmbH","isPartOf":{"@id":"https:\/\/www.gruen-gmbh.de\/en\/#website"},"primaryImageOfPage":{"@id":"https:\/\/www.gruen-gmbh.de\/en\/product\/die-neue-gussasphalt-transportkocher-generation-rgtk-9-000-rgtk-11-000\/#primaryimage"},"image":{"@id":"https:\/\/www.gruen-gmbh.de\/en\/product\/die-neue-gussasphalt-transportkocher-generation-rgtk-9-000-rgtk-11-000\/#primaryimage"},"thumbnailUrl":"https:\/\/www.gruen-gmbh.de\/wp-content\/uploads\/2024\/07\/RGTK_10000_01-1024x667-2.jpg","datePublished":"2024-07-31T11:23:20+00:00","dateModified":"2025-04-02T09:38:09+00:00","breadcrumb":{"@id":"https:\/\/www.gruen-gmbh.de\/en\/product\/die-neue-gussasphalt-transportkocher-generation-rgtk-9-000-rgtk-11-000\/#breadcrumb"},"inLanguage":"en-US","potentialAction":[{"@type":"ReadAction","target":["https:\/\/www.gruen-gmbh.de\/en\/product\/die-neue-gussasphalt-transportkocher-generation-rgtk-9-000-rgtk-11-000\/"]}]},{"@type":"ImageObject","inLanguage":"en-US","@id":"https:\/\/www.gruen-gmbh.de\/en\/product\/die-neue-gussasphalt-transportkocher-generation-rgtk-9-000-rgtk-11-000\/#primaryimage","url":"https:\/\/www.gruen-gmbh.de\/wp-content\/uploads\/2024\/07\/RGTK_10000_01-1024x667-2.jpg","contentUrl":"https:\/\/www.gruen-gmbh.de\/wp-content\/uploads\/2024\/07\/RGTK_10000_01-1024x667-2.jpg","width":1024,"height":667},{"@type":"BreadcrumbList","@id":"https:\/\/www.gruen-gmbh.de\/en\/product\/die-neue-gussasphalt-transportkocher-generation-rgtk-9-000-rgtk-11-000\/#breadcrumb","itemListElement":[{"@type":"ListItem","position":1,"name":"Startseite","item":"https:\/\/www.gruen-gmbh.de\/"},{"@type":"ListItem","position":2,"name":"Shop","item":"https:\/\/www.gruen-gmbh.de\/en\/shop\/"},{"@type":"ListItem","position":3,"name":"Die neue Gussasphalt-Transportkocher Generation RGTK 9.000 \u2013 RGTK 11.000"}]},{"@type":"WebSite","@id":"https:\/\/www.gruen-gmbh.de\/en\/#website","url":"https:\/\/www.gruen-gmbh.de\/en\/","name":"Gr\u00fcn GmbH","description":"","publisher":{"@id":"https:\/\/www.gruen-gmbh.de\/en\/#organization"},"potentialAction":[{"@type":"SearchAction","target":{"@type":"EntryPoint","urlTemplate":"https:\/\/www.gruen-gmbh.de\/en\/?s={search_term_string}"},"query-input":{"@type":"PropertyValueSpecification","valueRequired":true,"valueName":"search_term_string"}}],"inLanguage":"en-US"},{"@type":"Organization","@id":"https:\/\/www.gruen-gmbh.de\/en\/#organization","name":"Gr\u00fcn GmbH","url":"https:\/\/www.gruen-gmbh.de\/en\/","logo":{"@type":"ImageObject","inLanguage":"en-US","@id":"https:\/\/www.gruen-gmbh.de\/en\/#\/schema\/logo\/image\/","url":"https:\/\/www.gruen-gmbh.de\/wp-content\/uploads\/2024\/07\/gruen-logo.webp","contentUrl":"https:\/\/www.gruen-gmbh.de\/wp-content\/uploads\/2024\/07\/gruen-logo.webp","width":672,"height":164,"caption":"Gr\u00fcn GmbH"},"image":{"@id":"https:\/\/www.gruen-gmbh.de\/en\/#\/schema\/logo\/image\/"}}]}},"_links":{"self":[{"href":"https:\/\/www.gruen-gmbh.de\/en\/wp-json\/wp\/v2\/product\/38196","targetHints":{"allow":["GET"]}}],"collection":[{"href":"https:\/\/www.gruen-gmbh.de\/en\/wp-json\/wp\/v2\/product"}],"about":[{"href":"https:\/\/www.gruen-gmbh.de\/en\/wp-json\/wp\/v2\/types\/product"}],"version-history":[{"count":0,"href":"https:\/\/www.gruen-gmbh.de\/en\/wp-json\/wp\/v2\/product\/38196\/revisions"}],"wp:featuredmedia":[{"embeddable":true,"href":"https:\/\/www.gruen-gmbh.de\/en\/wp-json\/wp\/v2\/media\/42948"}],"wp:attachment":[{"href":"https:\/\/www.gruen-gmbh.de\/en\/wp-json\/wp\/v2\/media?parent=38196"}],"wp:term":[{"taxonomy":"product_brand","embeddable":true,"href":"https:\/\/www.gruen-gmbh.de\/en\/wp-json\/wp\/v2\/product_brand?post=38196"},{"taxonomy":"product_cat","embeddable":true,"href":"https:\/\/www.gruen-gmbh.de\/en\/wp-json\/wp\/v2\/product_cat?post=38196"},{"taxonomy":"product_tag","embeddable":true,"href":"https:\/\/www.gruen-gmbh.de\/en\/wp-json\/wp\/v2\/product_tag?post=38196"}],"curies":[{"name":"wp","href":"https:\/\/api.w.org\/{rel}","templated":true}]}}