{"id":38200,"date":"2024-07-31T11:24:56","date_gmt":"2024-07-31T11:24:56","guid":{"rendered":"https:\/\/eventgruen.online\/?post_type=product&#038;p=38200"},"modified":"2025-02-11T10:19:03","modified_gmt":"2025-02-11T10:19:03","slug":"gussasphalteinbaubohle-kbr-75-sl","status":"publish","type":"product","link":"https:\/\/www.gruen-gmbh.de\/en\/product\/gussasphalteinbaubohle-kbr-75-sl\/","title":{"rendered":"Mastic asphalt finisher KBR 75 SL"},"content":{"rendered":"","protected":false},"excerpt":{"rendered":"<p class=\" translation-block\">For automatically installation of mastic asphalt for road building with\nautomatic grit<\/p>\n<ul>\n<li>The minimum installation width is 2500 mm, in steps of 250 mm; the installation width can be increased to a max. of 8500 mm.<\/li>\n<li class=\" translation-block\">Hydrostatic chain-driven all-wheel drive, speed of\n0-3 m \/ min, infinitely adjustable. Max. moving speed 6 m\/min <br>\nCan be equipped with vulcollan wrappings, rail wheels or crawler chassis. <br>\nThe height is adjusted with stable elevating spindles and is hydraulically driven.<br>\nStandard hydraulically adjustable side bulkheads<\/li>\n<li class=\" translation-block\">Finisher tools with milled design with pressing and\nsmoothing surface are propane-heated and each finisher part can be equipped with a thermometer for temperature control.<\/li>\n<li>Grit spreading is computer-controlled<\/li>\n<li>The screed can be fitted with various optional extras:\n<ul>\n<li>Sword distributor<\/li>\n<li>Distribution screw<\/li>\n<li>Road bogies from 20 to 80 km\/h<\/li>\n<li>Changeable end pieces<\/li>\n<li>Leveling<\/li>\n<li>Hydraulic column chassis<\/li>\n<li>Mounting device<\/li>\n<\/ul>\n<\/li>\n<\/ul>","protected":false},"featured_media":38961,"template":"","meta":[],"product_brand":[],"product_cat":[34,133],"product_tag":[],"class_list":{"0":"post-38200","1":"product","2":"type-product","3":"status-publish","4":"has-post-thumbnail","6":"product_cat-strassenbaumaschinen","7":"product_cat-gussasphalttechnik","9":"first","10":"instock","11":"shipping-taxable","12":"product-type-simple"},"yoast_head":"<!-- This site is optimized with the Yoast SEO plugin v26.3 - https:\/\/yoast.com\/wordpress\/plugins\/seo\/ -->\n<title>Gussasphalteinbaubohle KBR 75 SL - Gr\u00fcn GmbH<\/title>\n<meta name=\"robots\" content=\"index, follow, max-snippet:-1, max-image-preview:large, max-video-preview:-1\" \/>\n<link rel=\"canonical\" href=\"https:\/\/www.gruen-gmbh.de\/en\/product\/gussasphalteinbaubohle-kbr-75-sl\/\" \/>\n<meta property=\"og:locale\" content=\"en_US\" \/>\n<meta property=\"og:type\" content=\"article\" \/>\n<meta property=\"og:title\" content=\"Gussasphalteinbaubohle KBR 75 SL - Gr\u00fcn GmbH\" \/>\n<meta property=\"og:description\" content=\"f\u00fcr den maschinellen Einbau von Gussasphalt im Stra\u00dfenbau mit maschineller Absplittung   Die minimale Einbaubreite betr\u00e4gt 2.500 mm in Schritten von 250 mm ist die Einbaubreite bis 8.500 mm erweiterbar.  Hydrostatischer Allradantrieb \u00fcber Antriebskette, Fahrgeschwindigkeit von 0-3 m\/min stufenlos regelbar. Versetzgeschwindigkeit bis 6 m\/min Ausr\u00fcstbar mit Vulcollanbandagen, Schienenr\u00e4dern oder Raupenfahrwerken. Die H\u00f6henverstellung erfolgt \u00fcber stabile Hubspindeln, hydraulisch angetrieben. Hydraulisch verstellbare Seitenschotts serienm\u00e4ssig  Die Bohlenwerkzeuge in gefr\u00e4ster Ausf\u00fchrung mit Andruck- und Gl\u00e4ttfl\u00e4che sind Propangas beheizt und k\u00f6nnen an jeden Bohlenteil mit Thermometer zur Werkzeugtemperaturkontrolle ausger\u00fcstet werden.  Splittstreuung rechnergesteuert  Optional kann die Bohle mit diversen Sonderausstattungen ausger\u00fcstet werden:   Schwertverteiler  Verteilerschnecke  Stra\u00dfenfahrwerke von 20 bis 80 km\/h  wechselbare Endst\u00fccke  Nivellierung  Hydraulisches S\u00e4ulenfahrwerk  Montagevorrichtung\" \/>\n<meta property=\"og:url\" content=\"https:\/\/www.gruen-gmbh.de\/en\/product\/gussasphalteinbaubohle-kbr-75-sl\/\" \/>\n<meta property=\"og:site_name\" content=\"Gr\u00fcn GmbH\" \/>\n<meta property=\"article:modified_time\" content=\"2025-02-11T10:19:03+00:00\" \/>\n<meta property=\"og:image\" content=\"https:\/\/www.gruen-gmbh.de\/wp-content\/uploads\/2024\/07\/KBR_75_06_big.jpg\" \/>\n\t<meta property=\"og:image:width\" content=\"500\" \/>\n\t<meta property=\"og:image:height\" content=\"335\" \/>\n\t<meta property=\"og:image:type\" content=\"image\/jpeg\" \/>\n<meta name=\"twitter:card\" content=\"summary_large_image\" \/>\n<script type=\"application\/ld+json\" class=\"yoast-schema-graph\">{\"@context\":\"https:\/\/schema.org\",\"@graph\":[{\"@type\":\"WebPage\",\"@id\":\"https:\/\/www.gruen-gmbh.de\/produkt\/gussasphalteinbaubohle-kbr-75-sl\/\",\"url\":\"https:\/\/www.gruen-gmbh.de\/produkt\/gussasphalteinbaubohle-kbr-75-sl\/\",\"name\":\"Gussasphalteinbaubohle KBR 75 SL - Gr\u00fcn GmbH\",\"isPartOf\":{\"@id\":\"https:\/\/www.gruen-gmbh.de\/en\/#website\"},\"primaryImageOfPage\":{\"@id\":\"https:\/\/www.gruen-gmbh.de\/produkt\/gussasphalteinbaubohle-kbr-75-sl\/#primaryimage\"},\"image\":{\"@id\":\"https:\/\/www.gruen-gmbh.de\/produkt\/gussasphalteinbaubohle-kbr-75-sl\/#primaryimage\"},\"thumbnailUrl\":\"https:\/\/www.gruen-gmbh.de\/wp-content\/uploads\/2024\/07\/KBR_75_06_big.jpg\",\"datePublished\":\"2024-07-31T11:24:56+00:00\",\"dateModified\":\"2025-02-11T10:19:03+00:00\",\"breadcrumb\":{\"@id\":\"https:\/\/www.gruen-gmbh.de\/produkt\/gussasphalteinbaubohle-kbr-75-sl\/#breadcrumb\"},\"inLanguage\":\"en-US\",\"potentialAction\":[{\"@type\":\"ReadAction\",\"target\":[\"https:\/\/www.gruen-gmbh.de\/produkt\/gussasphalteinbaubohle-kbr-75-sl\/\"]}]},{\"@type\":\"ImageObject\",\"inLanguage\":\"en-US\",\"@id\":\"https:\/\/www.gruen-gmbh.de\/produkt\/gussasphalteinbaubohle-kbr-75-sl\/#primaryimage\",\"url\":\"https:\/\/www.gruen-gmbh.de\/wp-content\/uploads\/2024\/07\/KBR_75_06_big.jpg\",\"contentUrl\":\"https:\/\/www.gruen-gmbh.de\/wp-content\/uploads\/2024\/07\/KBR_75_06_big.jpg\",\"width\":500,\"height\":335},{\"@type\":\"BreadcrumbList\",\"@id\":\"https:\/\/www.gruen-gmbh.de\/produkt\/gussasphalteinbaubohle-kbr-75-sl\/#breadcrumb\",\"itemListElement\":[{\"@type\":\"ListItem\",\"position\":1,\"name\":\"Startseite\",\"item\":\"https:\/\/www.gruen-gmbh.de\/\"},{\"@type\":\"ListItem\",\"position\":2,\"name\":\"Shop\",\"item\":\"https:\/\/www.gruen-gmbh.de\/en\/shop\/\"},{\"@type\":\"ListItem\",\"position\":3,\"name\":\"Gussasphalteinbaubohle KBR 75 SL\"}]},{\"@type\":\"WebSite\",\"@id\":\"https:\/\/www.gruen-gmbh.de\/en\/#website\",\"url\":\"https:\/\/www.gruen-gmbh.de\/en\/\",\"name\":\"Gr\u00fcn GmbH\",\"description\":\"\",\"publisher\":{\"@id\":\"https:\/\/www.gruen-gmbh.de\/en\/#organization\"},\"potentialAction\":[{\"@type\":\"SearchAction\",\"target\":{\"@type\":\"EntryPoint\",\"urlTemplate\":\"https:\/\/www.gruen-gmbh.de\/en\/?s={search_term_string}\"},\"query-input\":{\"@type\":\"PropertyValueSpecification\",\"valueRequired\":true,\"valueName\":\"search_term_string\"}}],\"inLanguage\":\"en-US\"},{\"@type\":\"Organization\",\"@id\":\"https:\/\/www.gruen-gmbh.de\/en\/#organization\",\"name\":\"Gr\u00fcn GmbH\",\"url\":\"https:\/\/www.gruen-gmbh.de\/en\/\",\"logo\":{\"@type\":\"ImageObject\",\"inLanguage\":\"en-US\",\"@id\":\"https:\/\/www.gruen-gmbh.de\/en\/#\/schema\/logo\/image\/\",\"url\":\"https:\/\/www.gruen-gmbh.de\/wp-content\/uploads\/2024\/07\/gruen-logo.webp\",\"contentUrl\":\"https:\/\/www.gruen-gmbh.de\/wp-content\/uploads\/2024\/07\/gruen-logo.webp\",\"width\":672,\"height\":164,\"caption\":\"Gr\u00fcn GmbH\"},\"image\":{\"@id\":\"https:\/\/www.gruen-gmbh.de\/en\/#\/schema\/logo\/image\/\"}}]}<\/script>\n<!-- \/ Yoast SEO plugin. -->","yoast_head_json":{"title":"Gussasphalteinbaubohle KBR 75 SL - Gr\u00fcn GmbH","robots":{"index":"index","follow":"follow","max-snippet":"max-snippet:-1","max-image-preview":"max-image-preview:large","max-video-preview":"max-video-preview:-1"},"canonical":"https:\/\/www.gruen-gmbh.de\/en\/product\/gussasphalteinbaubohle-kbr-75-sl\/","og_locale":"en_US","og_type":"article","og_title":"Gussasphalteinbaubohle KBR 75 SL - Gr\u00fcn GmbH","og_description":"f\u00fcr den maschinellen Einbau von Gussasphalt im Stra\u00dfenbau mit maschineller Absplittung   Die minimale Einbaubreite betr\u00e4gt 2.500 mm in Schritten von 250 mm ist die Einbaubreite bis 8.500 mm erweiterbar.  Hydrostatischer Allradantrieb \u00fcber Antriebskette, Fahrgeschwindigkeit von 0-3 m\/min stufenlos regelbar. Versetzgeschwindigkeit bis 6 m\/min Ausr\u00fcstbar mit Vulcollanbandagen, Schienenr\u00e4dern oder Raupenfahrwerken. Die H\u00f6henverstellung erfolgt \u00fcber stabile Hubspindeln, hydraulisch angetrieben. Hydraulisch verstellbare Seitenschotts serienm\u00e4ssig  Die Bohlenwerkzeuge in gefr\u00e4ster Ausf\u00fchrung mit Andruck- und Gl\u00e4ttfl\u00e4che sind Propangas beheizt und k\u00f6nnen an jeden Bohlenteil mit Thermometer zur Werkzeugtemperaturkontrolle ausger\u00fcstet werden.  Splittstreuung rechnergesteuert  Optional kann die Bohle mit diversen Sonderausstattungen ausger\u00fcstet werden:   Schwertverteiler  Verteilerschnecke  Stra\u00dfenfahrwerke von 20 bis 80 km\/h  wechselbare Endst\u00fccke  Nivellierung  Hydraulisches S\u00e4ulenfahrwerk  Montagevorrichtung","og_url":"https:\/\/www.gruen-gmbh.de\/en\/product\/gussasphalteinbaubohle-kbr-75-sl\/","og_site_name":"Gr\u00fcn GmbH","article_modified_time":"2025-02-11T10:19:03+00:00","og_image":[{"width":500,"height":335,"url":"https:\/\/www.gruen-gmbh.de\/wp-content\/uploads\/2024\/07\/KBR_75_06_big.jpg","type":"image\/jpeg"}],"twitter_card":"summary_large_image","schema":{"@context":"https:\/\/schema.org","@graph":[{"@type":"WebPage","@id":"https:\/\/www.gruen-gmbh.de\/produkt\/gussasphalteinbaubohle-kbr-75-sl\/","url":"https:\/\/www.gruen-gmbh.de\/produkt\/gussasphalteinbaubohle-kbr-75-sl\/","name":"Gussasphalteinbaubohle KBR 75 SL - Gr\u00fcn GmbH","isPartOf":{"@id":"https:\/\/www.gruen-gmbh.de\/en\/#website"},"primaryImageOfPage":{"@id":"https:\/\/www.gruen-gmbh.de\/produkt\/gussasphalteinbaubohle-kbr-75-sl\/#primaryimage"},"image":{"@id":"https:\/\/www.gruen-gmbh.de\/produkt\/gussasphalteinbaubohle-kbr-75-sl\/#primaryimage"},"thumbnailUrl":"https:\/\/www.gruen-gmbh.de\/wp-content\/uploads\/2024\/07\/KBR_75_06_big.jpg","datePublished":"2024-07-31T11:24:56+00:00","dateModified":"2025-02-11T10:19:03+00:00","breadcrumb":{"@id":"https:\/\/www.gruen-gmbh.de\/produkt\/gussasphalteinbaubohle-kbr-75-sl\/#breadcrumb"},"inLanguage":"en-US","potentialAction":[{"@type":"ReadAction","target":["https:\/\/www.gruen-gmbh.de\/produkt\/gussasphalteinbaubohle-kbr-75-sl\/"]}]},{"@type":"ImageObject","inLanguage":"en-US","@id":"https:\/\/www.gruen-gmbh.de\/produkt\/gussasphalteinbaubohle-kbr-75-sl\/#primaryimage","url":"https:\/\/www.gruen-gmbh.de\/wp-content\/uploads\/2024\/07\/KBR_75_06_big.jpg","contentUrl":"https:\/\/www.gruen-gmbh.de\/wp-content\/uploads\/2024\/07\/KBR_75_06_big.jpg","width":500,"height":335},{"@type":"BreadcrumbList","@id":"https:\/\/www.gruen-gmbh.de\/produkt\/gussasphalteinbaubohle-kbr-75-sl\/#breadcrumb","itemListElement":[{"@type":"ListItem","position":1,"name":"Startseite","item":"https:\/\/www.gruen-gmbh.de\/"},{"@type":"ListItem","position":2,"name":"Shop","item":"https:\/\/www.gruen-gmbh.de\/en\/shop\/"},{"@type":"ListItem","position":3,"name":"Gussasphalteinbaubohle KBR 75 SL"}]},{"@type":"WebSite","@id":"https:\/\/www.gruen-gmbh.de\/en\/#website","url":"https:\/\/www.gruen-gmbh.de\/en\/","name":"Gr\u00fcn GmbH","description":"","publisher":{"@id":"https:\/\/www.gruen-gmbh.de\/en\/#organization"},"potentialAction":[{"@type":"SearchAction","target":{"@type":"EntryPoint","urlTemplate":"https:\/\/www.gruen-gmbh.de\/en\/?s={search_term_string}"},"query-input":{"@type":"PropertyValueSpecification","valueRequired":true,"valueName":"search_term_string"}}],"inLanguage":"en-US"},{"@type":"Organization","@id":"https:\/\/www.gruen-gmbh.de\/en\/#organization","name":"Gr\u00fcn GmbH","url":"https:\/\/www.gruen-gmbh.de\/en\/","logo":{"@type":"ImageObject","inLanguage":"en-US","@id":"https:\/\/www.gruen-gmbh.de\/en\/#\/schema\/logo\/image\/","url":"https:\/\/www.gruen-gmbh.de\/wp-content\/uploads\/2024\/07\/gruen-logo.webp","contentUrl":"https:\/\/www.gruen-gmbh.de\/wp-content\/uploads\/2024\/07\/gruen-logo.webp","width":672,"height":164,"caption":"Gr\u00fcn GmbH"},"image":{"@id":"https:\/\/www.gruen-gmbh.de\/en\/#\/schema\/logo\/image\/"}}]}},"_links":{"self":[{"href":"https:\/\/www.gruen-gmbh.de\/en\/wp-json\/wp\/v2\/product\/38200","targetHints":{"allow":["GET"]}}],"collection":[{"href":"https:\/\/www.gruen-gmbh.de\/en\/wp-json\/wp\/v2\/product"}],"about":[{"href":"https:\/\/www.gruen-gmbh.de\/en\/wp-json\/wp\/v2\/types\/product"}],"version-history":[{"count":0,"href":"https:\/\/www.gruen-gmbh.de\/en\/wp-json\/wp\/v2\/product\/38200\/revisions"}],"wp:featuredmedia":[{"embeddable":true,"href":"https:\/\/www.gruen-gmbh.de\/en\/wp-json\/wp\/v2\/media\/38961"}],"wp:attachment":[{"href":"https:\/\/www.gruen-gmbh.de\/en\/wp-json\/wp\/v2\/media?parent=38200"}],"wp:term":[{"taxonomy":"product_brand","embeddable":true,"href":"https:\/\/www.gruen-gmbh.de\/en\/wp-json\/wp\/v2\/product_brand?post=38200"},{"taxonomy":"product_cat","embeddable":true,"href":"https:\/\/www.gruen-gmbh.de\/en\/wp-json\/wp\/v2\/product_cat?post=38200"},{"taxonomy":"product_tag","embeddable":true,"href":"https:\/\/www.gruen-gmbh.de\/en\/wp-json\/wp\/v2\/product_tag?post=38200"}],"curies":[{"name":"wp","href":"https:\/\/api.w.org\/{rel}","templated":true}]}}