{"id":38214,"date":"2024-07-31T11:32:13","date_gmt":"2024-07-31T11:32:13","guid":{"rendered":"https:\/\/eventgruen.online\/?post_type=product&#038;p=38214"},"modified":"2025-07-17T06:35:06","modified_gmt":"2025-07-17T06:35:06","slug":"elektrisch-angetriebene-bitumenspritzmaschine-ahs-5-200-elektro","status":"publish","type":"product","link":"https:\/\/www.gruen-gmbh.de\/en\/product\/elektrisch-angetriebene-bitumenspritzmaschine-ahs-5-200-elektro\/","title":{"rendered":"Electrically driven AHS 5-200-Electric bitumen spraying machine"},"content":{"rendered":"<ul>\n<li>Bitumen pump drive purely is electric, no noise or stench from a petrol or diesel engine<\/li>\n<li>Eine LiFePo (Lithium-Eisen-Phosphat) garantiert eine Bitumenpumpenlaufzeit von ca. 10 bis 30 Stunden je nach Batterieausstattung<\/li>\n<li>Binding-agent pump with pressure relief valve, speed control for the delivery rate and change of direction of rotation for back suction and circulation of the binding agent.<\/li>\n<li>The electric pump-heating and a propane gas drum heating system with safety device and piezo ignition enable the processing of polymer-modified bitumen.<\/li>\n<li>Foldable bitumen barrel-holder with barrel turning elements and barrel fixation.<\/li>\n<li>Trailer chassis with LED vehicle lighting incl. marker lights for 12 and 24 volts with matching vehicle plugs, ball head coupling, DIN towing eye, maximum speed of 80 km\/h with a permissible total weight of 750 kg and a hand-pull drawbar with drop brake.<\/li>\n<li>The scope of delivery includes a 5m long spray hose and a very light 2.5m long ALU spray lance.<\/li>\n<\/ul>","protected":false},"excerpt":{"rendered":"<p>Bitumen emulsion spraying machine trailer for a 200 l drum forspraying pressure-sensitive adhesive and polymer-modified bitumen emulsions.<\/p>","protected":false},"featured_media":38995,"template":"","meta":[],"product_brand":[],"product_cat":[34,134],"product_tag":[],"class_list":{"0":"post-38214","1":"product","2":"type-product","3":"status-publish","4":"has-post-thumbnail","6":"product_cat-strassenbaumaschinen","7":"product_cat-bitumenspritztechnik","9":"first","10":"instock","11":"shipping-taxable","12":"product-type-simple"},"yoast_head":"<!-- This site is optimized with the Yoast SEO plugin v26.3 - https:\/\/yoast.com\/wordpress\/plugins\/seo\/ -->\n<title>Elektrisch angetriebene Bitumenspritzmaschine AHS 5-200-Elektro - Gr\u00fcn GmbH<\/title>\n<meta name=\"robots\" content=\"index, follow, max-snippet:-1, max-image-preview:large, max-video-preview:-1\" \/>\n<link rel=\"canonical\" href=\"https:\/\/www.gruen-gmbh.de\/en\/product\/elektrisch-angetriebene-bitumenspritzmaschine-ahs-5-200-elektro\/\" \/>\n<meta property=\"og:locale\" content=\"en_US\" \/>\n<meta property=\"og:type\" content=\"article\" \/>\n<meta property=\"og:title\" content=\"Elektrisch angetriebene Bitumenspritzmaschine AHS 5-200-Elektro - Gr\u00fcn GmbH\" \/>\n<meta property=\"og:description\" content=\"Anh\u00e4nger-Bitumenemulsionsspritzmaschine f\u00fcr ein 200 l Fass zum Verspritzen von Haftkleber und polymermodifizierten Bitumenemulsionen.\" \/>\n<meta property=\"og:url\" content=\"https:\/\/www.gruen-gmbh.de\/en\/product\/elektrisch-angetriebene-bitumenspritzmaschine-ahs-5-200-elektro\/\" \/>\n<meta property=\"og:site_name\" content=\"Gr\u00fcn GmbH\" \/>\n<meta property=\"article:modified_time\" content=\"2025-07-17T06:35:06+00:00\" \/>\n<meta property=\"og:image\" content=\"https:\/\/www.gruen-gmbh.de\/wp-content\/uploads\/2024\/07\/AHS5_200_Elektro_03440200_00023-1024x668-1.jpg\" \/>\n\t<meta property=\"og:image:width\" content=\"1024\" \/>\n\t<meta property=\"og:image:height\" content=\"668\" \/>\n\t<meta property=\"og:image:type\" content=\"image\/jpeg\" \/>\n<meta name=\"twitter:card\" content=\"summary_large_image\" \/>\n<meta name=\"twitter:label1\" content=\"Est. reading time\" \/>\n\t<meta name=\"twitter:data1\" content=\"1 minute\" \/>\n<script type=\"application\/ld+json\" class=\"yoast-schema-graph\">{\"@context\":\"https:\/\/schema.org\",\"@graph\":[{\"@type\":\"WebPage\",\"@id\":\"https:\/\/www.gruen-gmbh.de\/produkt\/elektrisch-angetriebene-bitumenspritzmaschine-ahs-5-200-elektro\/\",\"url\":\"https:\/\/www.gruen-gmbh.de\/produkt\/elektrisch-angetriebene-bitumenspritzmaschine-ahs-5-200-elektro\/\",\"name\":\"Elektrisch angetriebene Bitumenspritzmaschine AHS 5-200-Elektro - Gr\u00fcn GmbH\",\"isPartOf\":{\"@id\":\"https:\/\/www.gruen-gmbh.de\/en\/#website\"},\"primaryImageOfPage\":{\"@id\":\"https:\/\/www.gruen-gmbh.de\/produkt\/elektrisch-angetriebene-bitumenspritzmaschine-ahs-5-200-elektro\/#primaryimage\"},\"image\":{\"@id\":\"https:\/\/www.gruen-gmbh.de\/produkt\/elektrisch-angetriebene-bitumenspritzmaschine-ahs-5-200-elektro\/#primaryimage\"},\"thumbnailUrl\":\"https:\/\/www.gruen-gmbh.de\/wp-content\/uploads\/2024\/07\/AHS5_200_Elektro_03440200_00023-1024x668-1.jpg\",\"datePublished\":\"2024-07-31T11:32:13+00:00\",\"dateModified\":\"2025-07-17T06:35:06+00:00\",\"breadcrumb\":{\"@id\":\"https:\/\/www.gruen-gmbh.de\/produkt\/elektrisch-angetriebene-bitumenspritzmaschine-ahs-5-200-elektro\/#breadcrumb\"},\"inLanguage\":\"en-US\",\"potentialAction\":[{\"@type\":\"ReadAction\",\"target\":[\"https:\/\/www.gruen-gmbh.de\/produkt\/elektrisch-angetriebene-bitumenspritzmaschine-ahs-5-200-elektro\/\"]}]},{\"@type\":\"ImageObject\",\"inLanguage\":\"en-US\",\"@id\":\"https:\/\/www.gruen-gmbh.de\/produkt\/elektrisch-angetriebene-bitumenspritzmaschine-ahs-5-200-elektro\/#primaryimage\",\"url\":\"https:\/\/www.gruen-gmbh.de\/wp-content\/uploads\/2024\/07\/AHS5_200_Elektro_03440200_00023-1024x668-1.jpg\",\"contentUrl\":\"https:\/\/www.gruen-gmbh.de\/wp-content\/uploads\/2024\/07\/AHS5_200_Elektro_03440200_00023-1024x668-1.jpg\",\"width\":1024,\"height\":668},{\"@type\":\"BreadcrumbList\",\"@id\":\"https:\/\/www.gruen-gmbh.de\/produkt\/elektrisch-angetriebene-bitumenspritzmaschine-ahs-5-200-elektro\/#breadcrumb\",\"itemListElement\":[{\"@type\":\"ListItem\",\"position\":1,\"name\":\"Startseite\",\"item\":\"https:\/\/www.gruen-gmbh.de\/\"},{\"@type\":\"ListItem\",\"position\":2,\"name\":\"Shop\",\"item\":\"https:\/\/www.gruen-gmbh.de\/en\/shop\/\"},{\"@type\":\"ListItem\",\"position\":3,\"name\":\"Elektrisch angetriebene Bitumenspritzmaschine AHS 5-200-Elektro\"}]},{\"@type\":\"WebSite\",\"@id\":\"https:\/\/www.gruen-gmbh.de\/en\/#website\",\"url\":\"https:\/\/www.gruen-gmbh.de\/en\/\",\"name\":\"Gr\u00fcn GmbH\",\"description\":\"\",\"publisher\":{\"@id\":\"https:\/\/www.gruen-gmbh.de\/en\/#organization\"},\"potentialAction\":[{\"@type\":\"SearchAction\",\"target\":{\"@type\":\"EntryPoint\",\"urlTemplate\":\"https:\/\/www.gruen-gmbh.de\/en\/?s={search_term_string}\"},\"query-input\":{\"@type\":\"PropertyValueSpecification\",\"valueRequired\":true,\"valueName\":\"search_term_string\"}}],\"inLanguage\":\"en-US\"},{\"@type\":\"Organization\",\"@id\":\"https:\/\/www.gruen-gmbh.de\/en\/#organization\",\"name\":\"Gr\u00fcn GmbH\",\"url\":\"https:\/\/www.gruen-gmbh.de\/en\/\",\"logo\":{\"@type\":\"ImageObject\",\"inLanguage\":\"en-US\",\"@id\":\"https:\/\/www.gruen-gmbh.de\/en\/#\/schema\/logo\/image\/\",\"url\":\"https:\/\/www.gruen-gmbh.de\/wp-content\/uploads\/2024\/07\/gruen-logo.webp\",\"contentUrl\":\"https:\/\/www.gruen-gmbh.de\/wp-content\/uploads\/2024\/07\/gruen-logo.webp\",\"width\":672,\"height\":164,\"caption\":\"Gr\u00fcn GmbH\"},\"image\":{\"@id\":\"https:\/\/www.gruen-gmbh.de\/en\/#\/schema\/logo\/image\/\"}}]}<\/script>\n<!-- \/ Yoast SEO plugin. -->","yoast_head_json":{"title":"Elektrisch angetriebene Bitumenspritzmaschine AHS 5-200-Elektro - Gr\u00fcn GmbH","robots":{"index":"index","follow":"follow","max-snippet":"max-snippet:-1","max-image-preview":"max-image-preview:large","max-video-preview":"max-video-preview:-1"},"canonical":"https:\/\/www.gruen-gmbh.de\/en\/product\/elektrisch-angetriebene-bitumenspritzmaschine-ahs-5-200-elektro\/","og_locale":"en_US","og_type":"article","og_title":"Elektrisch angetriebene Bitumenspritzmaschine AHS 5-200-Elektro - Gr\u00fcn GmbH","og_description":"Anh\u00e4nger-Bitumenemulsionsspritzmaschine f\u00fcr ein 200 l Fass zum Verspritzen von Haftkleber und polymermodifizierten Bitumenemulsionen.","og_url":"https:\/\/www.gruen-gmbh.de\/en\/product\/elektrisch-angetriebene-bitumenspritzmaschine-ahs-5-200-elektro\/","og_site_name":"Gr\u00fcn GmbH","article_modified_time":"2025-07-17T06:35:06+00:00","og_image":[{"width":1024,"height":668,"url":"https:\/\/www.gruen-gmbh.de\/wp-content\/uploads\/2024\/07\/AHS5_200_Elektro_03440200_00023-1024x668-1.jpg","type":"image\/jpeg"}],"twitter_card":"summary_large_image","twitter_misc":{"Est. reading time":"1 minute"},"schema":{"@context":"https:\/\/schema.org","@graph":[{"@type":"WebPage","@id":"https:\/\/www.gruen-gmbh.de\/produkt\/elektrisch-angetriebene-bitumenspritzmaschine-ahs-5-200-elektro\/","url":"https:\/\/www.gruen-gmbh.de\/produkt\/elektrisch-angetriebene-bitumenspritzmaschine-ahs-5-200-elektro\/","name":"Elektrisch angetriebene Bitumenspritzmaschine AHS 5-200-Elektro - Gr\u00fcn GmbH","isPartOf":{"@id":"https:\/\/www.gruen-gmbh.de\/en\/#website"},"primaryImageOfPage":{"@id":"https:\/\/www.gruen-gmbh.de\/produkt\/elektrisch-angetriebene-bitumenspritzmaschine-ahs-5-200-elektro\/#primaryimage"},"image":{"@id":"https:\/\/www.gruen-gmbh.de\/produkt\/elektrisch-angetriebene-bitumenspritzmaschine-ahs-5-200-elektro\/#primaryimage"},"thumbnailUrl":"https:\/\/www.gruen-gmbh.de\/wp-content\/uploads\/2024\/07\/AHS5_200_Elektro_03440200_00023-1024x668-1.jpg","datePublished":"2024-07-31T11:32:13+00:00","dateModified":"2025-07-17T06:35:06+00:00","breadcrumb":{"@id":"https:\/\/www.gruen-gmbh.de\/produkt\/elektrisch-angetriebene-bitumenspritzmaschine-ahs-5-200-elektro\/#breadcrumb"},"inLanguage":"en-US","potentialAction":[{"@type":"ReadAction","target":["https:\/\/www.gruen-gmbh.de\/produkt\/elektrisch-angetriebene-bitumenspritzmaschine-ahs-5-200-elektro\/"]}]},{"@type":"ImageObject","inLanguage":"en-US","@id":"https:\/\/www.gruen-gmbh.de\/produkt\/elektrisch-angetriebene-bitumenspritzmaschine-ahs-5-200-elektro\/#primaryimage","url":"https:\/\/www.gruen-gmbh.de\/wp-content\/uploads\/2024\/07\/AHS5_200_Elektro_03440200_00023-1024x668-1.jpg","contentUrl":"https:\/\/www.gruen-gmbh.de\/wp-content\/uploads\/2024\/07\/AHS5_200_Elektro_03440200_00023-1024x668-1.jpg","width":1024,"height":668},{"@type":"BreadcrumbList","@id":"https:\/\/www.gruen-gmbh.de\/produkt\/elektrisch-angetriebene-bitumenspritzmaschine-ahs-5-200-elektro\/#breadcrumb","itemListElement":[{"@type":"ListItem","position":1,"name":"Startseite","item":"https:\/\/www.gruen-gmbh.de\/"},{"@type":"ListItem","position":2,"name":"Shop","item":"https:\/\/www.gruen-gmbh.de\/en\/shop\/"},{"@type":"ListItem","position":3,"name":"Elektrisch angetriebene Bitumenspritzmaschine AHS 5-200-Elektro"}]},{"@type":"WebSite","@id":"https:\/\/www.gruen-gmbh.de\/en\/#website","url":"https:\/\/www.gruen-gmbh.de\/en\/","name":"Gr\u00fcn GmbH","description":"","publisher":{"@id":"https:\/\/www.gruen-gmbh.de\/en\/#organization"},"potentialAction":[{"@type":"SearchAction","target":{"@type":"EntryPoint","urlTemplate":"https:\/\/www.gruen-gmbh.de\/en\/?s={search_term_string}"},"query-input":{"@type":"PropertyValueSpecification","valueRequired":true,"valueName":"search_term_string"}}],"inLanguage":"en-US"},{"@type":"Organization","@id":"https:\/\/www.gruen-gmbh.de\/en\/#organization","name":"Gr\u00fcn GmbH","url":"https:\/\/www.gruen-gmbh.de\/en\/","logo":{"@type":"ImageObject","inLanguage":"en-US","@id":"https:\/\/www.gruen-gmbh.de\/en\/#\/schema\/logo\/image\/","url":"https:\/\/www.gruen-gmbh.de\/wp-content\/uploads\/2024\/07\/gruen-logo.webp","contentUrl":"https:\/\/www.gruen-gmbh.de\/wp-content\/uploads\/2024\/07\/gruen-logo.webp","width":672,"height":164,"caption":"Gr\u00fcn GmbH"},"image":{"@id":"https:\/\/www.gruen-gmbh.de\/en\/#\/schema\/logo\/image\/"}}]}},"_links":{"self":[{"href":"https:\/\/www.gruen-gmbh.de\/en\/wp-json\/wp\/v2\/product\/38214","targetHints":{"allow":["GET"]}}],"collection":[{"href":"https:\/\/www.gruen-gmbh.de\/en\/wp-json\/wp\/v2\/product"}],"about":[{"href":"https:\/\/www.gruen-gmbh.de\/en\/wp-json\/wp\/v2\/types\/product"}],"version-history":[{"count":0,"href":"https:\/\/www.gruen-gmbh.de\/en\/wp-json\/wp\/v2\/product\/38214\/revisions"}],"wp:featuredmedia":[{"embeddable":true,"href":"https:\/\/www.gruen-gmbh.de\/en\/wp-json\/wp\/v2\/media\/38995"}],"wp:attachment":[{"href":"https:\/\/www.gruen-gmbh.de\/en\/wp-json\/wp\/v2\/media?parent=38214"}],"wp:term":[{"taxonomy":"product_brand","embeddable":true,"href":"https:\/\/www.gruen-gmbh.de\/en\/wp-json\/wp\/v2\/product_brand?post=38214"},{"taxonomy":"product_cat","embeddable":true,"href":"https:\/\/www.gruen-gmbh.de\/en\/wp-json\/wp\/v2\/product_cat?post=38214"},{"taxonomy":"product_tag","embeddable":true,"href":"https:\/\/www.gruen-gmbh.de\/en\/wp-json\/wp\/v2\/product_tag?post=38214"}],"curies":[{"name":"wp","href":"https:\/\/api.w.org\/{rel}","templated":true}]}}