{"id":38240,"date":"2024-08-01T06:07:36","date_gmt":"2024-08-01T06:07:36","guid":{"rendered":"https:\/\/eventgruen.online\/?post_type=product&#038;p=38240"},"modified":"2025-01-14T07:48:46","modified_gmt":"2025-01-14T07:48:46","slug":"reissklaue","status":"publish","type":"product","link":"https:\/\/www.gruen-gmbh.de\/en\/product\/reissklaue\/","title":{"rendered":"Tear-off claw"},"content":{"rendered":"","protected":false},"excerpt":{"rendered":"<p>Indispensable aide for the removal of old roofing. Ergonomically handy device for the pulling out of roof sheeting and plate.<\/p>\n<p>Robust grasping hinge. According to thickness, the screed is cut into narrow or wide stripes and simply deducted.<\/p>","protected":false},"featured_media":39050,"template":"","meta":[],"product_brand":[],"product_cat":[24,25],"product_tag":[],"class_list":{"0":"post-38240","1":"product","2":"type-product","3":"status-publish","4":"has-post-thumbnail","6":"product_cat-dachgeraete-bautechnik","7":"product_cat-dachsanierungsgeraete","9":"first","10":"instock","11":"shipping-taxable","12":"product-type-simple"},"yoast_head":"<!-- This site is optimized with the Yoast SEO plugin v26.3 - https:\/\/yoast.com\/wordpress\/plugins\/seo\/ -->\n<title>Rei\u00dfklaue - Gr\u00fcn GmbH<\/title>\n<meta name=\"robots\" content=\"index, follow, max-snippet:-1, max-image-preview:large, max-video-preview:-1\" \/>\n<link rel=\"canonical\" href=\"https:\/\/www.gruen-gmbh.de\/en\/product\/reissklaue\/\" \/>\n<meta property=\"og:locale\" content=\"en_US\" \/>\n<meta property=\"og:type\" content=\"article\" \/>\n<meta property=\"og:title\" content=\"Rei\u00dfklaue - Gr\u00fcn GmbH\" \/>\n<meta property=\"og:description\" content=\"Dieses robuste, ergonomisch handliche Ger\u00e4t schont nicht nur H\u00e4nde und Finger, sondern garantiert durch eine Spezial-Alulegierung eine hohe Lebensdauer.  Der Belag wird je nach St\u00e4rke in schmale oder breitere Streifen geschnitten und einfach agbezogen. Der unentbehrliche Helfer f\u00fcr das Entfernen alter Dachhaut.\" \/>\n<meta property=\"og:url\" content=\"https:\/\/www.gruen-gmbh.de\/en\/product\/reissklaue\/\" \/>\n<meta property=\"og:site_name\" content=\"Gr\u00fcn GmbH\" \/>\n<meta property=\"article:modified_time\" content=\"2025-01-14T07:48:46+00:00\" \/>\n<meta property=\"og:image\" content=\"https:\/\/www.gruen-gmbh.de\/wp-content\/uploads\/2024\/08\/50350000_Reissklaue_4030956029332-1024x717-1.png\" \/>\n\t<meta property=\"og:image:width\" content=\"1024\" \/>\n\t<meta property=\"og:image:height\" content=\"717\" \/>\n\t<meta property=\"og:image:type\" content=\"image\/png\" \/>\n<meta name=\"twitter:card\" content=\"summary_large_image\" \/>\n<script type=\"application\/ld+json\" class=\"yoast-schema-graph\">{\"@context\":\"https:\/\/schema.org\",\"@graph\":[{\"@type\":\"WebPage\",\"@id\":\"https:\/\/www.gruen-gmbh.de\/produkt\/reissklaue\/\",\"url\":\"https:\/\/www.gruen-gmbh.de\/produkt\/reissklaue\/\",\"name\":\"Rei\u00dfklaue - Gr\u00fcn GmbH\",\"isPartOf\":{\"@id\":\"https:\/\/www.gruen-gmbh.de\/en\/#website\"},\"primaryImageOfPage\":{\"@id\":\"https:\/\/www.gruen-gmbh.de\/produkt\/reissklaue\/#primaryimage\"},\"image\":{\"@id\":\"https:\/\/www.gruen-gmbh.de\/produkt\/reissklaue\/#primaryimage\"},\"thumbnailUrl\":\"https:\/\/www.gruen-gmbh.de\/wp-content\/uploads\/2024\/08\/50350000_Reissklaue_4030956029332-1024x717-1.png\",\"datePublished\":\"2024-08-01T06:07:36+00:00\",\"dateModified\":\"2025-01-14T07:48:46+00:00\",\"breadcrumb\":{\"@id\":\"https:\/\/www.gruen-gmbh.de\/produkt\/reissklaue\/#breadcrumb\"},\"inLanguage\":\"en-US\",\"potentialAction\":[{\"@type\":\"ReadAction\",\"target\":[\"https:\/\/www.gruen-gmbh.de\/produkt\/reissklaue\/\"]}]},{\"@type\":\"ImageObject\",\"inLanguage\":\"en-US\",\"@id\":\"https:\/\/www.gruen-gmbh.de\/produkt\/reissklaue\/#primaryimage\",\"url\":\"https:\/\/www.gruen-gmbh.de\/wp-content\/uploads\/2024\/08\/50350000_Reissklaue_4030956029332-1024x717-1.png\",\"contentUrl\":\"https:\/\/www.gruen-gmbh.de\/wp-content\/uploads\/2024\/08\/50350000_Reissklaue_4030956029332-1024x717-1.png\",\"width\":1024,\"height\":717},{\"@type\":\"BreadcrumbList\",\"@id\":\"https:\/\/www.gruen-gmbh.de\/produkt\/reissklaue\/#breadcrumb\",\"itemListElement\":[{\"@type\":\"ListItem\",\"position\":1,\"name\":\"Startseite\",\"item\":\"https:\/\/www.gruen-gmbh.de\/\"},{\"@type\":\"ListItem\",\"position\":2,\"name\":\"Shop\",\"item\":\"https:\/\/www.gruen-gmbh.de\/en\/shop\/\"},{\"@type\":\"ListItem\",\"position\":3,\"name\":\"Rei\u00dfklaue\"}]},{\"@type\":\"WebSite\",\"@id\":\"https:\/\/www.gruen-gmbh.de\/en\/#website\",\"url\":\"https:\/\/www.gruen-gmbh.de\/en\/\",\"name\":\"Gr\u00fcn GmbH\",\"description\":\"\",\"publisher\":{\"@id\":\"https:\/\/www.gruen-gmbh.de\/en\/#organization\"},\"potentialAction\":[{\"@type\":\"SearchAction\",\"target\":{\"@type\":\"EntryPoint\",\"urlTemplate\":\"https:\/\/www.gruen-gmbh.de\/en\/?s={search_term_string}\"},\"query-input\":{\"@type\":\"PropertyValueSpecification\",\"valueRequired\":true,\"valueName\":\"search_term_string\"}}],\"inLanguage\":\"en-US\"},{\"@type\":\"Organization\",\"@id\":\"https:\/\/www.gruen-gmbh.de\/en\/#organization\",\"name\":\"Gr\u00fcn GmbH\",\"url\":\"https:\/\/www.gruen-gmbh.de\/en\/\",\"logo\":{\"@type\":\"ImageObject\",\"inLanguage\":\"en-US\",\"@id\":\"https:\/\/www.gruen-gmbh.de\/en\/#\/schema\/logo\/image\/\",\"url\":\"https:\/\/www.gruen-gmbh.de\/wp-content\/uploads\/2024\/07\/gruen-logo.webp\",\"contentUrl\":\"https:\/\/www.gruen-gmbh.de\/wp-content\/uploads\/2024\/07\/gruen-logo.webp\",\"width\":672,\"height\":164,\"caption\":\"Gr\u00fcn GmbH\"},\"image\":{\"@id\":\"https:\/\/www.gruen-gmbh.de\/en\/#\/schema\/logo\/image\/\"}}]}<\/script>\n<!-- \/ Yoast SEO plugin. -->","yoast_head_json":{"title":"Rei\u00dfklaue - Gr\u00fcn GmbH","robots":{"index":"index","follow":"follow","max-snippet":"max-snippet:-1","max-image-preview":"max-image-preview:large","max-video-preview":"max-video-preview:-1"},"canonical":"https:\/\/www.gruen-gmbh.de\/en\/product\/reissklaue\/","og_locale":"en_US","og_type":"article","og_title":"Rei\u00dfklaue - Gr\u00fcn GmbH","og_description":"Dieses robuste, ergonomisch handliche Ger\u00e4t schont nicht nur H\u00e4nde und Finger, sondern garantiert durch eine Spezial-Alulegierung eine hohe Lebensdauer.  Der Belag wird je nach St\u00e4rke in schmale oder breitere Streifen geschnitten und einfach agbezogen. Der unentbehrliche Helfer f\u00fcr das Entfernen alter Dachhaut.","og_url":"https:\/\/www.gruen-gmbh.de\/en\/product\/reissklaue\/","og_site_name":"Gr\u00fcn GmbH","article_modified_time":"2025-01-14T07:48:46+00:00","og_image":[{"width":1024,"height":717,"url":"https:\/\/www.gruen-gmbh.de\/wp-content\/uploads\/2024\/08\/50350000_Reissklaue_4030956029332-1024x717-1.png","type":"image\/png"}],"twitter_card":"summary_large_image","schema":{"@context":"https:\/\/schema.org","@graph":[{"@type":"WebPage","@id":"https:\/\/www.gruen-gmbh.de\/produkt\/reissklaue\/","url":"https:\/\/www.gruen-gmbh.de\/produkt\/reissklaue\/","name":"Rei\u00dfklaue - Gr\u00fcn GmbH","isPartOf":{"@id":"https:\/\/www.gruen-gmbh.de\/en\/#website"},"primaryImageOfPage":{"@id":"https:\/\/www.gruen-gmbh.de\/produkt\/reissklaue\/#primaryimage"},"image":{"@id":"https:\/\/www.gruen-gmbh.de\/produkt\/reissklaue\/#primaryimage"},"thumbnailUrl":"https:\/\/www.gruen-gmbh.de\/wp-content\/uploads\/2024\/08\/50350000_Reissklaue_4030956029332-1024x717-1.png","datePublished":"2024-08-01T06:07:36+00:00","dateModified":"2025-01-14T07:48:46+00:00","breadcrumb":{"@id":"https:\/\/www.gruen-gmbh.de\/produkt\/reissklaue\/#breadcrumb"},"inLanguage":"en-US","potentialAction":[{"@type":"ReadAction","target":["https:\/\/www.gruen-gmbh.de\/produkt\/reissklaue\/"]}]},{"@type":"ImageObject","inLanguage":"en-US","@id":"https:\/\/www.gruen-gmbh.de\/produkt\/reissklaue\/#primaryimage","url":"https:\/\/www.gruen-gmbh.de\/wp-content\/uploads\/2024\/08\/50350000_Reissklaue_4030956029332-1024x717-1.png","contentUrl":"https:\/\/www.gruen-gmbh.de\/wp-content\/uploads\/2024\/08\/50350000_Reissklaue_4030956029332-1024x717-1.png","width":1024,"height":717},{"@type":"BreadcrumbList","@id":"https:\/\/www.gruen-gmbh.de\/produkt\/reissklaue\/#breadcrumb","itemListElement":[{"@type":"ListItem","position":1,"name":"Startseite","item":"https:\/\/www.gruen-gmbh.de\/"},{"@type":"ListItem","position":2,"name":"Shop","item":"https:\/\/www.gruen-gmbh.de\/en\/shop\/"},{"@type":"ListItem","position":3,"name":"Rei\u00dfklaue"}]},{"@type":"WebSite","@id":"https:\/\/www.gruen-gmbh.de\/en\/#website","url":"https:\/\/www.gruen-gmbh.de\/en\/","name":"Gr\u00fcn GmbH","description":"","publisher":{"@id":"https:\/\/www.gruen-gmbh.de\/en\/#organization"},"potentialAction":[{"@type":"SearchAction","target":{"@type":"EntryPoint","urlTemplate":"https:\/\/www.gruen-gmbh.de\/en\/?s={search_term_string}"},"query-input":{"@type":"PropertyValueSpecification","valueRequired":true,"valueName":"search_term_string"}}],"inLanguage":"en-US"},{"@type":"Organization","@id":"https:\/\/www.gruen-gmbh.de\/en\/#organization","name":"Gr\u00fcn GmbH","url":"https:\/\/www.gruen-gmbh.de\/en\/","logo":{"@type":"ImageObject","inLanguage":"en-US","@id":"https:\/\/www.gruen-gmbh.de\/en\/#\/schema\/logo\/image\/","url":"https:\/\/www.gruen-gmbh.de\/wp-content\/uploads\/2024\/07\/gruen-logo.webp","contentUrl":"https:\/\/www.gruen-gmbh.de\/wp-content\/uploads\/2024\/07\/gruen-logo.webp","width":672,"height":164,"caption":"Gr\u00fcn GmbH"},"image":{"@id":"https:\/\/www.gruen-gmbh.de\/en\/#\/schema\/logo\/image\/"}}]}},"_links":{"self":[{"href":"https:\/\/www.gruen-gmbh.de\/en\/wp-json\/wp\/v2\/product\/38240","targetHints":{"allow":["GET"]}}],"collection":[{"href":"https:\/\/www.gruen-gmbh.de\/en\/wp-json\/wp\/v2\/product"}],"about":[{"href":"https:\/\/www.gruen-gmbh.de\/en\/wp-json\/wp\/v2\/types\/product"}],"version-history":[{"count":0,"href":"https:\/\/www.gruen-gmbh.de\/en\/wp-json\/wp\/v2\/product\/38240\/revisions"}],"wp:featuredmedia":[{"embeddable":true,"href":"https:\/\/www.gruen-gmbh.de\/en\/wp-json\/wp\/v2\/media\/39050"}],"wp:attachment":[{"href":"https:\/\/www.gruen-gmbh.de\/en\/wp-json\/wp\/v2\/media?parent=38240"}],"wp:term":[{"taxonomy":"product_brand","embeddable":true,"href":"https:\/\/www.gruen-gmbh.de\/en\/wp-json\/wp\/v2\/product_brand?post=38240"},{"taxonomy":"product_cat","embeddable":true,"href":"https:\/\/www.gruen-gmbh.de\/en\/wp-json\/wp\/v2\/product_cat?post=38240"},{"taxonomy":"product_tag","embeddable":true,"href":"https:\/\/www.gruen-gmbh.de\/en\/wp-json\/wp\/v2\/product_tag?post=38240"}],"curies":[{"name":"wp","href":"https:\/\/api.w.org\/{rel}","templated":true}]}}