{"id":38283,"date":"2024-08-01T06:28:18","date_gmt":"2024-08-01T06:28:18","guid":{"rendered":"https:\/\/eventgruen.online\/?post_type=product&#038;p=38283"},"modified":"2025-02-10T10:48:20","modified_gmt":"2025-02-10T10:48:20","slug":"bitumenkocher-kipp-50-und-stationaer-50","status":"publish","type":"product","link":"https:\/\/www.gruen-gmbh.de\/en\/product\/bitumenkocher-kipp-50-und-stationaer-50\/","title":{"rendered":"Bitumen boilers tilt 50 and stationary 50"},"content":{"rendered":"<p>These small manageable boilers with lockable lids will go through almost any roof-hole and are therefore excellently suited for repair work and small jobs. The high-powered propane beam burner ensures a rapid heating up period. On request the equipment can be equipped with a dial thermometer for temperature control. Bitumen is poured by tilting the boiler in the tilting frame. The stationary boiler is equipped with footstands and drain cock.<\/p>\n<p>The devices comply with the safety regulations of the German Employer's Liability Insurance Association for the construction industry and are tested in accordance with DIN. Bitumen is removed from the tilting oven by tilting the cooker in the tilting frame. The stationary cooker is equipped with feet and an outlet tap.<\/p>\n<p>&nbsp;<\/p>\n<table class=\"table\">\n<tbody>\n<tr>\n<th width=\"33%\">Product<\/th>\n<th width=\"33%\">Article number<\/th>\n<\/tr>\n<tr>\n<td>Bitumen boilers tilt 50<\/td>\n<td>\u00a00211 0000<\/td>\n<\/tr>\n<tr>\n<td>Bitumen boilers stationary 50<\/td>\n<td>0215 0000<\/td>\n<\/tr>\n<\/tbody>\n<\/table>","protected":false},"excerpt":{"rendered":"<ul>\n<li>Handy little devices.<\/li>\n<li>Ideal for repairs.<\/li>\n<li>With powerful propane boilers, thermometer for control of temperature.<\/li>\n<li>Thermometer for temperature monitoring.<\/li>\n<\/ul>","protected":false},"featured_media":39088,"template":"","meta":[],"product_brand":[],"product_cat":[24,108],"product_tag":[],"class_list":{"0":"post-38283","1":"product","2":"type-product","3":"status-publish","4":"has-post-thumbnail","6":"product_cat-dachgeraete-bautechnik","7":"product_cat-bitumenkocher","9":"first","10":"instock","11":"shipping-taxable","12":"product-type-simple"},"yoast_head":"<!-- This site is optimized with the Yoast SEO plugin v26.3 - https:\/\/yoast.com\/wordpress\/plugins\/seo\/ -->\n<title>Bitumenkocher KIPP 50 und STATION\u00c4R 50 - Gr\u00fcn GmbH<\/title>\n<meta name=\"robots\" content=\"index, follow, max-snippet:-1, max-image-preview:large, max-video-preview:-1\" \/>\n<link rel=\"canonical\" href=\"https:\/\/www.gruen-gmbh.de\/en\/product\/bitumenkocher-kipp-50-und-stationaer-50\/\" \/>\n<meta property=\"og:locale\" content=\"en_US\" \/>\n<meta property=\"og:type\" content=\"article\" \/>\n<meta property=\"og:title\" content=\"Bitumenkocher KIPP 50 und STATION\u00c4R 50 - Gr\u00fcn GmbH\" \/>\n<meta property=\"og:description\" content=\"Handliche Kleinger\u00e4te  Ideal f\u00fcr Reparaturen  Mit leistungsstarkem Propan-Brenner  Thermometer zur Temperaturkontrolle.\" \/>\n<meta property=\"og:url\" content=\"https:\/\/www.gruen-gmbh.de\/en\/product\/bitumenkocher-kipp-50-und-stationaer-50\/\" \/>\n<meta property=\"og:site_name\" content=\"Gr\u00fcn GmbH\" \/>\n<meta property=\"article:modified_time\" content=\"2025-02-10T10:48:20+00:00\" \/>\n<meta property=\"og:image\" content=\"https:\/\/www.gruen-gmbh.de\/wp-content\/uploads\/2024\/08\/0211_0215_kipp_sammel-1024x681-1.png\" \/>\n\t<meta property=\"og:image:width\" content=\"1024\" \/>\n\t<meta property=\"og:image:height\" content=\"681\" \/>\n\t<meta property=\"og:image:type\" content=\"image\/png\" \/>\n<meta name=\"twitter:card\" content=\"summary_large_image\" \/>\n<script type=\"application\/ld+json\" class=\"yoast-schema-graph\">{\"@context\":\"https:\/\/schema.org\",\"@graph\":[{\"@type\":\"WebPage\",\"@id\":\"https:\/\/www.gruen-gmbh.de\/produkt\/bitumenkocher-kipp-50-und-stationaer-50\/\",\"url\":\"https:\/\/www.gruen-gmbh.de\/produkt\/bitumenkocher-kipp-50-und-stationaer-50\/\",\"name\":\"Bitumenkocher KIPP 50 und STATION\u00c4R 50 - Gr\u00fcn GmbH\",\"isPartOf\":{\"@id\":\"https:\/\/www.gruen-gmbh.de\/en\/#website\"},\"primaryImageOfPage\":{\"@id\":\"https:\/\/www.gruen-gmbh.de\/produkt\/bitumenkocher-kipp-50-und-stationaer-50\/#primaryimage\"},\"image\":{\"@id\":\"https:\/\/www.gruen-gmbh.de\/produkt\/bitumenkocher-kipp-50-und-stationaer-50\/#primaryimage\"},\"thumbnailUrl\":\"https:\/\/www.gruen-gmbh.de\/wp-content\/uploads\/2024\/08\/0211_0215_kipp_sammel-1024x681-1.png\",\"datePublished\":\"2024-08-01T06:28:18+00:00\",\"dateModified\":\"2025-02-10T10:48:20+00:00\",\"breadcrumb\":{\"@id\":\"https:\/\/www.gruen-gmbh.de\/produkt\/bitumenkocher-kipp-50-und-stationaer-50\/#breadcrumb\"},\"inLanguage\":\"en-US\",\"potentialAction\":[{\"@type\":\"ReadAction\",\"target\":[\"https:\/\/www.gruen-gmbh.de\/produkt\/bitumenkocher-kipp-50-und-stationaer-50\/\"]}]},{\"@type\":\"ImageObject\",\"inLanguage\":\"en-US\",\"@id\":\"https:\/\/www.gruen-gmbh.de\/produkt\/bitumenkocher-kipp-50-und-stationaer-50\/#primaryimage\",\"url\":\"https:\/\/www.gruen-gmbh.de\/wp-content\/uploads\/2024\/08\/0211_0215_kipp_sammel-1024x681-1.png\",\"contentUrl\":\"https:\/\/www.gruen-gmbh.de\/wp-content\/uploads\/2024\/08\/0211_0215_kipp_sammel-1024x681-1.png\",\"width\":1024,\"height\":681},{\"@type\":\"BreadcrumbList\",\"@id\":\"https:\/\/www.gruen-gmbh.de\/produkt\/bitumenkocher-kipp-50-und-stationaer-50\/#breadcrumb\",\"itemListElement\":[{\"@type\":\"ListItem\",\"position\":1,\"name\":\"Startseite\",\"item\":\"https:\/\/www.gruen-gmbh.de\/\"},{\"@type\":\"ListItem\",\"position\":2,\"name\":\"Shop\",\"item\":\"https:\/\/www.gruen-gmbh.de\/en\/shop\/\"},{\"@type\":\"ListItem\",\"position\":3,\"name\":\"Bitumenkocher KIPP 50 und STATION\u00c4R 50\"}]},{\"@type\":\"WebSite\",\"@id\":\"https:\/\/www.gruen-gmbh.de\/en\/#website\",\"url\":\"https:\/\/www.gruen-gmbh.de\/en\/\",\"name\":\"Gr\u00fcn GmbH\",\"description\":\"\",\"publisher\":{\"@id\":\"https:\/\/www.gruen-gmbh.de\/en\/#organization\"},\"potentialAction\":[{\"@type\":\"SearchAction\",\"target\":{\"@type\":\"EntryPoint\",\"urlTemplate\":\"https:\/\/www.gruen-gmbh.de\/en\/?s={search_term_string}\"},\"query-input\":{\"@type\":\"PropertyValueSpecification\",\"valueRequired\":true,\"valueName\":\"search_term_string\"}}],\"inLanguage\":\"en-US\"},{\"@type\":\"Organization\",\"@id\":\"https:\/\/www.gruen-gmbh.de\/en\/#organization\",\"name\":\"Gr\u00fcn GmbH\",\"url\":\"https:\/\/www.gruen-gmbh.de\/en\/\",\"logo\":{\"@type\":\"ImageObject\",\"inLanguage\":\"en-US\",\"@id\":\"https:\/\/www.gruen-gmbh.de\/en\/#\/schema\/logo\/image\/\",\"url\":\"https:\/\/www.gruen-gmbh.de\/wp-content\/uploads\/2024\/07\/gruen-logo.webp\",\"contentUrl\":\"https:\/\/www.gruen-gmbh.de\/wp-content\/uploads\/2024\/07\/gruen-logo.webp\",\"width\":672,\"height\":164,\"caption\":\"Gr\u00fcn GmbH\"},\"image\":{\"@id\":\"https:\/\/www.gruen-gmbh.de\/en\/#\/schema\/logo\/image\/\"}}]}<\/script>\n<!-- \/ Yoast SEO plugin. -->","yoast_head_json":{"title":"Bitumenkocher KIPP 50 und STATION\u00c4R 50 - Gr\u00fcn GmbH","robots":{"index":"index","follow":"follow","max-snippet":"max-snippet:-1","max-image-preview":"max-image-preview:large","max-video-preview":"max-video-preview:-1"},"canonical":"https:\/\/www.gruen-gmbh.de\/en\/product\/bitumenkocher-kipp-50-und-stationaer-50\/","og_locale":"en_US","og_type":"article","og_title":"Bitumenkocher KIPP 50 und STATION\u00c4R 50 - Gr\u00fcn GmbH","og_description":"Handliche Kleinger\u00e4te  Ideal f\u00fcr Reparaturen  Mit leistungsstarkem Propan-Brenner  Thermometer zur Temperaturkontrolle.","og_url":"https:\/\/www.gruen-gmbh.de\/en\/product\/bitumenkocher-kipp-50-und-stationaer-50\/","og_site_name":"Gr\u00fcn GmbH","article_modified_time":"2025-02-10T10:48:20+00:00","og_image":[{"width":1024,"height":681,"url":"https:\/\/www.gruen-gmbh.de\/wp-content\/uploads\/2024\/08\/0211_0215_kipp_sammel-1024x681-1.png","type":"image\/png"}],"twitter_card":"summary_large_image","schema":{"@context":"https:\/\/schema.org","@graph":[{"@type":"WebPage","@id":"https:\/\/www.gruen-gmbh.de\/produkt\/bitumenkocher-kipp-50-und-stationaer-50\/","url":"https:\/\/www.gruen-gmbh.de\/produkt\/bitumenkocher-kipp-50-und-stationaer-50\/","name":"Bitumenkocher KIPP 50 und STATION\u00c4R 50 - Gr\u00fcn GmbH","isPartOf":{"@id":"https:\/\/www.gruen-gmbh.de\/en\/#website"},"primaryImageOfPage":{"@id":"https:\/\/www.gruen-gmbh.de\/produkt\/bitumenkocher-kipp-50-und-stationaer-50\/#primaryimage"},"image":{"@id":"https:\/\/www.gruen-gmbh.de\/produkt\/bitumenkocher-kipp-50-und-stationaer-50\/#primaryimage"},"thumbnailUrl":"https:\/\/www.gruen-gmbh.de\/wp-content\/uploads\/2024\/08\/0211_0215_kipp_sammel-1024x681-1.png","datePublished":"2024-08-01T06:28:18+00:00","dateModified":"2025-02-10T10:48:20+00:00","breadcrumb":{"@id":"https:\/\/www.gruen-gmbh.de\/produkt\/bitumenkocher-kipp-50-und-stationaer-50\/#breadcrumb"},"inLanguage":"en-US","potentialAction":[{"@type":"ReadAction","target":["https:\/\/www.gruen-gmbh.de\/produkt\/bitumenkocher-kipp-50-und-stationaer-50\/"]}]},{"@type":"ImageObject","inLanguage":"en-US","@id":"https:\/\/www.gruen-gmbh.de\/produkt\/bitumenkocher-kipp-50-und-stationaer-50\/#primaryimage","url":"https:\/\/www.gruen-gmbh.de\/wp-content\/uploads\/2024\/08\/0211_0215_kipp_sammel-1024x681-1.png","contentUrl":"https:\/\/www.gruen-gmbh.de\/wp-content\/uploads\/2024\/08\/0211_0215_kipp_sammel-1024x681-1.png","width":1024,"height":681},{"@type":"BreadcrumbList","@id":"https:\/\/www.gruen-gmbh.de\/produkt\/bitumenkocher-kipp-50-und-stationaer-50\/#breadcrumb","itemListElement":[{"@type":"ListItem","position":1,"name":"Startseite","item":"https:\/\/www.gruen-gmbh.de\/"},{"@type":"ListItem","position":2,"name":"Shop","item":"https:\/\/www.gruen-gmbh.de\/en\/shop\/"},{"@type":"ListItem","position":3,"name":"Bitumenkocher KIPP 50 und STATION\u00c4R 50"}]},{"@type":"WebSite","@id":"https:\/\/www.gruen-gmbh.de\/en\/#website","url":"https:\/\/www.gruen-gmbh.de\/en\/","name":"Gr\u00fcn GmbH","description":"","publisher":{"@id":"https:\/\/www.gruen-gmbh.de\/en\/#organization"},"potentialAction":[{"@type":"SearchAction","target":{"@type":"EntryPoint","urlTemplate":"https:\/\/www.gruen-gmbh.de\/en\/?s={search_term_string}"},"query-input":{"@type":"PropertyValueSpecification","valueRequired":true,"valueName":"search_term_string"}}],"inLanguage":"en-US"},{"@type":"Organization","@id":"https:\/\/www.gruen-gmbh.de\/en\/#organization","name":"Gr\u00fcn GmbH","url":"https:\/\/www.gruen-gmbh.de\/en\/","logo":{"@type":"ImageObject","inLanguage":"en-US","@id":"https:\/\/www.gruen-gmbh.de\/en\/#\/schema\/logo\/image\/","url":"https:\/\/www.gruen-gmbh.de\/wp-content\/uploads\/2024\/07\/gruen-logo.webp","contentUrl":"https:\/\/www.gruen-gmbh.de\/wp-content\/uploads\/2024\/07\/gruen-logo.webp","width":672,"height":164,"caption":"Gr\u00fcn GmbH"},"image":{"@id":"https:\/\/www.gruen-gmbh.de\/en\/#\/schema\/logo\/image\/"}}]}},"_links":{"self":[{"href":"https:\/\/www.gruen-gmbh.de\/en\/wp-json\/wp\/v2\/product\/38283","targetHints":{"allow":["GET"]}}],"collection":[{"href":"https:\/\/www.gruen-gmbh.de\/en\/wp-json\/wp\/v2\/product"}],"about":[{"href":"https:\/\/www.gruen-gmbh.de\/en\/wp-json\/wp\/v2\/types\/product"}],"version-history":[{"count":0,"href":"https:\/\/www.gruen-gmbh.de\/en\/wp-json\/wp\/v2\/product\/38283\/revisions"}],"wp:featuredmedia":[{"embeddable":true,"href":"https:\/\/www.gruen-gmbh.de\/en\/wp-json\/wp\/v2\/media\/39088"}],"wp:attachment":[{"href":"https:\/\/www.gruen-gmbh.de\/en\/wp-json\/wp\/v2\/media?parent=38283"}],"wp:term":[{"taxonomy":"product_brand","embeddable":true,"href":"https:\/\/www.gruen-gmbh.de\/en\/wp-json\/wp\/v2\/product_brand?post=38283"},{"taxonomy":"product_cat","embeddable":true,"href":"https:\/\/www.gruen-gmbh.de\/en\/wp-json\/wp\/v2\/product_cat?post=38283"},{"taxonomy":"product_tag","embeddable":true,"href":"https:\/\/www.gruen-gmbh.de\/en\/wp-json\/wp\/v2\/product_tag?post=38283"}],"curies":[{"name":"wp","href":"https:\/\/api.w.org\/{rel}","templated":true}]}}