{"id":38367,"date":"2024-08-01T08:07:01","date_gmt":"2024-08-01T08:07:01","guid":{"rendered":"https:\/\/eventgruen.online\/?post_type=product&#038;p=38367"},"modified":"2024-12-04T12:35:49","modified_gmt":"2024-12-04T12:35:49","slug":"spezial-nahtbrenner","status":"publish","type":"product","link":"https:\/\/www.gruen-gmbh.de\/en\/product\/spezial-nahtbrenner\/","title":{"rendered":"Special Torch for sealing of joints"},"content":{"rendered":"<p>Welding takes place specifically in the width of the overlap due to the design of the burner head. The long inner flame guide plate prevents damage to sensitive insulating materials due to overheating. Maximum energy utilization thanks to ideal gas-air mixing with low gas consumption. No smothering of the flame even under extreme operating conditions.<\/p>\n<ul>\n<li>Heating capacity app. ca. 18,1 kW (15.500 kcal\/h)<\/li>\n<li>continously adjustable flame<\/li>\n<\/ul>","protected":false},"excerpt":{"rendered":"<p>The special seam torch for seam welding of welded sheets, rolled insulation sheets and laminated insulation materials. The special design of the skid ensures full burning performance and perfect guidance of the torch under the overlap.<\/p>","protected":false},"featured_media":39201,"template":"","meta":[],"product_brand":[],"product_cat":[24,111,116],"product_tag":[],"class_list":{"0":"post-38367","1":"product","2":"type-product","3":"status-publish","4":"has-post-thumbnail","6":"product_cat-dachgeraete-bautechnik","7":"product_cat-profi-propan-brenner","8":"product_cat-nahtbrenner","10":"first","11":"instock","12":"shipping-taxable","13":"product-type-simple"},"yoast_head":"<!-- This site is optimized with the Yoast SEO plugin v26.3 - https:\/\/yoast.com\/wordpress\/plugins\/seo\/ -->\n<title>Spezial-Nahtbrenner - Gr\u00fcn GmbH<\/title>\n<meta name=\"robots\" content=\"index, follow, max-snippet:-1, max-image-preview:large, max-video-preview:-1\" \/>\n<link rel=\"canonical\" href=\"https:\/\/www.gruen-gmbh.de\/en\/product\/spezial-nahtbrenner\/\" \/>\n<meta property=\"og:locale\" content=\"en_US\" \/>\n<meta property=\"og:type\" content=\"article\" \/>\n<meta property=\"og:title\" content=\"Spezial-Nahtbrenner - Gr\u00fcn GmbH\" \/>\n<meta property=\"og:description\" content=\"Der Spezial-Nahtbrenner f\u00fcr die Nahtverschwei\u00dfung von Schwei\u00dfbahnen, Rolld\u00e4mmbahnen und kaschierten D\u00e4mmstoffen. Die besondere Formgebung der Gleitkufe gew\u00e4hrleistet volle Brennleistung und einwandfreies F\u00fchren des Brenners unter der \u00dcberlappung.\" \/>\n<meta property=\"og:url\" content=\"https:\/\/www.gruen-gmbh.de\/en\/product\/spezial-nahtbrenner\/\" \/>\n<meta property=\"og:site_name\" content=\"Gr\u00fcn GmbH\" \/>\n<meta property=\"article:modified_time\" content=\"2024-12-04T12:35:49+00:00\" \/>\n<meta property=\"og:image\" content=\"https:\/\/www.gruen-gmbh.de\/wp-content\/uploads\/2024\/08\/08110000_Spezialnahtbrenner-1024x683-1.png\" \/>\n\t<meta property=\"og:image:width\" content=\"1024\" \/>\n\t<meta property=\"og:image:height\" content=\"683\" \/>\n\t<meta property=\"og:image:type\" content=\"image\/png\" \/>\n<meta name=\"twitter:card\" content=\"summary_large_image\" \/>\n<script type=\"application\/ld+json\" class=\"yoast-schema-graph\">{\"@context\":\"https:\/\/schema.org\",\"@graph\":[{\"@type\":\"WebPage\",\"@id\":\"https:\/\/www.gruen-gmbh.de\/produkt\/spezial-nahtbrenner\/\",\"url\":\"https:\/\/www.gruen-gmbh.de\/produkt\/spezial-nahtbrenner\/\",\"name\":\"Spezial-Nahtbrenner - Gr\u00fcn GmbH\",\"isPartOf\":{\"@id\":\"https:\/\/www.gruen-gmbh.de\/en\/#website\"},\"primaryImageOfPage\":{\"@id\":\"https:\/\/www.gruen-gmbh.de\/produkt\/spezial-nahtbrenner\/#primaryimage\"},\"image\":{\"@id\":\"https:\/\/www.gruen-gmbh.de\/produkt\/spezial-nahtbrenner\/#primaryimage\"},\"thumbnailUrl\":\"https:\/\/www.gruen-gmbh.de\/wp-content\/uploads\/2024\/08\/08110000_Spezialnahtbrenner-1024x683-1.png\",\"datePublished\":\"2024-08-01T08:07:01+00:00\",\"dateModified\":\"2024-12-04T12:35:49+00:00\",\"breadcrumb\":{\"@id\":\"https:\/\/www.gruen-gmbh.de\/produkt\/spezial-nahtbrenner\/#breadcrumb\"},\"inLanguage\":\"en-US\",\"potentialAction\":[{\"@type\":\"ReadAction\",\"target\":[\"https:\/\/www.gruen-gmbh.de\/produkt\/spezial-nahtbrenner\/\"]}]},{\"@type\":\"ImageObject\",\"inLanguage\":\"en-US\",\"@id\":\"https:\/\/www.gruen-gmbh.de\/produkt\/spezial-nahtbrenner\/#primaryimage\",\"url\":\"https:\/\/www.gruen-gmbh.de\/wp-content\/uploads\/2024\/08\/08110000_Spezialnahtbrenner-1024x683-1.png\",\"contentUrl\":\"https:\/\/www.gruen-gmbh.de\/wp-content\/uploads\/2024\/08\/08110000_Spezialnahtbrenner-1024x683-1.png\",\"width\":1024,\"height\":683},{\"@type\":\"BreadcrumbList\",\"@id\":\"https:\/\/www.gruen-gmbh.de\/produkt\/spezial-nahtbrenner\/#breadcrumb\",\"itemListElement\":[{\"@type\":\"ListItem\",\"position\":1,\"name\":\"Startseite\",\"item\":\"https:\/\/www.gruen-gmbh.de\/\"},{\"@type\":\"ListItem\",\"position\":2,\"name\":\"Shop\",\"item\":\"https:\/\/www.gruen-gmbh.de\/en\/shop\/\"},{\"@type\":\"ListItem\",\"position\":3,\"name\":\"Spezial-Nahtbrenner\"}]},{\"@type\":\"WebSite\",\"@id\":\"https:\/\/www.gruen-gmbh.de\/en\/#website\",\"url\":\"https:\/\/www.gruen-gmbh.de\/en\/\",\"name\":\"Gr\u00fcn GmbH\",\"description\":\"\",\"publisher\":{\"@id\":\"https:\/\/www.gruen-gmbh.de\/en\/#organization\"},\"potentialAction\":[{\"@type\":\"SearchAction\",\"target\":{\"@type\":\"EntryPoint\",\"urlTemplate\":\"https:\/\/www.gruen-gmbh.de\/en\/?s={search_term_string}\"},\"query-input\":{\"@type\":\"PropertyValueSpecification\",\"valueRequired\":true,\"valueName\":\"search_term_string\"}}],\"inLanguage\":\"en-US\"},{\"@type\":\"Organization\",\"@id\":\"https:\/\/www.gruen-gmbh.de\/en\/#organization\",\"name\":\"Gr\u00fcn GmbH\",\"url\":\"https:\/\/www.gruen-gmbh.de\/en\/\",\"logo\":{\"@type\":\"ImageObject\",\"inLanguage\":\"en-US\",\"@id\":\"https:\/\/www.gruen-gmbh.de\/en\/#\/schema\/logo\/image\/\",\"url\":\"https:\/\/www.gruen-gmbh.de\/wp-content\/uploads\/2024\/07\/gruen-logo.webp\",\"contentUrl\":\"https:\/\/www.gruen-gmbh.de\/wp-content\/uploads\/2024\/07\/gruen-logo.webp\",\"width\":672,\"height\":164,\"caption\":\"Gr\u00fcn GmbH\"},\"image\":{\"@id\":\"https:\/\/www.gruen-gmbh.de\/en\/#\/schema\/logo\/image\/\"}}]}<\/script>\n<!-- \/ Yoast SEO plugin. -->","yoast_head_json":{"title":"Spezial-Nahtbrenner - Gr\u00fcn GmbH","robots":{"index":"index","follow":"follow","max-snippet":"max-snippet:-1","max-image-preview":"max-image-preview:large","max-video-preview":"max-video-preview:-1"},"canonical":"https:\/\/www.gruen-gmbh.de\/en\/product\/spezial-nahtbrenner\/","og_locale":"en_US","og_type":"article","og_title":"Spezial-Nahtbrenner - Gr\u00fcn GmbH","og_description":"Der Spezial-Nahtbrenner f\u00fcr die Nahtverschwei\u00dfung von Schwei\u00dfbahnen, Rolld\u00e4mmbahnen und kaschierten D\u00e4mmstoffen. Die besondere Formgebung der Gleitkufe gew\u00e4hrleistet volle Brennleistung und einwandfreies F\u00fchren des Brenners unter der \u00dcberlappung.","og_url":"https:\/\/www.gruen-gmbh.de\/en\/product\/spezial-nahtbrenner\/","og_site_name":"Gr\u00fcn GmbH","article_modified_time":"2024-12-04T12:35:49+00:00","og_image":[{"width":1024,"height":683,"url":"https:\/\/www.gruen-gmbh.de\/wp-content\/uploads\/2024\/08\/08110000_Spezialnahtbrenner-1024x683-1.png","type":"image\/png"}],"twitter_card":"summary_large_image","schema":{"@context":"https:\/\/schema.org","@graph":[{"@type":"WebPage","@id":"https:\/\/www.gruen-gmbh.de\/produkt\/spezial-nahtbrenner\/","url":"https:\/\/www.gruen-gmbh.de\/produkt\/spezial-nahtbrenner\/","name":"Spezial-Nahtbrenner - Gr\u00fcn GmbH","isPartOf":{"@id":"https:\/\/www.gruen-gmbh.de\/en\/#website"},"primaryImageOfPage":{"@id":"https:\/\/www.gruen-gmbh.de\/produkt\/spezial-nahtbrenner\/#primaryimage"},"image":{"@id":"https:\/\/www.gruen-gmbh.de\/produkt\/spezial-nahtbrenner\/#primaryimage"},"thumbnailUrl":"https:\/\/www.gruen-gmbh.de\/wp-content\/uploads\/2024\/08\/08110000_Spezialnahtbrenner-1024x683-1.png","datePublished":"2024-08-01T08:07:01+00:00","dateModified":"2024-12-04T12:35:49+00:00","breadcrumb":{"@id":"https:\/\/www.gruen-gmbh.de\/produkt\/spezial-nahtbrenner\/#breadcrumb"},"inLanguage":"en-US","potentialAction":[{"@type":"ReadAction","target":["https:\/\/www.gruen-gmbh.de\/produkt\/spezial-nahtbrenner\/"]}]},{"@type":"ImageObject","inLanguage":"en-US","@id":"https:\/\/www.gruen-gmbh.de\/produkt\/spezial-nahtbrenner\/#primaryimage","url":"https:\/\/www.gruen-gmbh.de\/wp-content\/uploads\/2024\/08\/08110000_Spezialnahtbrenner-1024x683-1.png","contentUrl":"https:\/\/www.gruen-gmbh.de\/wp-content\/uploads\/2024\/08\/08110000_Spezialnahtbrenner-1024x683-1.png","width":1024,"height":683},{"@type":"BreadcrumbList","@id":"https:\/\/www.gruen-gmbh.de\/produkt\/spezial-nahtbrenner\/#breadcrumb","itemListElement":[{"@type":"ListItem","position":1,"name":"Startseite","item":"https:\/\/www.gruen-gmbh.de\/"},{"@type":"ListItem","position":2,"name":"Shop","item":"https:\/\/www.gruen-gmbh.de\/en\/shop\/"},{"@type":"ListItem","position":3,"name":"Spezial-Nahtbrenner"}]},{"@type":"WebSite","@id":"https:\/\/www.gruen-gmbh.de\/en\/#website","url":"https:\/\/www.gruen-gmbh.de\/en\/","name":"Gr\u00fcn GmbH","description":"","publisher":{"@id":"https:\/\/www.gruen-gmbh.de\/en\/#organization"},"potentialAction":[{"@type":"SearchAction","target":{"@type":"EntryPoint","urlTemplate":"https:\/\/www.gruen-gmbh.de\/en\/?s={search_term_string}"},"query-input":{"@type":"PropertyValueSpecification","valueRequired":true,"valueName":"search_term_string"}}],"inLanguage":"en-US"},{"@type":"Organization","@id":"https:\/\/www.gruen-gmbh.de\/en\/#organization","name":"Gr\u00fcn GmbH","url":"https:\/\/www.gruen-gmbh.de\/en\/","logo":{"@type":"ImageObject","inLanguage":"en-US","@id":"https:\/\/www.gruen-gmbh.de\/en\/#\/schema\/logo\/image\/","url":"https:\/\/www.gruen-gmbh.de\/wp-content\/uploads\/2024\/07\/gruen-logo.webp","contentUrl":"https:\/\/www.gruen-gmbh.de\/wp-content\/uploads\/2024\/07\/gruen-logo.webp","width":672,"height":164,"caption":"Gr\u00fcn GmbH"},"image":{"@id":"https:\/\/www.gruen-gmbh.de\/en\/#\/schema\/logo\/image\/"}}]}},"_links":{"self":[{"href":"https:\/\/www.gruen-gmbh.de\/en\/wp-json\/wp\/v2\/product\/38367","targetHints":{"allow":["GET"]}}],"collection":[{"href":"https:\/\/www.gruen-gmbh.de\/en\/wp-json\/wp\/v2\/product"}],"about":[{"href":"https:\/\/www.gruen-gmbh.de\/en\/wp-json\/wp\/v2\/types\/product"}],"version-history":[{"count":0,"href":"https:\/\/www.gruen-gmbh.de\/en\/wp-json\/wp\/v2\/product\/38367\/revisions"}],"wp:featuredmedia":[{"embeddable":true,"href":"https:\/\/www.gruen-gmbh.de\/en\/wp-json\/wp\/v2\/media\/39201"}],"wp:attachment":[{"href":"https:\/\/www.gruen-gmbh.de\/en\/wp-json\/wp\/v2\/media?parent=38367"}],"wp:term":[{"taxonomy":"product_brand","embeddable":true,"href":"https:\/\/www.gruen-gmbh.de\/en\/wp-json\/wp\/v2\/product_brand?post=38367"},{"taxonomy":"product_cat","embeddable":true,"href":"https:\/\/www.gruen-gmbh.de\/en\/wp-json\/wp\/v2\/product_cat?post=38367"},{"taxonomy":"product_tag","embeddable":true,"href":"https:\/\/www.gruen-gmbh.de\/en\/wp-json\/wp\/v2\/product_tag?post=38367"}],"curies":[{"name":"wp","href":"https:\/\/api.w.org\/{rel}","templated":true}]}}