{"id":39604,"date":"2024-09-10T07:17:56","date_gmt":"2024-09-10T07:17:56","guid":{"rendered":"https:\/\/eventgruen.online\/?post_type=product&#038;p=39604"},"modified":"2025-09-01T11:41:55","modified_gmt":"2025-09-01T11:41:55","slug":"premium-gravity-s","status":"publish","type":"product","link":"https:\/\/www.gruen-gmbh.de\/en\/product\/premium-gravity-s\/","title":{"rendered":"PREMIUM GRAVITY-S"},"content":{"rendered":"<p><strong style=\"font-weight: bold;\">Expanded length<\/strong>:<br \/>\n2 m<\/p>\n<p><strong style=\"font-weight: bold;\">Relaxed length<\/strong>:<br \/>\n1,50 m<\/p>\n<p><strong style=\"font-weight: bold;\">Connectors<\/strong>:<br \/>\n1 green aluminium scaffold hook, gate opening 60 mm and<br \/>\n1 green aluminium snap hook, gate opening 21 mm<\/p>\n<p><strong style=\"font-weight: bold;\">Compliance:<br \/>\n<\/strong>Conforms to EN 355:2002<\/p>\n<p>&nbsp;<\/p>\n<p>\u2013 35 mm wide Polyester expandable\/elasticated webbing lanyard,  specially designed to withstand sharp edges<\/p>\n<p>\u2013 Energy absorber in 45 mm wide controlled-tear webbing, which reduces the impact of the fall to less than 6 kN<\/p>\n<p>\u2013 Loops protected by an abrasion resistant tubular webbing<\/p>\n<p>\u2013 Compact energy absorber, protected by a small zipper pouch, easily openable for internal control of the energy absorber webbing<\/p>","protected":false},"excerpt":{"rendered":"<p>Expandable lanyard with energy absorber and 2 aluminium hooks, length 2 mtr<\/p>\n<div><\/div>","protected":false},"featured_media":39605,"template":"","meta":[],"product_brand":[],"product_cat":[19,101,181,182],"product_tag":[],"class_list":{"0":"post-39604","1":"product","2":"type-product","3":"status-publish","4":"has-post-thumbnail","6":"product_cat-absturzsicherungssysteme","7":"product_cat-psa-zubehor","8":"product_cat-verbindungsmittel","9":"product_cat-verbindungsmittel-verbindungsmittel","11":"first","12":"instock","13":"shipping-taxable","14":"product-type-simple"},"yoast_head":"<!-- This site is optimized with the Yoast SEO plugin v26.3 - https:\/\/yoast.com\/wordpress\/plugins\/seo\/ -->\n<title>PREMIUM GRAVITY-S - Gr\u00fcn GmbH<\/title>\n<meta name=\"robots\" content=\"index, follow, max-snippet:-1, max-image-preview:large, max-video-preview:-1\" \/>\n<link rel=\"canonical\" href=\"https:\/\/www.gruen-gmbh.de\/en\/product\/premium-gravity-s\/\" \/>\n<meta property=\"og:locale\" content=\"en_US\" \/>\n<meta property=\"og:type\" content=\"article\" \/>\n<meta property=\"og:title\" content=\"PREMIUM GRAVITY-S - Gr\u00fcn GmbH\" \/>\n<meta property=\"og:description\" content=\"Elastische Gurtbandverbindungsmittel mit Falld\u00e4mpfer und 2 Karabiner mit Automatikverschluss, L\u00e4nge maximal 2 m\" \/>\n<meta property=\"og:url\" content=\"https:\/\/www.gruen-gmbh.de\/en\/product\/premium-gravity-s\/\" \/>\n<meta property=\"og:site_name\" content=\"Gr\u00fcn GmbH\" \/>\n<meta property=\"article:modified_time\" content=\"2025-09-01T11:41:55+00:00\" \/>\n<meta property=\"og:image\" content=\"https:\/\/www.gruen-gmbh.de\/wp-content\/uploads\/2024\/09\/42994030.png\" \/>\n\t<meta property=\"og:image:width\" content=\"615\" \/>\n\t<meta property=\"og:image:height\" content=\"485\" \/>\n\t<meta property=\"og:image:type\" content=\"image\/png\" \/>\n<meta name=\"twitter:card\" content=\"summary_large_image\" \/>\n<script type=\"application\/ld+json\" class=\"yoast-schema-graph\">{\"@context\":\"https:\/\/schema.org\",\"@graph\":[{\"@type\":\"WebPage\",\"@id\":\"https:\/\/www.gruen-gmbh.de\/produkt\/premium-gravity-s\/\",\"url\":\"https:\/\/www.gruen-gmbh.de\/produkt\/premium-gravity-s\/\",\"name\":\"PREMIUM GRAVITY-S - Gr\u00fcn GmbH\",\"isPartOf\":{\"@id\":\"https:\/\/www.gruen-gmbh.de\/en\/#website\"},\"primaryImageOfPage\":{\"@id\":\"https:\/\/www.gruen-gmbh.de\/produkt\/premium-gravity-s\/#primaryimage\"},\"image\":{\"@id\":\"https:\/\/www.gruen-gmbh.de\/produkt\/premium-gravity-s\/#primaryimage\"},\"thumbnailUrl\":\"https:\/\/www.gruen-gmbh.de\/wp-content\/uploads\/2024\/09\/42994030.png\",\"datePublished\":\"2024-09-10T07:17:56+00:00\",\"dateModified\":\"2025-09-01T11:41:55+00:00\",\"breadcrumb\":{\"@id\":\"https:\/\/www.gruen-gmbh.de\/produkt\/premium-gravity-s\/#breadcrumb\"},\"inLanguage\":\"en-US\",\"potentialAction\":[{\"@type\":\"ReadAction\",\"target\":[\"https:\/\/www.gruen-gmbh.de\/produkt\/premium-gravity-s\/\"]}]},{\"@type\":\"ImageObject\",\"inLanguage\":\"en-US\",\"@id\":\"https:\/\/www.gruen-gmbh.de\/produkt\/premium-gravity-s\/#primaryimage\",\"url\":\"https:\/\/www.gruen-gmbh.de\/wp-content\/uploads\/2024\/09\/42994030.png\",\"contentUrl\":\"https:\/\/www.gruen-gmbh.de\/wp-content\/uploads\/2024\/09\/42994030.png\",\"width\":615,\"height\":485},{\"@type\":\"BreadcrumbList\",\"@id\":\"https:\/\/www.gruen-gmbh.de\/produkt\/premium-gravity-s\/#breadcrumb\",\"itemListElement\":[{\"@type\":\"ListItem\",\"position\":1,\"name\":\"Startseite\",\"item\":\"https:\/\/www.gruen-gmbh.de\/\"},{\"@type\":\"ListItem\",\"position\":2,\"name\":\"Shop\",\"item\":\"https:\/\/www.gruen-gmbh.de\/en\/shop\/\"},{\"@type\":\"ListItem\",\"position\":3,\"name\":\"PREMIUM GRAVITY-S\"}]},{\"@type\":\"WebSite\",\"@id\":\"https:\/\/www.gruen-gmbh.de\/en\/#website\",\"url\":\"https:\/\/www.gruen-gmbh.de\/en\/\",\"name\":\"Gr\u00fcn GmbH\",\"description\":\"\",\"publisher\":{\"@id\":\"https:\/\/www.gruen-gmbh.de\/en\/#organization\"},\"potentialAction\":[{\"@type\":\"SearchAction\",\"target\":{\"@type\":\"EntryPoint\",\"urlTemplate\":\"https:\/\/www.gruen-gmbh.de\/en\/?s={search_term_string}\"},\"query-input\":{\"@type\":\"PropertyValueSpecification\",\"valueRequired\":true,\"valueName\":\"search_term_string\"}}],\"inLanguage\":\"en-US\"},{\"@type\":\"Organization\",\"@id\":\"https:\/\/www.gruen-gmbh.de\/en\/#organization\",\"name\":\"Gr\u00fcn GmbH\",\"url\":\"https:\/\/www.gruen-gmbh.de\/en\/\",\"logo\":{\"@type\":\"ImageObject\",\"inLanguage\":\"en-US\",\"@id\":\"https:\/\/www.gruen-gmbh.de\/en\/#\/schema\/logo\/image\/\",\"url\":\"https:\/\/www.gruen-gmbh.de\/wp-content\/uploads\/2024\/07\/gruen-logo.webp\",\"contentUrl\":\"https:\/\/www.gruen-gmbh.de\/wp-content\/uploads\/2024\/07\/gruen-logo.webp\",\"width\":672,\"height\":164,\"caption\":\"Gr\u00fcn GmbH\"},\"image\":{\"@id\":\"https:\/\/www.gruen-gmbh.de\/en\/#\/schema\/logo\/image\/\"}}]}<\/script>\n<!-- \/ Yoast SEO plugin. -->","yoast_head_json":{"title":"PREMIUM GRAVITY-S - Gr\u00fcn GmbH","robots":{"index":"index","follow":"follow","max-snippet":"max-snippet:-1","max-image-preview":"max-image-preview:large","max-video-preview":"max-video-preview:-1"},"canonical":"https:\/\/www.gruen-gmbh.de\/en\/product\/premium-gravity-s\/","og_locale":"en_US","og_type":"article","og_title":"PREMIUM GRAVITY-S - Gr\u00fcn GmbH","og_description":"Elastische Gurtbandverbindungsmittel mit Falld\u00e4mpfer und 2 Karabiner mit Automatikverschluss, L\u00e4nge maximal 2 m","og_url":"https:\/\/www.gruen-gmbh.de\/en\/product\/premium-gravity-s\/","og_site_name":"Gr\u00fcn GmbH","article_modified_time":"2025-09-01T11:41:55+00:00","og_image":[{"width":615,"height":485,"url":"https:\/\/www.gruen-gmbh.de\/wp-content\/uploads\/2024\/09\/42994030.png","type":"image\/png"}],"twitter_card":"summary_large_image","schema":{"@context":"https:\/\/schema.org","@graph":[{"@type":"WebPage","@id":"https:\/\/www.gruen-gmbh.de\/produkt\/premium-gravity-s\/","url":"https:\/\/www.gruen-gmbh.de\/produkt\/premium-gravity-s\/","name":"PREMIUM GRAVITY-S - Gr\u00fcn GmbH","isPartOf":{"@id":"https:\/\/www.gruen-gmbh.de\/en\/#website"},"primaryImageOfPage":{"@id":"https:\/\/www.gruen-gmbh.de\/produkt\/premium-gravity-s\/#primaryimage"},"image":{"@id":"https:\/\/www.gruen-gmbh.de\/produkt\/premium-gravity-s\/#primaryimage"},"thumbnailUrl":"https:\/\/www.gruen-gmbh.de\/wp-content\/uploads\/2024\/09\/42994030.png","datePublished":"2024-09-10T07:17:56+00:00","dateModified":"2025-09-01T11:41:55+00:00","breadcrumb":{"@id":"https:\/\/www.gruen-gmbh.de\/produkt\/premium-gravity-s\/#breadcrumb"},"inLanguage":"en-US","potentialAction":[{"@type":"ReadAction","target":["https:\/\/www.gruen-gmbh.de\/produkt\/premium-gravity-s\/"]}]},{"@type":"ImageObject","inLanguage":"en-US","@id":"https:\/\/www.gruen-gmbh.de\/produkt\/premium-gravity-s\/#primaryimage","url":"https:\/\/www.gruen-gmbh.de\/wp-content\/uploads\/2024\/09\/42994030.png","contentUrl":"https:\/\/www.gruen-gmbh.de\/wp-content\/uploads\/2024\/09\/42994030.png","width":615,"height":485},{"@type":"BreadcrumbList","@id":"https:\/\/www.gruen-gmbh.de\/produkt\/premium-gravity-s\/#breadcrumb","itemListElement":[{"@type":"ListItem","position":1,"name":"Startseite","item":"https:\/\/www.gruen-gmbh.de\/"},{"@type":"ListItem","position":2,"name":"Shop","item":"https:\/\/www.gruen-gmbh.de\/en\/shop\/"},{"@type":"ListItem","position":3,"name":"PREMIUM GRAVITY-S"}]},{"@type":"WebSite","@id":"https:\/\/www.gruen-gmbh.de\/en\/#website","url":"https:\/\/www.gruen-gmbh.de\/en\/","name":"Gr\u00fcn GmbH","description":"","publisher":{"@id":"https:\/\/www.gruen-gmbh.de\/en\/#organization"},"potentialAction":[{"@type":"SearchAction","target":{"@type":"EntryPoint","urlTemplate":"https:\/\/www.gruen-gmbh.de\/en\/?s={search_term_string}"},"query-input":{"@type":"PropertyValueSpecification","valueRequired":true,"valueName":"search_term_string"}}],"inLanguage":"en-US"},{"@type":"Organization","@id":"https:\/\/www.gruen-gmbh.de\/en\/#organization","name":"Gr\u00fcn GmbH","url":"https:\/\/www.gruen-gmbh.de\/en\/","logo":{"@type":"ImageObject","inLanguage":"en-US","@id":"https:\/\/www.gruen-gmbh.de\/en\/#\/schema\/logo\/image\/","url":"https:\/\/www.gruen-gmbh.de\/wp-content\/uploads\/2024\/07\/gruen-logo.webp","contentUrl":"https:\/\/www.gruen-gmbh.de\/wp-content\/uploads\/2024\/07\/gruen-logo.webp","width":672,"height":164,"caption":"Gr\u00fcn GmbH"},"image":{"@id":"https:\/\/www.gruen-gmbh.de\/en\/#\/schema\/logo\/image\/"}}]}},"_links":{"self":[{"href":"https:\/\/www.gruen-gmbh.de\/en\/wp-json\/wp\/v2\/product\/39604","targetHints":{"allow":["GET"]}}],"collection":[{"href":"https:\/\/www.gruen-gmbh.de\/en\/wp-json\/wp\/v2\/product"}],"about":[{"href":"https:\/\/www.gruen-gmbh.de\/en\/wp-json\/wp\/v2\/types\/product"}],"version-history":[{"count":0,"href":"https:\/\/www.gruen-gmbh.de\/en\/wp-json\/wp\/v2\/product\/39604\/revisions"}],"wp:featuredmedia":[{"embeddable":true,"href":"https:\/\/www.gruen-gmbh.de\/en\/wp-json\/wp\/v2\/media\/39605"}],"wp:attachment":[{"href":"https:\/\/www.gruen-gmbh.de\/en\/wp-json\/wp\/v2\/media?parent=39604"}],"wp:term":[{"taxonomy":"product_brand","embeddable":true,"href":"https:\/\/www.gruen-gmbh.de\/en\/wp-json\/wp\/v2\/product_brand?post=39604"},{"taxonomy":"product_cat","embeddable":true,"href":"https:\/\/www.gruen-gmbh.de\/en\/wp-json\/wp\/v2\/product_cat?post=39604"},{"taxonomy":"product_tag","embeddable":true,"href":"https:\/\/www.gruen-gmbh.de\/en\/wp-json\/wp\/v2\/product_tag?post=39604"}],"curies":[{"name":"wp","href":"https:\/\/api.w.org\/{rel}","templated":true}]}}