{"id":40717,"date":"2024-11-14T11:46:58","date_gmt":"2024-11-14T11:46:58","guid":{"rendered":"https:\/\/eventgruen.online\/?post_type=product&#038;p=40717"},"modified":"2025-11-26T11:41:54","modified_gmt":"2025-11-26T11:41:54","slug":"eae-topgruen-light","status":"publish","type":"product","link":"https:\/\/www.gruen-gmbh.de\/en\/product\/eae-topgruen-light\/","title":{"rendered":"EAE TOPGR\u00dcN LIGHT"},"content":{"rendered":"<h6>Mounting substrate:<\/h6>\n<ul>\n<li>flat roof (max. 5\u00b0 inclination, parapet min. 10cm)<\/li>\n<\/ul>\n<h6>Surface load:<\/h6>\n<ul>\n<li>dry<\/li>\n<li>min. 80 kg\/m\u00b2<\/li>\n<\/ul>\n<h6>Dimension:<\/h6>\n<ul>\n<li>3000 mm x 3000 mm<\/li>\n<\/ul>\n<h6>Certificate:<\/h6>\n<ul>\n<li>according to EN 795:2012<\/li>\n<\/ul>\n<h6>Installation:<\/h6>\n<ul>\n<li>according to enclosed installation instructions<\/li>\n<\/ul>","protected":false},"excerpt":{"rendered":"<p>Load-bearing single stainless steel anchor device for PPE with rotating swivel eye.<\/p>","protected":false},"featured_media":40723,"template":"","meta":[],"product_brand":[],"product_cat":[19,20,91],"product_tag":[],"class_list":{"0":"post-40717","1":"product","2":"type-product","3":"status-publish","4":"has-post-thumbnail","6":"product_cat-absturzsicherungssysteme","7":"product_cat-einzelanschlageinrichtungen","8":"product_cat-auflastgehalten","10":"first","11":"instock","12":"shipping-taxable","13":"product-type-simple"},"yoast_head":"<!-- This site is optimized with the Yoast SEO plugin v26.3 - https:\/\/yoast.com\/wordpress\/plugins\/seo\/ -->\n<title>EAE TOPGR\u00dcN LIGHT - Gr\u00fcn GmbH<\/title>\n<meta name=\"robots\" content=\"index, follow, max-snippet:-1, max-image-preview:large, max-video-preview:-1\" \/>\n<link rel=\"canonical\" href=\"https:\/\/www.gruen-gmbh.de\/en\/product\/eae-topgruen-light\/\" \/>\n<meta property=\"og:locale\" content=\"en_US\" \/>\n<meta property=\"og:type\" content=\"article\" \/>\n<meta property=\"og:title\" content=\"EAE TOPGR\u00dcN LIGHT - Gr\u00fcn GmbH\" \/>\n<meta property=\"og:description\" content=\"Auflastgehaltene Einzelanschlageinrichtung aus Edelstahl f\u00fcr PSAgA mit drehbarer Wirbel\u00f6se.\" \/>\n<meta property=\"og:url\" content=\"https:\/\/www.gruen-gmbh.de\/en\/product\/eae-topgruen-light\/\" \/>\n<meta property=\"og:site_name\" content=\"Gr\u00fcn GmbH\" \/>\n<meta property=\"article:modified_time\" content=\"2025-11-26T11:41:54+00:00\" \/>\n<meta property=\"og:image\" content=\"https:\/\/www.gruen-gmbh.de\/wp-content\/uploads\/2024\/11\/TOPGRUeN-LIGHT.png\" \/>\n\t<meta property=\"og:image:width\" content=\"615\" \/>\n\t<meta property=\"og:image:height\" content=\"485\" \/>\n\t<meta property=\"og:image:type\" content=\"image\/png\" \/>\n<meta name=\"twitter:card\" content=\"summary_large_image\" \/>\n<meta name=\"twitter:label1\" content=\"Est. reading time\" \/>\n\t<meta name=\"twitter:data1\" content=\"1 minute\" \/>\n<script type=\"application\/ld+json\" class=\"yoast-schema-graph\">{\"@context\":\"https:\/\/schema.org\",\"@graph\":[{\"@type\":\"WebPage\",\"@id\":\"https:\/\/www.gruen-gmbh.de\/produkt\/eae-topgruen-light\/\",\"url\":\"https:\/\/www.gruen-gmbh.de\/produkt\/eae-topgruen-light\/\",\"name\":\"EAE TOPGR\u00dcN LIGHT - Gr\u00fcn GmbH\",\"isPartOf\":{\"@id\":\"https:\/\/www.gruen-gmbh.de\/en\/#website\"},\"primaryImageOfPage\":{\"@id\":\"https:\/\/www.gruen-gmbh.de\/produkt\/eae-topgruen-light\/#primaryimage\"},\"image\":{\"@id\":\"https:\/\/www.gruen-gmbh.de\/produkt\/eae-topgruen-light\/#primaryimage\"},\"thumbnailUrl\":\"https:\/\/www.gruen-gmbh.de\/wp-content\/uploads\/2024\/11\/TOPGRUeN-LIGHT.png\",\"datePublished\":\"2024-11-14T11:46:58+00:00\",\"dateModified\":\"2025-11-26T11:41:54+00:00\",\"breadcrumb\":{\"@id\":\"https:\/\/www.gruen-gmbh.de\/produkt\/eae-topgruen-light\/#breadcrumb\"},\"inLanguage\":\"en-US\",\"potentialAction\":[{\"@type\":\"ReadAction\",\"target\":[\"https:\/\/www.gruen-gmbh.de\/produkt\/eae-topgruen-light\/\"]}]},{\"@type\":\"ImageObject\",\"inLanguage\":\"en-US\",\"@id\":\"https:\/\/www.gruen-gmbh.de\/produkt\/eae-topgruen-light\/#primaryimage\",\"url\":\"https:\/\/www.gruen-gmbh.de\/wp-content\/uploads\/2024\/11\/TOPGRUeN-LIGHT.png\",\"contentUrl\":\"https:\/\/www.gruen-gmbh.de\/wp-content\/uploads\/2024\/11\/TOPGRUeN-LIGHT.png\",\"width\":615,\"height\":485},{\"@type\":\"BreadcrumbList\",\"@id\":\"https:\/\/www.gruen-gmbh.de\/produkt\/eae-topgruen-light\/#breadcrumb\",\"itemListElement\":[{\"@type\":\"ListItem\",\"position\":1,\"name\":\"Startseite\",\"item\":\"https:\/\/www.gruen-gmbh.de\/\"},{\"@type\":\"ListItem\",\"position\":2,\"name\":\"Shop\",\"item\":\"https:\/\/www.gruen-gmbh.de\/en\/shop\/\"},{\"@type\":\"ListItem\",\"position\":3,\"name\":\"EAE TOPGR\u00dcN LIGHT\"}]},{\"@type\":\"WebSite\",\"@id\":\"https:\/\/www.gruen-gmbh.de\/en\/#website\",\"url\":\"https:\/\/www.gruen-gmbh.de\/en\/\",\"name\":\"Gr\u00fcn GmbH\",\"description\":\"\",\"publisher\":{\"@id\":\"https:\/\/www.gruen-gmbh.de\/en\/#organization\"},\"potentialAction\":[{\"@type\":\"SearchAction\",\"target\":{\"@type\":\"EntryPoint\",\"urlTemplate\":\"https:\/\/www.gruen-gmbh.de\/en\/?s={search_term_string}\"},\"query-input\":{\"@type\":\"PropertyValueSpecification\",\"valueRequired\":true,\"valueName\":\"search_term_string\"}}],\"inLanguage\":\"en-US\"},{\"@type\":\"Organization\",\"@id\":\"https:\/\/www.gruen-gmbh.de\/en\/#organization\",\"name\":\"Gr\u00fcn GmbH\",\"url\":\"https:\/\/www.gruen-gmbh.de\/en\/\",\"logo\":{\"@type\":\"ImageObject\",\"inLanguage\":\"en-US\",\"@id\":\"https:\/\/www.gruen-gmbh.de\/en\/#\/schema\/logo\/image\/\",\"url\":\"https:\/\/www.gruen-gmbh.de\/wp-content\/uploads\/2024\/07\/gruen-logo.webp\",\"contentUrl\":\"https:\/\/www.gruen-gmbh.de\/wp-content\/uploads\/2024\/07\/gruen-logo.webp\",\"width\":672,\"height\":164,\"caption\":\"Gr\u00fcn GmbH\"},\"image\":{\"@id\":\"https:\/\/www.gruen-gmbh.de\/en\/#\/schema\/logo\/image\/\"}}]}<\/script>\n<!-- \/ Yoast SEO plugin. -->","yoast_head_json":{"title":"EAE TOPGR\u00dcN LIGHT - Gr\u00fcn GmbH","robots":{"index":"index","follow":"follow","max-snippet":"max-snippet:-1","max-image-preview":"max-image-preview:large","max-video-preview":"max-video-preview:-1"},"canonical":"https:\/\/www.gruen-gmbh.de\/en\/product\/eae-topgruen-light\/","og_locale":"en_US","og_type":"article","og_title":"EAE TOPGR\u00dcN LIGHT - Gr\u00fcn GmbH","og_description":"Auflastgehaltene Einzelanschlageinrichtung aus Edelstahl f\u00fcr PSAgA mit drehbarer Wirbel\u00f6se.","og_url":"https:\/\/www.gruen-gmbh.de\/en\/product\/eae-topgruen-light\/","og_site_name":"Gr\u00fcn GmbH","article_modified_time":"2025-11-26T11:41:54+00:00","og_image":[{"width":615,"height":485,"url":"https:\/\/www.gruen-gmbh.de\/wp-content\/uploads\/2024\/11\/TOPGRUeN-LIGHT.png","type":"image\/png"}],"twitter_card":"summary_large_image","twitter_misc":{"Est. reading time":"1 minute"},"schema":{"@context":"https:\/\/schema.org","@graph":[{"@type":"WebPage","@id":"https:\/\/www.gruen-gmbh.de\/produkt\/eae-topgruen-light\/","url":"https:\/\/www.gruen-gmbh.de\/produkt\/eae-topgruen-light\/","name":"EAE TOPGR\u00dcN LIGHT - Gr\u00fcn GmbH","isPartOf":{"@id":"https:\/\/www.gruen-gmbh.de\/en\/#website"},"primaryImageOfPage":{"@id":"https:\/\/www.gruen-gmbh.de\/produkt\/eae-topgruen-light\/#primaryimage"},"image":{"@id":"https:\/\/www.gruen-gmbh.de\/produkt\/eae-topgruen-light\/#primaryimage"},"thumbnailUrl":"https:\/\/www.gruen-gmbh.de\/wp-content\/uploads\/2024\/11\/TOPGRUeN-LIGHT.png","datePublished":"2024-11-14T11:46:58+00:00","dateModified":"2025-11-26T11:41:54+00:00","breadcrumb":{"@id":"https:\/\/www.gruen-gmbh.de\/produkt\/eae-topgruen-light\/#breadcrumb"},"inLanguage":"en-US","potentialAction":[{"@type":"ReadAction","target":["https:\/\/www.gruen-gmbh.de\/produkt\/eae-topgruen-light\/"]}]},{"@type":"ImageObject","inLanguage":"en-US","@id":"https:\/\/www.gruen-gmbh.de\/produkt\/eae-topgruen-light\/#primaryimage","url":"https:\/\/www.gruen-gmbh.de\/wp-content\/uploads\/2024\/11\/TOPGRUeN-LIGHT.png","contentUrl":"https:\/\/www.gruen-gmbh.de\/wp-content\/uploads\/2024\/11\/TOPGRUeN-LIGHT.png","width":615,"height":485},{"@type":"BreadcrumbList","@id":"https:\/\/www.gruen-gmbh.de\/produkt\/eae-topgruen-light\/#breadcrumb","itemListElement":[{"@type":"ListItem","position":1,"name":"Startseite","item":"https:\/\/www.gruen-gmbh.de\/"},{"@type":"ListItem","position":2,"name":"Shop","item":"https:\/\/www.gruen-gmbh.de\/en\/shop\/"},{"@type":"ListItem","position":3,"name":"EAE TOPGR\u00dcN LIGHT"}]},{"@type":"WebSite","@id":"https:\/\/www.gruen-gmbh.de\/en\/#website","url":"https:\/\/www.gruen-gmbh.de\/en\/","name":"Gr\u00fcn GmbH","description":"","publisher":{"@id":"https:\/\/www.gruen-gmbh.de\/en\/#organization"},"potentialAction":[{"@type":"SearchAction","target":{"@type":"EntryPoint","urlTemplate":"https:\/\/www.gruen-gmbh.de\/en\/?s={search_term_string}"},"query-input":{"@type":"PropertyValueSpecification","valueRequired":true,"valueName":"search_term_string"}}],"inLanguage":"en-US"},{"@type":"Organization","@id":"https:\/\/www.gruen-gmbh.de\/en\/#organization","name":"Gr\u00fcn GmbH","url":"https:\/\/www.gruen-gmbh.de\/en\/","logo":{"@type":"ImageObject","inLanguage":"en-US","@id":"https:\/\/www.gruen-gmbh.de\/en\/#\/schema\/logo\/image\/","url":"https:\/\/www.gruen-gmbh.de\/wp-content\/uploads\/2024\/07\/gruen-logo.webp","contentUrl":"https:\/\/www.gruen-gmbh.de\/wp-content\/uploads\/2024\/07\/gruen-logo.webp","width":672,"height":164,"caption":"Gr\u00fcn GmbH"},"image":{"@id":"https:\/\/www.gruen-gmbh.de\/en\/#\/schema\/logo\/image\/"}}]}},"_links":{"self":[{"href":"https:\/\/www.gruen-gmbh.de\/en\/wp-json\/wp\/v2\/product\/40717","targetHints":{"allow":["GET"]}}],"collection":[{"href":"https:\/\/www.gruen-gmbh.de\/en\/wp-json\/wp\/v2\/product"}],"about":[{"href":"https:\/\/www.gruen-gmbh.de\/en\/wp-json\/wp\/v2\/types\/product"}],"version-history":[{"count":0,"href":"https:\/\/www.gruen-gmbh.de\/en\/wp-json\/wp\/v2\/product\/40717\/revisions"}],"wp:featuredmedia":[{"embeddable":true,"href":"https:\/\/www.gruen-gmbh.de\/en\/wp-json\/wp\/v2\/media\/40723"}],"wp:attachment":[{"href":"https:\/\/www.gruen-gmbh.de\/en\/wp-json\/wp\/v2\/media?parent=40717"}],"wp:term":[{"taxonomy":"product_brand","embeddable":true,"href":"https:\/\/www.gruen-gmbh.de\/en\/wp-json\/wp\/v2\/product_brand?post=40717"},{"taxonomy":"product_cat","embeddable":true,"href":"https:\/\/www.gruen-gmbh.de\/en\/wp-json\/wp\/v2\/product_cat?post=40717"},{"taxonomy":"product_tag","embeddable":true,"href":"https:\/\/www.gruen-gmbh.de\/en\/wp-json\/wp\/v2\/product_tag?post=40717"}],"curies":[{"name":"wp","href":"https:\/\/api.w.org\/{rel}","templated":true}]}}